{"id":7828,"date":"2021-11-12T20:59:38","date_gmt":"2021-11-12T20:59:38","guid":{"rendered":"https:\/\/latin-curated.com\/sitio\/?post_type=product&#038;p=7828"},"modified":"2021-11-12T20:59:39","modified_gmt":"2021-11-12T20:59:39","slug":"durbu","status":"publish","type":"product","link":"https:\/\/latin-curated.com\/en\/producto\/durbu\/","title":{"rendered":"DURBU"},"content":{"rendered":"<p>EARRINGS\/ARETES<\/p>\n<p>FUERA DE COLOMBIA<\/p>\n<p>ENV\u00cdOS:<\/p>\n<p>\u00bfTodos los impuestos est\u00e1n incluidos en el precio?<\/p>\n<p>Los clientes internacionales son responsables de todos los aranceles y aduanas de importaci\u00f3n que cobrar\u00e1 su pa\u00eds. En caso de que elija rechazar la entrega de su pedido, usted ser\u00e1 responsable de los aranceles aduaneros y los gastos de env\u00edo de su pa\u00eds a Bamboleira. Estas tarifas, adem\u00e1s del costo del env\u00edo internacional bidireccional, se deducir\u00e1n de su reembolso.<\/p>\n<p>\u00bfCu\u00e1nto tiempo tarda en llegar un pedido?<\/p>\n<p>La entrega de su producto tomar\u00e1 entre seis y 12 d\u00edas h\u00e1biles, que ser\u00e1n contados a partir de la fecha en que se efect\u00fae el pago. Bamboleira despacha sus pedidos de lunes a viernes \u00fanicamente, y \u00e9stos se encuentran sujetos a la disponibilidad indicada al momento de su compra.<br \/>\nSi desea cancelar su pedido, cambiar detalles en cuanto al dise\u00f1o de la pieza, o modificar la informaci\u00f3n proporcionada (como datos en la direcci\u00f3n de entrega), debe hacerlo el mismo d\u00eda en que realiz\u00f3 la orden. Si solicita ajustes despu\u00e9s, puede que se generen cargos adicionales.<br \/>\nAcerca de las direcciones de env\u00edo incompletas o incorrectas<\/p>\n<p>Bamboleira no se hace responsable por los retrasos y\/o mercanc\u00edas perdidas debido a direcciones de env\u00edo incorrectas o incompletas, entregadas por el cliente. Cambios de direcci\u00f3n generar\u00e1n cargos adicionales que deber\u00e1n ser asumidos por el mismo.<\/p>\n<p><b><i>Acerca de las direcciones de env\u00edo incompletas o incorrectas<\/i><\/b><\/p>\n<ul>\n<li>Bamboleira no se hace responsable por los retrasos y\/o mercanc\u00edas perdidas debido a direcciones de env\u00edo incorrectas o incompletas, entregadas por el cliente. Cambios de direcci\u00f3n generar\u00e1n cargos adicionales que deber\u00e1n ser asumidos por el mismo.<\/li>\n<\/ul>\n<p><b><i>\u00bfC\u00f3mo puedo seguir mi pedido?<\/i><\/b><\/p>\n<ul>\n<li>Al momento en que su pedido haya sido despachado, se le enviar\u00e1 un correo con toda la informaci\u00f3n pertinente.<\/li>\n<\/ul>\n<p><b><i>DEVOLUCIONES\u00a0<\/i><\/b><\/p>\n<p><b><i>\u00bfEs posible realizar una devoluci\u00f3n?<\/i><\/b><\/p>\n<p>La satisfacci\u00f3n del cliente es muy importante para Bamboleira. Si no est\u00e1 satisfecho con su compra, con gusto aceptaremos su devoluci\u00f3n dentro de los 15 d\u00edas posteriores a la llegada de su pedido.<\/p>\n<p>Para devolver un art\u00edculo, haga lo siguiente dentro de los siete d\u00edas posteriores a la recepci\u00f3n de su pedido:<\/p>\n<p>Env\u00ede un correo electr\u00f3nico a support@bamboleira.com con la siguiente informaci\u00f3n:<\/p>\n<ol>\n<li>Fecha en que realiz\u00f3 el pedido<\/li>\n<li>Fecha en que recibi\u00f3 el pedido<\/li>\n<li>N\u00famero de orden<\/li>\n<li>Apellido<\/li>\n<li>Informaci\u00f3n de la tarjeta de cr\u00e9dito utilizada<\/li>\n<li>Direcci\u00f3n de facturaci\u00f3n de la tarjeta utilizada para la compra<\/li>\n<li>N\u00famero de art\u00edculo de la (s) pieza (s) que est\u00e1 devolviendo<\/li>\n<\/ol>\n<p>&nbsp;<\/p>\n<p>Cuando se apruebe su RMA (Autorizaci\u00f3n de devoluci\u00f3n de mercanc\u00eda), recibir\u00e1 un correo electr\u00f3nico de confirmaci\u00f3n con instrucciones de env\u00edo de devoluci\u00f3n. Debe recibir una confirmaci\u00f3n y aprobaci\u00f3n de RMA antes de devolver cualquier art\u00edculo. Todos los paquetes ser\u00e1n rechazados si no tienen una RMA aprobada.<\/p>\n<ul>\n<li>Tenga en cuenta que el art\u00edculo debe estar en el empaque original, guardando las mismas condiciones en que fue recibido.Los productos usados \u200b\u200bno pueden devolverse, a menos que se encuentren defectuosos dentro de los 15 d\u00edas posteriores a la recepci\u00f3n de su pedido.<\/li>\n<\/ul>\n<ul>\n<li>Los reembolsos son procesados por el mismo medio en que se realiz\u00f3 el pago de su compra. Si alguna de las plataformas llegara a efectuar cobros de comisi\u00f3n por la transacci\u00f3n, su dinero ser\u00e1 devuelto sin este valor.<\/li>\n<\/ul>\n<ul>\n<li>El tiempo de devoluci\u00f3n del dinero var\u00eda dependiendo de la plataforma en que haya sido procesado el pago. Este proceso puede tardar entre tres a 20 d\u00edas h\u00e1biles.<\/li>\n<\/ul>\n<ul>\n<li>Los productos en descuento, as\u00ed como las piezas personalizadas se consideran venta final, por lo que no se permite su devoluci\u00f3n<\/li>\n<\/ul>\n","protected":false},"excerpt":{"rendered":"<p>EARRINGS\/ARETES FUERA DE COLOMBIA ENV\u00cdOS: \u00bfTodos los impuestos est\u00e1n incluidos en el precio? Los clientes internacionales son responsables de todos los aranceles y aduanas de importaci\u00f3n que cobrar\u00e1 su pa\u00eds. En caso de que elija rechazar la entrega de su pedido, usted ser\u00e1 responsable de los aranceles aduaneros y los gastos de env\u00edo de su [&hellip;]<\/p>\n","protected":false},"featured_media":7848,"comment_status":"open","ping_status":"closed","template":"","meta":{"_acf_changed":false},"product_cat":[106],"product_tag":[],"acf":[],"yoast_head":"<!-- This site is optimized with the Yoast SEO plugin v22.6 - https:\/\/yoast.com\/wordpress\/plugins\/seo\/ -->\n<title>DURBU - Latin Curated<\/title>\n<meta name=\"robots\" content=\"index, follow, max-snippet:-1, max-image-preview:large, max-video-preview:-1\" \/>\n<link rel=\"canonical\" href=\"https:\/\/latin-curated.com\/producto\/durbu\/\" \/>\n<meta property=\"og:locale\" content=\"en_US\" \/>\n<meta property=\"og:type\" content=\"article\" \/>\n<meta property=\"og:title\" content=\"DURBU - Latin Curated\" \/>\n<meta property=\"og:description\" content=\"EARRINGS\/ARETES FUERA DE COLOMBIA ENV\u00cdOS: \u00bfTodos los impuestos est\u00e1n incluidos en el precio? Los clientes internacionales son responsables de todos los aranceles y aduanas de importaci\u00f3n que cobrar\u00e1 su pa\u00eds. En caso de que elija rechazar la entrega de su pedido, usted ser\u00e1 responsable de los aranceles aduaneros y los gastos de env\u00edo de su [&hellip;]\" \/>\n<meta property=\"og:url\" content=\"https:\/\/latin-curated.com\/producto\/durbu\/\" \/>\n<meta property=\"og:site_name\" content=\"Latin Curated\" \/>\n<meta property=\"article:modified_time\" content=\"2021-11-12T20:59:39+00:00\" \/>\n<meta property=\"og:image\" content=\"https:\/\/latin-curated.com\/sitio\/wp-content\/uploads\/2021\/11\/avytpmgkqq2nfowpsneu_full_2019-01-07-21_optimized.42.14.jpg\" \/>\n\t<meta property=\"og:image:width\" content=\"2048\" \/>\n\t<meta property=\"og:image:height\" content=\"1365\" \/>\n\t<meta property=\"og:image:type\" content=\"image\/jpeg\" \/>\n<meta name=\"twitter:card\" content=\"summary_large_image\" \/>\n<meta name=\"twitter:label1\" content=\"Est. reading time\" \/>\n\t<meta name=\"twitter:data1\" content=\"3 minutes\" \/>\n<script type=\"application\/ld+json\" class=\"yoast-schema-graph\">{\"@context\":\"https:\/\/schema.org\",\"@graph\":[{\"@type\":\"WebPage\",\"@id\":\"https:\/\/latin-curated.com\/producto\/durbu\/\",\"url\":\"https:\/\/latin-curated.com\/producto\/durbu\/\",\"name\":\"DURBU - Latin Curated\",\"isPartOf\":{\"@id\":\"https:\/\/latin-curated.com\/#website\"},\"primaryImageOfPage\":{\"@id\":\"https:\/\/latin-curated.com\/producto\/durbu\/#primaryimage\"},\"image\":{\"@id\":\"https:\/\/latin-curated.com\/producto\/durbu\/#primaryimage\"},\"thumbnailUrl\":\"https:\/\/latin-curated.com\/sitio\/wp-content\/uploads\/2021\/11\/avytpmgkqq2nfowpsneu_full_2019-01-07-21_optimized.42.14.jpg\",\"datePublished\":\"2021-11-12T20:59:38+00:00\",\"dateModified\":\"2021-11-12T20:59:39+00:00\",\"breadcrumb\":{\"@id\":\"https:\/\/latin-curated.com\/producto\/durbu\/#breadcrumb\"},\"inLanguage\":\"en-US\",\"potentialAction\":[{\"@type\":\"ReadAction\",\"target\":[\"https:\/\/latin-curated.com\/producto\/durbu\/\"]}]},{\"@type\":\"ImageObject\",\"inLanguage\":\"en-US\",\"@id\":\"https:\/\/latin-curated.com\/producto\/durbu\/#primaryimage\",\"url\":\"https:\/\/latin-curated.com\/sitio\/wp-content\/uploads\/2021\/11\/avytpmgkqq2nfowpsneu_full_2019-01-07-21_optimized.42.14.jpg\",\"contentUrl\":\"https:\/\/latin-curated.com\/sitio\/wp-content\/uploads\/2021\/11\/avytpmgkqq2nfowpsneu_full_2019-01-07-21_optimized.42.14.jpg\",\"width\":2048,\"height\":1365},{\"@type\":\"BreadcrumbList\",\"@id\":\"https:\/\/latin-curated.com\/producto\/durbu\/#breadcrumb\",\"itemListElement\":[{\"@type\":\"ListItem\",\"position\":1,\"name\":\"Portada\",\"item\":\"https:\/\/latin-curated.com\/en\/\"},{\"@type\":\"ListItem\",\"position\":2,\"name\":\"Tienda\",\"item\":\"https:\/\/latin-curated.com\/tienda\/\"},{\"@type\":\"ListItem\",\"position\":3,\"name\":\"DURBU\"}]},{\"@type\":\"WebSite\",\"@id\":\"https:\/\/latin-curated.com\/#website\",\"url\":\"https:\/\/latin-curated.com\/\",\"name\":\"Latin Curated\",\"description\":\"Galer\u00eda Online\",\"publisher\":{\"@id\":\"https:\/\/latin-curated.com\/#organization\"},\"potentialAction\":[{\"@type\":\"SearchAction\",\"target\":{\"@type\":\"EntryPoint\",\"urlTemplate\":\"https:\/\/latin-curated.com\/?s={search_term_string}\"},\"query-input\":\"required name=search_term_string\"}],\"inLanguage\":\"en-US\"},{\"@type\":\"Organization\",\"@id\":\"https:\/\/latin-curated.com\/#organization\",\"name\":\"Latin Curated\",\"url\":\"https:\/\/latin-curated.com\/\",\"logo\":{\"@type\":\"ImageObject\",\"inLanguage\":\"en-US\",\"@id\":\"https:\/\/latin-curated.com\/#\/schema\/logo\/image\/\",\"url\":\"https:\/\/latin-curated.com\/sitio\/wp-content\/uploads\/2020\/11\/LatinCurated_Logo.png\",\"contentUrl\":\"https:\/\/latin-curated.com\/sitio\/wp-content\/uploads\/2020\/11\/LatinCurated_Logo.png\",\"width\":509,\"height\":65,\"caption\":\"Latin Curated\"},\"image\":{\"@id\":\"https:\/\/latin-curated.com\/#\/schema\/logo\/image\/\"}}]}<\/script>\n<!-- \/ Yoast SEO plugin. -->","yoast_head_json":{"title":"DURBU - Latin Curated","robots":{"index":"index","follow":"follow","max-snippet":"max-snippet:-1","max-image-preview":"max-image-preview:large","max-video-preview":"max-video-preview:-1"},"canonical":"https:\/\/latin-curated.com\/producto\/durbu\/","og_locale":"en_US","og_type":"article","og_title":"DURBU - Latin Curated","og_description":"EARRINGS\/ARETES FUERA DE COLOMBIA ENV\u00cdOS: \u00bfTodos los impuestos est\u00e1n incluidos en el precio? Los clientes internacionales son responsables de todos los aranceles y aduanas de importaci\u00f3n que cobrar\u00e1 su pa\u00eds. En caso de que elija rechazar la entrega de su pedido, usted ser\u00e1 responsable de los aranceles aduaneros y los gastos de env\u00edo de su [&hellip;]","og_url":"https:\/\/latin-curated.com\/producto\/durbu\/","og_site_name":"Latin Curated","article_modified_time":"2021-11-12T20:59:39+00:00","og_image":[{"width":2048,"height":1365,"url":"https:\/\/latin-curated.com\/sitio\/wp-content\/uploads\/2021\/11\/avytpmgkqq2nfowpsneu_full_2019-01-07-21_optimized.42.14.jpg","type":"image\/jpeg"}],"twitter_card":"summary_large_image","twitter_misc":{"Est. reading time":"3 minutes"},"schema":{"@context":"https:\/\/schema.org","@graph":[{"@type":"WebPage","@id":"https:\/\/latin-curated.com\/producto\/durbu\/","url":"https:\/\/latin-curated.com\/producto\/durbu\/","name":"DURBU - Latin Curated","isPartOf":{"@id":"https:\/\/latin-curated.com\/#website"},"primaryImageOfPage":{"@id":"https:\/\/latin-curated.com\/producto\/durbu\/#primaryimage"},"image":{"@id":"https:\/\/latin-curated.com\/producto\/durbu\/#primaryimage"},"thumbnailUrl":"https:\/\/latin-curated.com\/sitio\/wp-content\/uploads\/2021\/11\/avytpmgkqq2nfowpsneu_full_2019-01-07-21_optimized.42.14.jpg","datePublished":"2021-11-12T20:59:38+00:00","dateModified":"2021-11-12T20:59:39+00:00","breadcrumb":{"@id":"https:\/\/latin-curated.com\/producto\/durbu\/#breadcrumb"},"inLanguage":"en-US","potentialAction":[{"@type":"ReadAction","target":["https:\/\/latin-curated.com\/producto\/durbu\/"]}]},{"@type":"ImageObject","inLanguage":"en-US","@id":"https:\/\/latin-curated.com\/producto\/durbu\/#primaryimage","url":"https:\/\/latin-curated.com\/sitio\/wp-content\/uploads\/2021\/11\/avytpmgkqq2nfowpsneu_full_2019-01-07-21_optimized.42.14.jpg","contentUrl":"https:\/\/latin-curated.com\/sitio\/wp-content\/uploads\/2021\/11\/avytpmgkqq2nfowpsneu_full_2019-01-07-21_optimized.42.14.jpg","width":2048,"height":1365},{"@type":"BreadcrumbList","@id":"https:\/\/latin-curated.com\/producto\/durbu\/#breadcrumb","itemListElement":[{"@type":"ListItem","position":1,"name":"Portada","item":"https:\/\/latin-curated.com\/en\/"},{"@type":"ListItem","position":2,"name":"Tienda","item":"https:\/\/latin-curated.com\/tienda\/"},{"@type":"ListItem","position":3,"name":"DURBU"}]},{"@type":"WebSite","@id":"https:\/\/latin-curated.com\/#website","url":"https:\/\/latin-curated.com\/","name":"Latin Curated","description":"Galer\u00eda Online","publisher":{"@id":"https:\/\/latin-curated.com\/#organization"},"potentialAction":[{"@type":"SearchAction","target":{"@type":"EntryPoint","urlTemplate":"https:\/\/latin-curated.com\/?s={search_term_string}"},"query-input":"required name=search_term_string"}],"inLanguage":"en-US"},{"@type":"Organization","@id":"https:\/\/latin-curated.com\/#organization","name":"Latin Curated","url":"https:\/\/latin-curated.com\/","logo":{"@type":"ImageObject","inLanguage":"en-US","@id":"https:\/\/latin-curated.com\/#\/schema\/logo\/image\/","url":"https:\/\/latin-curated.com\/sitio\/wp-content\/uploads\/2020\/11\/LatinCurated_Logo.png","contentUrl":"https:\/\/latin-curated.com\/sitio\/wp-content\/uploads\/2020\/11\/LatinCurated_Logo.png","width":509,"height":65,"caption":"Latin Curated"},"image":{"@id":"https:\/\/latin-curated.com\/#\/schema\/logo\/image\/"}}]}},"_links":{"self":[{"href":"https:\/\/latin-curated.com\/en\/wp-json\/wp\/v2\/product\/7828"}],"collection":[{"href":"https:\/\/latin-curated.com\/en\/wp-json\/wp\/v2\/product"}],"about":[{"href":"https:\/\/latin-curated.com\/en\/wp-json\/wp\/v2\/types\/product"}],"replies":[{"embeddable":true,"href":"https:\/\/latin-curated.com\/en\/wp-json\/wp\/v2\/comments?post=7828"}],"wp:featuredmedia":[{"embeddable":true,"href":"https:\/\/latin-curated.com\/en\/wp-json\/wp\/v2\/media\/7848"}],"wp:attachment":[{"href":"https:\/\/latin-curated.com\/en\/wp-json\/wp\/v2\/media?parent=7828"}],"wp:term":[{"taxonomy":"product_cat","embeddable":true,"href":"https:\/\/latin-curated.com\/en\/wp-json\/wp\/v2\/product_cat?post=7828"},{"taxonomy":"product_tag","embeddable":true,"href":"https:\/\/latin-curated.com\/en\/wp-json\/wp\/v2\/product_tag?post=7828"}],"curies":[{"name":"wp","href":"https:\/\/api.w.org\/{rel}","templated":true}]}}