{"id":7215,"date":"2021-11-10T20:45:00","date_gmt":"2021-11-10T20:45:00","guid":{"rendered":"https:\/\/latin-curated.com\/sitio\/?post_type=product&#038;p=7215"},"modified":"2021-11-10T22:56:58","modified_gmt":"2021-11-10T22:56:58","slug":"set-4-bosques-de-niebla","status":"publish","type":"product","link":"https:\/\/latin-curated.com\/en\/producto\/set-4-bosques-de-niebla\/","title":{"rendered":"SET 4 BOSQUES DE NIEBLA"},"content":{"rendered":"<p>El dise\u00f1o de los platos de la colecci\u00f3n Bosques de Niebla, se basa en la exaltaci\u00f3n de la flora que crece y se desarrolla en los cerros Orientales de Bogot\u00e1, y a su vez lograr rememorar las antiguas vajillas de Baviera o de la \u201cProvenza\u201d francesa, o la usada en los territorios ingleses en los a\u00f1os 50 y 70`s, donde las flores como protagonistas, representaban la primavera y se caracterizaban por los bordes en contornos pintados y definidos con l\u00edneas doradas, en este caso los bordes o contornos son en dise\u00f1os geom\u00e9tricos que nos aportan contemporaneidad y tambi\u00e9n hay fondos que resaltan la imagen de la niebla y la bruma, al igual que demuestra la calidad del producto de OCHOINFINITO, ya que su t\u00e9cnica parte de una ilustraci\u00f3n hecha a mano y digitalizada, que se hornea a trav\u00e9s de un proceso de serigraf\u00eda.<\/p>\n<p>Sobre estos diversos fondos\/contornos que identifican cada uno de los SETS, la flora dibujada y ya definida se ubica como sobrepuesta sobre el plato, donde la composici\u00f3n final del dise\u00f1o se une por el tipo de dibujo que permiten componer una vajilla de piezas numerosas y de un lenguaje contempor\u00e1neo sin dejar a un lado la tradici\u00f3n y la imagen colectiva de la\u00a0 vajilla de la casa de mam\u00e1 y pap\u00e1. Son platos en porcelana utilitarios y decorativos, que pueden ser usados como bandejas o en la pared.\u00a0 Aptos para microondas, lava vajillas y horno convencional.<\/p>\n<p>Set de 3 platos en 3 tama\u00f1os diferentes.\u00a0El set incluye:<\/p>\n<p>1 plato base de 31cm<\/p>\n<p>1 plato principal de 26cm<\/p>\n<p>1 plato ensalada\/postre de 20cm<\/p>\n<p>&nbsp;<\/p>\n","protected":false},"excerpt":{"rendered":"<p>Un puesto &#8211; 3 tama\u00f1os<\/p>\n","protected":false},"featured_media":7216,"comment_status":"open","ping_status":"closed","template":"","meta":{"_acf_changed":false},"product_cat":[101,610],"product_tag":[],"acf":[],"yoast_head":"<!-- This site is optimized with the Yoast SEO plugin v22.6 - https:\/\/yoast.com\/wordpress\/plugins\/seo\/ -->\n<title>SET 4 BOSQUES DE NIEBLA - Latin Curated<\/title>\n<meta name=\"robots\" content=\"index, follow, max-snippet:-1, max-image-preview:large, max-video-preview:-1\" \/>\n<link rel=\"canonical\" href=\"https:\/\/latin-curated.com\/producto\/set-4-bosques-de-niebla\/\" \/>\n<meta property=\"og:locale\" content=\"en_US\" \/>\n<meta property=\"og:type\" content=\"article\" \/>\n<meta property=\"og:title\" content=\"SET 4 BOSQUES DE NIEBLA - Latin Curated\" \/>\n<meta property=\"og:description\" content=\"Un puesto - 3 tama\u00f1os\" \/>\n<meta property=\"og:url\" content=\"https:\/\/latin-curated.com\/producto\/set-4-bosques-de-niebla\/\" \/>\n<meta property=\"og:site_name\" content=\"Latin Curated\" \/>\n<meta property=\"article:modified_time\" content=\"2021-11-10T22:56:58+00:00\" \/>\n<meta property=\"og:image\" content=\"https:\/\/latin-curated.com\/sitio\/wp-content\/uploads\/2021\/11\/SET-4-BDN.jpg\" \/>\n\t<meta property=\"og:image:width\" content=\"800\" \/>\n\t<meta property=\"og:image:height\" content=\"1178\" \/>\n\t<meta property=\"og:image:type\" content=\"image\/jpeg\" \/>\n<meta name=\"twitter:card\" content=\"summary_large_image\" \/>\n<meta name=\"twitter:label1\" content=\"Est. reading time\" \/>\n\t<meta name=\"twitter:data1\" content=\"1 minute\" \/>\n<script type=\"application\/ld+json\" class=\"yoast-schema-graph\">{\"@context\":\"https:\/\/schema.org\",\"@graph\":[{\"@type\":\"WebPage\",\"@id\":\"https:\/\/latin-curated.com\/producto\/set-4-bosques-de-niebla\/\",\"url\":\"https:\/\/latin-curated.com\/producto\/set-4-bosques-de-niebla\/\",\"name\":\"SET 4 BOSQUES DE NIEBLA - Latin Curated\",\"isPartOf\":{\"@id\":\"https:\/\/latin-curated.com\/#website\"},\"primaryImageOfPage\":{\"@id\":\"https:\/\/latin-curated.com\/producto\/set-4-bosques-de-niebla\/#primaryimage\"},\"image\":{\"@id\":\"https:\/\/latin-curated.com\/producto\/set-4-bosques-de-niebla\/#primaryimage\"},\"thumbnailUrl\":\"https:\/\/latin-curated.com\/sitio\/wp-content\/uploads\/2021\/11\/SET-4-BDN.jpg\",\"datePublished\":\"2021-11-10T20:45:00+00:00\",\"dateModified\":\"2021-11-10T22:56:58+00:00\",\"breadcrumb\":{\"@id\":\"https:\/\/latin-curated.com\/producto\/set-4-bosques-de-niebla\/#breadcrumb\"},\"inLanguage\":\"en-US\",\"potentialAction\":[{\"@type\":\"ReadAction\",\"target\":[\"https:\/\/latin-curated.com\/producto\/set-4-bosques-de-niebla\/\"]}]},{\"@type\":\"ImageObject\",\"inLanguage\":\"en-US\",\"@id\":\"https:\/\/latin-curated.com\/producto\/set-4-bosques-de-niebla\/#primaryimage\",\"url\":\"https:\/\/latin-curated.com\/sitio\/wp-content\/uploads\/2021\/11\/SET-4-BDN.jpg\",\"contentUrl\":\"https:\/\/latin-curated.com\/sitio\/wp-content\/uploads\/2021\/11\/SET-4-BDN.jpg\",\"width\":800,\"height\":1178},{\"@type\":\"BreadcrumbList\",\"@id\":\"https:\/\/latin-curated.com\/producto\/set-4-bosques-de-niebla\/#breadcrumb\",\"itemListElement\":[{\"@type\":\"ListItem\",\"position\":1,\"name\":\"Portada\",\"item\":\"https:\/\/latin-curated.com\/en\/\"},{\"@type\":\"ListItem\",\"position\":2,\"name\":\"Tienda\",\"item\":\"https:\/\/latin-curated.com\/tienda\/\"},{\"@type\":\"ListItem\",\"position\":3,\"name\":\"SET 4 BOSQUES DE NIEBLA\"}]},{\"@type\":\"WebSite\",\"@id\":\"https:\/\/latin-curated.com\/#website\",\"url\":\"https:\/\/latin-curated.com\/\",\"name\":\"Latin Curated\",\"description\":\"Galer\u00eda Online\",\"publisher\":{\"@id\":\"https:\/\/latin-curated.com\/#organization\"},\"potentialAction\":[{\"@type\":\"SearchAction\",\"target\":{\"@type\":\"EntryPoint\",\"urlTemplate\":\"https:\/\/latin-curated.com\/?s={search_term_string}\"},\"query-input\":\"required name=search_term_string\"}],\"inLanguage\":\"en-US\"},{\"@type\":\"Organization\",\"@id\":\"https:\/\/latin-curated.com\/#organization\",\"name\":\"Latin Curated\",\"url\":\"https:\/\/latin-curated.com\/\",\"logo\":{\"@type\":\"ImageObject\",\"inLanguage\":\"en-US\",\"@id\":\"https:\/\/latin-curated.com\/#\/schema\/logo\/image\/\",\"url\":\"https:\/\/latin-curated.com\/sitio\/wp-content\/uploads\/2020\/11\/LatinCurated_Logo.png\",\"contentUrl\":\"https:\/\/latin-curated.com\/sitio\/wp-content\/uploads\/2020\/11\/LatinCurated_Logo.png\",\"width\":509,\"height\":65,\"caption\":\"Latin Curated\"},\"image\":{\"@id\":\"https:\/\/latin-curated.com\/#\/schema\/logo\/image\/\"}}]}<\/script>\n<!-- \/ Yoast SEO plugin. -->","yoast_head_json":{"title":"SET 4 BOSQUES DE NIEBLA - Latin Curated","robots":{"index":"index","follow":"follow","max-snippet":"max-snippet:-1","max-image-preview":"max-image-preview:large","max-video-preview":"max-video-preview:-1"},"canonical":"https:\/\/latin-curated.com\/producto\/set-4-bosques-de-niebla\/","og_locale":"en_US","og_type":"article","og_title":"SET 4 BOSQUES DE NIEBLA - Latin Curated","og_description":"Un puesto - 3 tama\u00f1os","og_url":"https:\/\/latin-curated.com\/producto\/set-4-bosques-de-niebla\/","og_site_name":"Latin Curated","article_modified_time":"2021-11-10T22:56:58+00:00","og_image":[{"width":800,"height":1178,"url":"https:\/\/latin-curated.com\/sitio\/wp-content\/uploads\/2021\/11\/SET-4-BDN.jpg","type":"image\/jpeg"}],"twitter_card":"summary_large_image","twitter_misc":{"Est. reading time":"1 minute"},"schema":{"@context":"https:\/\/schema.org","@graph":[{"@type":"WebPage","@id":"https:\/\/latin-curated.com\/producto\/set-4-bosques-de-niebla\/","url":"https:\/\/latin-curated.com\/producto\/set-4-bosques-de-niebla\/","name":"SET 4 BOSQUES DE NIEBLA - Latin Curated","isPartOf":{"@id":"https:\/\/latin-curated.com\/#website"},"primaryImageOfPage":{"@id":"https:\/\/latin-curated.com\/producto\/set-4-bosques-de-niebla\/#primaryimage"},"image":{"@id":"https:\/\/latin-curated.com\/producto\/set-4-bosques-de-niebla\/#primaryimage"},"thumbnailUrl":"https:\/\/latin-curated.com\/sitio\/wp-content\/uploads\/2021\/11\/SET-4-BDN.jpg","datePublished":"2021-11-10T20:45:00+00:00","dateModified":"2021-11-10T22:56:58+00:00","breadcrumb":{"@id":"https:\/\/latin-curated.com\/producto\/set-4-bosques-de-niebla\/#breadcrumb"},"inLanguage":"en-US","potentialAction":[{"@type":"ReadAction","target":["https:\/\/latin-curated.com\/producto\/set-4-bosques-de-niebla\/"]}]},{"@type":"ImageObject","inLanguage":"en-US","@id":"https:\/\/latin-curated.com\/producto\/set-4-bosques-de-niebla\/#primaryimage","url":"https:\/\/latin-curated.com\/sitio\/wp-content\/uploads\/2021\/11\/SET-4-BDN.jpg","contentUrl":"https:\/\/latin-curated.com\/sitio\/wp-content\/uploads\/2021\/11\/SET-4-BDN.jpg","width":800,"height":1178},{"@type":"BreadcrumbList","@id":"https:\/\/latin-curated.com\/producto\/set-4-bosques-de-niebla\/#breadcrumb","itemListElement":[{"@type":"ListItem","position":1,"name":"Portada","item":"https:\/\/latin-curated.com\/en\/"},{"@type":"ListItem","position":2,"name":"Tienda","item":"https:\/\/latin-curated.com\/tienda\/"},{"@type":"ListItem","position":3,"name":"SET 4 BOSQUES DE NIEBLA"}]},{"@type":"WebSite","@id":"https:\/\/latin-curated.com\/#website","url":"https:\/\/latin-curated.com\/","name":"Latin Curated","description":"Galer\u00eda Online","publisher":{"@id":"https:\/\/latin-curated.com\/#organization"},"potentialAction":[{"@type":"SearchAction","target":{"@type":"EntryPoint","urlTemplate":"https:\/\/latin-curated.com\/?s={search_term_string}"},"query-input":"required name=search_term_string"}],"inLanguage":"en-US"},{"@type":"Organization","@id":"https:\/\/latin-curated.com\/#organization","name":"Latin Curated","url":"https:\/\/latin-curated.com\/","logo":{"@type":"ImageObject","inLanguage":"en-US","@id":"https:\/\/latin-curated.com\/#\/schema\/logo\/image\/","url":"https:\/\/latin-curated.com\/sitio\/wp-content\/uploads\/2020\/11\/LatinCurated_Logo.png","contentUrl":"https:\/\/latin-curated.com\/sitio\/wp-content\/uploads\/2020\/11\/LatinCurated_Logo.png","width":509,"height":65,"caption":"Latin Curated"},"image":{"@id":"https:\/\/latin-curated.com\/#\/schema\/logo\/image\/"}}]}},"_links":{"self":[{"href":"https:\/\/latin-curated.com\/en\/wp-json\/wp\/v2\/product\/7215"}],"collection":[{"href":"https:\/\/latin-curated.com\/en\/wp-json\/wp\/v2\/product"}],"about":[{"href":"https:\/\/latin-curated.com\/en\/wp-json\/wp\/v2\/types\/product"}],"replies":[{"embeddable":true,"href":"https:\/\/latin-curated.com\/en\/wp-json\/wp\/v2\/comments?post=7215"}],"wp:featuredmedia":[{"embeddable":true,"href":"https:\/\/latin-curated.com\/en\/wp-json\/wp\/v2\/media\/7216"}],"wp:attachment":[{"href":"https:\/\/latin-curated.com\/en\/wp-json\/wp\/v2\/media?parent=7215"}],"wp:term":[{"taxonomy":"product_cat","embeddable":true,"href":"https:\/\/latin-curated.com\/en\/wp-json\/wp\/v2\/product_cat?post=7215"},{"taxonomy":"product_tag","embeddable":true,"href":"https:\/\/latin-curated.com\/en\/wp-json\/wp\/v2\/product_tag?post=7215"}],"curies":[{"name":"wp","href":"https:\/\/api.w.org\/{rel}","templated":true}]}}