{"id":6600,"date":"2021-11-05T00:20:55","date_gmt":"2021-11-05T00:20:55","guid":{"rendered":"https:\/\/latin-curated.com\/sitio\/?post_type=product&#038;p=6600"},"modified":"2021-11-05T00:20:56","modified_gmt":"2021-11-05T00:20:56","slug":"elara-earrings","status":"publish","type":"product","link":"https:\/\/latin-curated.com\/en\/producto\/elara-earrings\/","title":{"rendered":"Elara Earrings"},"content":{"rendered":"<p>Diameter 4.5 cm. 10g \u00a0per earring. Vibrant, Primerose and Burgundy<\/p>\n<p>\u00bfCu\u00e1nto tiempo tarda en llegar un pedido?<\/p>\n<p>La entrega de su producto tomar\u00e1 entre uno y seis d\u00edas h\u00e1biles, que ser\u00e1n contados a partir de la fecha en que se efect\u00fae el pago. Bamboleira despacha sus pedidos de lunes a viernes \u00fanicamente, y \u00e9stos se encuentran sujetos a la disponibilidad indicada al momento de su compra.<\/p>\n<p>Si desea cancelar su pedido, cambiar detalles en cuanto al dise\u00f1o de la pieza, o modificar la informaci\u00f3n proporcionada (como datos en la direcci\u00f3n de entrega), debe hacerlo el mismo d\u00eda en que realiz\u00f3 la orden. Si solicita ajustes despu\u00e9s, puede que se generen cargos adicionales.<\/p>\n<p>&nbsp;<\/p>\n<p>DEVOLUCIONES<\/p>\n<p>\u00bfEs posible realizar una devoluci\u00f3n?<\/p>\n<p>Bamboleira acepta la devoluci\u00f3n o el cambio de art\u00edculos sin usar y en perfecto estado dentro de los 15 d\u00edas siguientes a la fecha de su compra.<br \/>\nPara que la devoluci\u00f3n sea validada, usted debe conservar su cuenta de cobro y enviar una fotograf\u00eda del producto al correo electr\u00f3nico:support@bamboleira.com, o al WhatsApp: (+57) 3174008352, indicando el motivo de la devoluci\u00f3n.<br \/>\nTenga en cuenta que el art\u00edculo debe estar en el empaque original, guardando las mismas condiciones en que fue recibido.<br \/>\nLos reembolsos son procesados por el mismo medio en que se realiz\u00f3 el pago de su compra. Si alguna de las plataformas llegar\u00e1 a efectuar cobros de comisi\u00f3n por la transacci\u00f3n, su dinero ser\u00e1 devuelto sin este valor.<br \/>\nEl tiempo de devoluci\u00f3n del dinero var\u00eda dependiendo de la plataforma en que haya sido procesado el pago. Este proceso puede tardar entre tres a 20 d\u00edas h\u00e1biles.<br \/>\nLa direcci\u00f3n para hacer llegar el art\u00edculo de vuelta es: Cra 14 # 90 &#8211; 65, apto 203, en Bogot\u00e1, a nombre de Natalia S\u00e1nchez. Los costos de env\u00edo son asumidos por el cliente.<br \/>\nLos productos en descuento, as\u00ed como las piezas personalizadas se consideran venta final, por lo que no se permite su cambio o devoluci\u00f3n.<\/p>\n","protected":false},"excerpt":{"rendered":"<p>Material:\u00a0Bronze with 24 carat gold with natural fiber &#8220;Palm of Werregue&#8221; from the Colombian Pacific coast makes this bambos completely unique.<\/p>\n<p>Weight: 10g per earring.<\/p>\n<p>Size:\u00a0Diameter 4.5 cm.<\/p>\n<p>Details: 100% Handmade in Colombia by the indigenous Woounan community.<\/p>\n<p>Production: Generation after generation creating beautiful jewelry following ancient embroidery technique.<\/p>\n<p><em>Each product is unique, where attention is paid to every detail.<\/em><br \/>\n<em>Slow to Last Long. We are determined to make trade as fair as possible.<\/em><\/p>\n","protected":false},"featured_media":6603,"comment_status":"open","ping_status":"closed","template":"","meta":{"_acf_changed":false},"product_cat":[97,106,100,104,103,94,60],"product_tag":[252,698,302],"acf":[],"yoast_head":"<!-- This site is optimized with the Yoast SEO plugin v22.6 - https:\/\/yoast.com\/wordpress\/plugins\/seo\/ -->\n<title>Elara Earrings - Latin Curated<\/title>\n<meta name=\"robots\" content=\"index, follow, max-snippet:-1, max-image-preview:large, max-video-preview:-1\" \/>\n<link rel=\"canonical\" href=\"https:\/\/latin-curated.com\/en\/producto\/elara-earrings\/\" \/>\n<meta property=\"og:locale\" content=\"en_US\" \/>\n<meta property=\"og:type\" content=\"article\" \/>\n<meta property=\"og:title\" content=\"Elara Earrings - Latin Curated\" \/>\n<meta property=\"og:description\" content=\"Material:\u00a0Bronze with 24 carat gold with natural fiber &quot;Palm of Werregue&quot; from the Colombian Pacific coast makes this bambos completely unique.  Weight: 10g per earring.  Size:\u00a0Diameter 4.5 cm.  Details: 100% Handmade in Colombia by the indigenous Woounan community.  Production: Generation after generation creating beautiful jewelry following ancient embroidery technique.  Each product is unique, where attention is paid to every detail. Slow to Last Long. We are determined to make trade as fair as possible.\" \/>\n<meta property=\"og:url\" content=\"https:\/\/latin-curated.com\/en\/producto\/elara-earrings\/\" \/>\n<meta property=\"og:site_name\" content=\"Latin Curated\" \/>\n<meta property=\"article:modified_time\" content=\"2021-11-05T00:20:56+00:00\" \/>\n<meta property=\"og:image\" content=\"https:\/\/latin-curated.com\/sitio\/wp-content\/uploads\/2021\/11\/82bddfdc.jpeg\" \/>\n\t<meta property=\"og:image:width\" content=\"2048\" \/>\n\t<meta property=\"og:image:height\" content=\"1536\" \/>\n\t<meta property=\"og:image:type\" content=\"image\/jpeg\" \/>\n<meta name=\"twitter:card\" content=\"summary_large_image\" \/>\n<meta name=\"twitter:label1\" content=\"Est. reading time\" \/>\n\t<meta name=\"twitter:data1\" content=\"2 minutes\" \/>\n<script type=\"application\/ld+json\" class=\"yoast-schema-graph\">{\"@context\":\"https:\/\/schema.org\",\"@graph\":[{\"@type\":\"WebPage\",\"@id\":\"https:\/\/latin-curated.com\/en\/producto\/elara-earrings\/\",\"url\":\"https:\/\/latin-curated.com\/en\/producto\/elara-earrings\/\",\"name\":\"Elara Earrings - Latin Curated\",\"isPartOf\":{\"@id\":\"https:\/\/latin-curated.com\/#website\"},\"primaryImageOfPage\":{\"@id\":\"https:\/\/latin-curated.com\/en\/producto\/elara-earrings\/#primaryimage\"},\"image\":{\"@id\":\"https:\/\/latin-curated.com\/en\/producto\/elara-earrings\/#primaryimage\"},\"thumbnailUrl\":\"https:\/\/latin-curated.com\/sitio\/wp-content\/uploads\/2021\/11\/82bddfdc.jpeg\",\"datePublished\":\"2021-11-05T00:20:55+00:00\",\"dateModified\":\"2021-11-05T00:20:56+00:00\",\"breadcrumb\":{\"@id\":\"https:\/\/latin-curated.com\/en\/producto\/elara-earrings\/#breadcrumb\"},\"inLanguage\":\"en-US\",\"potentialAction\":[{\"@type\":\"ReadAction\",\"target\":[\"https:\/\/latin-curated.com\/en\/producto\/elara-earrings\/\"]}]},{\"@type\":\"ImageObject\",\"inLanguage\":\"en-US\",\"@id\":\"https:\/\/latin-curated.com\/en\/producto\/elara-earrings\/#primaryimage\",\"url\":\"https:\/\/latin-curated.com\/sitio\/wp-content\/uploads\/2021\/11\/82bddfdc.jpeg\",\"contentUrl\":\"https:\/\/latin-curated.com\/sitio\/wp-content\/uploads\/2021\/11\/82bddfdc.jpeg\",\"width\":2048,\"height\":1536},{\"@type\":\"BreadcrumbList\",\"@id\":\"https:\/\/latin-curated.com\/en\/producto\/elara-earrings\/#breadcrumb\",\"itemListElement\":[{\"@type\":\"ListItem\",\"position\":1,\"name\":\"Portada\",\"item\":\"https:\/\/latin-curated.com\/en\/\"},{\"@type\":\"ListItem\",\"position\":2,\"name\":\"Tienda\",\"item\":\"https:\/\/latin-curated.com\/tienda\/\"},{\"@type\":\"ListItem\",\"position\":3,\"name\":\"Elara Earrings\"}]},{\"@type\":\"WebSite\",\"@id\":\"https:\/\/latin-curated.com\/#website\",\"url\":\"https:\/\/latin-curated.com\/\",\"name\":\"Latin Curated\",\"description\":\"Galer\u00eda Online\",\"publisher\":{\"@id\":\"https:\/\/latin-curated.com\/#organization\"},\"potentialAction\":[{\"@type\":\"SearchAction\",\"target\":{\"@type\":\"EntryPoint\",\"urlTemplate\":\"https:\/\/latin-curated.com\/?s={search_term_string}\"},\"query-input\":\"required name=search_term_string\"}],\"inLanguage\":\"en-US\"},{\"@type\":\"Organization\",\"@id\":\"https:\/\/latin-curated.com\/#organization\",\"name\":\"Latin Curated\",\"url\":\"https:\/\/latin-curated.com\/\",\"logo\":{\"@type\":\"ImageObject\",\"inLanguage\":\"en-US\",\"@id\":\"https:\/\/latin-curated.com\/#\/schema\/logo\/image\/\",\"url\":\"https:\/\/latin-curated.com\/sitio\/wp-content\/uploads\/2020\/11\/LatinCurated_Logo.png\",\"contentUrl\":\"https:\/\/latin-curated.com\/sitio\/wp-content\/uploads\/2020\/11\/LatinCurated_Logo.png\",\"width\":509,\"height\":65,\"caption\":\"Latin Curated\"},\"image\":{\"@id\":\"https:\/\/latin-curated.com\/#\/schema\/logo\/image\/\"}}]}<\/script>\n<!-- \/ Yoast SEO plugin. -->","yoast_head_json":{"title":"Elara Earrings - Latin Curated","robots":{"index":"index","follow":"follow","max-snippet":"max-snippet:-1","max-image-preview":"max-image-preview:large","max-video-preview":"max-video-preview:-1"},"canonical":"https:\/\/latin-curated.com\/en\/producto\/elara-earrings\/","og_locale":"en_US","og_type":"article","og_title":"Elara Earrings - Latin Curated","og_description":"Material:\u00a0Bronze with 24 carat gold with natural fiber \"Palm of Werregue\" from the Colombian Pacific coast makes this bambos completely unique.  Weight: 10g per earring.  Size:\u00a0Diameter 4.5 cm.  Details: 100% Handmade in Colombia by the indigenous Woounan community.  Production: Generation after generation creating beautiful jewelry following ancient embroidery technique.  Each product is unique, where attention is paid to every detail. Slow to Last Long. We are determined to make trade as fair as possible.","og_url":"https:\/\/latin-curated.com\/en\/producto\/elara-earrings\/","og_site_name":"Latin Curated","article_modified_time":"2021-11-05T00:20:56+00:00","og_image":[{"width":2048,"height":1536,"url":"https:\/\/latin-curated.com\/sitio\/wp-content\/uploads\/2021\/11\/82bddfdc.jpeg","type":"image\/jpeg"}],"twitter_card":"summary_large_image","twitter_misc":{"Est. reading time":"2 minutes"},"schema":{"@context":"https:\/\/schema.org","@graph":[{"@type":"WebPage","@id":"https:\/\/latin-curated.com\/en\/producto\/elara-earrings\/","url":"https:\/\/latin-curated.com\/en\/producto\/elara-earrings\/","name":"Elara Earrings - Latin Curated","isPartOf":{"@id":"https:\/\/latin-curated.com\/#website"},"primaryImageOfPage":{"@id":"https:\/\/latin-curated.com\/en\/producto\/elara-earrings\/#primaryimage"},"image":{"@id":"https:\/\/latin-curated.com\/en\/producto\/elara-earrings\/#primaryimage"},"thumbnailUrl":"https:\/\/latin-curated.com\/sitio\/wp-content\/uploads\/2021\/11\/82bddfdc.jpeg","datePublished":"2021-11-05T00:20:55+00:00","dateModified":"2021-11-05T00:20:56+00:00","breadcrumb":{"@id":"https:\/\/latin-curated.com\/en\/producto\/elara-earrings\/#breadcrumb"},"inLanguage":"en-US","potentialAction":[{"@type":"ReadAction","target":["https:\/\/latin-curated.com\/en\/producto\/elara-earrings\/"]}]},{"@type":"ImageObject","inLanguage":"en-US","@id":"https:\/\/latin-curated.com\/en\/producto\/elara-earrings\/#primaryimage","url":"https:\/\/latin-curated.com\/sitio\/wp-content\/uploads\/2021\/11\/82bddfdc.jpeg","contentUrl":"https:\/\/latin-curated.com\/sitio\/wp-content\/uploads\/2021\/11\/82bddfdc.jpeg","width":2048,"height":1536},{"@type":"BreadcrumbList","@id":"https:\/\/latin-curated.com\/en\/producto\/elara-earrings\/#breadcrumb","itemListElement":[{"@type":"ListItem","position":1,"name":"Portada","item":"https:\/\/latin-curated.com\/en\/"},{"@type":"ListItem","position":2,"name":"Tienda","item":"https:\/\/latin-curated.com\/tienda\/"},{"@type":"ListItem","position":3,"name":"Elara Earrings"}]},{"@type":"WebSite","@id":"https:\/\/latin-curated.com\/#website","url":"https:\/\/latin-curated.com\/","name":"Latin Curated","description":"Galer\u00eda Online","publisher":{"@id":"https:\/\/latin-curated.com\/#organization"},"potentialAction":[{"@type":"SearchAction","target":{"@type":"EntryPoint","urlTemplate":"https:\/\/latin-curated.com\/?s={search_term_string}"},"query-input":"required name=search_term_string"}],"inLanguage":"en-US"},{"@type":"Organization","@id":"https:\/\/latin-curated.com\/#organization","name":"Latin Curated","url":"https:\/\/latin-curated.com\/","logo":{"@type":"ImageObject","inLanguage":"en-US","@id":"https:\/\/latin-curated.com\/#\/schema\/logo\/image\/","url":"https:\/\/latin-curated.com\/sitio\/wp-content\/uploads\/2020\/11\/LatinCurated_Logo.png","contentUrl":"https:\/\/latin-curated.com\/sitio\/wp-content\/uploads\/2020\/11\/LatinCurated_Logo.png","width":509,"height":65,"caption":"Latin Curated"},"image":{"@id":"https:\/\/latin-curated.com\/#\/schema\/logo\/image\/"}}]}},"_links":{"self":[{"href":"https:\/\/latin-curated.com\/en\/wp-json\/wp\/v2\/product\/6600"}],"collection":[{"href":"https:\/\/latin-curated.com\/en\/wp-json\/wp\/v2\/product"}],"about":[{"href":"https:\/\/latin-curated.com\/en\/wp-json\/wp\/v2\/types\/product"}],"replies":[{"embeddable":true,"href":"https:\/\/latin-curated.com\/en\/wp-json\/wp\/v2\/comments?post=6600"}],"wp:featuredmedia":[{"embeddable":true,"href":"https:\/\/latin-curated.com\/en\/wp-json\/wp\/v2\/media\/6603"}],"wp:attachment":[{"href":"https:\/\/latin-curated.com\/en\/wp-json\/wp\/v2\/media?parent=6600"}],"wp:term":[{"taxonomy":"product_cat","embeddable":true,"href":"https:\/\/latin-curated.com\/en\/wp-json\/wp\/v2\/product_cat?post=6600"},{"taxonomy":"product_tag","embeddable":true,"href":"https:\/\/latin-curated.com\/en\/wp-json\/wp\/v2\/product_tag?post=6600"}],"curies":[{"name":"wp","href":"https:\/\/api.w.org\/{rel}","templated":true}]}}