{"id":6272,"date":"2021-09-15T22:44:24","date_gmt":"2021-09-15T22:44:24","guid":{"rendered":"https:\/\/latin-curated.com\/sitio\/?post_type=product&#038;p=6272"},"modified":"2021-09-15T22:44:25","modified_gmt":"2021-09-15T22:44:25","slug":"el-body-que-me-ama","status":"publish","type":"product","link":"https:\/\/latin-curated.com\/en\/producto\/el-body-que-me-ama\/","title":{"rendered":"El Body Que Me Ama"},"content":{"rendered":"<p>Hay algunas piezas que fueron hechas para irse de fiesta o para ser el centro de atenci\u00f3n, este body estampado te ayudar\u00e1 a llevar los looks diarios al siguiente nivel: divertidos y coloridos. As\u00ed que si\u00e9ntate c\u00f3modamente y disfruta una prenda casual solo para ti.<br \/>\n\u00bfQuieres decir algo diferente adem\u00e1s de que es lindo y estampado? \u00a1Estamos bromeando! Empecemos, mangas exageradas y abombadas para enloquecerte, cierres a presi\u00f3n en la entrepierna, estampado de corazones y una tela que se sentir\u00e1 como una segunda piel. \u00bfEst\u00e1s lista para celebrar nuestra amistad con este body estampado?<\/p>\n","protected":false},"excerpt":{"rendered":"<p>\u00bfQuieres decir algo diferente adem\u00e1s de que es lindo y estampado? \u00a1Estamos bromeando! Empecemos, mangas exageradas y abombadas para enloquecerte, cierres a presi\u00f3n en la entrepierna, estampado de corazones y una tela que se sentir\u00e1 como una segunda piel. \u00bfEst\u00e1s lista para celebrar nuestra amistad con este body estampado?<\/p>\n","protected":false},"featured_media":6278,"comment_status":"open","ping_status":"closed","template":"","meta":{"_acf_changed":false},"product_cat":[682],"product_tag":[],"acf":[],"yoast_head":"<!-- This site is optimized with the Yoast SEO plugin v22.6 - https:\/\/yoast.com\/wordpress\/plugins\/seo\/ -->\n<title>El Body Que Me Ama - Latin Curated<\/title>\n<meta name=\"robots\" content=\"index, follow, max-snippet:-1, max-image-preview:large, max-video-preview:-1\" \/>\n<link rel=\"canonical\" href=\"https:\/\/latin-curated.com\/producto\/el-body-que-me-ama\/\" \/>\n<meta property=\"og:locale\" content=\"en_US\" \/>\n<meta property=\"og:type\" content=\"article\" \/>\n<meta property=\"og:title\" content=\"El Body Que Me Ama - Latin Curated\" \/>\n<meta property=\"og:description\" content=\"\u00bfQuieres decir algo diferente adem\u00e1s de que es lindo y estampado? \u00a1Estamos bromeando! Empecemos, mangas exageradas y abombadas para enloquecerte, cierres a presi\u00f3n en la entrepierna, estampado de corazones y una tela que se sentir\u00e1 como una segunda piel. \u00bfEst\u00e1s lista para celebrar nuestra amistad con este body estampado?\" \/>\n<meta property=\"og:url\" content=\"https:\/\/latin-curated.com\/producto\/el-body-que-me-ama\/\" \/>\n<meta property=\"og:site_name\" content=\"Latin Curated\" \/>\n<meta property=\"article:modified_time\" content=\"2021-09-15T22:44:25+00:00\" \/>\n<meta property=\"og:image\" content=\"https:\/\/latin-curated.com\/sitio\/wp-content\/uploads\/2021\/09\/DSC_8526.jpg\" \/>\n\t<meta property=\"og:image:width\" content=\"1080\" \/>\n\t<meta property=\"og:image:height\" content=\"1080\" \/>\n\t<meta property=\"og:image:type\" content=\"image\/jpeg\" \/>\n<meta name=\"twitter:card\" content=\"summary_large_image\" \/>\n<meta name=\"twitter:label1\" content=\"Est. reading time\" \/>\n\t<meta name=\"twitter:data1\" content=\"1 minute\" \/>\n<script type=\"application\/ld+json\" class=\"yoast-schema-graph\">{\"@context\":\"https:\/\/schema.org\",\"@graph\":[{\"@type\":\"WebPage\",\"@id\":\"https:\/\/latin-curated.com\/producto\/el-body-que-me-ama\/\",\"url\":\"https:\/\/latin-curated.com\/producto\/el-body-que-me-ama\/\",\"name\":\"El Body Que Me Ama - Latin Curated\",\"isPartOf\":{\"@id\":\"https:\/\/latin-curated.com\/#website\"},\"primaryImageOfPage\":{\"@id\":\"https:\/\/latin-curated.com\/producto\/el-body-que-me-ama\/#primaryimage\"},\"image\":{\"@id\":\"https:\/\/latin-curated.com\/producto\/el-body-que-me-ama\/#primaryimage\"},\"thumbnailUrl\":\"https:\/\/latin-curated.com\/sitio\/wp-content\/uploads\/2021\/09\/DSC_8526.jpg\",\"datePublished\":\"2021-09-15T22:44:24+00:00\",\"dateModified\":\"2021-09-15T22:44:25+00:00\",\"breadcrumb\":{\"@id\":\"https:\/\/latin-curated.com\/producto\/el-body-que-me-ama\/#breadcrumb\"},\"inLanguage\":\"en-US\",\"potentialAction\":[{\"@type\":\"ReadAction\",\"target\":[\"https:\/\/latin-curated.com\/producto\/el-body-que-me-ama\/\"]}]},{\"@type\":\"ImageObject\",\"inLanguage\":\"en-US\",\"@id\":\"https:\/\/latin-curated.com\/producto\/el-body-que-me-ama\/#primaryimage\",\"url\":\"https:\/\/latin-curated.com\/sitio\/wp-content\/uploads\/2021\/09\/DSC_8526.jpg\",\"contentUrl\":\"https:\/\/latin-curated.com\/sitio\/wp-content\/uploads\/2021\/09\/DSC_8526.jpg\",\"width\":1080,\"height\":1080},{\"@type\":\"BreadcrumbList\",\"@id\":\"https:\/\/latin-curated.com\/producto\/el-body-que-me-ama\/#breadcrumb\",\"itemListElement\":[{\"@type\":\"ListItem\",\"position\":1,\"name\":\"Portada\",\"item\":\"https:\/\/latin-curated.com\/en\/\"},{\"@type\":\"ListItem\",\"position\":2,\"name\":\"Tienda\",\"item\":\"https:\/\/latin-curated.com\/tienda\/\"},{\"@type\":\"ListItem\",\"position\":3,\"name\":\"El Body Que Me Ama\"}]},{\"@type\":\"WebSite\",\"@id\":\"https:\/\/latin-curated.com\/#website\",\"url\":\"https:\/\/latin-curated.com\/\",\"name\":\"Latin Curated\",\"description\":\"Galer\u00eda Online\",\"publisher\":{\"@id\":\"https:\/\/latin-curated.com\/#organization\"},\"potentialAction\":[{\"@type\":\"SearchAction\",\"target\":{\"@type\":\"EntryPoint\",\"urlTemplate\":\"https:\/\/latin-curated.com\/?s={search_term_string}\"},\"query-input\":\"required name=search_term_string\"}],\"inLanguage\":\"en-US\"},{\"@type\":\"Organization\",\"@id\":\"https:\/\/latin-curated.com\/#organization\",\"name\":\"Latin Curated\",\"url\":\"https:\/\/latin-curated.com\/\",\"logo\":{\"@type\":\"ImageObject\",\"inLanguage\":\"en-US\",\"@id\":\"https:\/\/latin-curated.com\/#\/schema\/logo\/image\/\",\"url\":\"https:\/\/latin-curated.com\/sitio\/wp-content\/uploads\/2020\/11\/LatinCurated_Logo.png\",\"contentUrl\":\"https:\/\/latin-curated.com\/sitio\/wp-content\/uploads\/2020\/11\/LatinCurated_Logo.png\",\"width\":509,\"height\":65,\"caption\":\"Latin Curated\"},\"image\":{\"@id\":\"https:\/\/latin-curated.com\/#\/schema\/logo\/image\/\"}}]}<\/script>\n<!-- \/ Yoast SEO plugin. -->","yoast_head_json":{"title":"El Body Que Me Ama - Latin Curated","robots":{"index":"index","follow":"follow","max-snippet":"max-snippet:-1","max-image-preview":"max-image-preview:large","max-video-preview":"max-video-preview:-1"},"canonical":"https:\/\/latin-curated.com\/producto\/el-body-que-me-ama\/","og_locale":"en_US","og_type":"article","og_title":"El Body Que Me Ama - Latin Curated","og_description":"\u00bfQuieres decir algo diferente adem\u00e1s de que es lindo y estampado? \u00a1Estamos bromeando! Empecemos, mangas exageradas y abombadas para enloquecerte, cierres a presi\u00f3n en la entrepierna, estampado de corazones y una tela que se sentir\u00e1 como una segunda piel. \u00bfEst\u00e1s lista para celebrar nuestra amistad con este body estampado?","og_url":"https:\/\/latin-curated.com\/producto\/el-body-que-me-ama\/","og_site_name":"Latin Curated","article_modified_time":"2021-09-15T22:44:25+00:00","og_image":[{"width":1080,"height":1080,"url":"https:\/\/latin-curated.com\/sitio\/wp-content\/uploads\/2021\/09\/DSC_8526.jpg","type":"image\/jpeg"}],"twitter_card":"summary_large_image","twitter_misc":{"Est. reading time":"1 minute"},"schema":{"@context":"https:\/\/schema.org","@graph":[{"@type":"WebPage","@id":"https:\/\/latin-curated.com\/producto\/el-body-que-me-ama\/","url":"https:\/\/latin-curated.com\/producto\/el-body-que-me-ama\/","name":"El Body Que Me Ama - Latin Curated","isPartOf":{"@id":"https:\/\/latin-curated.com\/#website"},"primaryImageOfPage":{"@id":"https:\/\/latin-curated.com\/producto\/el-body-que-me-ama\/#primaryimage"},"image":{"@id":"https:\/\/latin-curated.com\/producto\/el-body-que-me-ama\/#primaryimage"},"thumbnailUrl":"https:\/\/latin-curated.com\/sitio\/wp-content\/uploads\/2021\/09\/DSC_8526.jpg","datePublished":"2021-09-15T22:44:24+00:00","dateModified":"2021-09-15T22:44:25+00:00","breadcrumb":{"@id":"https:\/\/latin-curated.com\/producto\/el-body-que-me-ama\/#breadcrumb"},"inLanguage":"en-US","potentialAction":[{"@type":"ReadAction","target":["https:\/\/latin-curated.com\/producto\/el-body-que-me-ama\/"]}]},{"@type":"ImageObject","inLanguage":"en-US","@id":"https:\/\/latin-curated.com\/producto\/el-body-que-me-ama\/#primaryimage","url":"https:\/\/latin-curated.com\/sitio\/wp-content\/uploads\/2021\/09\/DSC_8526.jpg","contentUrl":"https:\/\/latin-curated.com\/sitio\/wp-content\/uploads\/2021\/09\/DSC_8526.jpg","width":1080,"height":1080},{"@type":"BreadcrumbList","@id":"https:\/\/latin-curated.com\/producto\/el-body-que-me-ama\/#breadcrumb","itemListElement":[{"@type":"ListItem","position":1,"name":"Portada","item":"https:\/\/latin-curated.com\/en\/"},{"@type":"ListItem","position":2,"name":"Tienda","item":"https:\/\/latin-curated.com\/tienda\/"},{"@type":"ListItem","position":3,"name":"El Body Que Me Ama"}]},{"@type":"WebSite","@id":"https:\/\/latin-curated.com\/#website","url":"https:\/\/latin-curated.com\/","name":"Latin Curated","description":"Galer\u00eda Online","publisher":{"@id":"https:\/\/latin-curated.com\/#organization"},"potentialAction":[{"@type":"SearchAction","target":{"@type":"EntryPoint","urlTemplate":"https:\/\/latin-curated.com\/?s={search_term_string}"},"query-input":"required name=search_term_string"}],"inLanguage":"en-US"},{"@type":"Organization","@id":"https:\/\/latin-curated.com\/#organization","name":"Latin Curated","url":"https:\/\/latin-curated.com\/","logo":{"@type":"ImageObject","inLanguage":"en-US","@id":"https:\/\/latin-curated.com\/#\/schema\/logo\/image\/","url":"https:\/\/latin-curated.com\/sitio\/wp-content\/uploads\/2020\/11\/LatinCurated_Logo.png","contentUrl":"https:\/\/latin-curated.com\/sitio\/wp-content\/uploads\/2020\/11\/LatinCurated_Logo.png","width":509,"height":65,"caption":"Latin Curated"},"image":{"@id":"https:\/\/latin-curated.com\/#\/schema\/logo\/image\/"}}]}},"_links":{"self":[{"href":"https:\/\/latin-curated.com\/en\/wp-json\/wp\/v2\/product\/6272"}],"collection":[{"href":"https:\/\/latin-curated.com\/en\/wp-json\/wp\/v2\/product"}],"about":[{"href":"https:\/\/latin-curated.com\/en\/wp-json\/wp\/v2\/types\/product"}],"replies":[{"embeddable":true,"href":"https:\/\/latin-curated.com\/en\/wp-json\/wp\/v2\/comments?post=6272"}],"wp:featuredmedia":[{"embeddable":true,"href":"https:\/\/latin-curated.com\/en\/wp-json\/wp\/v2\/media\/6278"}],"wp:attachment":[{"href":"https:\/\/latin-curated.com\/en\/wp-json\/wp\/v2\/media?parent=6272"}],"wp:term":[{"taxonomy":"product_cat","embeddable":true,"href":"https:\/\/latin-curated.com\/en\/wp-json\/wp\/v2\/product_cat?post=6272"},{"taxonomy":"product_tag","embeddable":true,"href":"https:\/\/latin-curated.com\/en\/wp-json\/wp\/v2\/product_tag?post=6272"}],"curies":[{"name":"wp","href":"https:\/\/api.w.org\/{rel}","templated":true}]}}