{"id":6260,"date":"2021-09-15T22:35:16","date_gmt":"2021-09-15T22:35:16","guid":{"rendered":"https:\/\/latin-curated.com\/sitio\/?post_type=product&#038;p=6260"},"modified":"2021-09-24T16:03:12","modified_gmt":"2021-09-24T16:03:12","slug":"pineapples-tiene-las-mangas-del-amor","status":"publish","type":"product","link":"https:\/\/latin-curated.com\/en\/producto\/pineapples-tiene-las-mangas-del-amor\/","title":{"rendered":"Pineapples Tiene Las Mangas Del Amor"},"content":{"rendered":"<p>\u00a1No te vayas! Esto no es un sue\u00f1o, es la vida real y esta camiseta est\u00e1 esperando por ti. Es el balance perfecto entre casual y elegante, dram\u00e1tico y minimalista, Pineapples y t\u00fa. Ponte el cintur\u00f3n, porque estamos a punto de hacer un viaje al pa\u00eds de la moda de Pineapples Don\u2019t Have Sleeves.<br \/>\nSi tuvi\u00e9ramos que escoger solo una pieza Pineapples que represente todo lo que somos, esta camiseta estar\u00eda en la cima de la lista: Su tela est\u00e1 hecha de 52% algod\u00f3n reutilizado y 48% botellas PET recicladas, las mangas son exageradas y hechas de tulle (\u00a1perfectas!), una silueta relajada para estar c\u00f3moda todos los d\u00edas, bordados de coraz\u00f3n en el pecho para divertirse un poco y por supuesto, un look memorable.<\/p>\n","protected":false},"excerpt":{"rendered":"<p>Si tuvi\u00e9ramos que escoger solo una pieza Pineapples que represente todo lo que somos, esta camiseta estar\u00eda en la cima de la lista: Su tela est\u00e1 hecha de 52% algod\u00f3n reutilizado y 48% botellas PET recicladas, las mangas son exageradas y hechas de tulle (\u00a1perfectas!), una silueta relajada para estar c\u00f3moda todos los d\u00edas, bordados de coraz\u00f3n en el pecho para divertirse un poco y por supuesto, un look memorable.<\/p>\n","protected":false},"featured_media":6266,"comment_status":"open","ping_status":"closed","template":"","meta":{"_acf_changed":false},"product_cat":[682],"product_tag":[],"acf":[],"yoast_head":"<!-- This site is optimized with the Yoast SEO plugin v22.6 - https:\/\/yoast.com\/wordpress\/plugins\/seo\/ -->\n<title>Pineapples Tiene Las Mangas Del Amor - Latin Curated<\/title>\n<meta name=\"robots\" content=\"index, follow, max-snippet:-1, max-image-preview:large, max-video-preview:-1\" \/>\n<link rel=\"canonical\" href=\"https:\/\/latin-curated.com\/producto\/pineapples-tiene-las-mangas-del-amor\/\" \/>\n<meta property=\"og:locale\" content=\"en_US\" \/>\n<meta property=\"og:type\" content=\"article\" \/>\n<meta property=\"og:title\" content=\"Pineapples Tiene Las Mangas Del Amor - Latin Curated\" \/>\n<meta property=\"og:description\" content=\"Si tuvi\u00e9ramos que escoger solo una pieza Pineapples que represente todo lo que somos, esta camiseta estar\u00eda en la cima de la lista: Su tela est\u00e1 hecha de 52% algod\u00f3n reutilizado y 48% botellas PET recicladas, las mangas son exageradas y hechas de tulle (\u00a1perfectas!), una silueta relajada para estar c\u00f3moda todos los d\u00edas, bordados de coraz\u00f3n en el pecho para divertirse un poco y por supuesto, un look memorable.\" \/>\n<meta property=\"og:url\" content=\"https:\/\/latin-curated.com\/producto\/pineapples-tiene-las-mangas-del-amor\/\" \/>\n<meta property=\"og:site_name\" content=\"Latin Curated\" \/>\n<meta property=\"article:modified_time\" content=\"2021-09-24T16:03:12+00:00\" \/>\n<meta property=\"og:image\" content=\"https:\/\/latin-curated.com\/sitio\/wp-content\/uploads\/2021\/09\/DSC_8556.jpg\" \/>\n\t<meta property=\"og:image:width\" content=\"1080\" \/>\n\t<meta property=\"og:image:height\" content=\"1080\" \/>\n\t<meta property=\"og:image:type\" content=\"image\/jpeg\" \/>\n<meta name=\"twitter:card\" content=\"summary_large_image\" \/>\n<meta name=\"twitter:label1\" content=\"Est. reading time\" \/>\n\t<meta name=\"twitter:data1\" content=\"1 minute\" \/>\n<script type=\"application\/ld+json\" class=\"yoast-schema-graph\">{\"@context\":\"https:\/\/schema.org\",\"@graph\":[{\"@type\":\"WebPage\",\"@id\":\"https:\/\/latin-curated.com\/producto\/pineapples-tiene-las-mangas-del-amor\/\",\"url\":\"https:\/\/latin-curated.com\/producto\/pineapples-tiene-las-mangas-del-amor\/\",\"name\":\"Pineapples Tiene Las Mangas Del Amor - Latin Curated\",\"isPartOf\":{\"@id\":\"https:\/\/latin-curated.com\/#website\"},\"primaryImageOfPage\":{\"@id\":\"https:\/\/latin-curated.com\/producto\/pineapples-tiene-las-mangas-del-amor\/#primaryimage\"},\"image\":{\"@id\":\"https:\/\/latin-curated.com\/producto\/pineapples-tiene-las-mangas-del-amor\/#primaryimage\"},\"thumbnailUrl\":\"https:\/\/latin-curated.com\/sitio\/wp-content\/uploads\/2021\/09\/DSC_8556.jpg\",\"datePublished\":\"2021-09-15T22:35:16+00:00\",\"dateModified\":\"2021-09-24T16:03:12+00:00\",\"breadcrumb\":{\"@id\":\"https:\/\/latin-curated.com\/producto\/pineapples-tiene-las-mangas-del-amor\/#breadcrumb\"},\"inLanguage\":\"en-US\",\"potentialAction\":[{\"@type\":\"ReadAction\",\"target\":[\"https:\/\/latin-curated.com\/producto\/pineapples-tiene-las-mangas-del-amor\/\"]}]},{\"@type\":\"ImageObject\",\"inLanguage\":\"en-US\",\"@id\":\"https:\/\/latin-curated.com\/producto\/pineapples-tiene-las-mangas-del-amor\/#primaryimage\",\"url\":\"https:\/\/latin-curated.com\/sitio\/wp-content\/uploads\/2021\/09\/DSC_8556.jpg\",\"contentUrl\":\"https:\/\/latin-curated.com\/sitio\/wp-content\/uploads\/2021\/09\/DSC_8556.jpg\",\"width\":1080,\"height\":1080},{\"@type\":\"BreadcrumbList\",\"@id\":\"https:\/\/latin-curated.com\/producto\/pineapples-tiene-las-mangas-del-amor\/#breadcrumb\",\"itemListElement\":[{\"@type\":\"ListItem\",\"position\":1,\"name\":\"Portada\",\"item\":\"https:\/\/latin-curated.com\/en\/\"},{\"@type\":\"ListItem\",\"position\":2,\"name\":\"Tienda\",\"item\":\"https:\/\/latin-curated.com\/tienda\/\"},{\"@type\":\"ListItem\",\"position\":3,\"name\":\"Pineapples Tiene Las Mangas Del Amor\"}]},{\"@type\":\"WebSite\",\"@id\":\"https:\/\/latin-curated.com\/#website\",\"url\":\"https:\/\/latin-curated.com\/\",\"name\":\"Latin Curated\",\"description\":\"Galer\u00eda Online\",\"publisher\":{\"@id\":\"https:\/\/latin-curated.com\/#organization\"},\"potentialAction\":[{\"@type\":\"SearchAction\",\"target\":{\"@type\":\"EntryPoint\",\"urlTemplate\":\"https:\/\/latin-curated.com\/?s={search_term_string}\"},\"query-input\":\"required name=search_term_string\"}],\"inLanguage\":\"en-US\"},{\"@type\":\"Organization\",\"@id\":\"https:\/\/latin-curated.com\/#organization\",\"name\":\"Latin Curated\",\"url\":\"https:\/\/latin-curated.com\/\",\"logo\":{\"@type\":\"ImageObject\",\"inLanguage\":\"en-US\",\"@id\":\"https:\/\/latin-curated.com\/#\/schema\/logo\/image\/\",\"url\":\"https:\/\/latin-curated.com\/sitio\/wp-content\/uploads\/2020\/11\/LatinCurated_Logo.png\",\"contentUrl\":\"https:\/\/latin-curated.com\/sitio\/wp-content\/uploads\/2020\/11\/LatinCurated_Logo.png\",\"width\":509,\"height\":65,\"caption\":\"Latin Curated\"},\"image\":{\"@id\":\"https:\/\/latin-curated.com\/#\/schema\/logo\/image\/\"}}]}<\/script>\n<!-- \/ Yoast SEO plugin. -->","yoast_head_json":{"title":"Pineapples Tiene Las Mangas Del Amor - Latin Curated","robots":{"index":"index","follow":"follow","max-snippet":"max-snippet:-1","max-image-preview":"max-image-preview:large","max-video-preview":"max-video-preview:-1"},"canonical":"https:\/\/latin-curated.com\/producto\/pineapples-tiene-las-mangas-del-amor\/","og_locale":"en_US","og_type":"article","og_title":"Pineapples Tiene Las Mangas Del Amor - Latin Curated","og_description":"Si tuvi\u00e9ramos que escoger solo una pieza Pineapples que represente todo lo que somos, esta camiseta estar\u00eda en la cima de la lista: Su tela est\u00e1 hecha de 52% algod\u00f3n reutilizado y 48% botellas PET recicladas, las mangas son exageradas y hechas de tulle (\u00a1perfectas!), una silueta relajada para estar c\u00f3moda todos los d\u00edas, bordados de coraz\u00f3n en el pecho para divertirse un poco y por supuesto, un look memorable.","og_url":"https:\/\/latin-curated.com\/producto\/pineapples-tiene-las-mangas-del-amor\/","og_site_name":"Latin Curated","article_modified_time":"2021-09-24T16:03:12+00:00","og_image":[{"width":1080,"height":1080,"url":"https:\/\/latin-curated.com\/sitio\/wp-content\/uploads\/2021\/09\/DSC_8556.jpg","type":"image\/jpeg"}],"twitter_card":"summary_large_image","twitter_misc":{"Est. reading time":"1 minute"},"schema":{"@context":"https:\/\/schema.org","@graph":[{"@type":"WebPage","@id":"https:\/\/latin-curated.com\/producto\/pineapples-tiene-las-mangas-del-amor\/","url":"https:\/\/latin-curated.com\/producto\/pineapples-tiene-las-mangas-del-amor\/","name":"Pineapples Tiene Las Mangas Del Amor - Latin Curated","isPartOf":{"@id":"https:\/\/latin-curated.com\/#website"},"primaryImageOfPage":{"@id":"https:\/\/latin-curated.com\/producto\/pineapples-tiene-las-mangas-del-amor\/#primaryimage"},"image":{"@id":"https:\/\/latin-curated.com\/producto\/pineapples-tiene-las-mangas-del-amor\/#primaryimage"},"thumbnailUrl":"https:\/\/latin-curated.com\/sitio\/wp-content\/uploads\/2021\/09\/DSC_8556.jpg","datePublished":"2021-09-15T22:35:16+00:00","dateModified":"2021-09-24T16:03:12+00:00","breadcrumb":{"@id":"https:\/\/latin-curated.com\/producto\/pineapples-tiene-las-mangas-del-amor\/#breadcrumb"},"inLanguage":"en-US","potentialAction":[{"@type":"ReadAction","target":["https:\/\/latin-curated.com\/producto\/pineapples-tiene-las-mangas-del-amor\/"]}]},{"@type":"ImageObject","inLanguage":"en-US","@id":"https:\/\/latin-curated.com\/producto\/pineapples-tiene-las-mangas-del-amor\/#primaryimage","url":"https:\/\/latin-curated.com\/sitio\/wp-content\/uploads\/2021\/09\/DSC_8556.jpg","contentUrl":"https:\/\/latin-curated.com\/sitio\/wp-content\/uploads\/2021\/09\/DSC_8556.jpg","width":1080,"height":1080},{"@type":"BreadcrumbList","@id":"https:\/\/latin-curated.com\/producto\/pineapples-tiene-las-mangas-del-amor\/#breadcrumb","itemListElement":[{"@type":"ListItem","position":1,"name":"Portada","item":"https:\/\/latin-curated.com\/en\/"},{"@type":"ListItem","position":2,"name":"Tienda","item":"https:\/\/latin-curated.com\/tienda\/"},{"@type":"ListItem","position":3,"name":"Pineapples Tiene Las Mangas Del Amor"}]},{"@type":"WebSite","@id":"https:\/\/latin-curated.com\/#website","url":"https:\/\/latin-curated.com\/","name":"Latin Curated","description":"Galer\u00eda Online","publisher":{"@id":"https:\/\/latin-curated.com\/#organization"},"potentialAction":[{"@type":"SearchAction","target":{"@type":"EntryPoint","urlTemplate":"https:\/\/latin-curated.com\/?s={search_term_string}"},"query-input":"required name=search_term_string"}],"inLanguage":"en-US"},{"@type":"Organization","@id":"https:\/\/latin-curated.com\/#organization","name":"Latin Curated","url":"https:\/\/latin-curated.com\/","logo":{"@type":"ImageObject","inLanguage":"en-US","@id":"https:\/\/latin-curated.com\/#\/schema\/logo\/image\/","url":"https:\/\/latin-curated.com\/sitio\/wp-content\/uploads\/2020\/11\/LatinCurated_Logo.png","contentUrl":"https:\/\/latin-curated.com\/sitio\/wp-content\/uploads\/2020\/11\/LatinCurated_Logo.png","width":509,"height":65,"caption":"Latin Curated"},"image":{"@id":"https:\/\/latin-curated.com\/#\/schema\/logo\/image\/"}}]}},"_links":{"self":[{"href":"https:\/\/latin-curated.com\/en\/wp-json\/wp\/v2\/product\/6260"}],"collection":[{"href":"https:\/\/latin-curated.com\/en\/wp-json\/wp\/v2\/product"}],"about":[{"href":"https:\/\/latin-curated.com\/en\/wp-json\/wp\/v2\/types\/product"}],"replies":[{"embeddable":true,"href":"https:\/\/latin-curated.com\/en\/wp-json\/wp\/v2\/comments?post=6260"}],"wp:featuredmedia":[{"embeddable":true,"href":"https:\/\/latin-curated.com\/en\/wp-json\/wp\/v2\/media\/6266"}],"wp:attachment":[{"href":"https:\/\/latin-curated.com\/en\/wp-json\/wp\/v2\/media?parent=6260"}],"wp:term":[{"taxonomy":"product_cat","embeddable":true,"href":"https:\/\/latin-curated.com\/en\/wp-json\/wp\/v2\/product_cat?post=6260"},{"taxonomy":"product_tag","embeddable":true,"href":"https:\/\/latin-curated.com\/en\/wp-json\/wp\/v2\/product_tag?post=6260"}],"curies":[{"name":"wp","href":"https:\/\/api.w.org\/{rel}","templated":true}]}}