{"id":6249,"date":"2021-09-15T22:17:00","date_gmt":"2021-09-15T22:17:00","guid":{"rendered":"https:\/\/latin-curated.com\/sitio\/?post_type=product&#038;p=6249"},"modified":"2021-09-15T22:17:01","modified_gmt":"2021-09-15T22:17:01","slug":"tacones-locamente-enamorada","status":"publish","type":"product","link":"https:\/\/latin-curated.com\/en\/producto\/tacones-locamente-enamorada\/","title":{"rendered":"Tacones Locamente Enamorada"},"content":{"rendered":"<p>Algunas veces lo \u00fanico que tu look necesita son los zapatos correctos, y como una Cenicienta contempor\u00e1nea, queremos que uses nuestros zapatos favoritos en tu fiesta de ensue\u00f1o. Nuestros tacones \u201cLocamente enamorada\u201d te har\u00e1n so\u00f1ar despierta cada vez que los uses, \u00bfpreparada para darte cuenta por qu\u00e9?<br \/>\n\u00a1Bienvenida a la fiesta de t\u00e9 de Pineapples! Hoy vamos a hablar de por qu\u00e9 los zapatos hacen nuestras vidas m\u00e1s divertidas y nuestros tacones \u201cLocamente enamorada\u201d son parte de la lista, con sus plataformas grandes, materiales sint\u00e9ticos rojos y rosados, vinilo estampado de corazones, tiras ajustables y una suela completamente \u00fanica. Listo, ya terminamos, \u00bfquieres que hablemos de los tacones de Conejo ya?<\/p>\n","protected":false},"excerpt":{"rendered":"<p>\u00a1Bienvenida a la fiesta de t\u00e9 de Pineapples! Hoy vamos a hablar de por qu\u00e9 los zapatos hacen nuestras vidas m\u00e1s divertidas y nuestros tacones \u201cLocamente enamorada\u201d son parte de la lista, con sus plataformas grandes, materiales sint\u00e9ticos rojos y rosados, vinilo estampado de corazones, tiras ajustables y una suela completamente \u00fanica. Listo, ya terminamos, \u00bfquieres que hablemos de los tacones de Conejo ya?<\/p>\n","protected":false},"featured_media":6256,"comment_status":"open","ping_status":"closed","template":"","meta":{"_acf_changed":false},"product_cat":[682],"product_tag":[],"acf":[],"yoast_head":"<!-- This site is optimized with the Yoast SEO plugin v22.6 - https:\/\/yoast.com\/wordpress\/plugins\/seo\/ -->\n<title>Tacones Locamente Enamorada - Latin Curated<\/title>\n<meta name=\"robots\" content=\"index, follow, max-snippet:-1, max-image-preview:large, max-video-preview:-1\" \/>\n<link rel=\"canonical\" href=\"https:\/\/latin-curated.com\/producto\/tacones-locamente-enamorada\/\" \/>\n<meta property=\"og:locale\" content=\"en_US\" \/>\n<meta property=\"og:type\" content=\"article\" \/>\n<meta property=\"og:title\" content=\"Tacones Locamente Enamorada - Latin Curated\" \/>\n<meta property=\"og:description\" content=\"\u00a1Bienvenida a la fiesta de t\u00e9 de Pineapples! Hoy vamos a hablar de por qu\u00e9 los zapatos hacen nuestras vidas m\u00e1s divertidas y nuestros tacones \u201cLocamente enamorada\u201d son parte de la lista, con sus plataformas grandes, materiales sint\u00e9ticos rojos y rosados, vinilo estampado de corazones, tiras ajustables y una suela completamente \u00fanica. Listo, ya terminamos, \u00bfquieres que hablemos de los tacones de Conejo ya?\" \/>\n<meta property=\"og:url\" content=\"https:\/\/latin-curated.com\/producto\/tacones-locamente-enamorada\/\" \/>\n<meta property=\"og:site_name\" content=\"Latin Curated\" \/>\n<meta property=\"article:modified_time\" content=\"2021-09-15T22:17:01+00:00\" \/>\n<meta property=\"og:image\" content=\"https:\/\/latin-curated.com\/sitio\/wp-content\/uploads\/2021\/09\/DSC_8420.jpg\" \/>\n\t<meta property=\"og:image:width\" content=\"1080\" \/>\n\t<meta property=\"og:image:height\" content=\"1080\" \/>\n\t<meta property=\"og:image:type\" content=\"image\/jpeg\" \/>\n<meta name=\"twitter:card\" content=\"summary_large_image\" \/>\n<meta name=\"twitter:label1\" content=\"Est. reading time\" \/>\n\t<meta name=\"twitter:data1\" content=\"1 minute\" \/>\n<script type=\"application\/ld+json\" class=\"yoast-schema-graph\">{\"@context\":\"https:\/\/schema.org\",\"@graph\":[{\"@type\":\"WebPage\",\"@id\":\"https:\/\/latin-curated.com\/producto\/tacones-locamente-enamorada\/\",\"url\":\"https:\/\/latin-curated.com\/producto\/tacones-locamente-enamorada\/\",\"name\":\"Tacones Locamente Enamorada - Latin Curated\",\"isPartOf\":{\"@id\":\"https:\/\/latin-curated.com\/#website\"},\"primaryImageOfPage\":{\"@id\":\"https:\/\/latin-curated.com\/producto\/tacones-locamente-enamorada\/#primaryimage\"},\"image\":{\"@id\":\"https:\/\/latin-curated.com\/producto\/tacones-locamente-enamorada\/#primaryimage\"},\"thumbnailUrl\":\"https:\/\/latin-curated.com\/sitio\/wp-content\/uploads\/2021\/09\/DSC_8420.jpg\",\"datePublished\":\"2021-09-15T22:17:00+00:00\",\"dateModified\":\"2021-09-15T22:17:01+00:00\",\"breadcrumb\":{\"@id\":\"https:\/\/latin-curated.com\/producto\/tacones-locamente-enamorada\/#breadcrumb\"},\"inLanguage\":\"en-US\",\"potentialAction\":[{\"@type\":\"ReadAction\",\"target\":[\"https:\/\/latin-curated.com\/producto\/tacones-locamente-enamorada\/\"]}]},{\"@type\":\"ImageObject\",\"inLanguage\":\"en-US\",\"@id\":\"https:\/\/latin-curated.com\/producto\/tacones-locamente-enamorada\/#primaryimage\",\"url\":\"https:\/\/latin-curated.com\/sitio\/wp-content\/uploads\/2021\/09\/DSC_8420.jpg\",\"contentUrl\":\"https:\/\/latin-curated.com\/sitio\/wp-content\/uploads\/2021\/09\/DSC_8420.jpg\",\"width\":1080,\"height\":1080},{\"@type\":\"BreadcrumbList\",\"@id\":\"https:\/\/latin-curated.com\/producto\/tacones-locamente-enamorada\/#breadcrumb\",\"itemListElement\":[{\"@type\":\"ListItem\",\"position\":1,\"name\":\"Portada\",\"item\":\"https:\/\/latin-curated.com\/en\/\"},{\"@type\":\"ListItem\",\"position\":2,\"name\":\"Tienda\",\"item\":\"https:\/\/latin-curated.com\/tienda\/\"},{\"@type\":\"ListItem\",\"position\":3,\"name\":\"Tacones Locamente Enamorada\"}]},{\"@type\":\"WebSite\",\"@id\":\"https:\/\/latin-curated.com\/#website\",\"url\":\"https:\/\/latin-curated.com\/\",\"name\":\"Latin Curated\",\"description\":\"Galer\u00eda Online\",\"publisher\":{\"@id\":\"https:\/\/latin-curated.com\/#organization\"},\"potentialAction\":[{\"@type\":\"SearchAction\",\"target\":{\"@type\":\"EntryPoint\",\"urlTemplate\":\"https:\/\/latin-curated.com\/?s={search_term_string}\"},\"query-input\":\"required name=search_term_string\"}],\"inLanguage\":\"en-US\"},{\"@type\":\"Organization\",\"@id\":\"https:\/\/latin-curated.com\/#organization\",\"name\":\"Latin Curated\",\"url\":\"https:\/\/latin-curated.com\/\",\"logo\":{\"@type\":\"ImageObject\",\"inLanguage\":\"en-US\",\"@id\":\"https:\/\/latin-curated.com\/#\/schema\/logo\/image\/\",\"url\":\"https:\/\/latin-curated.com\/sitio\/wp-content\/uploads\/2020\/11\/LatinCurated_Logo.png\",\"contentUrl\":\"https:\/\/latin-curated.com\/sitio\/wp-content\/uploads\/2020\/11\/LatinCurated_Logo.png\",\"width\":509,\"height\":65,\"caption\":\"Latin Curated\"},\"image\":{\"@id\":\"https:\/\/latin-curated.com\/#\/schema\/logo\/image\/\"}}]}<\/script>\n<!-- \/ Yoast SEO plugin. -->","yoast_head_json":{"title":"Tacones Locamente Enamorada - Latin Curated","robots":{"index":"index","follow":"follow","max-snippet":"max-snippet:-1","max-image-preview":"max-image-preview:large","max-video-preview":"max-video-preview:-1"},"canonical":"https:\/\/latin-curated.com\/producto\/tacones-locamente-enamorada\/","og_locale":"en_US","og_type":"article","og_title":"Tacones Locamente Enamorada - Latin Curated","og_description":"\u00a1Bienvenida a la fiesta de t\u00e9 de Pineapples! Hoy vamos a hablar de por qu\u00e9 los zapatos hacen nuestras vidas m\u00e1s divertidas y nuestros tacones \u201cLocamente enamorada\u201d son parte de la lista, con sus plataformas grandes, materiales sint\u00e9ticos rojos y rosados, vinilo estampado de corazones, tiras ajustables y una suela completamente \u00fanica. Listo, ya terminamos, \u00bfquieres que hablemos de los tacones de Conejo ya?","og_url":"https:\/\/latin-curated.com\/producto\/tacones-locamente-enamorada\/","og_site_name":"Latin Curated","article_modified_time":"2021-09-15T22:17:01+00:00","og_image":[{"width":1080,"height":1080,"url":"https:\/\/latin-curated.com\/sitio\/wp-content\/uploads\/2021\/09\/DSC_8420.jpg","type":"image\/jpeg"}],"twitter_card":"summary_large_image","twitter_misc":{"Est. reading time":"1 minute"},"schema":{"@context":"https:\/\/schema.org","@graph":[{"@type":"WebPage","@id":"https:\/\/latin-curated.com\/producto\/tacones-locamente-enamorada\/","url":"https:\/\/latin-curated.com\/producto\/tacones-locamente-enamorada\/","name":"Tacones Locamente Enamorada - Latin Curated","isPartOf":{"@id":"https:\/\/latin-curated.com\/#website"},"primaryImageOfPage":{"@id":"https:\/\/latin-curated.com\/producto\/tacones-locamente-enamorada\/#primaryimage"},"image":{"@id":"https:\/\/latin-curated.com\/producto\/tacones-locamente-enamorada\/#primaryimage"},"thumbnailUrl":"https:\/\/latin-curated.com\/sitio\/wp-content\/uploads\/2021\/09\/DSC_8420.jpg","datePublished":"2021-09-15T22:17:00+00:00","dateModified":"2021-09-15T22:17:01+00:00","breadcrumb":{"@id":"https:\/\/latin-curated.com\/producto\/tacones-locamente-enamorada\/#breadcrumb"},"inLanguage":"en-US","potentialAction":[{"@type":"ReadAction","target":["https:\/\/latin-curated.com\/producto\/tacones-locamente-enamorada\/"]}]},{"@type":"ImageObject","inLanguage":"en-US","@id":"https:\/\/latin-curated.com\/producto\/tacones-locamente-enamorada\/#primaryimage","url":"https:\/\/latin-curated.com\/sitio\/wp-content\/uploads\/2021\/09\/DSC_8420.jpg","contentUrl":"https:\/\/latin-curated.com\/sitio\/wp-content\/uploads\/2021\/09\/DSC_8420.jpg","width":1080,"height":1080},{"@type":"BreadcrumbList","@id":"https:\/\/latin-curated.com\/producto\/tacones-locamente-enamorada\/#breadcrumb","itemListElement":[{"@type":"ListItem","position":1,"name":"Portada","item":"https:\/\/latin-curated.com\/en\/"},{"@type":"ListItem","position":2,"name":"Tienda","item":"https:\/\/latin-curated.com\/tienda\/"},{"@type":"ListItem","position":3,"name":"Tacones Locamente Enamorada"}]},{"@type":"WebSite","@id":"https:\/\/latin-curated.com\/#website","url":"https:\/\/latin-curated.com\/","name":"Latin Curated","description":"Galer\u00eda Online","publisher":{"@id":"https:\/\/latin-curated.com\/#organization"},"potentialAction":[{"@type":"SearchAction","target":{"@type":"EntryPoint","urlTemplate":"https:\/\/latin-curated.com\/?s={search_term_string}"},"query-input":"required name=search_term_string"}],"inLanguage":"en-US"},{"@type":"Organization","@id":"https:\/\/latin-curated.com\/#organization","name":"Latin Curated","url":"https:\/\/latin-curated.com\/","logo":{"@type":"ImageObject","inLanguage":"en-US","@id":"https:\/\/latin-curated.com\/#\/schema\/logo\/image\/","url":"https:\/\/latin-curated.com\/sitio\/wp-content\/uploads\/2020\/11\/LatinCurated_Logo.png","contentUrl":"https:\/\/latin-curated.com\/sitio\/wp-content\/uploads\/2020\/11\/LatinCurated_Logo.png","width":509,"height":65,"caption":"Latin Curated"},"image":{"@id":"https:\/\/latin-curated.com\/#\/schema\/logo\/image\/"}}]}},"_links":{"self":[{"href":"https:\/\/latin-curated.com\/en\/wp-json\/wp\/v2\/product\/6249"}],"collection":[{"href":"https:\/\/latin-curated.com\/en\/wp-json\/wp\/v2\/product"}],"about":[{"href":"https:\/\/latin-curated.com\/en\/wp-json\/wp\/v2\/types\/product"}],"replies":[{"embeddable":true,"href":"https:\/\/latin-curated.com\/en\/wp-json\/wp\/v2\/comments?post=6249"}],"wp:featuredmedia":[{"embeddable":true,"href":"https:\/\/latin-curated.com\/en\/wp-json\/wp\/v2\/media\/6256"}],"wp:attachment":[{"href":"https:\/\/latin-curated.com\/en\/wp-json\/wp\/v2\/media?parent=6249"}],"wp:term":[{"taxonomy":"product_cat","embeddable":true,"href":"https:\/\/latin-curated.com\/en\/wp-json\/wp\/v2\/product_cat?post=6249"},{"taxonomy":"product_tag","embeddable":true,"href":"https:\/\/latin-curated.com\/en\/wp-json\/wp\/v2\/product_tag?post=6249"}],"curies":[{"name":"wp","href":"https:\/\/api.w.org\/{rel}","templated":true}]}}