{"id":6239,"date":"2021-09-15T22:09:16","date_gmt":"2021-09-15T22:09:16","guid":{"rendered":"https:\/\/latin-curated.com\/sitio\/?post_type=product&#038;p=6239"},"modified":"2021-09-15T22:09:16","modified_gmt":"2021-09-15T22:09:16","slug":"el-amor-es-este-conjunto","status":"publish","type":"product","link":"https:\/\/latin-curated.com\/en\/producto\/el-amor-es-este-conjunto\/","title":{"rendered":"El Amor Es Este Conjunto"},"content":{"rendered":"<p>\u00bfAlguna vez has querido que una prenda sea c\u00f3moda pero al mismo tiempo est\u00e9 a la moda? Porque si s\u00ed, tenemos el conjunto perfecto para ti. Se sentir\u00e1 como una segunda piel con una sudadera con la que podr\u00e1s correr y por supuesto, nuestro corset buzo.<br \/>\n\u00bfYa est\u00e1s enamorada? Porque estamos a punto de darte 100 razones m\u00e1s para que est\u00e9s obsesionada con este look. Est\u00e1 hecho completamente de 52% algod\u00f3n reutilizado y 48% botellas PET recicladas, y ese rosado pastel es todo lo que tu cl\u00f3set ha estado esperando con su silueta relajada, buzo-corset y mangas oversized.<\/p>\n","protected":false},"excerpt":{"rendered":"<p>\u00bfYa est\u00e1s enamorada? Porque estamos a punto de darte 100 razones m\u00e1s para que est\u00e9s obsesionada con este look. Est\u00e1 hecho completamente de 52% algod\u00f3n reutilizado y 48% botellas PET recicladas, y ese rosado pastel es todo lo que tu cl\u00f3set ha estado esperando con su silueta relajada, buzo-corset y mangas oversized.<\/p>\n","protected":false},"featured_media":6245,"comment_status":"open","ping_status":"closed","template":"","meta":{"_acf_changed":false},"product_cat":[682],"product_tag":[],"acf":[],"yoast_head":"<!-- This site is optimized with the Yoast SEO plugin v22.6 - https:\/\/yoast.com\/wordpress\/plugins\/seo\/ -->\n<title>El Amor Es Este Conjunto - Latin Curated<\/title>\n<meta name=\"robots\" content=\"index, follow, max-snippet:-1, max-image-preview:large, max-video-preview:-1\" \/>\n<link rel=\"canonical\" href=\"https:\/\/latin-curated.com\/en\/producto\/el-amor-es-este-conjunto\/\" \/>\n<meta property=\"og:locale\" content=\"en_US\" \/>\n<meta property=\"og:type\" content=\"article\" \/>\n<meta property=\"og:title\" content=\"El Amor Es Este Conjunto - Latin Curated\" \/>\n<meta property=\"og:description\" content=\"\u00bfYa est\u00e1s enamorada? Porque estamos a punto de darte 100 razones m\u00e1s para que est\u00e9s obsesionada con este look. Est\u00e1 hecho completamente de 52% algod\u00f3n reutilizado y 48% botellas PET recicladas, y ese rosado pastel es todo lo que tu cl\u00f3set ha estado esperando con su silueta relajada, buzo-corset y mangas oversized.\" \/>\n<meta property=\"og:url\" content=\"https:\/\/latin-curated.com\/en\/producto\/el-amor-es-este-conjunto\/\" \/>\n<meta property=\"og:site_name\" content=\"Latin Curated\" \/>\n<meta property=\"og:image\" content=\"https:\/\/latin-curated.com\/sitio\/wp-content\/uploads\/2021\/09\/DSC_8428.jpg\" \/>\n\t<meta property=\"og:image:width\" content=\"1080\" \/>\n\t<meta property=\"og:image:height\" content=\"1080\" \/>\n\t<meta property=\"og:image:type\" content=\"image\/jpeg\" \/>\n<meta name=\"twitter:card\" content=\"summary_large_image\" \/>\n<meta name=\"twitter:label1\" content=\"Est. reading time\" \/>\n\t<meta name=\"twitter:data1\" content=\"1 minute\" \/>\n<script type=\"application\/ld+json\" class=\"yoast-schema-graph\">{\"@context\":\"https:\/\/schema.org\",\"@graph\":[{\"@type\":\"WebPage\",\"@id\":\"https:\/\/latin-curated.com\/en\/producto\/el-amor-es-este-conjunto\/\",\"url\":\"https:\/\/latin-curated.com\/en\/producto\/el-amor-es-este-conjunto\/\",\"name\":\"El Amor Es Este Conjunto - Latin Curated\",\"isPartOf\":{\"@id\":\"https:\/\/latin-curated.com\/#website\"},\"primaryImageOfPage\":{\"@id\":\"https:\/\/latin-curated.com\/en\/producto\/el-amor-es-este-conjunto\/#primaryimage\"},\"image\":{\"@id\":\"https:\/\/latin-curated.com\/en\/producto\/el-amor-es-este-conjunto\/#primaryimage\"},\"thumbnailUrl\":\"https:\/\/latin-curated.com\/sitio\/wp-content\/uploads\/2021\/09\/DSC_8428.jpg\",\"datePublished\":\"2021-09-15T22:09:16+00:00\",\"dateModified\":\"2021-09-15T22:09:16+00:00\",\"breadcrumb\":{\"@id\":\"https:\/\/latin-curated.com\/en\/producto\/el-amor-es-este-conjunto\/#breadcrumb\"},\"inLanguage\":\"en-US\",\"potentialAction\":[{\"@type\":\"ReadAction\",\"target\":[\"https:\/\/latin-curated.com\/en\/producto\/el-amor-es-este-conjunto\/\"]}]},{\"@type\":\"ImageObject\",\"inLanguage\":\"en-US\",\"@id\":\"https:\/\/latin-curated.com\/en\/producto\/el-amor-es-este-conjunto\/#primaryimage\",\"url\":\"https:\/\/latin-curated.com\/sitio\/wp-content\/uploads\/2021\/09\/DSC_8428.jpg\",\"contentUrl\":\"https:\/\/latin-curated.com\/sitio\/wp-content\/uploads\/2021\/09\/DSC_8428.jpg\",\"width\":1080,\"height\":1080},{\"@type\":\"BreadcrumbList\",\"@id\":\"https:\/\/latin-curated.com\/en\/producto\/el-amor-es-este-conjunto\/#breadcrumb\",\"itemListElement\":[{\"@type\":\"ListItem\",\"position\":1,\"name\":\"Portada\",\"item\":\"https:\/\/latin-curated.com\/en\/\"},{\"@type\":\"ListItem\",\"position\":2,\"name\":\"Tienda\",\"item\":\"https:\/\/latin-curated.com\/tienda\/\"},{\"@type\":\"ListItem\",\"position\":3,\"name\":\"El Amor Es Este Conjunto\"}]},{\"@type\":\"WebSite\",\"@id\":\"https:\/\/latin-curated.com\/#website\",\"url\":\"https:\/\/latin-curated.com\/\",\"name\":\"Latin Curated\",\"description\":\"Galer\u00eda Online\",\"publisher\":{\"@id\":\"https:\/\/latin-curated.com\/#organization\"},\"potentialAction\":[{\"@type\":\"SearchAction\",\"target\":{\"@type\":\"EntryPoint\",\"urlTemplate\":\"https:\/\/latin-curated.com\/?s={search_term_string}\"},\"query-input\":\"required name=search_term_string\"}],\"inLanguage\":\"en-US\"},{\"@type\":\"Organization\",\"@id\":\"https:\/\/latin-curated.com\/#organization\",\"name\":\"Latin Curated\",\"url\":\"https:\/\/latin-curated.com\/\",\"logo\":{\"@type\":\"ImageObject\",\"inLanguage\":\"en-US\",\"@id\":\"https:\/\/latin-curated.com\/#\/schema\/logo\/image\/\",\"url\":\"https:\/\/latin-curated.com\/sitio\/wp-content\/uploads\/2020\/11\/LatinCurated_Logo.png\",\"contentUrl\":\"https:\/\/latin-curated.com\/sitio\/wp-content\/uploads\/2020\/11\/LatinCurated_Logo.png\",\"width\":509,\"height\":65,\"caption\":\"Latin Curated\"},\"image\":{\"@id\":\"https:\/\/latin-curated.com\/#\/schema\/logo\/image\/\"}}]}<\/script>\n<!-- \/ Yoast SEO plugin. -->","yoast_head_json":{"title":"El Amor Es Este Conjunto - Latin Curated","robots":{"index":"index","follow":"follow","max-snippet":"max-snippet:-1","max-image-preview":"max-image-preview:large","max-video-preview":"max-video-preview:-1"},"canonical":"https:\/\/latin-curated.com\/en\/producto\/el-amor-es-este-conjunto\/","og_locale":"en_US","og_type":"article","og_title":"El Amor Es Este Conjunto - Latin Curated","og_description":"\u00bfYa est\u00e1s enamorada? Porque estamos a punto de darte 100 razones m\u00e1s para que est\u00e9s obsesionada con este look. Est\u00e1 hecho completamente de 52% algod\u00f3n reutilizado y 48% botellas PET recicladas, y ese rosado pastel es todo lo que tu cl\u00f3set ha estado esperando con su silueta relajada, buzo-corset y mangas oversized.","og_url":"https:\/\/latin-curated.com\/en\/producto\/el-amor-es-este-conjunto\/","og_site_name":"Latin Curated","og_image":[{"width":1080,"height":1080,"url":"https:\/\/latin-curated.com\/sitio\/wp-content\/uploads\/2021\/09\/DSC_8428.jpg","type":"image\/jpeg"}],"twitter_card":"summary_large_image","twitter_misc":{"Est. reading time":"1 minute"},"schema":{"@context":"https:\/\/schema.org","@graph":[{"@type":"WebPage","@id":"https:\/\/latin-curated.com\/en\/producto\/el-amor-es-este-conjunto\/","url":"https:\/\/latin-curated.com\/en\/producto\/el-amor-es-este-conjunto\/","name":"El Amor Es Este Conjunto - Latin Curated","isPartOf":{"@id":"https:\/\/latin-curated.com\/#website"},"primaryImageOfPage":{"@id":"https:\/\/latin-curated.com\/en\/producto\/el-amor-es-este-conjunto\/#primaryimage"},"image":{"@id":"https:\/\/latin-curated.com\/en\/producto\/el-amor-es-este-conjunto\/#primaryimage"},"thumbnailUrl":"https:\/\/latin-curated.com\/sitio\/wp-content\/uploads\/2021\/09\/DSC_8428.jpg","datePublished":"2021-09-15T22:09:16+00:00","dateModified":"2021-09-15T22:09:16+00:00","breadcrumb":{"@id":"https:\/\/latin-curated.com\/en\/producto\/el-amor-es-este-conjunto\/#breadcrumb"},"inLanguage":"en-US","potentialAction":[{"@type":"ReadAction","target":["https:\/\/latin-curated.com\/en\/producto\/el-amor-es-este-conjunto\/"]}]},{"@type":"ImageObject","inLanguage":"en-US","@id":"https:\/\/latin-curated.com\/en\/producto\/el-amor-es-este-conjunto\/#primaryimage","url":"https:\/\/latin-curated.com\/sitio\/wp-content\/uploads\/2021\/09\/DSC_8428.jpg","contentUrl":"https:\/\/latin-curated.com\/sitio\/wp-content\/uploads\/2021\/09\/DSC_8428.jpg","width":1080,"height":1080},{"@type":"BreadcrumbList","@id":"https:\/\/latin-curated.com\/en\/producto\/el-amor-es-este-conjunto\/#breadcrumb","itemListElement":[{"@type":"ListItem","position":1,"name":"Portada","item":"https:\/\/latin-curated.com\/en\/"},{"@type":"ListItem","position":2,"name":"Tienda","item":"https:\/\/latin-curated.com\/tienda\/"},{"@type":"ListItem","position":3,"name":"El Amor Es Este Conjunto"}]},{"@type":"WebSite","@id":"https:\/\/latin-curated.com\/#website","url":"https:\/\/latin-curated.com\/","name":"Latin Curated","description":"Galer\u00eda Online","publisher":{"@id":"https:\/\/latin-curated.com\/#organization"},"potentialAction":[{"@type":"SearchAction","target":{"@type":"EntryPoint","urlTemplate":"https:\/\/latin-curated.com\/?s={search_term_string}"},"query-input":"required name=search_term_string"}],"inLanguage":"en-US"},{"@type":"Organization","@id":"https:\/\/latin-curated.com\/#organization","name":"Latin Curated","url":"https:\/\/latin-curated.com\/","logo":{"@type":"ImageObject","inLanguage":"en-US","@id":"https:\/\/latin-curated.com\/#\/schema\/logo\/image\/","url":"https:\/\/latin-curated.com\/sitio\/wp-content\/uploads\/2020\/11\/LatinCurated_Logo.png","contentUrl":"https:\/\/latin-curated.com\/sitio\/wp-content\/uploads\/2020\/11\/LatinCurated_Logo.png","width":509,"height":65,"caption":"Latin Curated"},"image":{"@id":"https:\/\/latin-curated.com\/#\/schema\/logo\/image\/"}}]}},"_links":{"self":[{"href":"https:\/\/latin-curated.com\/en\/wp-json\/wp\/v2\/product\/6239"}],"collection":[{"href":"https:\/\/latin-curated.com\/en\/wp-json\/wp\/v2\/product"}],"about":[{"href":"https:\/\/latin-curated.com\/en\/wp-json\/wp\/v2\/types\/product"}],"replies":[{"embeddable":true,"href":"https:\/\/latin-curated.com\/en\/wp-json\/wp\/v2\/comments?post=6239"}],"wp:featuredmedia":[{"embeddable":true,"href":"https:\/\/latin-curated.com\/en\/wp-json\/wp\/v2\/media\/6245"}],"wp:attachment":[{"href":"https:\/\/latin-curated.com\/en\/wp-json\/wp\/v2\/media?parent=6239"}],"wp:term":[{"taxonomy":"product_cat","embeddable":true,"href":"https:\/\/latin-curated.com\/en\/wp-json\/wp\/v2\/product_cat?post=6239"},{"taxonomy":"product_tag","embeddable":true,"href":"https:\/\/latin-curated.com\/en\/wp-json\/wp\/v2\/product_tag?post=6239"}],"curies":[{"name":"wp","href":"https:\/\/api.w.org\/{rel}","templated":true}]}}