{"id":6199,"date":"2021-09-15T21:19:55","date_gmt":"2021-09-15T21:19:55","guid":{"rendered":"https:\/\/latin-curated.com\/sitio\/?post_type=product&#038;p=6199"},"modified":"2021-09-15T21:19:55","modified_gmt":"2021-09-15T21:19:55","slug":"quiero-una-chaqueta-para-amar","status":"publish","type":"product","link":"https:\/\/latin-curated.com\/en\/producto\/quiero-una-chaqueta-para-amar\/","title":{"rendered":"Quiero una chaqueta para amar"},"content":{"rendered":"<p>\u00bfPuede haber una colecci\u00f3n Pineapples sin lentejuelas? \u00a1Claro que no! Esta chaqueta nos est\u00e1 haciendo so\u00f1ar despiertas todo el d\u00eda, \u00bfAlguna vez hab\u00edas visto una chaqueta que fuera tan brillante, estampada y divertida?<br \/>\nCari\u00f1o, gracias por venir, estamos a punto de empezar nuestro show sobre los detalles que hacen esta chaqueta tan especial: te obsesionar\u00e1s con nuestra chaqueta \u00fanica de lentejuelas, bolsillos frontales para las necesidades de todas las Girl Boss, forro estampado y cremallera frontal.<\/p>\n","protected":false},"excerpt":{"rendered":"<p>Cari\u00f1o, gracias por venir, estamos a punto de empezar nuestro show sobre los detalles que hacen esta chaqueta tan especial: te obsesionar\u00e1s con nuestra chaqueta \u00fanica de lentejuelas, bolsillos frontales para las necesidades de todas las Girl Boss, forro estampado y cremallera frontal.<\/p>\n","protected":false},"featured_media":6205,"comment_status":"open","ping_status":"closed","template":"","meta":{"_acf_changed":false},"product_cat":[682],"product_tag":[],"acf":[],"yoast_head":"<!-- This site is optimized with the Yoast SEO plugin v22.6 - https:\/\/yoast.com\/wordpress\/plugins\/seo\/ -->\n<title>Quiero una chaqueta para amar - Latin Curated<\/title>\n<meta name=\"robots\" content=\"index, follow, max-snippet:-1, max-image-preview:large, max-video-preview:-1\" \/>\n<link rel=\"canonical\" href=\"https:\/\/latin-curated.com\/producto\/quiero-una-chaqueta-para-amar\/\" \/>\n<meta property=\"og:locale\" content=\"en_US\" \/>\n<meta property=\"og:type\" content=\"article\" \/>\n<meta property=\"og:title\" content=\"Quiero una chaqueta para amar - Latin Curated\" \/>\n<meta property=\"og:description\" content=\"Cari\u00f1o, gracias por venir, estamos a punto de empezar nuestro show sobre los detalles que hacen esta chaqueta tan especial: te obsesionar\u00e1s con nuestra chaqueta \u00fanica de lentejuelas, bolsillos frontales para las necesidades de todas las Girl Boss, forro estampado y cremallera frontal.\" \/>\n<meta property=\"og:url\" content=\"https:\/\/latin-curated.com\/producto\/quiero-una-chaqueta-para-amar\/\" \/>\n<meta property=\"og:site_name\" content=\"Latin Curated\" \/>\n<meta property=\"og:image\" content=\"https:\/\/latin-curated.com\/sitio\/wp-content\/uploads\/2021\/09\/DSC_8462.jpg\" \/>\n\t<meta property=\"og:image:width\" content=\"1080\" \/>\n\t<meta property=\"og:image:height\" content=\"1080\" \/>\n\t<meta property=\"og:image:type\" content=\"image\/jpeg\" \/>\n<meta name=\"twitter:card\" content=\"summary_large_image\" \/>\n<script type=\"application\/ld+json\" class=\"yoast-schema-graph\">{\"@context\":\"https:\/\/schema.org\",\"@graph\":[{\"@type\":\"WebPage\",\"@id\":\"https:\/\/latin-curated.com\/producto\/quiero-una-chaqueta-para-amar\/\",\"url\":\"https:\/\/latin-curated.com\/producto\/quiero-una-chaqueta-para-amar\/\",\"name\":\"Quiero una chaqueta para amar - Latin Curated\",\"isPartOf\":{\"@id\":\"https:\/\/latin-curated.com\/#website\"},\"primaryImageOfPage\":{\"@id\":\"https:\/\/latin-curated.com\/producto\/quiero-una-chaqueta-para-amar\/#primaryimage\"},\"image\":{\"@id\":\"https:\/\/latin-curated.com\/producto\/quiero-una-chaqueta-para-amar\/#primaryimage\"},\"thumbnailUrl\":\"https:\/\/latin-curated.com\/sitio\/wp-content\/uploads\/2021\/09\/DSC_8462.jpg\",\"datePublished\":\"2021-09-15T21:19:55+00:00\",\"dateModified\":\"2021-09-15T21:19:55+00:00\",\"breadcrumb\":{\"@id\":\"https:\/\/latin-curated.com\/producto\/quiero-una-chaqueta-para-amar\/#breadcrumb\"},\"inLanguage\":\"en-US\",\"potentialAction\":[{\"@type\":\"ReadAction\",\"target\":[\"https:\/\/latin-curated.com\/producto\/quiero-una-chaqueta-para-amar\/\"]}]},{\"@type\":\"ImageObject\",\"inLanguage\":\"en-US\",\"@id\":\"https:\/\/latin-curated.com\/producto\/quiero-una-chaqueta-para-amar\/#primaryimage\",\"url\":\"https:\/\/latin-curated.com\/sitio\/wp-content\/uploads\/2021\/09\/DSC_8462.jpg\",\"contentUrl\":\"https:\/\/latin-curated.com\/sitio\/wp-content\/uploads\/2021\/09\/DSC_8462.jpg\",\"width\":1080,\"height\":1080},{\"@type\":\"BreadcrumbList\",\"@id\":\"https:\/\/latin-curated.com\/producto\/quiero-una-chaqueta-para-amar\/#breadcrumb\",\"itemListElement\":[{\"@type\":\"ListItem\",\"position\":1,\"name\":\"Portada\",\"item\":\"https:\/\/latin-curated.com\/en\/\"},{\"@type\":\"ListItem\",\"position\":2,\"name\":\"Tienda\",\"item\":\"https:\/\/latin-curated.com\/tienda\/\"},{\"@type\":\"ListItem\",\"position\":3,\"name\":\"Quiero una chaqueta para amar\"}]},{\"@type\":\"WebSite\",\"@id\":\"https:\/\/latin-curated.com\/#website\",\"url\":\"https:\/\/latin-curated.com\/\",\"name\":\"Latin Curated\",\"description\":\"Galer\u00eda Online\",\"publisher\":{\"@id\":\"https:\/\/latin-curated.com\/#organization\"},\"potentialAction\":[{\"@type\":\"SearchAction\",\"target\":{\"@type\":\"EntryPoint\",\"urlTemplate\":\"https:\/\/latin-curated.com\/?s={search_term_string}\"},\"query-input\":\"required name=search_term_string\"}],\"inLanguage\":\"en-US\"},{\"@type\":\"Organization\",\"@id\":\"https:\/\/latin-curated.com\/#organization\",\"name\":\"Latin Curated\",\"url\":\"https:\/\/latin-curated.com\/\",\"logo\":{\"@type\":\"ImageObject\",\"inLanguage\":\"en-US\",\"@id\":\"https:\/\/latin-curated.com\/#\/schema\/logo\/image\/\",\"url\":\"https:\/\/latin-curated.com\/sitio\/wp-content\/uploads\/2020\/11\/LatinCurated_Logo.png\",\"contentUrl\":\"https:\/\/latin-curated.com\/sitio\/wp-content\/uploads\/2020\/11\/LatinCurated_Logo.png\",\"width\":509,\"height\":65,\"caption\":\"Latin Curated\"},\"image\":{\"@id\":\"https:\/\/latin-curated.com\/#\/schema\/logo\/image\/\"}}]}<\/script>\n<!-- \/ Yoast SEO plugin. -->","yoast_head_json":{"title":"Quiero una chaqueta para amar - Latin Curated","robots":{"index":"index","follow":"follow","max-snippet":"max-snippet:-1","max-image-preview":"max-image-preview:large","max-video-preview":"max-video-preview:-1"},"canonical":"https:\/\/latin-curated.com\/producto\/quiero-una-chaqueta-para-amar\/","og_locale":"en_US","og_type":"article","og_title":"Quiero una chaqueta para amar - Latin Curated","og_description":"Cari\u00f1o, gracias por venir, estamos a punto de empezar nuestro show sobre los detalles que hacen esta chaqueta tan especial: te obsesionar\u00e1s con nuestra chaqueta \u00fanica de lentejuelas, bolsillos frontales para las necesidades de todas las Girl Boss, forro estampado y cremallera frontal.","og_url":"https:\/\/latin-curated.com\/producto\/quiero-una-chaqueta-para-amar\/","og_site_name":"Latin Curated","og_image":[{"width":1080,"height":1080,"url":"https:\/\/latin-curated.com\/sitio\/wp-content\/uploads\/2021\/09\/DSC_8462.jpg","type":"image\/jpeg"}],"twitter_card":"summary_large_image","schema":{"@context":"https:\/\/schema.org","@graph":[{"@type":"WebPage","@id":"https:\/\/latin-curated.com\/producto\/quiero-una-chaqueta-para-amar\/","url":"https:\/\/latin-curated.com\/producto\/quiero-una-chaqueta-para-amar\/","name":"Quiero una chaqueta para amar - Latin Curated","isPartOf":{"@id":"https:\/\/latin-curated.com\/#website"},"primaryImageOfPage":{"@id":"https:\/\/latin-curated.com\/producto\/quiero-una-chaqueta-para-amar\/#primaryimage"},"image":{"@id":"https:\/\/latin-curated.com\/producto\/quiero-una-chaqueta-para-amar\/#primaryimage"},"thumbnailUrl":"https:\/\/latin-curated.com\/sitio\/wp-content\/uploads\/2021\/09\/DSC_8462.jpg","datePublished":"2021-09-15T21:19:55+00:00","dateModified":"2021-09-15T21:19:55+00:00","breadcrumb":{"@id":"https:\/\/latin-curated.com\/producto\/quiero-una-chaqueta-para-amar\/#breadcrumb"},"inLanguage":"en-US","potentialAction":[{"@type":"ReadAction","target":["https:\/\/latin-curated.com\/producto\/quiero-una-chaqueta-para-amar\/"]}]},{"@type":"ImageObject","inLanguage":"en-US","@id":"https:\/\/latin-curated.com\/producto\/quiero-una-chaqueta-para-amar\/#primaryimage","url":"https:\/\/latin-curated.com\/sitio\/wp-content\/uploads\/2021\/09\/DSC_8462.jpg","contentUrl":"https:\/\/latin-curated.com\/sitio\/wp-content\/uploads\/2021\/09\/DSC_8462.jpg","width":1080,"height":1080},{"@type":"BreadcrumbList","@id":"https:\/\/latin-curated.com\/producto\/quiero-una-chaqueta-para-amar\/#breadcrumb","itemListElement":[{"@type":"ListItem","position":1,"name":"Portada","item":"https:\/\/latin-curated.com\/en\/"},{"@type":"ListItem","position":2,"name":"Tienda","item":"https:\/\/latin-curated.com\/tienda\/"},{"@type":"ListItem","position":3,"name":"Quiero una chaqueta para amar"}]},{"@type":"WebSite","@id":"https:\/\/latin-curated.com\/#website","url":"https:\/\/latin-curated.com\/","name":"Latin Curated","description":"Galer\u00eda Online","publisher":{"@id":"https:\/\/latin-curated.com\/#organization"},"potentialAction":[{"@type":"SearchAction","target":{"@type":"EntryPoint","urlTemplate":"https:\/\/latin-curated.com\/?s={search_term_string}"},"query-input":"required name=search_term_string"}],"inLanguage":"en-US"},{"@type":"Organization","@id":"https:\/\/latin-curated.com\/#organization","name":"Latin Curated","url":"https:\/\/latin-curated.com\/","logo":{"@type":"ImageObject","inLanguage":"en-US","@id":"https:\/\/latin-curated.com\/#\/schema\/logo\/image\/","url":"https:\/\/latin-curated.com\/sitio\/wp-content\/uploads\/2020\/11\/LatinCurated_Logo.png","contentUrl":"https:\/\/latin-curated.com\/sitio\/wp-content\/uploads\/2020\/11\/LatinCurated_Logo.png","width":509,"height":65,"caption":"Latin Curated"},"image":{"@id":"https:\/\/latin-curated.com\/#\/schema\/logo\/image\/"}}]}},"_links":{"self":[{"href":"https:\/\/latin-curated.com\/en\/wp-json\/wp\/v2\/product\/6199"}],"collection":[{"href":"https:\/\/latin-curated.com\/en\/wp-json\/wp\/v2\/product"}],"about":[{"href":"https:\/\/latin-curated.com\/en\/wp-json\/wp\/v2\/types\/product"}],"replies":[{"embeddable":true,"href":"https:\/\/latin-curated.com\/en\/wp-json\/wp\/v2\/comments?post=6199"}],"wp:featuredmedia":[{"embeddable":true,"href":"https:\/\/latin-curated.com\/en\/wp-json\/wp\/v2\/media\/6205"}],"wp:attachment":[{"href":"https:\/\/latin-curated.com\/en\/wp-json\/wp\/v2\/media?parent=6199"}],"wp:term":[{"taxonomy":"product_cat","embeddable":true,"href":"https:\/\/latin-curated.com\/en\/wp-json\/wp\/v2\/product_cat?post=6199"},{"taxonomy":"product_tag","embeddable":true,"href":"https:\/\/latin-curated.com\/en\/wp-json\/wp\/v2\/product_tag?post=6199"}],"curies":[{"name":"wp","href":"https:\/\/api.w.org\/{rel}","templated":true}]}}