{"id":6177,"date":"2021-09-15T20:43:39","date_gmt":"2021-09-15T20:43:39","guid":{"rendered":"https:\/\/latin-curated.com\/sitio\/?post_type=product&#038;p=6177"},"modified":"2021-09-15T20:43:39","modified_gmt":"2021-09-15T20:43:39","slug":"chaqueta-que-es-el-amor","status":"publish","type":"product","link":"https:\/\/latin-curated.com\/en\/producto\/chaqueta-que-es-el-amor\/","title":{"rendered":"Chaqueta \u00bfQu\u00e9 es el amor?"},"content":{"rendered":"<p>Si nos preguntas, cada cl\u00f3set deber\u00eda tener una chaqueta estampada. Solo pi\u00e9nsalo, es el mejor complemento a cualquier camiseta b\u00e1sica y jeans. No solo tiene nuestra frase favorita de todas \u201cWhat is love\u201d, sino que adem\u00e1s te aseguramos que querr\u00e1s tener m\u00e1s reuniones para mostrar tu nueva chaqueta.<br \/>\n\u00bfPreparada para cantar los Haddaway y darte cuenta por qu\u00e9 esta chaqueta se volvi\u00f3 ic\u00f3nica inmediatamente? Esta chaqueta de un bot\u00f3n est\u00e1 hecha de seda, tiene dos bolsillos frontales, estampado \u201cWhat is love\u201d, mangas de largo de mu\u00f1eca con detalles en perlas y cola trasera.<\/p>\n","protected":false},"excerpt":{"rendered":"<p>\u00bfPreparada para cantar los Haddaway y darte cuenta por qu\u00e9 esta chaqueta se volvi\u00f3 ic\u00f3nica inmediatamente? Esta chaqueta de un bot\u00f3n est\u00e1 hecha de seda, tiene dos bolsillos frontales, estampado \u201cWhat is love\u201d, mangas de largo de mu\u00f1eca con detalles en perlas y cola trasera.<\/p>\n","protected":false},"featured_media":6183,"comment_status":"open","ping_status":"closed","template":"","meta":{"_acf_changed":false},"product_cat":[682],"product_tag":[],"acf":[],"yoast_head":"<!-- This site is optimized with the Yoast SEO plugin v22.6 - https:\/\/yoast.com\/wordpress\/plugins\/seo\/ -->\n<title>Chaqueta \u00bfQu\u00e9 es el amor? - Latin Curated<\/title>\n<meta name=\"robots\" content=\"index, follow, max-snippet:-1, max-image-preview:large, max-video-preview:-1\" \/>\n<link rel=\"canonical\" href=\"https:\/\/latin-curated.com\/en\/producto\/chaqueta-que-es-el-amor\/\" \/>\n<meta property=\"og:locale\" content=\"en_US\" \/>\n<meta property=\"og:type\" content=\"article\" \/>\n<meta property=\"og:title\" content=\"Chaqueta \u00bfQu\u00e9 es el amor? - Latin Curated\" \/>\n<meta property=\"og:description\" content=\"\u00bfPreparada para cantar los Haddaway y darte cuenta por qu\u00e9 esta chaqueta se volvi\u00f3 ic\u00f3nica inmediatamente? Esta chaqueta de un bot\u00f3n est\u00e1 hecha de seda, tiene dos bolsillos frontales, estampado \u201cWhat is love\u201d, mangas de largo de mu\u00f1eca con detalles en perlas y cola trasera.\" \/>\n<meta property=\"og:url\" content=\"https:\/\/latin-curated.com\/en\/producto\/chaqueta-que-es-el-amor\/\" \/>\n<meta property=\"og:site_name\" content=\"Latin Curated\" \/>\n<meta property=\"og:image\" content=\"https:\/\/latin-curated.com\/sitio\/wp-content\/uploads\/2021\/09\/DSC_8512.jpg\" \/>\n\t<meta property=\"og:image:width\" content=\"1080\" \/>\n\t<meta property=\"og:image:height\" content=\"1080\" \/>\n\t<meta property=\"og:image:type\" content=\"image\/jpeg\" \/>\n<meta name=\"twitter:card\" content=\"summary_large_image\" \/>\n<meta name=\"twitter:label1\" content=\"Est. reading time\" \/>\n\t<meta name=\"twitter:data1\" content=\"1 minute\" \/>\n<script type=\"application\/ld+json\" class=\"yoast-schema-graph\">{\"@context\":\"https:\/\/schema.org\",\"@graph\":[{\"@type\":\"WebPage\",\"@id\":\"https:\/\/latin-curated.com\/en\/producto\/chaqueta-que-es-el-amor\/\",\"url\":\"https:\/\/latin-curated.com\/en\/producto\/chaqueta-que-es-el-amor\/\",\"name\":\"Chaqueta \u00bfQu\u00e9 es el amor? - Latin Curated\",\"isPartOf\":{\"@id\":\"https:\/\/latin-curated.com\/#website\"},\"primaryImageOfPage\":{\"@id\":\"https:\/\/latin-curated.com\/en\/producto\/chaqueta-que-es-el-amor\/#primaryimage\"},\"image\":{\"@id\":\"https:\/\/latin-curated.com\/en\/producto\/chaqueta-que-es-el-amor\/#primaryimage\"},\"thumbnailUrl\":\"https:\/\/latin-curated.com\/sitio\/wp-content\/uploads\/2021\/09\/DSC_8512.jpg\",\"datePublished\":\"2021-09-15T20:43:39+00:00\",\"dateModified\":\"2021-09-15T20:43:39+00:00\",\"breadcrumb\":{\"@id\":\"https:\/\/latin-curated.com\/en\/producto\/chaqueta-que-es-el-amor\/#breadcrumb\"},\"inLanguage\":\"en-US\",\"potentialAction\":[{\"@type\":\"ReadAction\",\"target\":[\"https:\/\/latin-curated.com\/en\/producto\/chaqueta-que-es-el-amor\/\"]}]},{\"@type\":\"ImageObject\",\"inLanguage\":\"en-US\",\"@id\":\"https:\/\/latin-curated.com\/en\/producto\/chaqueta-que-es-el-amor\/#primaryimage\",\"url\":\"https:\/\/latin-curated.com\/sitio\/wp-content\/uploads\/2021\/09\/DSC_8512.jpg\",\"contentUrl\":\"https:\/\/latin-curated.com\/sitio\/wp-content\/uploads\/2021\/09\/DSC_8512.jpg\",\"width\":1080,\"height\":1080},{\"@type\":\"BreadcrumbList\",\"@id\":\"https:\/\/latin-curated.com\/en\/producto\/chaqueta-que-es-el-amor\/#breadcrumb\",\"itemListElement\":[{\"@type\":\"ListItem\",\"position\":1,\"name\":\"Portada\",\"item\":\"https:\/\/latin-curated.com\/en\/\"},{\"@type\":\"ListItem\",\"position\":2,\"name\":\"Tienda\",\"item\":\"https:\/\/latin-curated.com\/tienda\/\"},{\"@type\":\"ListItem\",\"position\":3,\"name\":\"Chaqueta \u00bfQu\u00e9 es el amor?\"}]},{\"@type\":\"WebSite\",\"@id\":\"https:\/\/latin-curated.com\/#website\",\"url\":\"https:\/\/latin-curated.com\/\",\"name\":\"Latin Curated\",\"description\":\"Galer\u00eda Online\",\"publisher\":{\"@id\":\"https:\/\/latin-curated.com\/#organization\"},\"potentialAction\":[{\"@type\":\"SearchAction\",\"target\":{\"@type\":\"EntryPoint\",\"urlTemplate\":\"https:\/\/latin-curated.com\/?s={search_term_string}\"},\"query-input\":\"required name=search_term_string\"}],\"inLanguage\":\"en-US\"},{\"@type\":\"Organization\",\"@id\":\"https:\/\/latin-curated.com\/#organization\",\"name\":\"Latin Curated\",\"url\":\"https:\/\/latin-curated.com\/\",\"logo\":{\"@type\":\"ImageObject\",\"inLanguage\":\"en-US\",\"@id\":\"https:\/\/latin-curated.com\/#\/schema\/logo\/image\/\",\"url\":\"https:\/\/latin-curated.com\/sitio\/wp-content\/uploads\/2020\/11\/LatinCurated_Logo.png\",\"contentUrl\":\"https:\/\/latin-curated.com\/sitio\/wp-content\/uploads\/2020\/11\/LatinCurated_Logo.png\",\"width\":509,\"height\":65,\"caption\":\"Latin Curated\"},\"image\":{\"@id\":\"https:\/\/latin-curated.com\/#\/schema\/logo\/image\/\"}}]}<\/script>\n<!-- \/ Yoast SEO plugin. -->","yoast_head_json":{"title":"Chaqueta \u00bfQu\u00e9 es el amor? - Latin Curated","robots":{"index":"index","follow":"follow","max-snippet":"max-snippet:-1","max-image-preview":"max-image-preview:large","max-video-preview":"max-video-preview:-1"},"canonical":"https:\/\/latin-curated.com\/en\/producto\/chaqueta-que-es-el-amor\/","og_locale":"en_US","og_type":"article","og_title":"Chaqueta \u00bfQu\u00e9 es el amor? - Latin Curated","og_description":"\u00bfPreparada para cantar los Haddaway y darte cuenta por qu\u00e9 esta chaqueta se volvi\u00f3 ic\u00f3nica inmediatamente? Esta chaqueta de un bot\u00f3n est\u00e1 hecha de seda, tiene dos bolsillos frontales, estampado \u201cWhat is love\u201d, mangas de largo de mu\u00f1eca con detalles en perlas y cola trasera.","og_url":"https:\/\/latin-curated.com\/en\/producto\/chaqueta-que-es-el-amor\/","og_site_name":"Latin Curated","og_image":[{"width":1080,"height":1080,"url":"https:\/\/latin-curated.com\/sitio\/wp-content\/uploads\/2021\/09\/DSC_8512.jpg","type":"image\/jpeg"}],"twitter_card":"summary_large_image","twitter_misc":{"Est. reading time":"1 minute"},"schema":{"@context":"https:\/\/schema.org","@graph":[{"@type":"WebPage","@id":"https:\/\/latin-curated.com\/en\/producto\/chaqueta-que-es-el-amor\/","url":"https:\/\/latin-curated.com\/en\/producto\/chaqueta-que-es-el-amor\/","name":"Chaqueta \u00bfQu\u00e9 es el amor? - Latin Curated","isPartOf":{"@id":"https:\/\/latin-curated.com\/#website"},"primaryImageOfPage":{"@id":"https:\/\/latin-curated.com\/en\/producto\/chaqueta-que-es-el-amor\/#primaryimage"},"image":{"@id":"https:\/\/latin-curated.com\/en\/producto\/chaqueta-que-es-el-amor\/#primaryimage"},"thumbnailUrl":"https:\/\/latin-curated.com\/sitio\/wp-content\/uploads\/2021\/09\/DSC_8512.jpg","datePublished":"2021-09-15T20:43:39+00:00","dateModified":"2021-09-15T20:43:39+00:00","breadcrumb":{"@id":"https:\/\/latin-curated.com\/en\/producto\/chaqueta-que-es-el-amor\/#breadcrumb"},"inLanguage":"en-US","potentialAction":[{"@type":"ReadAction","target":["https:\/\/latin-curated.com\/en\/producto\/chaqueta-que-es-el-amor\/"]}]},{"@type":"ImageObject","inLanguage":"en-US","@id":"https:\/\/latin-curated.com\/en\/producto\/chaqueta-que-es-el-amor\/#primaryimage","url":"https:\/\/latin-curated.com\/sitio\/wp-content\/uploads\/2021\/09\/DSC_8512.jpg","contentUrl":"https:\/\/latin-curated.com\/sitio\/wp-content\/uploads\/2021\/09\/DSC_8512.jpg","width":1080,"height":1080},{"@type":"BreadcrumbList","@id":"https:\/\/latin-curated.com\/en\/producto\/chaqueta-que-es-el-amor\/#breadcrumb","itemListElement":[{"@type":"ListItem","position":1,"name":"Portada","item":"https:\/\/latin-curated.com\/en\/"},{"@type":"ListItem","position":2,"name":"Tienda","item":"https:\/\/latin-curated.com\/tienda\/"},{"@type":"ListItem","position":3,"name":"Chaqueta \u00bfQu\u00e9 es el amor?"}]},{"@type":"WebSite","@id":"https:\/\/latin-curated.com\/#website","url":"https:\/\/latin-curated.com\/","name":"Latin Curated","description":"Galer\u00eda Online","publisher":{"@id":"https:\/\/latin-curated.com\/#organization"},"potentialAction":[{"@type":"SearchAction","target":{"@type":"EntryPoint","urlTemplate":"https:\/\/latin-curated.com\/?s={search_term_string}"},"query-input":"required name=search_term_string"}],"inLanguage":"en-US"},{"@type":"Organization","@id":"https:\/\/latin-curated.com\/#organization","name":"Latin Curated","url":"https:\/\/latin-curated.com\/","logo":{"@type":"ImageObject","inLanguage":"en-US","@id":"https:\/\/latin-curated.com\/#\/schema\/logo\/image\/","url":"https:\/\/latin-curated.com\/sitio\/wp-content\/uploads\/2020\/11\/LatinCurated_Logo.png","contentUrl":"https:\/\/latin-curated.com\/sitio\/wp-content\/uploads\/2020\/11\/LatinCurated_Logo.png","width":509,"height":65,"caption":"Latin Curated"},"image":{"@id":"https:\/\/latin-curated.com\/#\/schema\/logo\/image\/"}}]}},"_links":{"self":[{"href":"https:\/\/latin-curated.com\/en\/wp-json\/wp\/v2\/product\/6177"}],"collection":[{"href":"https:\/\/latin-curated.com\/en\/wp-json\/wp\/v2\/product"}],"about":[{"href":"https:\/\/latin-curated.com\/en\/wp-json\/wp\/v2\/types\/product"}],"replies":[{"embeddable":true,"href":"https:\/\/latin-curated.com\/en\/wp-json\/wp\/v2\/comments?post=6177"}],"wp:featuredmedia":[{"embeddable":true,"href":"https:\/\/latin-curated.com\/en\/wp-json\/wp\/v2\/media\/6183"}],"wp:attachment":[{"href":"https:\/\/latin-curated.com\/en\/wp-json\/wp\/v2\/media?parent=6177"}],"wp:term":[{"taxonomy":"product_cat","embeddable":true,"href":"https:\/\/latin-curated.com\/en\/wp-json\/wp\/v2\/product_cat?post=6177"},{"taxonomy":"product_tag","embeddable":true,"href":"https:\/\/latin-curated.com\/en\/wp-json\/wp\/v2\/product_tag?post=6177"}],"curies":[{"name":"wp","href":"https:\/\/api.w.org\/{rel}","templated":true}]}}