{"id":6167,"date":"2021-09-15T20:28:48","date_gmt":"2021-09-15T20:28:48","guid":{"rendered":"https:\/\/latin-curated.com\/sitio\/?post_type=product&#038;p=6167"},"modified":"2021-09-15T20:29:46","modified_gmt":"2021-09-15T20:29:46","slug":"camiseta-enamorate-de-ti-misma","status":"publish","type":"product","link":"https:\/\/latin-curated.com\/en\/producto\/camiseta-enamorate-de-ti-misma\/","title":{"rendered":"Camiseta Enam\u00f3rate De Ti Misma"},"content":{"rendered":"<p>Cari\u00f1o, hasta ahora hemos dise\u00f1ado prendas incre\u00edbles pero esta camiseta es definitivamente una de nuestras favoritas. As\u00ed que hag\u00e1moslo oficial, es la combinaci\u00f3n perfecta entre ser casual y fashionista.<br \/>\nHay dos detalles que hicieron esta pieza lo que es: 1. La tela est\u00e1 hecha de 52% algod\u00f3n reutilizado y 48% botellas PET recicladas, as\u00ed que como puedes ver, es mucho m\u00e1s que solo una camiseta bonita. Y segundo, los cortes bordados de corazones son todo lo que cualquier camiseta necesita.<\/p>\n","protected":false},"excerpt":{"rendered":"<p>Hay dos detalles que hicieron esta pieza lo que es: 1. La tela est\u00e1 hecha de 52% algod\u00f3n reutilizado y 48% botellas PET recicladas, as\u00ed que como puedes ver, es mucho m\u00e1s que solo una camiseta bonita. Y segundo, los cortes bordados de corazones son todo lo que cualquier camiseta necesita.<\/p>\n","protected":false},"featured_media":6173,"comment_status":"open","ping_status":"closed","template":"","meta":{"_acf_changed":false},"product_cat":[682,15],"product_tag":[],"acf":[],"yoast_head":"<!-- This site is optimized with the Yoast SEO plugin v22.6 - https:\/\/yoast.com\/wordpress\/plugins\/seo\/ -->\n<title>Camiseta Enam\u00f3rate De Ti Misma - Latin Curated<\/title>\n<meta name=\"robots\" content=\"index, follow, max-snippet:-1, max-image-preview:large, max-video-preview:-1\" \/>\n<link rel=\"canonical\" href=\"https:\/\/latin-curated.com\/producto\/camiseta-enamorate-de-ti-misma\/\" \/>\n<meta property=\"og:locale\" content=\"en_US\" \/>\n<meta property=\"og:type\" content=\"article\" \/>\n<meta property=\"og:title\" content=\"Camiseta Enam\u00f3rate De Ti Misma - Latin Curated\" \/>\n<meta property=\"og:description\" content=\"Hay dos detalles que hicieron esta pieza lo que es: 1. La tela est\u00e1 hecha de 52% algod\u00f3n reutilizado y 48% botellas PET recicladas, as\u00ed que como puedes ver, es mucho m\u00e1s que solo una camiseta bonita. Y segundo, los cortes bordados de corazones son todo lo que cualquier camiseta necesita.\" \/>\n<meta property=\"og:url\" content=\"https:\/\/latin-curated.com\/producto\/camiseta-enamorate-de-ti-misma\/\" \/>\n<meta property=\"og:site_name\" content=\"Latin Curated\" \/>\n<meta property=\"article:modified_time\" content=\"2021-09-15T20:29:46+00:00\" \/>\n<meta property=\"og:image\" content=\"https:\/\/latin-curated.com\/sitio\/wp-content\/uploads\/2021\/09\/DSC_8454.jpg\" \/>\n\t<meta property=\"og:image:width\" content=\"1080\" \/>\n\t<meta property=\"og:image:height\" content=\"1080\" \/>\n\t<meta property=\"og:image:type\" content=\"image\/jpeg\" \/>\n<meta name=\"twitter:card\" content=\"summary_large_image\" \/>\n<script type=\"application\/ld+json\" class=\"yoast-schema-graph\">{\"@context\":\"https:\/\/schema.org\",\"@graph\":[{\"@type\":\"WebPage\",\"@id\":\"https:\/\/latin-curated.com\/producto\/camiseta-enamorate-de-ti-misma\/\",\"url\":\"https:\/\/latin-curated.com\/producto\/camiseta-enamorate-de-ti-misma\/\",\"name\":\"Camiseta Enam\u00f3rate De Ti Misma - Latin Curated\",\"isPartOf\":{\"@id\":\"https:\/\/latin-curated.com\/#website\"},\"primaryImageOfPage\":{\"@id\":\"https:\/\/latin-curated.com\/producto\/camiseta-enamorate-de-ti-misma\/#primaryimage\"},\"image\":{\"@id\":\"https:\/\/latin-curated.com\/producto\/camiseta-enamorate-de-ti-misma\/#primaryimage\"},\"thumbnailUrl\":\"https:\/\/latin-curated.com\/sitio\/wp-content\/uploads\/2021\/09\/DSC_8454.jpg\",\"datePublished\":\"2021-09-15T20:28:48+00:00\",\"dateModified\":\"2021-09-15T20:29:46+00:00\",\"breadcrumb\":{\"@id\":\"https:\/\/latin-curated.com\/producto\/camiseta-enamorate-de-ti-misma\/#breadcrumb\"},\"inLanguage\":\"en-US\",\"potentialAction\":[{\"@type\":\"ReadAction\",\"target\":[\"https:\/\/latin-curated.com\/producto\/camiseta-enamorate-de-ti-misma\/\"]}]},{\"@type\":\"ImageObject\",\"inLanguage\":\"en-US\",\"@id\":\"https:\/\/latin-curated.com\/producto\/camiseta-enamorate-de-ti-misma\/#primaryimage\",\"url\":\"https:\/\/latin-curated.com\/sitio\/wp-content\/uploads\/2021\/09\/DSC_8454.jpg\",\"contentUrl\":\"https:\/\/latin-curated.com\/sitio\/wp-content\/uploads\/2021\/09\/DSC_8454.jpg\",\"width\":1080,\"height\":1080},{\"@type\":\"BreadcrumbList\",\"@id\":\"https:\/\/latin-curated.com\/producto\/camiseta-enamorate-de-ti-misma\/#breadcrumb\",\"itemListElement\":[{\"@type\":\"ListItem\",\"position\":1,\"name\":\"Portada\",\"item\":\"https:\/\/latin-curated.com\/en\/\"},{\"@type\":\"ListItem\",\"position\":2,\"name\":\"Tienda\",\"item\":\"https:\/\/latin-curated.com\/tienda\/\"},{\"@type\":\"ListItem\",\"position\":3,\"name\":\"Camiseta Enam\u00f3rate De Ti Misma\"}]},{\"@type\":\"WebSite\",\"@id\":\"https:\/\/latin-curated.com\/#website\",\"url\":\"https:\/\/latin-curated.com\/\",\"name\":\"Latin Curated\",\"description\":\"Galer\u00eda Online\",\"publisher\":{\"@id\":\"https:\/\/latin-curated.com\/#organization\"},\"potentialAction\":[{\"@type\":\"SearchAction\",\"target\":{\"@type\":\"EntryPoint\",\"urlTemplate\":\"https:\/\/latin-curated.com\/?s={search_term_string}\"},\"query-input\":\"required name=search_term_string\"}],\"inLanguage\":\"en-US\"},{\"@type\":\"Organization\",\"@id\":\"https:\/\/latin-curated.com\/#organization\",\"name\":\"Latin Curated\",\"url\":\"https:\/\/latin-curated.com\/\",\"logo\":{\"@type\":\"ImageObject\",\"inLanguage\":\"en-US\",\"@id\":\"https:\/\/latin-curated.com\/#\/schema\/logo\/image\/\",\"url\":\"https:\/\/latin-curated.com\/sitio\/wp-content\/uploads\/2020\/11\/LatinCurated_Logo.png\",\"contentUrl\":\"https:\/\/latin-curated.com\/sitio\/wp-content\/uploads\/2020\/11\/LatinCurated_Logo.png\",\"width\":509,\"height\":65,\"caption\":\"Latin Curated\"},\"image\":{\"@id\":\"https:\/\/latin-curated.com\/#\/schema\/logo\/image\/\"}}]}<\/script>\n<!-- \/ Yoast SEO plugin. -->","yoast_head_json":{"title":"Camiseta Enam\u00f3rate De Ti Misma - Latin Curated","robots":{"index":"index","follow":"follow","max-snippet":"max-snippet:-1","max-image-preview":"max-image-preview:large","max-video-preview":"max-video-preview:-1"},"canonical":"https:\/\/latin-curated.com\/producto\/camiseta-enamorate-de-ti-misma\/","og_locale":"en_US","og_type":"article","og_title":"Camiseta Enam\u00f3rate De Ti Misma - Latin Curated","og_description":"Hay dos detalles que hicieron esta pieza lo que es: 1. La tela est\u00e1 hecha de 52% algod\u00f3n reutilizado y 48% botellas PET recicladas, as\u00ed que como puedes ver, es mucho m\u00e1s que solo una camiseta bonita. Y segundo, los cortes bordados de corazones son todo lo que cualquier camiseta necesita.","og_url":"https:\/\/latin-curated.com\/producto\/camiseta-enamorate-de-ti-misma\/","og_site_name":"Latin Curated","article_modified_time":"2021-09-15T20:29:46+00:00","og_image":[{"width":1080,"height":1080,"url":"https:\/\/latin-curated.com\/sitio\/wp-content\/uploads\/2021\/09\/DSC_8454.jpg","type":"image\/jpeg"}],"twitter_card":"summary_large_image","schema":{"@context":"https:\/\/schema.org","@graph":[{"@type":"WebPage","@id":"https:\/\/latin-curated.com\/producto\/camiseta-enamorate-de-ti-misma\/","url":"https:\/\/latin-curated.com\/producto\/camiseta-enamorate-de-ti-misma\/","name":"Camiseta Enam\u00f3rate De Ti Misma - Latin Curated","isPartOf":{"@id":"https:\/\/latin-curated.com\/#website"},"primaryImageOfPage":{"@id":"https:\/\/latin-curated.com\/producto\/camiseta-enamorate-de-ti-misma\/#primaryimage"},"image":{"@id":"https:\/\/latin-curated.com\/producto\/camiseta-enamorate-de-ti-misma\/#primaryimage"},"thumbnailUrl":"https:\/\/latin-curated.com\/sitio\/wp-content\/uploads\/2021\/09\/DSC_8454.jpg","datePublished":"2021-09-15T20:28:48+00:00","dateModified":"2021-09-15T20:29:46+00:00","breadcrumb":{"@id":"https:\/\/latin-curated.com\/producto\/camiseta-enamorate-de-ti-misma\/#breadcrumb"},"inLanguage":"en-US","potentialAction":[{"@type":"ReadAction","target":["https:\/\/latin-curated.com\/producto\/camiseta-enamorate-de-ti-misma\/"]}]},{"@type":"ImageObject","inLanguage":"en-US","@id":"https:\/\/latin-curated.com\/producto\/camiseta-enamorate-de-ti-misma\/#primaryimage","url":"https:\/\/latin-curated.com\/sitio\/wp-content\/uploads\/2021\/09\/DSC_8454.jpg","contentUrl":"https:\/\/latin-curated.com\/sitio\/wp-content\/uploads\/2021\/09\/DSC_8454.jpg","width":1080,"height":1080},{"@type":"BreadcrumbList","@id":"https:\/\/latin-curated.com\/producto\/camiseta-enamorate-de-ti-misma\/#breadcrumb","itemListElement":[{"@type":"ListItem","position":1,"name":"Portada","item":"https:\/\/latin-curated.com\/en\/"},{"@type":"ListItem","position":2,"name":"Tienda","item":"https:\/\/latin-curated.com\/tienda\/"},{"@type":"ListItem","position":3,"name":"Camiseta Enam\u00f3rate De Ti Misma"}]},{"@type":"WebSite","@id":"https:\/\/latin-curated.com\/#website","url":"https:\/\/latin-curated.com\/","name":"Latin Curated","description":"Galer\u00eda Online","publisher":{"@id":"https:\/\/latin-curated.com\/#organization"},"potentialAction":[{"@type":"SearchAction","target":{"@type":"EntryPoint","urlTemplate":"https:\/\/latin-curated.com\/?s={search_term_string}"},"query-input":"required name=search_term_string"}],"inLanguage":"en-US"},{"@type":"Organization","@id":"https:\/\/latin-curated.com\/#organization","name":"Latin Curated","url":"https:\/\/latin-curated.com\/","logo":{"@type":"ImageObject","inLanguage":"en-US","@id":"https:\/\/latin-curated.com\/#\/schema\/logo\/image\/","url":"https:\/\/latin-curated.com\/sitio\/wp-content\/uploads\/2020\/11\/LatinCurated_Logo.png","contentUrl":"https:\/\/latin-curated.com\/sitio\/wp-content\/uploads\/2020\/11\/LatinCurated_Logo.png","width":509,"height":65,"caption":"Latin Curated"},"image":{"@id":"https:\/\/latin-curated.com\/#\/schema\/logo\/image\/"}}]}},"_links":{"self":[{"href":"https:\/\/latin-curated.com\/en\/wp-json\/wp\/v2\/product\/6167"}],"collection":[{"href":"https:\/\/latin-curated.com\/en\/wp-json\/wp\/v2\/product"}],"about":[{"href":"https:\/\/latin-curated.com\/en\/wp-json\/wp\/v2\/types\/product"}],"replies":[{"embeddable":true,"href":"https:\/\/latin-curated.com\/en\/wp-json\/wp\/v2\/comments?post=6167"}],"wp:featuredmedia":[{"embeddable":true,"href":"https:\/\/latin-curated.com\/en\/wp-json\/wp\/v2\/media\/6173"}],"wp:attachment":[{"href":"https:\/\/latin-curated.com\/en\/wp-json\/wp\/v2\/media?parent=6167"}],"wp:term":[{"taxonomy":"product_cat","embeddable":true,"href":"https:\/\/latin-curated.com\/en\/wp-json\/wp\/v2\/product_cat?post=6167"},{"taxonomy":"product_tag","embeddable":true,"href":"https:\/\/latin-curated.com\/en\/wp-json\/wp\/v2\/product_tag?post=6167"}],"curies":[{"name":"wp","href":"https:\/\/api.w.org\/{rel}","templated":true}]}}