{"id":6146,"date":"2021-09-15T20:06:10","date_gmt":"2021-09-15T20:06:10","guid":{"rendered":"https:\/\/latin-curated.com\/sitio\/?post_type=product&#038;p=6146"},"modified":"2021-09-15T20:06:10","modified_gmt":"2021-09-15T20:06:10","slug":"una-camisa-que-habla-de-amor","status":"publish","type":"product","link":"https:\/\/latin-curated.com\/en\/producto\/una-camisa-que-habla-de-amor\/","title":{"rendered":"Una Camisa Que Habla De Amor"},"content":{"rendered":"<p>\u00bfQui\u00e9n dijo que los b\u00e1sicos tienen que ser aburridos? Estamos trayendo los nuevos b\u00e1sicos Pineapples y m\u00e1s te vale saber que todos vienen con color y estampados. Esta camisa es todo lo que tu cl\u00f3set necesita ahora: c\u00f3moda, colorida y f\u00e1cil de mezclar.<br \/>\nIntentaremos mantenerlo corto pero probablemente necesitaremos dos p\u00e1ginas para describir por qu\u00e9 esta camisa es tan especial. Ac\u00e9rcate a la pantalla y enam\u00f3rate de sus detalles: silueta relajada, abotonado y bolsillos frontales, sesgo y, por supuesto, un estampado que te va a encantar.<\/p>\n","protected":false},"excerpt":{"rendered":"<p>Intentaremos mantenerlo corto pero probablemente necesitaremos dos p\u00e1ginas para describir por qu\u00e9 esta camisa es tan especial. Ac\u00e9rcate a la pantalla y enam\u00f3rate de sus detalles: silueta relajada, abotonado y bolsillos frontales, sesgo y, por supuesto, un estampado que te va a encantar.<\/p>\n","protected":false},"featured_media":6152,"comment_status":"open","ping_status":"closed","template":"","meta":{"_acf_changed":false},"product_cat":[682],"product_tag":[],"acf":[],"yoast_head":"<!-- This site is optimized with the Yoast SEO plugin v22.6 - https:\/\/yoast.com\/wordpress\/plugins\/seo\/ -->\n<title>Una Camisa Que Habla De Amor - Latin Curated<\/title>\n<meta name=\"robots\" content=\"index, follow, max-snippet:-1, max-image-preview:large, max-video-preview:-1\" \/>\n<link rel=\"canonical\" href=\"https:\/\/latin-curated.com\/en\/producto\/una-camisa-que-habla-de-amor\/\" \/>\n<meta property=\"og:locale\" content=\"en_US\" \/>\n<meta property=\"og:type\" content=\"article\" \/>\n<meta property=\"og:title\" content=\"Una Camisa Que Habla De Amor - Latin Curated\" \/>\n<meta property=\"og:description\" content=\"Intentaremos mantenerlo corto pero probablemente necesitaremos dos p\u00e1ginas para describir por qu\u00e9 esta camisa es tan especial. Ac\u00e9rcate a la pantalla y enam\u00f3rate de sus detalles: silueta relajada, abotonado y bolsillos frontales, sesgo y, por supuesto, un estampado que te va a encantar.\" \/>\n<meta property=\"og:url\" content=\"https:\/\/latin-curated.com\/en\/producto\/una-camisa-que-habla-de-amor\/\" \/>\n<meta property=\"og:site_name\" content=\"Latin Curated\" \/>\n<meta property=\"og:image\" content=\"https:\/\/latin-curated.com\/sitio\/wp-content\/uploads\/2021\/09\/DSC_8473.jpg\" \/>\n\t<meta property=\"og:image:width\" content=\"1080\" \/>\n\t<meta property=\"og:image:height\" content=\"1080\" \/>\n\t<meta property=\"og:image:type\" content=\"image\/jpeg\" \/>\n<meta name=\"twitter:card\" content=\"summary_large_image\" \/>\n<script type=\"application\/ld+json\" class=\"yoast-schema-graph\">{\"@context\":\"https:\/\/schema.org\",\"@graph\":[{\"@type\":\"WebPage\",\"@id\":\"https:\/\/latin-curated.com\/en\/producto\/una-camisa-que-habla-de-amor\/\",\"url\":\"https:\/\/latin-curated.com\/en\/producto\/una-camisa-que-habla-de-amor\/\",\"name\":\"Una Camisa Que Habla De Amor - Latin Curated\",\"isPartOf\":{\"@id\":\"https:\/\/latin-curated.com\/#website\"},\"primaryImageOfPage\":{\"@id\":\"https:\/\/latin-curated.com\/en\/producto\/una-camisa-que-habla-de-amor\/#primaryimage\"},\"image\":{\"@id\":\"https:\/\/latin-curated.com\/en\/producto\/una-camisa-que-habla-de-amor\/#primaryimage\"},\"thumbnailUrl\":\"https:\/\/latin-curated.com\/sitio\/wp-content\/uploads\/2021\/09\/DSC_8473.jpg\",\"datePublished\":\"2021-09-15T20:06:10+00:00\",\"dateModified\":\"2021-09-15T20:06:10+00:00\",\"breadcrumb\":{\"@id\":\"https:\/\/latin-curated.com\/en\/producto\/una-camisa-que-habla-de-amor\/#breadcrumb\"},\"inLanguage\":\"en-US\",\"potentialAction\":[{\"@type\":\"ReadAction\",\"target\":[\"https:\/\/latin-curated.com\/en\/producto\/una-camisa-que-habla-de-amor\/\"]}]},{\"@type\":\"ImageObject\",\"inLanguage\":\"en-US\",\"@id\":\"https:\/\/latin-curated.com\/en\/producto\/una-camisa-que-habla-de-amor\/#primaryimage\",\"url\":\"https:\/\/latin-curated.com\/sitio\/wp-content\/uploads\/2021\/09\/DSC_8473.jpg\",\"contentUrl\":\"https:\/\/latin-curated.com\/sitio\/wp-content\/uploads\/2021\/09\/DSC_8473.jpg\",\"width\":1080,\"height\":1080},{\"@type\":\"BreadcrumbList\",\"@id\":\"https:\/\/latin-curated.com\/en\/producto\/una-camisa-que-habla-de-amor\/#breadcrumb\",\"itemListElement\":[{\"@type\":\"ListItem\",\"position\":1,\"name\":\"Portada\",\"item\":\"https:\/\/latin-curated.com\/en\/\"},{\"@type\":\"ListItem\",\"position\":2,\"name\":\"Tienda\",\"item\":\"https:\/\/latin-curated.com\/tienda\/\"},{\"@type\":\"ListItem\",\"position\":3,\"name\":\"Una Camisa Que Habla De Amor\"}]},{\"@type\":\"WebSite\",\"@id\":\"https:\/\/latin-curated.com\/#website\",\"url\":\"https:\/\/latin-curated.com\/\",\"name\":\"Latin Curated\",\"description\":\"Galer\u00eda Online\",\"publisher\":{\"@id\":\"https:\/\/latin-curated.com\/#organization\"},\"potentialAction\":[{\"@type\":\"SearchAction\",\"target\":{\"@type\":\"EntryPoint\",\"urlTemplate\":\"https:\/\/latin-curated.com\/?s={search_term_string}\"},\"query-input\":\"required name=search_term_string\"}],\"inLanguage\":\"en-US\"},{\"@type\":\"Organization\",\"@id\":\"https:\/\/latin-curated.com\/#organization\",\"name\":\"Latin Curated\",\"url\":\"https:\/\/latin-curated.com\/\",\"logo\":{\"@type\":\"ImageObject\",\"inLanguage\":\"en-US\",\"@id\":\"https:\/\/latin-curated.com\/#\/schema\/logo\/image\/\",\"url\":\"https:\/\/latin-curated.com\/sitio\/wp-content\/uploads\/2020\/11\/LatinCurated_Logo.png\",\"contentUrl\":\"https:\/\/latin-curated.com\/sitio\/wp-content\/uploads\/2020\/11\/LatinCurated_Logo.png\",\"width\":509,\"height\":65,\"caption\":\"Latin Curated\"},\"image\":{\"@id\":\"https:\/\/latin-curated.com\/#\/schema\/logo\/image\/\"}}]}<\/script>\n<!-- \/ Yoast SEO plugin. -->","yoast_head_json":{"title":"Una Camisa Que Habla De Amor - Latin Curated","robots":{"index":"index","follow":"follow","max-snippet":"max-snippet:-1","max-image-preview":"max-image-preview:large","max-video-preview":"max-video-preview:-1"},"canonical":"https:\/\/latin-curated.com\/en\/producto\/una-camisa-que-habla-de-amor\/","og_locale":"en_US","og_type":"article","og_title":"Una Camisa Que Habla De Amor - Latin Curated","og_description":"Intentaremos mantenerlo corto pero probablemente necesitaremos dos p\u00e1ginas para describir por qu\u00e9 esta camisa es tan especial. Ac\u00e9rcate a la pantalla y enam\u00f3rate de sus detalles: silueta relajada, abotonado y bolsillos frontales, sesgo y, por supuesto, un estampado que te va a encantar.","og_url":"https:\/\/latin-curated.com\/en\/producto\/una-camisa-que-habla-de-amor\/","og_site_name":"Latin Curated","og_image":[{"width":1080,"height":1080,"url":"https:\/\/latin-curated.com\/sitio\/wp-content\/uploads\/2021\/09\/DSC_8473.jpg","type":"image\/jpeg"}],"twitter_card":"summary_large_image","schema":{"@context":"https:\/\/schema.org","@graph":[{"@type":"WebPage","@id":"https:\/\/latin-curated.com\/en\/producto\/una-camisa-que-habla-de-amor\/","url":"https:\/\/latin-curated.com\/en\/producto\/una-camisa-que-habla-de-amor\/","name":"Una Camisa Que Habla De Amor - Latin Curated","isPartOf":{"@id":"https:\/\/latin-curated.com\/#website"},"primaryImageOfPage":{"@id":"https:\/\/latin-curated.com\/en\/producto\/una-camisa-que-habla-de-amor\/#primaryimage"},"image":{"@id":"https:\/\/latin-curated.com\/en\/producto\/una-camisa-que-habla-de-amor\/#primaryimage"},"thumbnailUrl":"https:\/\/latin-curated.com\/sitio\/wp-content\/uploads\/2021\/09\/DSC_8473.jpg","datePublished":"2021-09-15T20:06:10+00:00","dateModified":"2021-09-15T20:06:10+00:00","breadcrumb":{"@id":"https:\/\/latin-curated.com\/en\/producto\/una-camisa-que-habla-de-amor\/#breadcrumb"},"inLanguage":"en-US","potentialAction":[{"@type":"ReadAction","target":["https:\/\/latin-curated.com\/en\/producto\/una-camisa-que-habla-de-amor\/"]}]},{"@type":"ImageObject","inLanguage":"en-US","@id":"https:\/\/latin-curated.com\/en\/producto\/una-camisa-que-habla-de-amor\/#primaryimage","url":"https:\/\/latin-curated.com\/sitio\/wp-content\/uploads\/2021\/09\/DSC_8473.jpg","contentUrl":"https:\/\/latin-curated.com\/sitio\/wp-content\/uploads\/2021\/09\/DSC_8473.jpg","width":1080,"height":1080},{"@type":"BreadcrumbList","@id":"https:\/\/latin-curated.com\/en\/producto\/una-camisa-que-habla-de-amor\/#breadcrumb","itemListElement":[{"@type":"ListItem","position":1,"name":"Portada","item":"https:\/\/latin-curated.com\/en\/"},{"@type":"ListItem","position":2,"name":"Tienda","item":"https:\/\/latin-curated.com\/tienda\/"},{"@type":"ListItem","position":3,"name":"Una Camisa Que Habla De Amor"}]},{"@type":"WebSite","@id":"https:\/\/latin-curated.com\/#website","url":"https:\/\/latin-curated.com\/","name":"Latin Curated","description":"Galer\u00eda Online","publisher":{"@id":"https:\/\/latin-curated.com\/#organization"},"potentialAction":[{"@type":"SearchAction","target":{"@type":"EntryPoint","urlTemplate":"https:\/\/latin-curated.com\/?s={search_term_string}"},"query-input":"required name=search_term_string"}],"inLanguage":"en-US"},{"@type":"Organization","@id":"https:\/\/latin-curated.com\/#organization","name":"Latin Curated","url":"https:\/\/latin-curated.com\/","logo":{"@type":"ImageObject","inLanguage":"en-US","@id":"https:\/\/latin-curated.com\/#\/schema\/logo\/image\/","url":"https:\/\/latin-curated.com\/sitio\/wp-content\/uploads\/2020\/11\/LatinCurated_Logo.png","contentUrl":"https:\/\/latin-curated.com\/sitio\/wp-content\/uploads\/2020\/11\/LatinCurated_Logo.png","width":509,"height":65,"caption":"Latin Curated"},"image":{"@id":"https:\/\/latin-curated.com\/#\/schema\/logo\/image\/"}}]}},"_links":{"self":[{"href":"https:\/\/latin-curated.com\/en\/wp-json\/wp\/v2\/product\/6146"}],"collection":[{"href":"https:\/\/latin-curated.com\/en\/wp-json\/wp\/v2\/product"}],"about":[{"href":"https:\/\/latin-curated.com\/en\/wp-json\/wp\/v2\/types\/product"}],"replies":[{"embeddable":true,"href":"https:\/\/latin-curated.com\/en\/wp-json\/wp\/v2\/comments?post=6146"}],"wp:featuredmedia":[{"embeddable":true,"href":"https:\/\/latin-curated.com\/en\/wp-json\/wp\/v2\/media\/6152"}],"wp:attachment":[{"href":"https:\/\/latin-curated.com\/en\/wp-json\/wp\/v2\/media?parent=6146"}],"wp:term":[{"taxonomy":"product_cat","embeddable":true,"href":"https:\/\/latin-curated.com\/en\/wp-json\/wp\/v2\/product_cat?post=6146"},{"taxonomy":"product_tag","embeddable":true,"href":"https:\/\/latin-curated.com\/en\/wp-json\/wp\/v2\/product_tag?post=6146"}],"curies":[{"name":"wp","href":"https:\/\/api.w.org\/{rel}","templated":true}]}}