{"id":6124,"date":"2021-09-15T19:47:03","date_gmt":"2021-09-15T19:47:03","guid":{"rendered":"https:\/\/latin-curated.com\/sitio\/?post_type=product&#038;p=6124"},"modified":"2021-09-15T19:49:01","modified_gmt":"2021-09-15T19:49:01","slug":"vestido-ven-vive-en-mi-corazon","status":"publish","type":"product","link":"https:\/\/latin-curated.com\/en\/producto\/vestido-ven-vive-en-mi-corazon\/","title":{"rendered":"Vestido Ven Vive En Mi Coraz\u00f3n"},"content":{"rendered":"<p>No es un secreto que este vestido ha sido la estrella de la colecci\u00f3n LOVE, y \u00bfqu\u00e9 podemos decir? Tiene la silueta Pineapples m\u00e1s ic\u00f3nica, no necesitamos explicar mucho m\u00e1s despu\u00e9s de ver estas fotos. As\u00ed que si ya crees que este vestido se ve incre\u00edble, cr\u00e9enos, se ve inclusive mejor en persona.<br \/>\nEstamos gritando internamente en estos momentos, porque este vestido es todo lo que es Pineapples: colorido, dram\u00e1tico, c\u00f3modo y por supuesto, divertido. Si\u00e9ntate, porque est\u00e1s a punto de perder la cabeza: Tiene esas mangas hermosas con detalles a mano, botones en cada lado que funcionan (as\u00ed que puedes abrirlo y usarlo como camisa si quieres), un coraz\u00f3n rojo en seda para un momento ic\u00f3nico, una silueta suelta para bailar en todas partes y, finalmente, la mejor seda blanca.<\/p>\n","protected":false},"excerpt":{"rendered":"<p>Estamos gritando internamente en estos momentos, porque este vestido es todo lo que es Pineapples: colorido, dram\u00e1tico, c\u00f3modo y por supuesto, divertido. Si\u00e9ntate, porque est\u00e1s a punto de perder la cabeza: Tiene esas mangas hermosas con detalles a mano, botones en cada lado que funcionan (as\u00ed que puedes abrirlo y usarlo como camisa si quieres), un coraz\u00f3n rojo en seda para un momento ic\u00f3nico, una silueta suelta para bailar en todas partes y, finalmente, la mejor seda blanca.<\/p>\n","protected":false},"featured_media":6130,"comment_status":"open","ping_status":"closed","template":"","meta":{"_acf_changed":false},"product_cat":[682],"product_tag":[],"acf":[],"yoast_head":"<!-- This site is optimized with the Yoast SEO plugin v22.6 - https:\/\/yoast.com\/wordpress\/plugins\/seo\/ -->\n<title>Vestido Ven Vive En Mi Coraz\u00f3n - Latin Curated<\/title>\n<meta name=\"robots\" content=\"index, follow, max-snippet:-1, max-image-preview:large, max-video-preview:-1\" \/>\n<link rel=\"canonical\" href=\"https:\/\/latin-curated.com\/en\/producto\/vestido-ven-vive-en-mi-corazon\/\" \/>\n<meta property=\"og:locale\" content=\"en_US\" \/>\n<meta property=\"og:type\" content=\"article\" \/>\n<meta property=\"og:title\" content=\"Vestido Ven Vive En Mi Coraz\u00f3n - Latin Curated\" \/>\n<meta property=\"og:description\" content=\"Estamos gritando internamente en estos momentos, porque este vestido es todo lo que es Pineapples: colorido, dram\u00e1tico, c\u00f3modo y por supuesto, divertido. Si\u00e9ntate, porque est\u00e1s a punto de perder la cabeza: Tiene esas mangas hermosas con detalles a mano, botones en cada lado que funcionan (as\u00ed que puedes abrirlo y usarlo como camisa si quieres), un coraz\u00f3n rojo en seda para un momento ic\u00f3nico, una silueta suelta para bailar en todas partes y, finalmente, la mejor seda blanca.\" \/>\n<meta property=\"og:url\" content=\"https:\/\/latin-curated.com\/en\/producto\/vestido-ven-vive-en-mi-corazon\/\" \/>\n<meta property=\"og:site_name\" content=\"Latin Curated\" \/>\n<meta property=\"article:modified_time\" content=\"2021-09-15T19:49:01+00:00\" \/>\n<meta property=\"og:image\" content=\"https:\/\/latin-curated.com\/sitio\/wp-content\/uploads\/2021\/09\/DSC_8395.jpg\" \/>\n\t<meta property=\"og:image:width\" content=\"1080\" \/>\n\t<meta property=\"og:image:height\" content=\"1080\" \/>\n\t<meta property=\"og:image:type\" content=\"image\/jpeg\" \/>\n<meta name=\"twitter:card\" content=\"summary_large_image\" \/>\n<meta name=\"twitter:label1\" content=\"Est. reading time\" \/>\n\t<meta name=\"twitter:data1\" content=\"1 minute\" \/>\n<script type=\"application\/ld+json\" class=\"yoast-schema-graph\">{\"@context\":\"https:\/\/schema.org\",\"@graph\":[{\"@type\":\"WebPage\",\"@id\":\"https:\/\/latin-curated.com\/en\/producto\/vestido-ven-vive-en-mi-corazon\/\",\"url\":\"https:\/\/latin-curated.com\/en\/producto\/vestido-ven-vive-en-mi-corazon\/\",\"name\":\"Vestido Ven Vive En Mi Coraz\u00f3n - Latin Curated\",\"isPartOf\":{\"@id\":\"https:\/\/latin-curated.com\/#website\"},\"primaryImageOfPage\":{\"@id\":\"https:\/\/latin-curated.com\/en\/producto\/vestido-ven-vive-en-mi-corazon\/#primaryimage\"},\"image\":{\"@id\":\"https:\/\/latin-curated.com\/en\/producto\/vestido-ven-vive-en-mi-corazon\/#primaryimage\"},\"thumbnailUrl\":\"https:\/\/latin-curated.com\/sitio\/wp-content\/uploads\/2021\/09\/DSC_8395.jpg\",\"datePublished\":\"2021-09-15T19:47:03+00:00\",\"dateModified\":\"2021-09-15T19:49:01+00:00\",\"breadcrumb\":{\"@id\":\"https:\/\/latin-curated.com\/en\/producto\/vestido-ven-vive-en-mi-corazon\/#breadcrumb\"},\"inLanguage\":\"en-US\",\"potentialAction\":[{\"@type\":\"ReadAction\",\"target\":[\"https:\/\/latin-curated.com\/en\/producto\/vestido-ven-vive-en-mi-corazon\/\"]}]},{\"@type\":\"ImageObject\",\"inLanguage\":\"en-US\",\"@id\":\"https:\/\/latin-curated.com\/en\/producto\/vestido-ven-vive-en-mi-corazon\/#primaryimage\",\"url\":\"https:\/\/latin-curated.com\/sitio\/wp-content\/uploads\/2021\/09\/DSC_8395.jpg\",\"contentUrl\":\"https:\/\/latin-curated.com\/sitio\/wp-content\/uploads\/2021\/09\/DSC_8395.jpg\",\"width\":1080,\"height\":1080},{\"@type\":\"BreadcrumbList\",\"@id\":\"https:\/\/latin-curated.com\/en\/producto\/vestido-ven-vive-en-mi-corazon\/#breadcrumb\",\"itemListElement\":[{\"@type\":\"ListItem\",\"position\":1,\"name\":\"Portada\",\"item\":\"https:\/\/latin-curated.com\/en\/\"},{\"@type\":\"ListItem\",\"position\":2,\"name\":\"Tienda\",\"item\":\"https:\/\/latin-curated.com\/tienda\/\"},{\"@type\":\"ListItem\",\"position\":3,\"name\":\"Vestido Ven Vive En Mi Coraz\u00f3n\"}]},{\"@type\":\"WebSite\",\"@id\":\"https:\/\/latin-curated.com\/#website\",\"url\":\"https:\/\/latin-curated.com\/\",\"name\":\"Latin Curated\",\"description\":\"Galer\u00eda Online\",\"publisher\":{\"@id\":\"https:\/\/latin-curated.com\/#organization\"},\"potentialAction\":[{\"@type\":\"SearchAction\",\"target\":{\"@type\":\"EntryPoint\",\"urlTemplate\":\"https:\/\/latin-curated.com\/?s={search_term_string}\"},\"query-input\":\"required name=search_term_string\"}],\"inLanguage\":\"en-US\"},{\"@type\":\"Organization\",\"@id\":\"https:\/\/latin-curated.com\/#organization\",\"name\":\"Latin Curated\",\"url\":\"https:\/\/latin-curated.com\/\",\"logo\":{\"@type\":\"ImageObject\",\"inLanguage\":\"en-US\",\"@id\":\"https:\/\/latin-curated.com\/#\/schema\/logo\/image\/\",\"url\":\"https:\/\/latin-curated.com\/sitio\/wp-content\/uploads\/2020\/11\/LatinCurated_Logo.png\",\"contentUrl\":\"https:\/\/latin-curated.com\/sitio\/wp-content\/uploads\/2020\/11\/LatinCurated_Logo.png\",\"width\":509,\"height\":65,\"caption\":\"Latin Curated\"},\"image\":{\"@id\":\"https:\/\/latin-curated.com\/#\/schema\/logo\/image\/\"}}]}<\/script>\n<!-- \/ Yoast SEO plugin. -->","yoast_head_json":{"title":"Vestido Ven Vive En Mi Coraz\u00f3n - Latin Curated","robots":{"index":"index","follow":"follow","max-snippet":"max-snippet:-1","max-image-preview":"max-image-preview:large","max-video-preview":"max-video-preview:-1"},"canonical":"https:\/\/latin-curated.com\/en\/producto\/vestido-ven-vive-en-mi-corazon\/","og_locale":"en_US","og_type":"article","og_title":"Vestido Ven Vive En Mi Coraz\u00f3n - Latin Curated","og_description":"Estamos gritando internamente en estos momentos, porque este vestido es todo lo que es Pineapples: colorido, dram\u00e1tico, c\u00f3modo y por supuesto, divertido. Si\u00e9ntate, porque est\u00e1s a punto de perder la cabeza: Tiene esas mangas hermosas con detalles a mano, botones en cada lado que funcionan (as\u00ed que puedes abrirlo y usarlo como camisa si quieres), un coraz\u00f3n rojo en seda para un momento ic\u00f3nico, una silueta suelta para bailar en todas partes y, finalmente, la mejor seda blanca.","og_url":"https:\/\/latin-curated.com\/en\/producto\/vestido-ven-vive-en-mi-corazon\/","og_site_name":"Latin Curated","article_modified_time":"2021-09-15T19:49:01+00:00","og_image":[{"width":1080,"height":1080,"url":"https:\/\/latin-curated.com\/sitio\/wp-content\/uploads\/2021\/09\/DSC_8395.jpg","type":"image\/jpeg"}],"twitter_card":"summary_large_image","twitter_misc":{"Est. reading time":"1 minute"},"schema":{"@context":"https:\/\/schema.org","@graph":[{"@type":"WebPage","@id":"https:\/\/latin-curated.com\/en\/producto\/vestido-ven-vive-en-mi-corazon\/","url":"https:\/\/latin-curated.com\/en\/producto\/vestido-ven-vive-en-mi-corazon\/","name":"Vestido Ven Vive En Mi Coraz\u00f3n - Latin Curated","isPartOf":{"@id":"https:\/\/latin-curated.com\/#website"},"primaryImageOfPage":{"@id":"https:\/\/latin-curated.com\/en\/producto\/vestido-ven-vive-en-mi-corazon\/#primaryimage"},"image":{"@id":"https:\/\/latin-curated.com\/en\/producto\/vestido-ven-vive-en-mi-corazon\/#primaryimage"},"thumbnailUrl":"https:\/\/latin-curated.com\/sitio\/wp-content\/uploads\/2021\/09\/DSC_8395.jpg","datePublished":"2021-09-15T19:47:03+00:00","dateModified":"2021-09-15T19:49:01+00:00","breadcrumb":{"@id":"https:\/\/latin-curated.com\/en\/producto\/vestido-ven-vive-en-mi-corazon\/#breadcrumb"},"inLanguage":"en-US","potentialAction":[{"@type":"ReadAction","target":["https:\/\/latin-curated.com\/en\/producto\/vestido-ven-vive-en-mi-corazon\/"]}]},{"@type":"ImageObject","inLanguage":"en-US","@id":"https:\/\/latin-curated.com\/en\/producto\/vestido-ven-vive-en-mi-corazon\/#primaryimage","url":"https:\/\/latin-curated.com\/sitio\/wp-content\/uploads\/2021\/09\/DSC_8395.jpg","contentUrl":"https:\/\/latin-curated.com\/sitio\/wp-content\/uploads\/2021\/09\/DSC_8395.jpg","width":1080,"height":1080},{"@type":"BreadcrumbList","@id":"https:\/\/latin-curated.com\/en\/producto\/vestido-ven-vive-en-mi-corazon\/#breadcrumb","itemListElement":[{"@type":"ListItem","position":1,"name":"Portada","item":"https:\/\/latin-curated.com\/en\/"},{"@type":"ListItem","position":2,"name":"Tienda","item":"https:\/\/latin-curated.com\/tienda\/"},{"@type":"ListItem","position":3,"name":"Vestido Ven Vive En Mi Coraz\u00f3n"}]},{"@type":"WebSite","@id":"https:\/\/latin-curated.com\/#website","url":"https:\/\/latin-curated.com\/","name":"Latin Curated","description":"Galer\u00eda Online","publisher":{"@id":"https:\/\/latin-curated.com\/#organization"},"potentialAction":[{"@type":"SearchAction","target":{"@type":"EntryPoint","urlTemplate":"https:\/\/latin-curated.com\/?s={search_term_string}"},"query-input":"required name=search_term_string"}],"inLanguage":"en-US"},{"@type":"Organization","@id":"https:\/\/latin-curated.com\/#organization","name":"Latin Curated","url":"https:\/\/latin-curated.com\/","logo":{"@type":"ImageObject","inLanguage":"en-US","@id":"https:\/\/latin-curated.com\/#\/schema\/logo\/image\/","url":"https:\/\/latin-curated.com\/sitio\/wp-content\/uploads\/2020\/11\/LatinCurated_Logo.png","contentUrl":"https:\/\/latin-curated.com\/sitio\/wp-content\/uploads\/2020\/11\/LatinCurated_Logo.png","width":509,"height":65,"caption":"Latin Curated"},"image":{"@id":"https:\/\/latin-curated.com\/#\/schema\/logo\/image\/"}}]}},"_links":{"self":[{"href":"https:\/\/latin-curated.com\/en\/wp-json\/wp\/v2\/product\/6124"}],"collection":[{"href":"https:\/\/latin-curated.com\/en\/wp-json\/wp\/v2\/product"}],"about":[{"href":"https:\/\/latin-curated.com\/en\/wp-json\/wp\/v2\/types\/product"}],"replies":[{"embeddable":true,"href":"https:\/\/latin-curated.com\/en\/wp-json\/wp\/v2\/comments?post=6124"}],"wp:featuredmedia":[{"embeddable":true,"href":"https:\/\/latin-curated.com\/en\/wp-json\/wp\/v2\/media\/6130"}],"wp:attachment":[{"href":"https:\/\/latin-curated.com\/en\/wp-json\/wp\/v2\/media?parent=6124"}],"wp:term":[{"taxonomy":"product_cat","embeddable":true,"href":"https:\/\/latin-curated.com\/en\/wp-json\/wp\/v2\/product_cat?post=6124"},{"taxonomy":"product_tag","embeddable":true,"href":"https:\/\/latin-curated.com\/en\/wp-json\/wp\/v2\/product_tag?post=6124"}],"curies":[{"name":"wp","href":"https:\/\/api.w.org\/{rel}","templated":true}]}}