{"id":6114,"date":"2021-09-15T19:29:58","date_gmt":"2021-09-15T19:29:58","guid":{"rendered":"https:\/\/latin-curated.com\/sitio\/?post_type=product&#038;p=6114"},"modified":"2021-09-15T19:29:58","modified_gmt":"2021-09-15T19:29:58","slug":"vestido-mi-corazon-te-escogio","status":"publish","type":"product","link":"https:\/\/latin-curated.com\/en\/producto\/vestido-mi-corazon-te-escogio\/","title":{"rendered":"Vestido Mi coraz\u00f3n te escogi\u00f3"},"content":{"rendered":"<p>\u00bfTienes una ocasi\u00f3n especial y tienes miedo de que alguien est\u00e9 usando tu mismo vestido? Pues tenemos el vestido perfecto para cuando quieras sobresalir y verte incre\u00edble, y estamos seguras, todo el mundo va a estar hablando de ti. Y s\u00ed, lo le\u00edste aqu\u00ed primero, nuestro vestido plisado rosado Barbie est\u00e1 aqu\u00ed para ti.<br \/>\nEstamos tan emocionadas ahora mismo que ojal\u00e1 pudieras ver nuestras caras mientras te contamos por qu\u00e9 este vestido es tu nueva pieza favorita. Tiene una tela de seda rosada perfecta para un momento Barbie, una tela plisada para crear movimiento, un corte de coraz\u00f3n para crear un escote hermoso y un largo a la rodilla para mostrar esas piernas de modelo.<\/p>\n","protected":false},"excerpt":{"rendered":"<p>Estamos tan emocionadas ahora mismo que ojal\u00e1 pudieras ver nuestras caras mientras te contamos por qu\u00e9 este vestido es tu nueva pieza favorita. Tiene una tela de seda rosada perfecta para un momento Barbie, una tela plisada para crear movimiento, un corte de coraz\u00f3n para crear un escote hermoso y un largo a la rodilla para mostrar esas piernas de modelo.<\/p>\n","protected":false},"featured_media":6120,"comment_status":"open","ping_status":"closed","template":"","meta":{"_acf_changed":false},"product_cat":[682],"product_tag":[],"acf":[],"yoast_head":"<!-- This site is optimized with the Yoast SEO plugin v22.6 - https:\/\/yoast.com\/wordpress\/plugins\/seo\/ -->\n<title>Vestido Mi coraz\u00f3n te escogi\u00f3 - Latin Curated<\/title>\n<meta name=\"robots\" content=\"index, follow, max-snippet:-1, max-image-preview:large, max-video-preview:-1\" \/>\n<link rel=\"canonical\" href=\"https:\/\/latin-curated.com\/en\/producto\/vestido-mi-corazon-te-escogio\/\" \/>\n<meta property=\"og:locale\" content=\"en_US\" \/>\n<meta property=\"og:type\" content=\"article\" \/>\n<meta property=\"og:title\" content=\"Vestido Mi coraz\u00f3n te escogi\u00f3 - Latin Curated\" \/>\n<meta property=\"og:description\" content=\"Estamos tan emocionadas ahora mismo que ojal\u00e1 pudieras ver nuestras caras mientras te contamos por qu\u00e9 este vestido es tu nueva pieza favorita. Tiene una tela de seda rosada perfecta para un momento Barbie, una tela plisada para crear movimiento, un corte de coraz\u00f3n para crear un escote hermoso y un largo a la rodilla para mostrar esas piernas de modelo.\" \/>\n<meta property=\"og:url\" content=\"https:\/\/latin-curated.com\/en\/producto\/vestido-mi-corazon-te-escogio\/\" \/>\n<meta property=\"og:site_name\" content=\"Latin Curated\" \/>\n<meta property=\"og:image\" content=\"https:\/\/latin-curated.com\/sitio\/wp-content\/uploads\/2021\/09\/DSC_8374.jpg\" \/>\n\t<meta property=\"og:image:width\" content=\"1080\" \/>\n\t<meta property=\"og:image:height\" content=\"1080\" \/>\n\t<meta property=\"og:image:type\" content=\"image\/jpeg\" \/>\n<meta name=\"twitter:card\" content=\"summary_large_image\" \/>\n<meta name=\"twitter:label1\" content=\"Est. reading time\" \/>\n\t<meta name=\"twitter:data1\" content=\"1 minute\" \/>\n<script type=\"application\/ld+json\" class=\"yoast-schema-graph\">{\"@context\":\"https:\/\/schema.org\",\"@graph\":[{\"@type\":\"WebPage\",\"@id\":\"https:\/\/latin-curated.com\/en\/producto\/vestido-mi-corazon-te-escogio\/\",\"url\":\"https:\/\/latin-curated.com\/en\/producto\/vestido-mi-corazon-te-escogio\/\",\"name\":\"Vestido Mi coraz\u00f3n te escogi\u00f3 - Latin Curated\",\"isPartOf\":{\"@id\":\"https:\/\/latin-curated.com\/#website\"},\"primaryImageOfPage\":{\"@id\":\"https:\/\/latin-curated.com\/en\/producto\/vestido-mi-corazon-te-escogio\/#primaryimage\"},\"image\":{\"@id\":\"https:\/\/latin-curated.com\/en\/producto\/vestido-mi-corazon-te-escogio\/#primaryimage\"},\"thumbnailUrl\":\"https:\/\/latin-curated.com\/sitio\/wp-content\/uploads\/2021\/09\/DSC_8374.jpg\",\"datePublished\":\"2021-09-15T19:29:58+00:00\",\"dateModified\":\"2021-09-15T19:29:58+00:00\",\"breadcrumb\":{\"@id\":\"https:\/\/latin-curated.com\/en\/producto\/vestido-mi-corazon-te-escogio\/#breadcrumb\"},\"inLanguage\":\"en-US\",\"potentialAction\":[{\"@type\":\"ReadAction\",\"target\":[\"https:\/\/latin-curated.com\/en\/producto\/vestido-mi-corazon-te-escogio\/\"]}]},{\"@type\":\"ImageObject\",\"inLanguage\":\"en-US\",\"@id\":\"https:\/\/latin-curated.com\/en\/producto\/vestido-mi-corazon-te-escogio\/#primaryimage\",\"url\":\"https:\/\/latin-curated.com\/sitio\/wp-content\/uploads\/2021\/09\/DSC_8374.jpg\",\"contentUrl\":\"https:\/\/latin-curated.com\/sitio\/wp-content\/uploads\/2021\/09\/DSC_8374.jpg\",\"width\":1080,\"height\":1080},{\"@type\":\"BreadcrumbList\",\"@id\":\"https:\/\/latin-curated.com\/en\/producto\/vestido-mi-corazon-te-escogio\/#breadcrumb\",\"itemListElement\":[{\"@type\":\"ListItem\",\"position\":1,\"name\":\"Portada\",\"item\":\"https:\/\/latin-curated.com\/en\/\"},{\"@type\":\"ListItem\",\"position\":2,\"name\":\"Tienda\",\"item\":\"https:\/\/latin-curated.com\/tienda\/\"},{\"@type\":\"ListItem\",\"position\":3,\"name\":\"Vestido Mi coraz\u00f3n te escogi\u00f3\"}]},{\"@type\":\"WebSite\",\"@id\":\"https:\/\/latin-curated.com\/#website\",\"url\":\"https:\/\/latin-curated.com\/\",\"name\":\"Latin Curated\",\"description\":\"Galer\u00eda Online\",\"publisher\":{\"@id\":\"https:\/\/latin-curated.com\/#organization\"},\"potentialAction\":[{\"@type\":\"SearchAction\",\"target\":{\"@type\":\"EntryPoint\",\"urlTemplate\":\"https:\/\/latin-curated.com\/?s={search_term_string}\"},\"query-input\":\"required name=search_term_string\"}],\"inLanguage\":\"en-US\"},{\"@type\":\"Organization\",\"@id\":\"https:\/\/latin-curated.com\/#organization\",\"name\":\"Latin Curated\",\"url\":\"https:\/\/latin-curated.com\/\",\"logo\":{\"@type\":\"ImageObject\",\"inLanguage\":\"en-US\",\"@id\":\"https:\/\/latin-curated.com\/#\/schema\/logo\/image\/\",\"url\":\"https:\/\/latin-curated.com\/sitio\/wp-content\/uploads\/2020\/11\/LatinCurated_Logo.png\",\"contentUrl\":\"https:\/\/latin-curated.com\/sitio\/wp-content\/uploads\/2020\/11\/LatinCurated_Logo.png\",\"width\":509,\"height\":65,\"caption\":\"Latin Curated\"},\"image\":{\"@id\":\"https:\/\/latin-curated.com\/#\/schema\/logo\/image\/\"}}]}<\/script>\n<!-- \/ Yoast SEO plugin. -->","yoast_head_json":{"title":"Vestido Mi coraz\u00f3n te escogi\u00f3 - Latin Curated","robots":{"index":"index","follow":"follow","max-snippet":"max-snippet:-1","max-image-preview":"max-image-preview:large","max-video-preview":"max-video-preview:-1"},"canonical":"https:\/\/latin-curated.com\/en\/producto\/vestido-mi-corazon-te-escogio\/","og_locale":"en_US","og_type":"article","og_title":"Vestido Mi coraz\u00f3n te escogi\u00f3 - Latin Curated","og_description":"Estamos tan emocionadas ahora mismo que ojal\u00e1 pudieras ver nuestras caras mientras te contamos por qu\u00e9 este vestido es tu nueva pieza favorita. Tiene una tela de seda rosada perfecta para un momento Barbie, una tela plisada para crear movimiento, un corte de coraz\u00f3n para crear un escote hermoso y un largo a la rodilla para mostrar esas piernas de modelo.","og_url":"https:\/\/latin-curated.com\/en\/producto\/vestido-mi-corazon-te-escogio\/","og_site_name":"Latin Curated","og_image":[{"width":1080,"height":1080,"url":"https:\/\/latin-curated.com\/sitio\/wp-content\/uploads\/2021\/09\/DSC_8374.jpg","type":"image\/jpeg"}],"twitter_card":"summary_large_image","twitter_misc":{"Est. reading time":"1 minute"},"schema":{"@context":"https:\/\/schema.org","@graph":[{"@type":"WebPage","@id":"https:\/\/latin-curated.com\/en\/producto\/vestido-mi-corazon-te-escogio\/","url":"https:\/\/latin-curated.com\/en\/producto\/vestido-mi-corazon-te-escogio\/","name":"Vestido Mi coraz\u00f3n te escogi\u00f3 - Latin Curated","isPartOf":{"@id":"https:\/\/latin-curated.com\/#website"},"primaryImageOfPage":{"@id":"https:\/\/latin-curated.com\/en\/producto\/vestido-mi-corazon-te-escogio\/#primaryimage"},"image":{"@id":"https:\/\/latin-curated.com\/en\/producto\/vestido-mi-corazon-te-escogio\/#primaryimage"},"thumbnailUrl":"https:\/\/latin-curated.com\/sitio\/wp-content\/uploads\/2021\/09\/DSC_8374.jpg","datePublished":"2021-09-15T19:29:58+00:00","dateModified":"2021-09-15T19:29:58+00:00","breadcrumb":{"@id":"https:\/\/latin-curated.com\/en\/producto\/vestido-mi-corazon-te-escogio\/#breadcrumb"},"inLanguage":"en-US","potentialAction":[{"@type":"ReadAction","target":["https:\/\/latin-curated.com\/en\/producto\/vestido-mi-corazon-te-escogio\/"]}]},{"@type":"ImageObject","inLanguage":"en-US","@id":"https:\/\/latin-curated.com\/en\/producto\/vestido-mi-corazon-te-escogio\/#primaryimage","url":"https:\/\/latin-curated.com\/sitio\/wp-content\/uploads\/2021\/09\/DSC_8374.jpg","contentUrl":"https:\/\/latin-curated.com\/sitio\/wp-content\/uploads\/2021\/09\/DSC_8374.jpg","width":1080,"height":1080},{"@type":"BreadcrumbList","@id":"https:\/\/latin-curated.com\/en\/producto\/vestido-mi-corazon-te-escogio\/#breadcrumb","itemListElement":[{"@type":"ListItem","position":1,"name":"Portada","item":"https:\/\/latin-curated.com\/en\/"},{"@type":"ListItem","position":2,"name":"Tienda","item":"https:\/\/latin-curated.com\/tienda\/"},{"@type":"ListItem","position":3,"name":"Vestido Mi coraz\u00f3n te escogi\u00f3"}]},{"@type":"WebSite","@id":"https:\/\/latin-curated.com\/#website","url":"https:\/\/latin-curated.com\/","name":"Latin Curated","description":"Galer\u00eda Online","publisher":{"@id":"https:\/\/latin-curated.com\/#organization"},"potentialAction":[{"@type":"SearchAction","target":{"@type":"EntryPoint","urlTemplate":"https:\/\/latin-curated.com\/?s={search_term_string}"},"query-input":"required name=search_term_string"}],"inLanguage":"en-US"},{"@type":"Organization","@id":"https:\/\/latin-curated.com\/#organization","name":"Latin Curated","url":"https:\/\/latin-curated.com\/","logo":{"@type":"ImageObject","inLanguage":"en-US","@id":"https:\/\/latin-curated.com\/#\/schema\/logo\/image\/","url":"https:\/\/latin-curated.com\/sitio\/wp-content\/uploads\/2020\/11\/LatinCurated_Logo.png","contentUrl":"https:\/\/latin-curated.com\/sitio\/wp-content\/uploads\/2020\/11\/LatinCurated_Logo.png","width":509,"height":65,"caption":"Latin Curated"},"image":{"@id":"https:\/\/latin-curated.com\/#\/schema\/logo\/image\/"}}]}},"_links":{"self":[{"href":"https:\/\/latin-curated.com\/en\/wp-json\/wp\/v2\/product\/6114"}],"collection":[{"href":"https:\/\/latin-curated.com\/en\/wp-json\/wp\/v2\/product"}],"about":[{"href":"https:\/\/latin-curated.com\/en\/wp-json\/wp\/v2\/types\/product"}],"replies":[{"embeddable":true,"href":"https:\/\/latin-curated.com\/en\/wp-json\/wp\/v2\/comments?post=6114"}],"wp:featuredmedia":[{"embeddable":true,"href":"https:\/\/latin-curated.com\/en\/wp-json\/wp\/v2\/media\/6120"}],"wp:attachment":[{"href":"https:\/\/latin-curated.com\/en\/wp-json\/wp\/v2\/media?parent=6114"}],"wp:term":[{"taxonomy":"product_cat","embeddable":true,"href":"https:\/\/latin-curated.com\/en\/wp-json\/wp\/v2\/product_cat?post=6114"},{"taxonomy":"product_tag","embeddable":true,"href":"https:\/\/latin-curated.com\/en\/wp-json\/wp\/v2\/product_tag?post=6114"}],"curies":[{"name":"wp","href":"https:\/\/api.w.org\/{rel}","templated":true}]}}