{"id":6104,"date":"2021-09-15T16:10:47","date_gmt":"2021-09-15T16:10:47","guid":{"rendered":"https:\/\/latin-curated.com\/sitio\/?post_type=product&#038;p=6104"},"modified":"2021-09-15T16:10:48","modified_gmt":"2021-09-15T16:10:48","slug":"vestido-te-amo-mas-que-al-cafe","status":"publish","type":"product","link":"https:\/\/latin-curated.com\/en\/producto\/vestido-te-amo-mas-que-al-cafe\/","title":{"rendered":"Vestido Te amo m\u00e1s que al caf\u00e9"},"content":{"rendered":"<p>Antes de empezar, necesitamos que hagas algo, abre Spotify y pon \u201cHeart of Glass\u201d, \u00bflista? Ahora contempla un vestido \u00fanico que har\u00e1 tus d\u00edas m\u00e1s divertidos y coloridos. No solo es el ep\u00edtome de lo que Pineapples es, con un estampado pop y una silueta perfecta para bailar en la calle o para tener reuniones como toda una Girl Boss.<br \/>\nLos detalles siempre cuentan historias y este vestido es tan incre\u00edble que merece una descripci\u00f3n completa. La tela es tan ligera que te sentir\u00e1s bailando en este vestido, las mangas abombadas agregar\u00e1n un poco de drama, cortes para jugar con el estampado y largo medio para estar c\u00f3moda siempre.<\/p>\n","protected":false},"excerpt":{"rendered":"<p>Los detalles siempre cuentan historias y este vestido es tan incre\u00edble que merece una descripci\u00f3n completa. La tela es tan ligera que te sentir\u00e1s bailando en este vestido, las mangas abombadas agregar\u00e1n un poco de drama, cortes para jugar con el estampado y largo medio para estar c\u00f3moda siempre.<\/p>\n","protected":false},"featured_media":6110,"comment_status":"open","ping_status":"closed","template":"","meta":{"_acf_changed":false},"product_cat":[682],"product_tag":[],"acf":[],"yoast_head":"<!-- This site is optimized with the Yoast SEO plugin v22.6 - https:\/\/yoast.com\/wordpress\/plugins\/seo\/ -->\n<title>Vestido Te amo m\u00e1s que al caf\u00e9 - Latin Curated<\/title>\n<meta name=\"robots\" content=\"index, follow, max-snippet:-1, max-image-preview:large, max-video-preview:-1\" \/>\n<link rel=\"canonical\" href=\"https:\/\/latin-curated.com\/en\/producto\/vestido-te-amo-mas-que-al-cafe\/\" \/>\n<meta property=\"og:locale\" content=\"en_US\" \/>\n<meta property=\"og:type\" content=\"article\" \/>\n<meta property=\"og:title\" content=\"Vestido Te amo m\u00e1s que al caf\u00e9 - Latin Curated\" \/>\n<meta property=\"og:description\" content=\"Los detalles siempre cuentan historias y este vestido es tan incre\u00edble que merece una descripci\u00f3n completa. La tela es tan ligera que te sentir\u00e1s bailando en este vestido, las mangas abombadas agregar\u00e1n un poco de drama, cortes para jugar con el estampado y largo medio para estar c\u00f3moda siempre.\" \/>\n<meta property=\"og:url\" content=\"https:\/\/latin-curated.com\/en\/producto\/vestido-te-amo-mas-que-al-cafe\/\" \/>\n<meta property=\"og:site_name\" content=\"Latin Curated\" \/>\n<meta property=\"article:modified_time\" content=\"2021-09-15T16:10:48+00:00\" \/>\n<meta property=\"og:image\" content=\"https:\/\/latin-curated.com\/sitio\/wp-content\/uploads\/2021\/09\/DSC_8371.jpg\" \/>\n\t<meta property=\"og:image:width\" content=\"1080\" \/>\n\t<meta property=\"og:image:height\" content=\"1080\" \/>\n\t<meta property=\"og:image:type\" content=\"image\/jpeg\" \/>\n<meta name=\"twitter:card\" content=\"summary_large_image\" \/>\n<meta name=\"twitter:label1\" content=\"Est. reading time\" \/>\n\t<meta name=\"twitter:data1\" content=\"1 minute\" \/>\n<script type=\"application\/ld+json\" class=\"yoast-schema-graph\">{\"@context\":\"https:\/\/schema.org\",\"@graph\":[{\"@type\":\"WebPage\",\"@id\":\"https:\/\/latin-curated.com\/en\/producto\/vestido-te-amo-mas-que-al-cafe\/\",\"url\":\"https:\/\/latin-curated.com\/en\/producto\/vestido-te-amo-mas-que-al-cafe\/\",\"name\":\"Vestido Te amo m\u00e1s que al caf\u00e9 - Latin Curated\",\"isPartOf\":{\"@id\":\"https:\/\/latin-curated.com\/#website\"},\"primaryImageOfPage\":{\"@id\":\"https:\/\/latin-curated.com\/en\/producto\/vestido-te-amo-mas-que-al-cafe\/#primaryimage\"},\"image\":{\"@id\":\"https:\/\/latin-curated.com\/en\/producto\/vestido-te-amo-mas-que-al-cafe\/#primaryimage\"},\"thumbnailUrl\":\"https:\/\/latin-curated.com\/sitio\/wp-content\/uploads\/2021\/09\/DSC_8371.jpg\",\"datePublished\":\"2021-09-15T16:10:47+00:00\",\"dateModified\":\"2021-09-15T16:10:48+00:00\",\"breadcrumb\":{\"@id\":\"https:\/\/latin-curated.com\/en\/producto\/vestido-te-amo-mas-que-al-cafe\/#breadcrumb\"},\"inLanguage\":\"en-US\",\"potentialAction\":[{\"@type\":\"ReadAction\",\"target\":[\"https:\/\/latin-curated.com\/en\/producto\/vestido-te-amo-mas-que-al-cafe\/\"]}]},{\"@type\":\"ImageObject\",\"inLanguage\":\"en-US\",\"@id\":\"https:\/\/latin-curated.com\/en\/producto\/vestido-te-amo-mas-que-al-cafe\/#primaryimage\",\"url\":\"https:\/\/latin-curated.com\/sitio\/wp-content\/uploads\/2021\/09\/DSC_8371.jpg\",\"contentUrl\":\"https:\/\/latin-curated.com\/sitio\/wp-content\/uploads\/2021\/09\/DSC_8371.jpg\",\"width\":1080,\"height\":1080},{\"@type\":\"BreadcrumbList\",\"@id\":\"https:\/\/latin-curated.com\/en\/producto\/vestido-te-amo-mas-que-al-cafe\/#breadcrumb\",\"itemListElement\":[{\"@type\":\"ListItem\",\"position\":1,\"name\":\"Portada\",\"item\":\"https:\/\/latin-curated.com\/en\/\"},{\"@type\":\"ListItem\",\"position\":2,\"name\":\"Tienda\",\"item\":\"https:\/\/latin-curated.com\/tienda\/\"},{\"@type\":\"ListItem\",\"position\":3,\"name\":\"Vestido Te amo m\u00e1s que al caf\u00e9\"}]},{\"@type\":\"WebSite\",\"@id\":\"https:\/\/latin-curated.com\/#website\",\"url\":\"https:\/\/latin-curated.com\/\",\"name\":\"Latin Curated\",\"description\":\"Galer\u00eda Online\",\"publisher\":{\"@id\":\"https:\/\/latin-curated.com\/#organization\"},\"potentialAction\":[{\"@type\":\"SearchAction\",\"target\":{\"@type\":\"EntryPoint\",\"urlTemplate\":\"https:\/\/latin-curated.com\/?s={search_term_string}\"},\"query-input\":\"required name=search_term_string\"}],\"inLanguage\":\"en-US\"},{\"@type\":\"Organization\",\"@id\":\"https:\/\/latin-curated.com\/#organization\",\"name\":\"Latin Curated\",\"url\":\"https:\/\/latin-curated.com\/\",\"logo\":{\"@type\":\"ImageObject\",\"inLanguage\":\"en-US\",\"@id\":\"https:\/\/latin-curated.com\/#\/schema\/logo\/image\/\",\"url\":\"https:\/\/latin-curated.com\/sitio\/wp-content\/uploads\/2020\/11\/LatinCurated_Logo.png\",\"contentUrl\":\"https:\/\/latin-curated.com\/sitio\/wp-content\/uploads\/2020\/11\/LatinCurated_Logo.png\",\"width\":509,\"height\":65,\"caption\":\"Latin Curated\"},\"image\":{\"@id\":\"https:\/\/latin-curated.com\/#\/schema\/logo\/image\/\"}}]}<\/script>\n<!-- \/ Yoast SEO plugin. -->","yoast_head_json":{"title":"Vestido Te amo m\u00e1s que al caf\u00e9 - Latin Curated","robots":{"index":"index","follow":"follow","max-snippet":"max-snippet:-1","max-image-preview":"max-image-preview:large","max-video-preview":"max-video-preview:-1"},"canonical":"https:\/\/latin-curated.com\/en\/producto\/vestido-te-amo-mas-que-al-cafe\/","og_locale":"en_US","og_type":"article","og_title":"Vestido Te amo m\u00e1s que al caf\u00e9 - Latin Curated","og_description":"Los detalles siempre cuentan historias y este vestido es tan incre\u00edble que merece una descripci\u00f3n completa. La tela es tan ligera que te sentir\u00e1s bailando en este vestido, las mangas abombadas agregar\u00e1n un poco de drama, cortes para jugar con el estampado y largo medio para estar c\u00f3moda siempre.","og_url":"https:\/\/latin-curated.com\/en\/producto\/vestido-te-amo-mas-que-al-cafe\/","og_site_name":"Latin Curated","article_modified_time":"2021-09-15T16:10:48+00:00","og_image":[{"width":1080,"height":1080,"url":"https:\/\/latin-curated.com\/sitio\/wp-content\/uploads\/2021\/09\/DSC_8371.jpg","type":"image\/jpeg"}],"twitter_card":"summary_large_image","twitter_misc":{"Est. reading time":"1 minute"},"schema":{"@context":"https:\/\/schema.org","@graph":[{"@type":"WebPage","@id":"https:\/\/latin-curated.com\/en\/producto\/vestido-te-amo-mas-que-al-cafe\/","url":"https:\/\/latin-curated.com\/en\/producto\/vestido-te-amo-mas-que-al-cafe\/","name":"Vestido Te amo m\u00e1s que al caf\u00e9 - Latin Curated","isPartOf":{"@id":"https:\/\/latin-curated.com\/#website"},"primaryImageOfPage":{"@id":"https:\/\/latin-curated.com\/en\/producto\/vestido-te-amo-mas-que-al-cafe\/#primaryimage"},"image":{"@id":"https:\/\/latin-curated.com\/en\/producto\/vestido-te-amo-mas-que-al-cafe\/#primaryimage"},"thumbnailUrl":"https:\/\/latin-curated.com\/sitio\/wp-content\/uploads\/2021\/09\/DSC_8371.jpg","datePublished":"2021-09-15T16:10:47+00:00","dateModified":"2021-09-15T16:10:48+00:00","breadcrumb":{"@id":"https:\/\/latin-curated.com\/en\/producto\/vestido-te-amo-mas-que-al-cafe\/#breadcrumb"},"inLanguage":"en-US","potentialAction":[{"@type":"ReadAction","target":["https:\/\/latin-curated.com\/en\/producto\/vestido-te-amo-mas-que-al-cafe\/"]}]},{"@type":"ImageObject","inLanguage":"en-US","@id":"https:\/\/latin-curated.com\/en\/producto\/vestido-te-amo-mas-que-al-cafe\/#primaryimage","url":"https:\/\/latin-curated.com\/sitio\/wp-content\/uploads\/2021\/09\/DSC_8371.jpg","contentUrl":"https:\/\/latin-curated.com\/sitio\/wp-content\/uploads\/2021\/09\/DSC_8371.jpg","width":1080,"height":1080},{"@type":"BreadcrumbList","@id":"https:\/\/latin-curated.com\/en\/producto\/vestido-te-amo-mas-que-al-cafe\/#breadcrumb","itemListElement":[{"@type":"ListItem","position":1,"name":"Portada","item":"https:\/\/latin-curated.com\/en\/"},{"@type":"ListItem","position":2,"name":"Tienda","item":"https:\/\/latin-curated.com\/tienda\/"},{"@type":"ListItem","position":3,"name":"Vestido Te amo m\u00e1s que al caf\u00e9"}]},{"@type":"WebSite","@id":"https:\/\/latin-curated.com\/#website","url":"https:\/\/latin-curated.com\/","name":"Latin Curated","description":"Galer\u00eda Online","publisher":{"@id":"https:\/\/latin-curated.com\/#organization"},"potentialAction":[{"@type":"SearchAction","target":{"@type":"EntryPoint","urlTemplate":"https:\/\/latin-curated.com\/?s={search_term_string}"},"query-input":"required name=search_term_string"}],"inLanguage":"en-US"},{"@type":"Organization","@id":"https:\/\/latin-curated.com\/#organization","name":"Latin Curated","url":"https:\/\/latin-curated.com\/","logo":{"@type":"ImageObject","inLanguage":"en-US","@id":"https:\/\/latin-curated.com\/#\/schema\/logo\/image\/","url":"https:\/\/latin-curated.com\/sitio\/wp-content\/uploads\/2020\/11\/LatinCurated_Logo.png","contentUrl":"https:\/\/latin-curated.com\/sitio\/wp-content\/uploads\/2020\/11\/LatinCurated_Logo.png","width":509,"height":65,"caption":"Latin Curated"},"image":{"@id":"https:\/\/latin-curated.com\/#\/schema\/logo\/image\/"}}]}},"_links":{"self":[{"href":"https:\/\/latin-curated.com\/en\/wp-json\/wp\/v2\/product\/6104"}],"collection":[{"href":"https:\/\/latin-curated.com\/en\/wp-json\/wp\/v2\/product"}],"about":[{"href":"https:\/\/latin-curated.com\/en\/wp-json\/wp\/v2\/types\/product"}],"replies":[{"embeddable":true,"href":"https:\/\/latin-curated.com\/en\/wp-json\/wp\/v2\/comments?post=6104"}],"wp:featuredmedia":[{"embeddable":true,"href":"https:\/\/latin-curated.com\/en\/wp-json\/wp\/v2\/media\/6110"}],"wp:attachment":[{"href":"https:\/\/latin-curated.com\/en\/wp-json\/wp\/v2\/media?parent=6104"}],"wp:term":[{"taxonomy":"product_cat","embeddable":true,"href":"https:\/\/latin-curated.com\/en\/wp-json\/wp\/v2\/product_cat?post=6104"},{"taxonomy":"product_tag","embeddable":true,"href":"https:\/\/latin-curated.com\/en\/wp-json\/wp\/v2\/product_tag?post=6104"}],"curies":[{"name":"wp","href":"https:\/\/api.w.org\/{rel}","templated":true}]}}