{"id":6081,"date":"2021-09-15T15:09:14","date_gmt":"2021-09-15T15:09:14","guid":{"rendered":"https:\/\/latin-curated.com\/sitio\/?post_type=product&#038;p=6081"},"modified":"2021-09-15T15:27:16","modified_gmt":"2021-09-15T15:27:16","slug":"buzo-todo-lo-que-necesitas-es-amor","status":"publish","type":"product","link":"https:\/\/latin-curated.com\/en\/producto\/buzo-todo-lo-que-necesitas-es-amor\/","title":{"rendered":"Buzo Todo lo que necesitas es amor"},"content":{"rendered":"<p>\u00bfQui\u00e9n est\u00e1 preparada para celebrar con nosotras? Porque donde hay amor, est\u00e1 nuestro su\u00e9ter \u201cTodo lo que necesitas es amor\u201d. No solo es el mejor accesorio para tus looks diarios, sino que har\u00e1 que cada look vaya al siguiente nivel. Adem\u00e1s, ya saben lo que dicen: un gran coraz\u00f3n rojo es la mejor manera de empezar una conversaci\u00f3n.<br \/>\n\u00bfPregunt\u00e1ndote qu\u00e9 hace este su\u00e9ter tan especial? D\u00e9janos explicarte antes de que te enamores perdidamente. Tiene un gran coraz\u00f3n rojo en seda, una tela negra hecha de 52% algod\u00f3n reutilizado y 48% botellas PET recicladas, detalles hechos a mano en las mangas y, por supuesto, la silueta relajada perfecta para estar en casa o hacer vueltas.<\/p>\n","protected":false},"excerpt":{"rendered":"<p>\u00bfPregunt\u00e1ndote qu\u00e9 hace este su\u00e9ter tan especial? D\u00e9janos explicarte antes de que te enamores perdidamente. Tiene un gran coraz\u00f3n rojo en seda, una tela negra hecha de 52% algod\u00f3n reutilizado y 48% botellas PET recicladas, detalles hechos a mano en las mangas y, por supuesto, la silueta relajada perfecta para estar en casa o hacer vueltas.<\/p>\n","protected":false},"featured_media":6087,"comment_status":"open","ping_status":"closed","template":"","meta":{"_acf_changed":false},"product_cat":[682],"product_tag":[],"acf":[],"yoast_head":"<!-- This site is optimized with the Yoast SEO plugin v22.6 - https:\/\/yoast.com\/wordpress\/plugins\/seo\/ -->\n<title>Buzo Todo lo que necesitas es amor - Latin Curated<\/title>\n<meta name=\"robots\" content=\"index, follow, max-snippet:-1, max-image-preview:large, max-video-preview:-1\" \/>\n<link rel=\"canonical\" href=\"https:\/\/latin-curated.com\/en\/producto\/buzo-todo-lo-que-necesitas-es-amor\/\" \/>\n<meta property=\"og:locale\" content=\"en_US\" \/>\n<meta property=\"og:type\" content=\"article\" \/>\n<meta property=\"og:title\" content=\"Buzo Todo lo que necesitas es amor - Latin Curated\" \/>\n<meta property=\"og:description\" content=\"\u00bfPregunt\u00e1ndote qu\u00e9 hace este su\u00e9ter tan especial? D\u00e9janos explicarte antes de que te enamores perdidamente. Tiene un gran coraz\u00f3n rojo en seda, una tela negra hecha de 52% algod\u00f3n reutilizado y 48% botellas PET recicladas, detalles hechos a mano en las mangas y, por supuesto, la silueta relajada perfecta para estar en casa o hacer vueltas.\" \/>\n<meta property=\"og:url\" content=\"https:\/\/latin-curated.com\/en\/producto\/buzo-todo-lo-que-necesitas-es-amor\/\" \/>\n<meta property=\"og:site_name\" content=\"Latin Curated\" \/>\n<meta property=\"article:modified_time\" content=\"2021-09-15T15:27:16+00:00\" \/>\n<meta property=\"og:image\" content=\"https:\/\/latin-curated.com\/sitio\/wp-content\/uploads\/2021\/09\/DSC_8495.jpg\" \/>\n\t<meta property=\"og:image:width\" content=\"1080\" \/>\n\t<meta property=\"og:image:height\" content=\"1080\" \/>\n\t<meta property=\"og:image:type\" content=\"image\/jpeg\" \/>\n<meta name=\"twitter:card\" content=\"summary_large_image\" \/>\n<meta name=\"twitter:label1\" content=\"Est. reading time\" \/>\n\t<meta name=\"twitter:data1\" content=\"1 minute\" \/>\n<script type=\"application\/ld+json\" class=\"yoast-schema-graph\">{\"@context\":\"https:\/\/schema.org\",\"@graph\":[{\"@type\":\"WebPage\",\"@id\":\"https:\/\/latin-curated.com\/en\/producto\/buzo-todo-lo-que-necesitas-es-amor\/\",\"url\":\"https:\/\/latin-curated.com\/en\/producto\/buzo-todo-lo-que-necesitas-es-amor\/\",\"name\":\"Buzo Todo lo que necesitas es amor - Latin Curated\",\"isPartOf\":{\"@id\":\"https:\/\/latin-curated.com\/#website\"},\"primaryImageOfPage\":{\"@id\":\"https:\/\/latin-curated.com\/en\/producto\/buzo-todo-lo-que-necesitas-es-amor\/#primaryimage\"},\"image\":{\"@id\":\"https:\/\/latin-curated.com\/en\/producto\/buzo-todo-lo-que-necesitas-es-amor\/#primaryimage\"},\"thumbnailUrl\":\"https:\/\/latin-curated.com\/sitio\/wp-content\/uploads\/2021\/09\/DSC_8495.jpg\",\"datePublished\":\"2021-09-15T15:09:14+00:00\",\"dateModified\":\"2021-09-15T15:27:16+00:00\",\"breadcrumb\":{\"@id\":\"https:\/\/latin-curated.com\/en\/producto\/buzo-todo-lo-que-necesitas-es-amor\/#breadcrumb\"},\"inLanguage\":\"en-US\",\"potentialAction\":[{\"@type\":\"ReadAction\",\"target\":[\"https:\/\/latin-curated.com\/en\/producto\/buzo-todo-lo-que-necesitas-es-amor\/\"]}]},{\"@type\":\"ImageObject\",\"inLanguage\":\"en-US\",\"@id\":\"https:\/\/latin-curated.com\/en\/producto\/buzo-todo-lo-que-necesitas-es-amor\/#primaryimage\",\"url\":\"https:\/\/latin-curated.com\/sitio\/wp-content\/uploads\/2021\/09\/DSC_8495.jpg\",\"contentUrl\":\"https:\/\/latin-curated.com\/sitio\/wp-content\/uploads\/2021\/09\/DSC_8495.jpg\",\"width\":1080,\"height\":1080},{\"@type\":\"BreadcrumbList\",\"@id\":\"https:\/\/latin-curated.com\/en\/producto\/buzo-todo-lo-que-necesitas-es-amor\/#breadcrumb\",\"itemListElement\":[{\"@type\":\"ListItem\",\"position\":1,\"name\":\"Portada\",\"item\":\"https:\/\/latin-curated.com\/en\/\"},{\"@type\":\"ListItem\",\"position\":2,\"name\":\"Tienda\",\"item\":\"https:\/\/latin-curated.com\/tienda\/\"},{\"@type\":\"ListItem\",\"position\":3,\"name\":\"Buzo Todo lo que necesitas es amor\"}]},{\"@type\":\"WebSite\",\"@id\":\"https:\/\/latin-curated.com\/#website\",\"url\":\"https:\/\/latin-curated.com\/\",\"name\":\"Latin Curated\",\"description\":\"Galer\u00eda Online\",\"publisher\":{\"@id\":\"https:\/\/latin-curated.com\/#organization\"},\"potentialAction\":[{\"@type\":\"SearchAction\",\"target\":{\"@type\":\"EntryPoint\",\"urlTemplate\":\"https:\/\/latin-curated.com\/?s={search_term_string}\"},\"query-input\":\"required name=search_term_string\"}],\"inLanguage\":\"en-US\"},{\"@type\":\"Organization\",\"@id\":\"https:\/\/latin-curated.com\/#organization\",\"name\":\"Latin Curated\",\"url\":\"https:\/\/latin-curated.com\/\",\"logo\":{\"@type\":\"ImageObject\",\"inLanguage\":\"en-US\",\"@id\":\"https:\/\/latin-curated.com\/#\/schema\/logo\/image\/\",\"url\":\"https:\/\/latin-curated.com\/sitio\/wp-content\/uploads\/2020\/11\/LatinCurated_Logo.png\",\"contentUrl\":\"https:\/\/latin-curated.com\/sitio\/wp-content\/uploads\/2020\/11\/LatinCurated_Logo.png\",\"width\":509,\"height\":65,\"caption\":\"Latin Curated\"},\"image\":{\"@id\":\"https:\/\/latin-curated.com\/#\/schema\/logo\/image\/\"}}]}<\/script>\n<!-- \/ Yoast SEO plugin. -->","yoast_head_json":{"title":"Buzo Todo lo que necesitas es amor - Latin Curated","robots":{"index":"index","follow":"follow","max-snippet":"max-snippet:-1","max-image-preview":"max-image-preview:large","max-video-preview":"max-video-preview:-1"},"canonical":"https:\/\/latin-curated.com\/en\/producto\/buzo-todo-lo-que-necesitas-es-amor\/","og_locale":"en_US","og_type":"article","og_title":"Buzo Todo lo que necesitas es amor - Latin Curated","og_description":"\u00bfPregunt\u00e1ndote qu\u00e9 hace este su\u00e9ter tan especial? D\u00e9janos explicarte antes de que te enamores perdidamente. Tiene un gran coraz\u00f3n rojo en seda, una tela negra hecha de 52% algod\u00f3n reutilizado y 48% botellas PET recicladas, detalles hechos a mano en las mangas y, por supuesto, la silueta relajada perfecta para estar en casa o hacer vueltas.","og_url":"https:\/\/latin-curated.com\/en\/producto\/buzo-todo-lo-que-necesitas-es-amor\/","og_site_name":"Latin Curated","article_modified_time":"2021-09-15T15:27:16+00:00","og_image":[{"width":1080,"height":1080,"url":"https:\/\/latin-curated.com\/sitio\/wp-content\/uploads\/2021\/09\/DSC_8495.jpg","type":"image\/jpeg"}],"twitter_card":"summary_large_image","twitter_misc":{"Est. reading time":"1 minute"},"schema":{"@context":"https:\/\/schema.org","@graph":[{"@type":"WebPage","@id":"https:\/\/latin-curated.com\/en\/producto\/buzo-todo-lo-que-necesitas-es-amor\/","url":"https:\/\/latin-curated.com\/en\/producto\/buzo-todo-lo-que-necesitas-es-amor\/","name":"Buzo Todo lo que necesitas es amor - Latin Curated","isPartOf":{"@id":"https:\/\/latin-curated.com\/#website"},"primaryImageOfPage":{"@id":"https:\/\/latin-curated.com\/en\/producto\/buzo-todo-lo-que-necesitas-es-amor\/#primaryimage"},"image":{"@id":"https:\/\/latin-curated.com\/en\/producto\/buzo-todo-lo-que-necesitas-es-amor\/#primaryimage"},"thumbnailUrl":"https:\/\/latin-curated.com\/sitio\/wp-content\/uploads\/2021\/09\/DSC_8495.jpg","datePublished":"2021-09-15T15:09:14+00:00","dateModified":"2021-09-15T15:27:16+00:00","breadcrumb":{"@id":"https:\/\/latin-curated.com\/en\/producto\/buzo-todo-lo-que-necesitas-es-amor\/#breadcrumb"},"inLanguage":"en-US","potentialAction":[{"@type":"ReadAction","target":["https:\/\/latin-curated.com\/en\/producto\/buzo-todo-lo-que-necesitas-es-amor\/"]}]},{"@type":"ImageObject","inLanguage":"en-US","@id":"https:\/\/latin-curated.com\/en\/producto\/buzo-todo-lo-que-necesitas-es-amor\/#primaryimage","url":"https:\/\/latin-curated.com\/sitio\/wp-content\/uploads\/2021\/09\/DSC_8495.jpg","contentUrl":"https:\/\/latin-curated.com\/sitio\/wp-content\/uploads\/2021\/09\/DSC_8495.jpg","width":1080,"height":1080},{"@type":"BreadcrumbList","@id":"https:\/\/latin-curated.com\/en\/producto\/buzo-todo-lo-que-necesitas-es-amor\/#breadcrumb","itemListElement":[{"@type":"ListItem","position":1,"name":"Portada","item":"https:\/\/latin-curated.com\/en\/"},{"@type":"ListItem","position":2,"name":"Tienda","item":"https:\/\/latin-curated.com\/tienda\/"},{"@type":"ListItem","position":3,"name":"Buzo Todo lo que necesitas es amor"}]},{"@type":"WebSite","@id":"https:\/\/latin-curated.com\/#website","url":"https:\/\/latin-curated.com\/","name":"Latin Curated","description":"Galer\u00eda Online","publisher":{"@id":"https:\/\/latin-curated.com\/#organization"},"potentialAction":[{"@type":"SearchAction","target":{"@type":"EntryPoint","urlTemplate":"https:\/\/latin-curated.com\/?s={search_term_string}"},"query-input":"required name=search_term_string"}],"inLanguage":"en-US"},{"@type":"Organization","@id":"https:\/\/latin-curated.com\/#organization","name":"Latin Curated","url":"https:\/\/latin-curated.com\/","logo":{"@type":"ImageObject","inLanguage":"en-US","@id":"https:\/\/latin-curated.com\/#\/schema\/logo\/image\/","url":"https:\/\/latin-curated.com\/sitio\/wp-content\/uploads\/2020\/11\/LatinCurated_Logo.png","contentUrl":"https:\/\/latin-curated.com\/sitio\/wp-content\/uploads\/2020\/11\/LatinCurated_Logo.png","width":509,"height":65,"caption":"Latin Curated"},"image":{"@id":"https:\/\/latin-curated.com\/#\/schema\/logo\/image\/"}}]}},"_links":{"self":[{"href":"https:\/\/latin-curated.com\/en\/wp-json\/wp\/v2\/product\/6081"}],"collection":[{"href":"https:\/\/latin-curated.com\/en\/wp-json\/wp\/v2\/product"}],"about":[{"href":"https:\/\/latin-curated.com\/en\/wp-json\/wp\/v2\/types\/product"}],"replies":[{"embeddable":true,"href":"https:\/\/latin-curated.com\/en\/wp-json\/wp\/v2\/comments?post=6081"}],"wp:featuredmedia":[{"embeddable":true,"href":"https:\/\/latin-curated.com\/en\/wp-json\/wp\/v2\/media\/6087"}],"wp:attachment":[{"href":"https:\/\/latin-curated.com\/en\/wp-json\/wp\/v2\/media?parent=6081"}],"wp:term":[{"taxonomy":"product_cat","embeddable":true,"href":"https:\/\/latin-curated.com\/en\/wp-json\/wp\/v2\/product_cat?post=6081"},{"taxonomy":"product_tag","embeddable":true,"href":"https:\/\/latin-curated.com\/en\/wp-json\/wp\/v2\/product_tag?post=6081"}],"curies":[{"name":"wp","href":"https:\/\/api.w.org\/{rel}","templated":true}]}}