{"id":6058,"date":"2021-08-25T22:43:37","date_gmt":"2021-08-25T22:43:37","guid":{"rendered":"https:\/\/latin-curated.com\/sitio\/?post_type=product&#038;p=6058"},"modified":"2021-08-25T22:43:38","modified_gmt":"2021-08-25T22:43:38","slug":"cumbia-morada","status":"publish","type":"product","link":"https:\/\/latin-curated.com\/en\/producto\/cumbia-morada\/","title":{"rendered":"CUMBIA MORADA"},"content":{"rendered":"<p>La alegr\u00eda de los ritmos de la cumbia se trasladan a estas piezas de moda casual. Los flecos y las combinaciones de color de las telas tejidas por mujeres de Charal\u00e1, Santander hacen de las cumbias unos zapatos \u00fanicos.<br \/>\nMaterial<br \/>\nTela tejida en telar horizontal por artesanas de Charal\u00e1, Santander. Suela<\/p>\n","protected":false},"excerpt":{"rendered":"<p>La alegr\u00eda de los ritmos de la cumbia se trasladan a estas piezas de moda casual. Los flecos y las combinaciones de color de las telas tejidas por mujeres de Charal\u00e1, Santander hacen de las cumbias unos zapatos \u00fanicos.<br \/>\nMaterial<br \/>\nTela tejida en telar horizontal por artesanas de Charal\u00e1, Santander. Suela<\/p>\n","protected":false},"featured_media":6064,"comment_status":"open","ping_status":"closed","template":"","meta":{"_acf_changed":false},"product_cat":[15],"product_tag":[],"acf":[],"yoast_head":"<!-- This site is optimized with the Yoast SEO plugin v22.6 - https:\/\/yoast.com\/wordpress\/plugins\/seo\/ -->\n<title>CUMBIA MORADA - Latin Curated<\/title>\n<meta name=\"robots\" content=\"index, follow, max-snippet:-1, max-image-preview:large, max-video-preview:-1\" \/>\n<link rel=\"canonical\" href=\"https:\/\/latin-curated.com\/en\/producto\/cumbia-morada\/\" \/>\n<meta property=\"og:locale\" content=\"en_US\" \/>\n<meta property=\"og:type\" content=\"article\" \/>\n<meta property=\"og:title\" content=\"CUMBIA MORADA - Latin Curated\" \/>\n<meta property=\"og:description\" content=\"La alegr\u00eda de los ritmos de la cumbia se trasladan a estas piezas de moda casual. Los flecos y las combinaciones de color de las telas tejidas por mujeres de Charal\u00e1, Santander hacen de las cumbias unos zapatos \u00fanicos. Material Tela tejida en telar horizontal por artesanas de Charal\u00e1, Santander. Suela\" \/>\n<meta property=\"og:url\" content=\"https:\/\/latin-curated.com\/en\/producto\/cumbia-morada\/\" \/>\n<meta property=\"og:site_name\" content=\"Latin Curated\" \/>\n<meta property=\"article:modified_time\" content=\"2021-08-25T22:43:38+00:00\" \/>\n<meta property=\"og:image\" content=\"https:\/\/latin-curated.com\/sitio\/wp-content\/uploads\/2021\/08\/MORADA-1.jpg\" \/>\n\t<meta property=\"og:image:width\" content=\"1080\" \/>\n\t<meta property=\"og:image:height\" content=\"1020\" \/>\n\t<meta property=\"og:image:type\" content=\"image\/jpeg\" \/>\n<meta name=\"twitter:card\" content=\"summary_large_image\" \/>\n<script type=\"application\/ld+json\" class=\"yoast-schema-graph\">{\"@context\":\"https:\/\/schema.org\",\"@graph\":[{\"@type\":\"WebPage\",\"@id\":\"https:\/\/latin-curated.com\/en\/producto\/cumbia-morada\/\",\"url\":\"https:\/\/latin-curated.com\/en\/producto\/cumbia-morada\/\",\"name\":\"CUMBIA MORADA - Latin Curated\",\"isPartOf\":{\"@id\":\"https:\/\/latin-curated.com\/#website\"},\"primaryImageOfPage\":{\"@id\":\"https:\/\/latin-curated.com\/en\/producto\/cumbia-morada\/#primaryimage\"},\"image\":{\"@id\":\"https:\/\/latin-curated.com\/en\/producto\/cumbia-morada\/#primaryimage\"},\"thumbnailUrl\":\"https:\/\/latin-curated.com\/sitio\/wp-content\/uploads\/2021\/08\/MORADA-1.jpg\",\"datePublished\":\"2021-08-25T22:43:37+00:00\",\"dateModified\":\"2021-08-25T22:43:38+00:00\",\"breadcrumb\":{\"@id\":\"https:\/\/latin-curated.com\/en\/producto\/cumbia-morada\/#breadcrumb\"},\"inLanguage\":\"en-US\",\"potentialAction\":[{\"@type\":\"ReadAction\",\"target\":[\"https:\/\/latin-curated.com\/en\/producto\/cumbia-morada\/\"]}]},{\"@type\":\"ImageObject\",\"inLanguage\":\"en-US\",\"@id\":\"https:\/\/latin-curated.com\/en\/producto\/cumbia-morada\/#primaryimage\",\"url\":\"https:\/\/latin-curated.com\/sitio\/wp-content\/uploads\/2021\/08\/MORADA-1.jpg\",\"contentUrl\":\"https:\/\/latin-curated.com\/sitio\/wp-content\/uploads\/2021\/08\/MORADA-1.jpg\",\"width\":1080,\"height\":1020},{\"@type\":\"BreadcrumbList\",\"@id\":\"https:\/\/latin-curated.com\/en\/producto\/cumbia-morada\/#breadcrumb\",\"itemListElement\":[{\"@type\":\"ListItem\",\"position\":1,\"name\":\"Portada\",\"item\":\"https:\/\/latin-curated.com\/en\/\"},{\"@type\":\"ListItem\",\"position\":2,\"name\":\"Tienda\",\"item\":\"https:\/\/latin-curated.com\/tienda\/\"},{\"@type\":\"ListItem\",\"position\":3,\"name\":\"CUMBIA MORADA\"}]},{\"@type\":\"WebSite\",\"@id\":\"https:\/\/latin-curated.com\/#website\",\"url\":\"https:\/\/latin-curated.com\/\",\"name\":\"Latin Curated\",\"description\":\"Galer\u00eda Online\",\"publisher\":{\"@id\":\"https:\/\/latin-curated.com\/#organization\"},\"potentialAction\":[{\"@type\":\"SearchAction\",\"target\":{\"@type\":\"EntryPoint\",\"urlTemplate\":\"https:\/\/latin-curated.com\/?s={search_term_string}\"},\"query-input\":\"required name=search_term_string\"}],\"inLanguage\":\"en-US\"},{\"@type\":\"Organization\",\"@id\":\"https:\/\/latin-curated.com\/#organization\",\"name\":\"Latin Curated\",\"url\":\"https:\/\/latin-curated.com\/\",\"logo\":{\"@type\":\"ImageObject\",\"inLanguage\":\"en-US\",\"@id\":\"https:\/\/latin-curated.com\/#\/schema\/logo\/image\/\",\"url\":\"https:\/\/latin-curated.com\/sitio\/wp-content\/uploads\/2020\/11\/LatinCurated_Logo.png\",\"contentUrl\":\"https:\/\/latin-curated.com\/sitio\/wp-content\/uploads\/2020\/11\/LatinCurated_Logo.png\",\"width\":509,\"height\":65,\"caption\":\"Latin Curated\"},\"image\":{\"@id\":\"https:\/\/latin-curated.com\/#\/schema\/logo\/image\/\"}}]}<\/script>\n<!-- \/ Yoast SEO plugin. -->","yoast_head_json":{"title":"CUMBIA MORADA - Latin Curated","robots":{"index":"index","follow":"follow","max-snippet":"max-snippet:-1","max-image-preview":"max-image-preview:large","max-video-preview":"max-video-preview:-1"},"canonical":"https:\/\/latin-curated.com\/en\/producto\/cumbia-morada\/","og_locale":"en_US","og_type":"article","og_title":"CUMBIA MORADA - Latin Curated","og_description":"La alegr\u00eda de los ritmos de la cumbia se trasladan a estas piezas de moda casual. Los flecos y las combinaciones de color de las telas tejidas por mujeres de Charal\u00e1, Santander hacen de las cumbias unos zapatos \u00fanicos. Material Tela tejida en telar horizontal por artesanas de Charal\u00e1, Santander. Suela","og_url":"https:\/\/latin-curated.com\/en\/producto\/cumbia-morada\/","og_site_name":"Latin Curated","article_modified_time":"2021-08-25T22:43:38+00:00","og_image":[{"width":1080,"height":1020,"url":"https:\/\/latin-curated.com\/sitio\/wp-content\/uploads\/2021\/08\/MORADA-1.jpg","type":"image\/jpeg"}],"twitter_card":"summary_large_image","schema":{"@context":"https:\/\/schema.org","@graph":[{"@type":"WebPage","@id":"https:\/\/latin-curated.com\/en\/producto\/cumbia-morada\/","url":"https:\/\/latin-curated.com\/en\/producto\/cumbia-morada\/","name":"CUMBIA MORADA - Latin Curated","isPartOf":{"@id":"https:\/\/latin-curated.com\/#website"},"primaryImageOfPage":{"@id":"https:\/\/latin-curated.com\/en\/producto\/cumbia-morada\/#primaryimage"},"image":{"@id":"https:\/\/latin-curated.com\/en\/producto\/cumbia-morada\/#primaryimage"},"thumbnailUrl":"https:\/\/latin-curated.com\/sitio\/wp-content\/uploads\/2021\/08\/MORADA-1.jpg","datePublished":"2021-08-25T22:43:37+00:00","dateModified":"2021-08-25T22:43:38+00:00","breadcrumb":{"@id":"https:\/\/latin-curated.com\/en\/producto\/cumbia-morada\/#breadcrumb"},"inLanguage":"en-US","potentialAction":[{"@type":"ReadAction","target":["https:\/\/latin-curated.com\/en\/producto\/cumbia-morada\/"]}]},{"@type":"ImageObject","inLanguage":"en-US","@id":"https:\/\/latin-curated.com\/en\/producto\/cumbia-morada\/#primaryimage","url":"https:\/\/latin-curated.com\/sitio\/wp-content\/uploads\/2021\/08\/MORADA-1.jpg","contentUrl":"https:\/\/latin-curated.com\/sitio\/wp-content\/uploads\/2021\/08\/MORADA-1.jpg","width":1080,"height":1020},{"@type":"BreadcrumbList","@id":"https:\/\/latin-curated.com\/en\/producto\/cumbia-morada\/#breadcrumb","itemListElement":[{"@type":"ListItem","position":1,"name":"Portada","item":"https:\/\/latin-curated.com\/en\/"},{"@type":"ListItem","position":2,"name":"Tienda","item":"https:\/\/latin-curated.com\/tienda\/"},{"@type":"ListItem","position":3,"name":"CUMBIA MORADA"}]},{"@type":"WebSite","@id":"https:\/\/latin-curated.com\/#website","url":"https:\/\/latin-curated.com\/","name":"Latin Curated","description":"Galer\u00eda Online","publisher":{"@id":"https:\/\/latin-curated.com\/#organization"},"potentialAction":[{"@type":"SearchAction","target":{"@type":"EntryPoint","urlTemplate":"https:\/\/latin-curated.com\/?s={search_term_string}"},"query-input":"required name=search_term_string"}],"inLanguage":"en-US"},{"@type":"Organization","@id":"https:\/\/latin-curated.com\/#organization","name":"Latin Curated","url":"https:\/\/latin-curated.com\/","logo":{"@type":"ImageObject","inLanguage":"en-US","@id":"https:\/\/latin-curated.com\/#\/schema\/logo\/image\/","url":"https:\/\/latin-curated.com\/sitio\/wp-content\/uploads\/2020\/11\/LatinCurated_Logo.png","contentUrl":"https:\/\/latin-curated.com\/sitio\/wp-content\/uploads\/2020\/11\/LatinCurated_Logo.png","width":509,"height":65,"caption":"Latin Curated"},"image":{"@id":"https:\/\/latin-curated.com\/#\/schema\/logo\/image\/"}}]}},"_links":{"self":[{"href":"https:\/\/latin-curated.com\/en\/wp-json\/wp\/v2\/product\/6058"}],"collection":[{"href":"https:\/\/latin-curated.com\/en\/wp-json\/wp\/v2\/product"}],"about":[{"href":"https:\/\/latin-curated.com\/en\/wp-json\/wp\/v2\/types\/product"}],"replies":[{"embeddable":true,"href":"https:\/\/latin-curated.com\/en\/wp-json\/wp\/v2\/comments?post=6058"}],"wp:featuredmedia":[{"embeddable":true,"href":"https:\/\/latin-curated.com\/en\/wp-json\/wp\/v2\/media\/6064"}],"wp:attachment":[{"href":"https:\/\/latin-curated.com\/en\/wp-json\/wp\/v2\/media?parent=6058"}],"wp:term":[{"taxonomy":"product_cat","embeddable":true,"href":"https:\/\/latin-curated.com\/en\/wp-json\/wp\/v2\/product_cat?post=6058"},{"taxonomy":"product_tag","embeddable":true,"href":"https:\/\/latin-curated.com\/en\/wp-json\/wp\/v2\/product_tag?post=6058"}],"curies":[{"name":"wp","href":"https:\/\/api.w.org\/{rel}","templated":true}]}}