{"id":6049,"date":"2021-08-25T22:21:24","date_gmt":"2021-08-25T22:21:24","guid":{"rendered":"https:\/\/latin-curated.com\/sitio\/?post_type=product&#038;p=6049"},"modified":"2021-08-25T22:21:25","modified_gmt":"2021-08-25T22:21:25","slug":"cayena-morada","status":"publish","type":"product","link":"https:\/\/latin-curated.com\/en\/producto\/cayena-morada\/","title":{"rendered":"CAYENA MORADA"},"content":{"rendered":"<p>&#8220;Calzado de tacon destalonado, estilo slingback. Capellada tejida en hilos de algodon, por artesanas de Charala, Santander. Suela en crupon, forro interno en cabrito suave.&#8221;<br \/>\nMATERIAL<br \/>\nHilos de Algod\u00f3n, Cabrito suave, Seda, Crupon.<\/p>\n","protected":false},"excerpt":{"rendered":"<p>&#8220;Calzado de tac\u00f3n destalonado, estilo slingback. Capellada tejida en hilos de algod\u00f3n, por artesanas de Charala, Santander. Suela en crupon, forro interno en cabrito suave.&#8221;<br \/>\nMATERIAL<br \/>\nHilos de Algod\u00f3n, Cabrito suave, Seda, Crupon.<\/p>\n","protected":false},"featured_media":6056,"comment_status":"open","ping_status":"closed","template":"","meta":{"_acf_changed":false},"product_cat":[15],"product_tag":[],"acf":[],"yoast_head":"<!-- This site is optimized with the Yoast SEO plugin v22.6 - https:\/\/yoast.com\/wordpress\/plugins\/seo\/ -->\n<title>CAYENA MORADA - Latin Curated<\/title>\n<meta name=\"robots\" content=\"index, follow, max-snippet:-1, max-image-preview:large, max-video-preview:-1\" \/>\n<link rel=\"canonical\" href=\"https:\/\/latin-curated.com\/en\/producto\/cayena-morada\/\" \/>\n<meta property=\"og:locale\" content=\"en_US\" \/>\n<meta property=\"og:type\" content=\"article\" \/>\n<meta property=\"og:title\" content=\"CAYENA MORADA - Latin Curated\" \/>\n<meta property=\"og:description\" content=\"&quot;Calzado de tac\u00f3n destalonado, estilo slingback. Capellada tejida en hilos de algod\u00f3n, por artesanas de Charala, Santander. Suela en crupon, forro interno en cabrito suave.&quot; MATERIAL Hilos de Algod\u00f3n, Cabrito suave, Seda, Crupon.\" \/>\n<meta property=\"og:url\" content=\"https:\/\/latin-curated.com\/en\/producto\/cayena-morada\/\" \/>\n<meta property=\"og:site_name\" content=\"Latin Curated\" \/>\n<meta property=\"article:modified_time\" content=\"2021-08-25T22:21:25+00:00\" \/>\n<meta property=\"og:image\" content=\"https:\/\/latin-curated.com\/sitio\/wp-content\/uploads\/2021\/08\/C.-MORADAS-1.jpg\" \/>\n\t<meta property=\"og:image:width\" content=\"1080\" \/>\n\t<meta property=\"og:image:height\" content=\"1020\" \/>\n\t<meta property=\"og:image:type\" content=\"image\/jpeg\" \/>\n<meta name=\"twitter:card\" content=\"summary_large_image\" \/>\n<script type=\"application\/ld+json\" class=\"yoast-schema-graph\">{\"@context\":\"https:\/\/schema.org\",\"@graph\":[{\"@type\":\"WebPage\",\"@id\":\"https:\/\/latin-curated.com\/en\/producto\/cayena-morada\/\",\"url\":\"https:\/\/latin-curated.com\/en\/producto\/cayena-morada\/\",\"name\":\"CAYENA MORADA - Latin Curated\",\"isPartOf\":{\"@id\":\"https:\/\/latin-curated.com\/#website\"},\"primaryImageOfPage\":{\"@id\":\"https:\/\/latin-curated.com\/en\/producto\/cayena-morada\/#primaryimage\"},\"image\":{\"@id\":\"https:\/\/latin-curated.com\/en\/producto\/cayena-morada\/#primaryimage\"},\"thumbnailUrl\":\"https:\/\/latin-curated.com\/sitio\/wp-content\/uploads\/2021\/08\/C.-MORADAS-1.jpg\",\"datePublished\":\"2021-08-25T22:21:24+00:00\",\"dateModified\":\"2021-08-25T22:21:25+00:00\",\"breadcrumb\":{\"@id\":\"https:\/\/latin-curated.com\/en\/producto\/cayena-morada\/#breadcrumb\"},\"inLanguage\":\"en-US\",\"potentialAction\":[{\"@type\":\"ReadAction\",\"target\":[\"https:\/\/latin-curated.com\/en\/producto\/cayena-morada\/\"]}]},{\"@type\":\"ImageObject\",\"inLanguage\":\"en-US\",\"@id\":\"https:\/\/latin-curated.com\/en\/producto\/cayena-morada\/#primaryimage\",\"url\":\"https:\/\/latin-curated.com\/sitio\/wp-content\/uploads\/2021\/08\/C.-MORADAS-1.jpg\",\"contentUrl\":\"https:\/\/latin-curated.com\/sitio\/wp-content\/uploads\/2021\/08\/C.-MORADAS-1.jpg\",\"width\":1080,\"height\":1020},{\"@type\":\"BreadcrumbList\",\"@id\":\"https:\/\/latin-curated.com\/en\/producto\/cayena-morada\/#breadcrumb\",\"itemListElement\":[{\"@type\":\"ListItem\",\"position\":1,\"name\":\"Portada\",\"item\":\"https:\/\/latin-curated.com\/en\/\"},{\"@type\":\"ListItem\",\"position\":2,\"name\":\"Tienda\",\"item\":\"https:\/\/latin-curated.com\/tienda\/\"},{\"@type\":\"ListItem\",\"position\":3,\"name\":\"CAYENA MORADA\"}]},{\"@type\":\"WebSite\",\"@id\":\"https:\/\/latin-curated.com\/#website\",\"url\":\"https:\/\/latin-curated.com\/\",\"name\":\"Latin Curated\",\"description\":\"Galer\u00eda Online\",\"publisher\":{\"@id\":\"https:\/\/latin-curated.com\/#organization\"},\"potentialAction\":[{\"@type\":\"SearchAction\",\"target\":{\"@type\":\"EntryPoint\",\"urlTemplate\":\"https:\/\/latin-curated.com\/?s={search_term_string}\"},\"query-input\":\"required name=search_term_string\"}],\"inLanguage\":\"en-US\"},{\"@type\":\"Organization\",\"@id\":\"https:\/\/latin-curated.com\/#organization\",\"name\":\"Latin Curated\",\"url\":\"https:\/\/latin-curated.com\/\",\"logo\":{\"@type\":\"ImageObject\",\"inLanguage\":\"en-US\",\"@id\":\"https:\/\/latin-curated.com\/#\/schema\/logo\/image\/\",\"url\":\"https:\/\/latin-curated.com\/sitio\/wp-content\/uploads\/2020\/11\/LatinCurated_Logo.png\",\"contentUrl\":\"https:\/\/latin-curated.com\/sitio\/wp-content\/uploads\/2020\/11\/LatinCurated_Logo.png\",\"width\":509,\"height\":65,\"caption\":\"Latin Curated\"},\"image\":{\"@id\":\"https:\/\/latin-curated.com\/#\/schema\/logo\/image\/\"}}]}<\/script>\n<!-- \/ Yoast SEO plugin. -->","yoast_head_json":{"title":"CAYENA MORADA - Latin Curated","robots":{"index":"index","follow":"follow","max-snippet":"max-snippet:-1","max-image-preview":"max-image-preview:large","max-video-preview":"max-video-preview:-1"},"canonical":"https:\/\/latin-curated.com\/en\/producto\/cayena-morada\/","og_locale":"en_US","og_type":"article","og_title":"CAYENA MORADA - Latin Curated","og_description":"\"Calzado de tac\u00f3n destalonado, estilo slingback. Capellada tejida en hilos de algod\u00f3n, por artesanas de Charala, Santander. Suela en crupon, forro interno en cabrito suave.\" MATERIAL Hilos de Algod\u00f3n, Cabrito suave, Seda, Crupon.","og_url":"https:\/\/latin-curated.com\/en\/producto\/cayena-morada\/","og_site_name":"Latin Curated","article_modified_time":"2021-08-25T22:21:25+00:00","og_image":[{"width":1080,"height":1020,"url":"https:\/\/latin-curated.com\/sitio\/wp-content\/uploads\/2021\/08\/C.-MORADAS-1.jpg","type":"image\/jpeg"}],"twitter_card":"summary_large_image","schema":{"@context":"https:\/\/schema.org","@graph":[{"@type":"WebPage","@id":"https:\/\/latin-curated.com\/en\/producto\/cayena-morada\/","url":"https:\/\/latin-curated.com\/en\/producto\/cayena-morada\/","name":"CAYENA MORADA - Latin Curated","isPartOf":{"@id":"https:\/\/latin-curated.com\/#website"},"primaryImageOfPage":{"@id":"https:\/\/latin-curated.com\/en\/producto\/cayena-morada\/#primaryimage"},"image":{"@id":"https:\/\/latin-curated.com\/en\/producto\/cayena-morada\/#primaryimage"},"thumbnailUrl":"https:\/\/latin-curated.com\/sitio\/wp-content\/uploads\/2021\/08\/C.-MORADAS-1.jpg","datePublished":"2021-08-25T22:21:24+00:00","dateModified":"2021-08-25T22:21:25+00:00","breadcrumb":{"@id":"https:\/\/latin-curated.com\/en\/producto\/cayena-morada\/#breadcrumb"},"inLanguage":"en-US","potentialAction":[{"@type":"ReadAction","target":["https:\/\/latin-curated.com\/en\/producto\/cayena-morada\/"]}]},{"@type":"ImageObject","inLanguage":"en-US","@id":"https:\/\/latin-curated.com\/en\/producto\/cayena-morada\/#primaryimage","url":"https:\/\/latin-curated.com\/sitio\/wp-content\/uploads\/2021\/08\/C.-MORADAS-1.jpg","contentUrl":"https:\/\/latin-curated.com\/sitio\/wp-content\/uploads\/2021\/08\/C.-MORADAS-1.jpg","width":1080,"height":1020},{"@type":"BreadcrumbList","@id":"https:\/\/latin-curated.com\/en\/producto\/cayena-morada\/#breadcrumb","itemListElement":[{"@type":"ListItem","position":1,"name":"Portada","item":"https:\/\/latin-curated.com\/en\/"},{"@type":"ListItem","position":2,"name":"Tienda","item":"https:\/\/latin-curated.com\/tienda\/"},{"@type":"ListItem","position":3,"name":"CAYENA MORADA"}]},{"@type":"WebSite","@id":"https:\/\/latin-curated.com\/#website","url":"https:\/\/latin-curated.com\/","name":"Latin Curated","description":"Galer\u00eda Online","publisher":{"@id":"https:\/\/latin-curated.com\/#organization"},"potentialAction":[{"@type":"SearchAction","target":{"@type":"EntryPoint","urlTemplate":"https:\/\/latin-curated.com\/?s={search_term_string}"},"query-input":"required name=search_term_string"}],"inLanguage":"en-US"},{"@type":"Organization","@id":"https:\/\/latin-curated.com\/#organization","name":"Latin Curated","url":"https:\/\/latin-curated.com\/","logo":{"@type":"ImageObject","inLanguage":"en-US","@id":"https:\/\/latin-curated.com\/#\/schema\/logo\/image\/","url":"https:\/\/latin-curated.com\/sitio\/wp-content\/uploads\/2020\/11\/LatinCurated_Logo.png","contentUrl":"https:\/\/latin-curated.com\/sitio\/wp-content\/uploads\/2020\/11\/LatinCurated_Logo.png","width":509,"height":65,"caption":"Latin Curated"},"image":{"@id":"https:\/\/latin-curated.com\/#\/schema\/logo\/image\/"}}]}},"_links":{"self":[{"href":"https:\/\/latin-curated.com\/en\/wp-json\/wp\/v2\/product\/6049"}],"collection":[{"href":"https:\/\/latin-curated.com\/en\/wp-json\/wp\/v2\/product"}],"about":[{"href":"https:\/\/latin-curated.com\/en\/wp-json\/wp\/v2\/types\/product"}],"replies":[{"embeddable":true,"href":"https:\/\/latin-curated.com\/en\/wp-json\/wp\/v2\/comments?post=6049"}],"wp:featuredmedia":[{"embeddable":true,"href":"https:\/\/latin-curated.com\/en\/wp-json\/wp\/v2\/media\/6056"}],"wp:attachment":[{"href":"https:\/\/latin-curated.com\/en\/wp-json\/wp\/v2\/media?parent=6049"}],"wp:term":[{"taxonomy":"product_cat","embeddable":true,"href":"https:\/\/latin-curated.com\/en\/wp-json\/wp\/v2\/product_cat?post=6049"},{"taxonomy":"product_tag","embeddable":true,"href":"https:\/\/latin-curated.com\/en\/wp-json\/wp\/v2\/product_tag?post=6049"}],"curies":[{"name":"wp","href":"https:\/\/api.w.org\/{rel}","templated":true}]}}