{"id":6005,"date":"2021-08-25T21:10:28","date_gmt":"2021-08-25T21:10:28","guid":{"rendered":"https:\/\/latin-curated.com\/sitio\/?post_type=product&#038;p=6005"},"modified":"2021-08-25T21:10:29","modified_gmt":"2021-08-25T21:10:29","slug":"terrana-palenque","status":"publish","type":"product","link":"https:\/\/latin-curated.com\/en\/producto\/terrana-palenque\/","title":{"rendered":"TERRANA PALENQUE"},"content":{"rendered":"<p>&#8220;Las TERRANAS, nuestra pieza emblem\u00e1tica, inspirada en los \u201cchocatos\u201d tradicionales utilizados por campesinos de Santander, Colombia. Nuestras TERRANAS son ensambladas por los presos de la c\u00e1rcel de San Gil.<\/p>\n<p>Lona negra de algod\u00f3n 100, bordada con hilo color marfil.&#8221;<\/p>\n<p>&#8220;100% lona de algod\u00f3n.<br \/>\n100% hilo de algod\u00f3n.<br \/>\nSuela de caucho antideslizante.<br \/>\nCorrea de cuero con logo repujado.<br \/>\nHecho en  Colombia.&#8221;<\/p>\n","protected":false},"excerpt":{"rendered":"<p>&#8220;Las TERRANAS, nuestra pieza emblem\u00e1tica, inspirada en los \u201cchocatos\u201d tradicionales utilizados por campesinos de Santander, Colombia. Nuestras TERRANAS son ensambladas por los presos de la c\u00e1rcel de San Gil.<\/p>\n<p>Lona negra de algod\u00f3n 100, bordada con hilo color marfil.&#8221;<\/p>\n<p>&#8220;100% lona de algod\u00f3n.<br \/>\n100% hilo de algod\u00f3n.<br \/>\nSuela de caucho antideslizante.<br \/>\nCorrea de cuero con logo repujado.<br \/>\nHecho en  Colombia.&#8221;<\/p>\n","protected":false},"featured_media":6012,"comment_status":"open","ping_status":"closed","template":"","meta":{"_acf_changed":false},"product_cat":[15],"product_tag":[],"acf":[],"yoast_head":"<!-- This site is optimized with the Yoast SEO plugin v22.6 - https:\/\/yoast.com\/wordpress\/plugins\/seo\/ -->\n<title>TERRANA PALENQUE - Latin Curated<\/title>\n<meta name=\"robots\" content=\"index, follow, max-snippet:-1, max-image-preview:large, max-video-preview:-1\" \/>\n<link rel=\"canonical\" href=\"https:\/\/latin-curated.com\/en\/producto\/terrana-palenque\/\" \/>\n<meta property=\"og:locale\" content=\"en_US\" \/>\n<meta property=\"og:type\" content=\"article\" \/>\n<meta property=\"og:title\" content=\"TERRANA PALENQUE - Latin Curated\" \/>\n<meta property=\"og:description\" content=\"&quot;Las TERRANAS, nuestra pieza emblem\u00e1tica, inspirada en los \u201cchocatos\u201d tradicionales utilizados por campesinos de Santander, Colombia. Nuestras TERRANAS son ensambladas por los presos de la c\u00e1rcel de San Gil.  Lona negra de algod\u00f3n 100, bordada con hilo color marfil.&quot;  &quot;100% lona de algod\u00f3n.  100% hilo de algod\u00f3n. Suela de caucho antideslizante. Correa de cuero con logo repujado. Hecho en Colombia.&quot;\" \/>\n<meta property=\"og:url\" content=\"https:\/\/latin-curated.com\/en\/producto\/terrana-palenque\/\" \/>\n<meta property=\"og:site_name\" content=\"Latin Curated\" \/>\n<meta property=\"article:modified_time\" content=\"2021-08-25T21:10:29+00:00\" \/>\n<meta property=\"og:image\" content=\"https:\/\/latin-curated.com\/sitio\/wp-content\/uploads\/2021\/08\/PALENQUE-1.jpg\" \/>\n\t<meta property=\"og:image:width\" content=\"1080\" \/>\n\t<meta property=\"og:image:height\" content=\"1020\" \/>\n\t<meta property=\"og:image:type\" content=\"image\/jpeg\" \/>\n<meta name=\"twitter:card\" content=\"summary_large_image\" \/>\n<script type=\"application\/ld+json\" class=\"yoast-schema-graph\">{\"@context\":\"https:\/\/schema.org\",\"@graph\":[{\"@type\":\"WebPage\",\"@id\":\"https:\/\/latin-curated.com\/en\/producto\/terrana-palenque\/\",\"url\":\"https:\/\/latin-curated.com\/en\/producto\/terrana-palenque\/\",\"name\":\"TERRANA PALENQUE - Latin Curated\",\"isPartOf\":{\"@id\":\"https:\/\/latin-curated.com\/#website\"},\"primaryImageOfPage\":{\"@id\":\"https:\/\/latin-curated.com\/en\/producto\/terrana-palenque\/#primaryimage\"},\"image\":{\"@id\":\"https:\/\/latin-curated.com\/en\/producto\/terrana-palenque\/#primaryimage\"},\"thumbnailUrl\":\"https:\/\/latin-curated.com\/sitio\/wp-content\/uploads\/2021\/08\/PALENQUE-1.jpg\",\"datePublished\":\"2021-08-25T21:10:28+00:00\",\"dateModified\":\"2021-08-25T21:10:29+00:00\",\"breadcrumb\":{\"@id\":\"https:\/\/latin-curated.com\/en\/producto\/terrana-palenque\/#breadcrumb\"},\"inLanguage\":\"en-US\",\"potentialAction\":[{\"@type\":\"ReadAction\",\"target\":[\"https:\/\/latin-curated.com\/en\/producto\/terrana-palenque\/\"]}]},{\"@type\":\"ImageObject\",\"inLanguage\":\"en-US\",\"@id\":\"https:\/\/latin-curated.com\/en\/producto\/terrana-palenque\/#primaryimage\",\"url\":\"https:\/\/latin-curated.com\/sitio\/wp-content\/uploads\/2021\/08\/PALENQUE-1.jpg\",\"contentUrl\":\"https:\/\/latin-curated.com\/sitio\/wp-content\/uploads\/2021\/08\/PALENQUE-1.jpg\",\"width\":1080,\"height\":1020},{\"@type\":\"BreadcrumbList\",\"@id\":\"https:\/\/latin-curated.com\/en\/producto\/terrana-palenque\/#breadcrumb\",\"itemListElement\":[{\"@type\":\"ListItem\",\"position\":1,\"name\":\"Portada\",\"item\":\"https:\/\/latin-curated.com\/en\/\"},{\"@type\":\"ListItem\",\"position\":2,\"name\":\"Tienda\",\"item\":\"https:\/\/latin-curated.com\/tienda\/\"},{\"@type\":\"ListItem\",\"position\":3,\"name\":\"TERRANA PALENQUE\"}]},{\"@type\":\"WebSite\",\"@id\":\"https:\/\/latin-curated.com\/#website\",\"url\":\"https:\/\/latin-curated.com\/\",\"name\":\"Latin Curated\",\"description\":\"Galer\u00eda Online\",\"publisher\":{\"@id\":\"https:\/\/latin-curated.com\/#organization\"},\"potentialAction\":[{\"@type\":\"SearchAction\",\"target\":{\"@type\":\"EntryPoint\",\"urlTemplate\":\"https:\/\/latin-curated.com\/?s={search_term_string}\"},\"query-input\":\"required name=search_term_string\"}],\"inLanguage\":\"en-US\"},{\"@type\":\"Organization\",\"@id\":\"https:\/\/latin-curated.com\/#organization\",\"name\":\"Latin Curated\",\"url\":\"https:\/\/latin-curated.com\/\",\"logo\":{\"@type\":\"ImageObject\",\"inLanguage\":\"en-US\",\"@id\":\"https:\/\/latin-curated.com\/#\/schema\/logo\/image\/\",\"url\":\"https:\/\/latin-curated.com\/sitio\/wp-content\/uploads\/2020\/11\/LatinCurated_Logo.png\",\"contentUrl\":\"https:\/\/latin-curated.com\/sitio\/wp-content\/uploads\/2020\/11\/LatinCurated_Logo.png\",\"width\":509,\"height\":65,\"caption\":\"Latin Curated\"},\"image\":{\"@id\":\"https:\/\/latin-curated.com\/#\/schema\/logo\/image\/\"}}]}<\/script>\n<!-- \/ Yoast SEO plugin. -->","yoast_head_json":{"title":"TERRANA PALENQUE - Latin Curated","robots":{"index":"index","follow":"follow","max-snippet":"max-snippet:-1","max-image-preview":"max-image-preview:large","max-video-preview":"max-video-preview:-1"},"canonical":"https:\/\/latin-curated.com\/en\/producto\/terrana-palenque\/","og_locale":"en_US","og_type":"article","og_title":"TERRANA PALENQUE - Latin Curated","og_description":"\"Las TERRANAS, nuestra pieza emblem\u00e1tica, inspirada en los \u201cchocatos\u201d tradicionales utilizados por campesinos de Santander, Colombia. Nuestras TERRANAS son ensambladas por los presos de la c\u00e1rcel de San Gil.  Lona negra de algod\u00f3n 100, bordada con hilo color marfil.\"  \"100% lona de algod\u00f3n.  100% hilo de algod\u00f3n. Suela de caucho antideslizante. Correa de cuero con logo repujado. Hecho en Colombia.\"","og_url":"https:\/\/latin-curated.com\/en\/producto\/terrana-palenque\/","og_site_name":"Latin Curated","article_modified_time":"2021-08-25T21:10:29+00:00","og_image":[{"width":1080,"height":1020,"url":"https:\/\/latin-curated.com\/sitio\/wp-content\/uploads\/2021\/08\/PALENQUE-1.jpg","type":"image\/jpeg"}],"twitter_card":"summary_large_image","schema":{"@context":"https:\/\/schema.org","@graph":[{"@type":"WebPage","@id":"https:\/\/latin-curated.com\/en\/producto\/terrana-palenque\/","url":"https:\/\/latin-curated.com\/en\/producto\/terrana-palenque\/","name":"TERRANA PALENQUE - Latin Curated","isPartOf":{"@id":"https:\/\/latin-curated.com\/#website"},"primaryImageOfPage":{"@id":"https:\/\/latin-curated.com\/en\/producto\/terrana-palenque\/#primaryimage"},"image":{"@id":"https:\/\/latin-curated.com\/en\/producto\/terrana-palenque\/#primaryimage"},"thumbnailUrl":"https:\/\/latin-curated.com\/sitio\/wp-content\/uploads\/2021\/08\/PALENQUE-1.jpg","datePublished":"2021-08-25T21:10:28+00:00","dateModified":"2021-08-25T21:10:29+00:00","breadcrumb":{"@id":"https:\/\/latin-curated.com\/en\/producto\/terrana-palenque\/#breadcrumb"},"inLanguage":"en-US","potentialAction":[{"@type":"ReadAction","target":["https:\/\/latin-curated.com\/en\/producto\/terrana-palenque\/"]}]},{"@type":"ImageObject","inLanguage":"en-US","@id":"https:\/\/latin-curated.com\/en\/producto\/terrana-palenque\/#primaryimage","url":"https:\/\/latin-curated.com\/sitio\/wp-content\/uploads\/2021\/08\/PALENQUE-1.jpg","contentUrl":"https:\/\/latin-curated.com\/sitio\/wp-content\/uploads\/2021\/08\/PALENQUE-1.jpg","width":1080,"height":1020},{"@type":"BreadcrumbList","@id":"https:\/\/latin-curated.com\/en\/producto\/terrana-palenque\/#breadcrumb","itemListElement":[{"@type":"ListItem","position":1,"name":"Portada","item":"https:\/\/latin-curated.com\/en\/"},{"@type":"ListItem","position":2,"name":"Tienda","item":"https:\/\/latin-curated.com\/tienda\/"},{"@type":"ListItem","position":3,"name":"TERRANA PALENQUE"}]},{"@type":"WebSite","@id":"https:\/\/latin-curated.com\/#website","url":"https:\/\/latin-curated.com\/","name":"Latin Curated","description":"Galer\u00eda Online","publisher":{"@id":"https:\/\/latin-curated.com\/#organization"},"potentialAction":[{"@type":"SearchAction","target":{"@type":"EntryPoint","urlTemplate":"https:\/\/latin-curated.com\/?s={search_term_string}"},"query-input":"required name=search_term_string"}],"inLanguage":"en-US"},{"@type":"Organization","@id":"https:\/\/latin-curated.com\/#organization","name":"Latin Curated","url":"https:\/\/latin-curated.com\/","logo":{"@type":"ImageObject","inLanguage":"en-US","@id":"https:\/\/latin-curated.com\/#\/schema\/logo\/image\/","url":"https:\/\/latin-curated.com\/sitio\/wp-content\/uploads\/2020\/11\/LatinCurated_Logo.png","contentUrl":"https:\/\/latin-curated.com\/sitio\/wp-content\/uploads\/2020\/11\/LatinCurated_Logo.png","width":509,"height":65,"caption":"Latin Curated"},"image":{"@id":"https:\/\/latin-curated.com\/#\/schema\/logo\/image\/"}}]}},"_links":{"self":[{"href":"https:\/\/latin-curated.com\/en\/wp-json\/wp\/v2\/product\/6005"}],"collection":[{"href":"https:\/\/latin-curated.com\/en\/wp-json\/wp\/v2\/product"}],"about":[{"href":"https:\/\/latin-curated.com\/en\/wp-json\/wp\/v2\/types\/product"}],"replies":[{"embeddable":true,"href":"https:\/\/latin-curated.com\/en\/wp-json\/wp\/v2\/comments?post=6005"}],"wp:featuredmedia":[{"embeddable":true,"href":"https:\/\/latin-curated.com\/en\/wp-json\/wp\/v2\/media\/6012"}],"wp:attachment":[{"href":"https:\/\/latin-curated.com\/en\/wp-json\/wp\/v2\/media?parent=6005"}],"wp:term":[{"taxonomy":"product_cat","embeddable":true,"href":"https:\/\/latin-curated.com\/en\/wp-json\/wp\/v2\/product_cat?post=6005"},{"taxonomy":"product_tag","embeddable":true,"href":"https:\/\/latin-curated.com\/en\/wp-json\/wp\/v2\/product_tag?post=6005"}],"curies":[{"name":"wp","href":"https:\/\/api.w.org\/{rel}","templated":true}]}}