{"id":51,"date":"2020-06-05T01:38:35","date_gmt":"2020-06-05T01:38:35","guid":{"rendered":"https:\/\/latin-curated.com\/sitio\/?post_type=product&#038;p=51"},"modified":"2020-07-29T20:01:43","modified_gmt":"2020-07-29T20:01:43","slug":"felt-straw-hat","status":"publish","type":"product","link":"https:\/\/latin-curated.com\/en\/producto\/felt-straw-hat\/","title":{"rendered":"FELT &#038; STRAW HAT"},"content":{"rendered":"<p>Sombrero cordob\u00e9s en paja de palma de iraca color nogal en la copa lleva una mola de la comunidad Kuna Tule del Urab\u00e1, lleva un sesgo en algod\u00f3n alrededor de la copa. Composici\u00f3n: Paja de palma de iraca nogal y mola en algod\u00f3n.<\/p>\n","protected":false},"excerpt":{"rendered":"<p>Sombrero cordob\u00e9s en paja de palma de iraca color nogal en la copa lleva una mola de la comunidad Kuna Tule del Urab\u00e1, lleva un sesgo en algod\u00f3n alrededor de la copa. Composici\u00f3n: Paja de palma de iraca nogal y mola en algod\u00f3n.<\/p>\n","protected":false},"featured_media":52,"comment_status":"open","ping_status":"closed","template":"","meta":{"_acf_changed":false},"product_cat":[97,100,104,105,94,60],"product_tag":[212,219,211],"acf":[],"yoast_head":"<!-- This site is optimized with the Yoast SEO plugin v22.6 - https:\/\/yoast.com\/wordpress\/plugins\/seo\/ -->\n<title>FELT &amp; STRAW HAT - Latin Curated<\/title>\n<meta name=\"robots\" content=\"index, follow, max-snippet:-1, max-image-preview:large, max-video-preview:-1\" \/>\n<link rel=\"canonical\" href=\"https:\/\/latin-curated.com\/producto\/felt-straw-hat\/\" \/>\n<meta property=\"og:locale\" content=\"en_US\" \/>\n<meta property=\"og:type\" content=\"article\" \/>\n<meta property=\"og:title\" content=\"FELT &amp; STRAW HAT - Latin Curated\" \/>\n<meta property=\"og:description\" content=\"Sombrero cordob\u00e9s en paja de palma de iraca color nogal en la copa lleva una mola de la comunidad Kuna Tule del Urab\u00e1, lleva un sesgo en algod\u00f3n alrededor de la copa. Composici\u00f3n: Paja de palma de iraca nogal y mola en algod\u00f3n.\" \/>\n<meta property=\"og:url\" content=\"https:\/\/latin-curated.com\/producto\/felt-straw-hat\/\" \/>\n<meta property=\"og:site_name\" content=\"Latin Curated\" \/>\n<meta property=\"article:modified_time\" content=\"2020-07-29T20:01:43+00:00\" \/>\n<meta property=\"og:image\" content=\"https:\/\/latin-curated.com\/sitio\/wp-content\/uploads\/2020\/06\/feltStrawHatSF.jpg\" \/>\n\t<meta property=\"og:image:width\" content=\"530\" \/>\n\t<meta property=\"og:image:height\" content=\"885\" \/>\n\t<meta property=\"og:image:type\" content=\"image\/jpeg\" \/>\n<meta name=\"twitter:card\" content=\"summary_large_image\" \/>\n<script type=\"application\/ld+json\" class=\"yoast-schema-graph\">{\"@context\":\"https:\/\/schema.org\",\"@graph\":[{\"@type\":\"WebPage\",\"@id\":\"https:\/\/latin-curated.com\/producto\/felt-straw-hat\/\",\"url\":\"https:\/\/latin-curated.com\/producto\/felt-straw-hat\/\",\"name\":\"FELT & STRAW HAT - Latin Curated\",\"isPartOf\":{\"@id\":\"https:\/\/latin-curated.com\/#website\"},\"primaryImageOfPage\":{\"@id\":\"https:\/\/latin-curated.com\/producto\/felt-straw-hat\/#primaryimage\"},\"image\":{\"@id\":\"https:\/\/latin-curated.com\/producto\/felt-straw-hat\/#primaryimage\"},\"thumbnailUrl\":\"https:\/\/latin-curated.com\/sitio\/wp-content\/uploads\/2020\/06\/feltStrawHatSF.jpg\",\"datePublished\":\"2020-06-05T01:38:35+00:00\",\"dateModified\":\"2020-07-29T20:01:43+00:00\",\"breadcrumb\":{\"@id\":\"https:\/\/latin-curated.com\/producto\/felt-straw-hat\/#breadcrumb\"},\"inLanguage\":\"en-US\",\"potentialAction\":[{\"@type\":\"ReadAction\",\"target\":[\"https:\/\/latin-curated.com\/producto\/felt-straw-hat\/\"]}]},{\"@type\":\"ImageObject\",\"inLanguage\":\"en-US\",\"@id\":\"https:\/\/latin-curated.com\/producto\/felt-straw-hat\/#primaryimage\",\"url\":\"https:\/\/latin-curated.com\/sitio\/wp-content\/uploads\/2020\/06\/feltStrawHatSF.jpg\",\"contentUrl\":\"https:\/\/latin-curated.com\/sitio\/wp-content\/uploads\/2020\/06\/feltStrawHatSF.jpg\",\"width\":530,\"height\":885},{\"@type\":\"BreadcrumbList\",\"@id\":\"https:\/\/latin-curated.com\/producto\/felt-straw-hat\/#breadcrumb\",\"itemListElement\":[{\"@type\":\"ListItem\",\"position\":1,\"name\":\"Portada\",\"item\":\"https:\/\/latin-curated.com\/en\/\"},{\"@type\":\"ListItem\",\"position\":2,\"name\":\"Tienda\",\"item\":\"https:\/\/latin-curated.com\/tienda\/\"},{\"@type\":\"ListItem\",\"position\":3,\"name\":\"FELT &#038; STRAW HAT\"}]},{\"@type\":\"WebSite\",\"@id\":\"https:\/\/latin-curated.com\/#website\",\"url\":\"https:\/\/latin-curated.com\/\",\"name\":\"Latin Curated\",\"description\":\"Galer\u00eda Online\",\"publisher\":{\"@id\":\"https:\/\/latin-curated.com\/#organization\"},\"potentialAction\":[{\"@type\":\"SearchAction\",\"target\":{\"@type\":\"EntryPoint\",\"urlTemplate\":\"https:\/\/latin-curated.com\/?s={search_term_string}\"},\"query-input\":\"required name=search_term_string\"}],\"inLanguage\":\"en-US\"},{\"@type\":\"Organization\",\"@id\":\"https:\/\/latin-curated.com\/#organization\",\"name\":\"Latin Curated\",\"url\":\"https:\/\/latin-curated.com\/\",\"logo\":{\"@type\":\"ImageObject\",\"inLanguage\":\"en-US\",\"@id\":\"https:\/\/latin-curated.com\/#\/schema\/logo\/image\/\",\"url\":\"https:\/\/latin-curated.com\/sitio\/wp-content\/uploads\/2020\/11\/LatinCurated_Logo.png\",\"contentUrl\":\"https:\/\/latin-curated.com\/sitio\/wp-content\/uploads\/2020\/11\/LatinCurated_Logo.png\",\"width\":509,\"height\":65,\"caption\":\"Latin Curated\"},\"image\":{\"@id\":\"https:\/\/latin-curated.com\/#\/schema\/logo\/image\/\"}}]}<\/script>\n<!-- \/ Yoast SEO plugin. -->","yoast_head_json":{"title":"FELT & STRAW HAT - Latin Curated","robots":{"index":"index","follow":"follow","max-snippet":"max-snippet:-1","max-image-preview":"max-image-preview:large","max-video-preview":"max-video-preview:-1"},"canonical":"https:\/\/latin-curated.com\/producto\/felt-straw-hat\/","og_locale":"en_US","og_type":"article","og_title":"FELT & STRAW HAT - Latin Curated","og_description":"Sombrero cordob\u00e9s en paja de palma de iraca color nogal en la copa lleva una mola de la comunidad Kuna Tule del Urab\u00e1, lleva un sesgo en algod\u00f3n alrededor de la copa. Composici\u00f3n: Paja de palma de iraca nogal y mola en algod\u00f3n.","og_url":"https:\/\/latin-curated.com\/producto\/felt-straw-hat\/","og_site_name":"Latin Curated","article_modified_time":"2020-07-29T20:01:43+00:00","og_image":[{"width":530,"height":885,"url":"https:\/\/latin-curated.com\/sitio\/wp-content\/uploads\/2020\/06\/feltStrawHatSF.jpg","type":"image\/jpeg"}],"twitter_card":"summary_large_image","schema":{"@context":"https:\/\/schema.org","@graph":[{"@type":"WebPage","@id":"https:\/\/latin-curated.com\/producto\/felt-straw-hat\/","url":"https:\/\/latin-curated.com\/producto\/felt-straw-hat\/","name":"FELT & STRAW HAT - Latin Curated","isPartOf":{"@id":"https:\/\/latin-curated.com\/#website"},"primaryImageOfPage":{"@id":"https:\/\/latin-curated.com\/producto\/felt-straw-hat\/#primaryimage"},"image":{"@id":"https:\/\/latin-curated.com\/producto\/felt-straw-hat\/#primaryimage"},"thumbnailUrl":"https:\/\/latin-curated.com\/sitio\/wp-content\/uploads\/2020\/06\/feltStrawHatSF.jpg","datePublished":"2020-06-05T01:38:35+00:00","dateModified":"2020-07-29T20:01:43+00:00","breadcrumb":{"@id":"https:\/\/latin-curated.com\/producto\/felt-straw-hat\/#breadcrumb"},"inLanguage":"en-US","potentialAction":[{"@type":"ReadAction","target":["https:\/\/latin-curated.com\/producto\/felt-straw-hat\/"]}]},{"@type":"ImageObject","inLanguage":"en-US","@id":"https:\/\/latin-curated.com\/producto\/felt-straw-hat\/#primaryimage","url":"https:\/\/latin-curated.com\/sitio\/wp-content\/uploads\/2020\/06\/feltStrawHatSF.jpg","contentUrl":"https:\/\/latin-curated.com\/sitio\/wp-content\/uploads\/2020\/06\/feltStrawHatSF.jpg","width":530,"height":885},{"@type":"BreadcrumbList","@id":"https:\/\/latin-curated.com\/producto\/felt-straw-hat\/#breadcrumb","itemListElement":[{"@type":"ListItem","position":1,"name":"Portada","item":"https:\/\/latin-curated.com\/en\/"},{"@type":"ListItem","position":2,"name":"Tienda","item":"https:\/\/latin-curated.com\/tienda\/"},{"@type":"ListItem","position":3,"name":"FELT &#038; STRAW HAT"}]},{"@type":"WebSite","@id":"https:\/\/latin-curated.com\/#website","url":"https:\/\/latin-curated.com\/","name":"Latin Curated","description":"Galer\u00eda Online","publisher":{"@id":"https:\/\/latin-curated.com\/#organization"},"potentialAction":[{"@type":"SearchAction","target":{"@type":"EntryPoint","urlTemplate":"https:\/\/latin-curated.com\/?s={search_term_string}"},"query-input":"required name=search_term_string"}],"inLanguage":"en-US"},{"@type":"Organization","@id":"https:\/\/latin-curated.com\/#organization","name":"Latin Curated","url":"https:\/\/latin-curated.com\/","logo":{"@type":"ImageObject","inLanguage":"en-US","@id":"https:\/\/latin-curated.com\/#\/schema\/logo\/image\/","url":"https:\/\/latin-curated.com\/sitio\/wp-content\/uploads\/2020\/11\/LatinCurated_Logo.png","contentUrl":"https:\/\/latin-curated.com\/sitio\/wp-content\/uploads\/2020\/11\/LatinCurated_Logo.png","width":509,"height":65,"caption":"Latin Curated"},"image":{"@id":"https:\/\/latin-curated.com\/#\/schema\/logo\/image\/"}}]}},"_links":{"self":[{"href":"https:\/\/latin-curated.com\/en\/wp-json\/wp\/v2\/product\/51"}],"collection":[{"href":"https:\/\/latin-curated.com\/en\/wp-json\/wp\/v2\/product"}],"about":[{"href":"https:\/\/latin-curated.com\/en\/wp-json\/wp\/v2\/types\/product"}],"replies":[{"embeddable":true,"href":"https:\/\/latin-curated.com\/en\/wp-json\/wp\/v2\/comments?post=51"}],"wp:featuredmedia":[{"embeddable":true,"href":"https:\/\/latin-curated.com\/en\/wp-json\/wp\/v2\/media\/52"}],"wp:attachment":[{"href":"https:\/\/latin-curated.com\/en\/wp-json\/wp\/v2\/media?parent=51"}],"wp:term":[{"taxonomy":"product_cat","embeddable":true,"href":"https:\/\/latin-curated.com\/en\/wp-json\/wp\/v2\/product_cat?post=51"},{"taxonomy":"product_tag","embeddable":true,"href":"https:\/\/latin-curated.com\/en\/wp-json\/wp\/v2\/product_tag?post=51"}],"curies":[{"name":"wp","href":"https:\/\/api.w.org\/{rel}","templated":true}]}}