{"id":5014,"date":"2021-05-13T19:49:40","date_gmt":"2021-05-13T19:49:40","guid":{"rendered":"https:\/\/latin-curated.com\/sitio\/?post_type=product&#038;p=5014"},"modified":"2021-05-13T19:49:40","modified_gmt":"2021-05-13T19:49:40","slug":"maxi-vestido-jungla-arcoiris","status":"publish","type":"product","link":"https:\/\/latin-curated.com\/en\/producto\/maxi-vestido-jungla-arcoiris\/","title":{"rendered":"Maxi Vestido Jungla Arco\u00edris"},"content":{"rendered":"<p><span data-sheets-value=\"{&quot;1&quot;:2,&quot;2&quot;:&quot;Estampado Jungla Arco\u00edris. Tela Ilustrada - Poliester Reciclado. Esta selva de colores est\u00e1 llena de vida porque el delf\u00edn rosado, el mono tit\u00ed del Caquet\u00e1, el jaguar y las orqu\u00eddeas silvestres lo llenan de vitalidad todos los d\u00edas. Este estampado con alma de arco\u00edris es una interpretaci\u00f3n al estilo de infinita estampa del Amazonas colombiano al que le debemos cuidado, respeto y amor.&quot;}\" data-sheets-userformat=\"{&quot;2&quot;:14845,&quot;3&quot;:{&quot;1&quot;:0,&quot;3&quot;:1},&quot;5&quot;:{&quot;1&quot;:[{&quot;1&quot;:2,&quot;2&quot;:0,&quot;5&quot;:{&quot;1&quot;:2,&quot;2&quot;:0}},{&quot;1&quot;:0,&quot;2&quot;:0,&quot;3&quot;:3},{&quot;1&quot;:1,&quot;2&quot;:0,&quot;4&quot;:1}]},&quot;6&quot;:{&quot;1&quot;:[{&quot;1&quot;:2,&quot;2&quot;:0,&quot;5&quot;:{&quot;1&quot;:2,&quot;2&quot;:0}},{&quot;1&quot;:0,&quot;2&quot;:0,&quot;3&quot;:3},{&quot;1&quot;:1,&quot;2&quot;:0,&quot;4&quot;:1}]},&quot;7&quot;:{&quot;1&quot;:[{&quot;1&quot;:2,&quot;2&quot;:0,&quot;5&quot;:{&quot;1&quot;:2,&quot;2&quot;:0}},{&quot;1&quot;:0,&quot;2&quot;:0,&quot;3&quot;:3},{&quot;1&quot;:1,&quot;2&quot;:0,&quot;4&quot;:1}]},&quot;8&quot;:{&quot;1&quot;:[{&quot;1&quot;:2,&quot;2&quot;:0,&quot;5&quot;:{&quot;1&quot;:2,&quot;2&quot;:0}},{&quot;1&quot;:0,&quot;2&quot;:0,&quot;3&quot;:3},{&quot;1&quot;:1,&quot;2&quot;:0,&quot;4&quot;:1}]},&quot;9&quot;:1,&quot;10&quot;:1,&quot;11&quot;:4,&quot;14&quot;:{&quot;1&quot;:2,&quot;2&quot;:0},&quot;15&quot;:&quot;Century Gothic&quot;,&quot;16&quot;:11}\">Estampado Jungla Arco\u00edris. Tela Ilustrada &#8211; Poliester Reciclado. Esta selva de colores est\u00e1 llena de vida porque el delf\u00edn rosado, el mono tit\u00ed del Caquet\u00e1, el jaguar y las orqu\u00eddeas silvestres lo llenan de vitalidad todos los d\u00edas. Este estampado con alma de arco\u00edris es una interpretaci\u00f3n al estilo de infinita estampa del Amazonas colombiano al que le debemos cuidado, respeto y amor.<\/span><\/p>\n","protected":false},"excerpt":{"rendered":"<p><span data-sheets-value=\"{&quot;1&quot;:2,&quot;2&quot;:&quot;Estampado Jungla Arco\u00edris. Tela Ilustrada - Poliester Reciclado. Esta selva de colores est\u00e1 llena de vida porque el delf\u00edn rosado, el mono tit\u00ed del Caquet\u00e1, el jaguar y las orqu\u00eddeas silvestres lo llenan de vitalidad todos los d\u00edas. Este estampado con alma de arco\u00edris es una interpretaci\u00f3n al estilo de infinita estampa del Amazonas colombiano al que le debemos cuidado, respeto y amor.&quot;}\" data-sheets-userformat=\"{&quot;2&quot;:14845,&quot;3&quot;:{&quot;1&quot;:0,&quot;3&quot;:1},&quot;5&quot;:{&quot;1&quot;:[{&quot;1&quot;:2,&quot;2&quot;:0,&quot;5&quot;:{&quot;1&quot;:2,&quot;2&quot;:0}},{&quot;1&quot;:0,&quot;2&quot;:0,&quot;3&quot;:3},{&quot;1&quot;:1,&quot;2&quot;:0,&quot;4&quot;:1}]},&quot;6&quot;:{&quot;1&quot;:[{&quot;1&quot;:2,&quot;2&quot;:0,&quot;5&quot;:{&quot;1&quot;:2,&quot;2&quot;:0}},{&quot;1&quot;:0,&quot;2&quot;:0,&quot;3&quot;:3},{&quot;1&quot;:1,&quot;2&quot;:0,&quot;4&quot;:1}]},&quot;7&quot;:{&quot;1&quot;:[{&quot;1&quot;:2,&quot;2&quot;:0,&quot;5&quot;:{&quot;1&quot;:2,&quot;2&quot;:0}},{&quot;1&quot;:0,&quot;2&quot;:0,&quot;3&quot;:3},{&quot;1&quot;:1,&quot;2&quot;:0,&quot;4&quot;:1}]},&quot;8&quot;:{&quot;1&quot;:[{&quot;1&quot;:2,&quot;2&quot;:0,&quot;5&quot;:{&quot;1&quot;:2,&quot;2&quot;:0}},{&quot;1&quot;:0,&quot;2&quot;:0,&quot;3&quot;:3},{&quot;1&quot;:1,&quot;2&quot;:0,&quot;4&quot;:1}]},&quot;9&quot;:1,&quot;10&quot;:1,&quot;11&quot;:4,&quot;14&quot;:{&quot;1&quot;:2,&quot;2&quot;:0},&quot;15&quot;:&quot;Century Gothic&quot;,&quot;16&quot;:11}\">Estampado Jungla Arco\u00edris. Tela Ilustrada &#8211; Poliester Reciclado. Esta selva de colores est\u00e1 llena de vida porque el delf\u00edn rosado, el mono tit\u00ed del Caquet\u00e1, el jaguar y las orqu\u00eddeas silvestres lo llenan de vitalidad todos los d\u00edas. Este estampado con alma de arco\u00edris es una interpretaci\u00f3n al estilo de infinita estampa del Amazonas colombiano al que le debemos cuidado, respeto y amor.<\/span><\/p>\n","protected":false},"featured_media":5015,"comment_status":"open","ping_status":"closed","template":"","meta":{"_acf_changed":false},"product_cat":[621],"product_tag":[],"acf":[],"yoast_head":"<!-- This site is optimized with the Yoast SEO plugin v22.6 - https:\/\/yoast.com\/wordpress\/plugins\/seo\/ -->\n<title>Maxi Vestido Jungla Arco\u00edris - Latin Curated<\/title>\n<meta name=\"robots\" content=\"index, follow, max-snippet:-1, max-image-preview:large, max-video-preview:-1\" \/>\n<link rel=\"canonical\" href=\"https:\/\/latin-curated.com\/producto\/maxi-vestido-jungla-arcoiris\/\" \/>\n<meta property=\"og:locale\" content=\"en_US\" \/>\n<meta property=\"og:type\" content=\"article\" \/>\n<meta property=\"og:title\" content=\"Maxi Vestido Jungla Arco\u00edris - Latin Curated\" \/>\n<meta property=\"og:description\" content=\"Estampado Jungla Arco\u00edris. Tela Ilustrada - Poliester Reciclado. Esta selva de colores est\u00e1 llena de vida porque el delf\u00edn rosado, el mono tit\u00ed del Caquet\u00e1, el jaguar y las orqu\u00eddeas silvestres lo llenan de vitalidad todos los d\u00edas. Este estampado con alma de arco\u00edris es una interpretaci\u00f3n al estilo de infinita estampa del Amazonas colombiano al que le debemos cuidado, respeto y amor.\" \/>\n<meta property=\"og:url\" content=\"https:\/\/latin-curated.com\/producto\/maxi-vestido-jungla-arcoiris\/\" \/>\n<meta property=\"og:site_name\" content=\"Latin Curated\" \/>\n<meta property=\"og:image\" content=\"https:\/\/latin-curated.com\/sitio\/wp-content\/uploads\/2021\/05\/01.jpg\" \/>\n\t<meta property=\"og:image:width\" content=\"1080\" \/>\n\t<meta property=\"og:image:height\" content=\"1080\" \/>\n\t<meta property=\"og:image:type\" content=\"image\/jpeg\" \/>\n<meta name=\"twitter:card\" content=\"summary_large_image\" \/>\n<meta name=\"twitter:label1\" content=\"Est. reading time\" \/>\n\t<meta name=\"twitter:data1\" content=\"1 minute\" \/>\n<script type=\"application\/ld+json\" class=\"yoast-schema-graph\">{\"@context\":\"https:\/\/schema.org\",\"@graph\":[{\"@type\":\"WebPage\",\"@id\":\"https:\/\/latin-curated.com\/producto\/maxi-vestido-jungla-arcoiris\/\",\"url\":\"https:\/\/latin-curated.com\/producto\/maxi-vestido-jungla-arcoiris\/\",\"name\":\"Maxi Vestido Jungla Arco\u00edris - Latin Curated\",\"isPartOf\":{\"@id\":\"https:\/\/latin-curated.com\/#website\"},\"primaryImageOfPage\":{\"@id\":\"https:\/\/latin-curated.com\/producto\/maxi-vestido-jungla-arcoiris\/#primaryimage\"},\"image\":{\"@id\":\"https:\/\/latin-curated.com\/producto\/maxi-vestido-jungla-arcoiris\/#primaryimage\"},\"thumbnailUrl\":\"https:\/\/latin-curated.com\/sitio\/wp-content\/uploads\/2021\/05\/01.jpg\",\"datePublished\":\"2021-05-13T19:49:40+00:00\",\"dateModified\":\"2021-05-13T19:49:40+00:00\",\"breadcrumb\":{\"@id\":\"https:\/\/latin-curated.com\/producto\/maxi-vestido-jungla-arcoiris\/#breadcrumb\"},\"inLanguage\":\"en-US\",\"potentialAction\":[{\"@type\":\"ReadAction\",\"target\":[\"https:\/\/latin-curated.com\/producto\/maxi-vestido-jungla-arcoiris\/\"]}]},{\"@type\":\"ImageObject\",\"inLanguage\":\"en-US\",\"@id\":\"https:\/\/latin-curated.com\/producto\/maxi-vestido-jungla-arcoiris\/#primaryimage\",\"url\":\"https:\/\/latin-curated.com\/sitio\/wp-content\/uploads\/2021\/05\/01.jpg\",\"contentUrl\":\"https:\/\/latin-curated.com\/sitio\/wp-content\/uploads\/2021\/05\/01.jpg\",\"width\":1080,\"height\":1080},{\"@type\":\"BreadcrumbList\",\"@id\":\"https:\/\/latin-curated.com\/producto\/maxi-vestido-jungla-arcoiris\/#breadcrumb\",\"itemListElement\":[{\"@type\":\"ListItem\",\"position\":1,\"name\":\"Portada\",\"item\":\"https:\/\/latin-curated.com\/en\/\"},{\"@type\":\"ListItem\",\"position\":2,\"name\":\"Tienda\",\"item\":\"https:\/\/latin-curated.com\/tienda\/\"},{\"@type\":\"ListItem\",\"position\":3,\"name\":\"Maxi Vestido Jungla Arco\u00edris\"}]},{\"@type\":\"WebSite\",\"@id\":\"https:\/\/latin-curated.com\/#website\",\"url\":\"https:\/\/latin-curated.com\/\",\"name\":\"Latin Curated\",\"description\":\"Galer\u00eda Online\",\"publisher\":{\"@id\":\"https:\/\/latin-curated.com\/#organization\"},\"potentialAction\":[{\"@type\":\"SearchAction\",\"target\":{\"@type\":\"EntryPoint\",\"urlTemplate\":\"https:\/\/latin-curated.com\/?s={search_term_string}\"},\"query-input\":\"required name=search_term_string\"}],\"inLanguage\":\"en-US\"},{\"@type\":\"Organization\",\"@id\":\"https:\/\/latin-curated.com\/#organization\",\"name\":\"Latin Curated\",\"url\":\"https:\/\/latin-curated.com\/\",\"logo\":{\"@type\":\"ImageObject\",\"inLanguage\":\"en-US\",\"@id\":\"https:\/\/latin-curated.com\/#\/schema\/logo\/image\/\",\"url\":\"https:\/\/latin-curated.com\/sitio\/wp-content\/uploads\/2020\/11\/LatinCurated_Logo.png\",\"contentUrl\":\"https:\/\/latin-curated.com\/sitio\/wp-content\/uploads\/2020\/11\/LatinCurated_Logo.png\",\"width\":509,\"height\":65,\"caption\":\"Latin Curated\"},\"image\":{\"@id\":\"https:\/\/latin-curated.com\/#\/schema\/logo\/image\/\"}}]}<\/script>\n<!-- \/ Yoast SEO plugin. -->","yoast_head_json":{"title":"Maxi Vestido Jungla Arco\u00edris - Latin Curated","robots":{"index":"index","follow":"follow","max-snippet":"max-snippet:-1","max-image-preview":"max-image-preview:large","max-video-preview":"max-video-preview:-1"},"canonical":"https:\/\/latin-curated.com\/producto\/maxi-vestido-jungla-arcoiris\/","og_locale":"en_US","og_type":"article","og_title":"Maxi Vestido Jungla Arco\u00edris - Latin Curated","og_description":"Estampado Jungla Arco\u00edris. Tela Ilustrada - Poliester Reciclado. Esta selva de colores est\u00e1 llena de vida porque el delf\u00edn rosado, el mono tit\u00ed del Caquet\u00e1, el jaguar y las orqu\u00eddeas silvestres lo llenan de vitalidad todos los d\u00edas. Este estampado con alma de arco\u00edris es una interpretaci\u00f3n al estilo de infinita estampa del Amazonas colombiano al que le debemos cuidado, respeto y amor.","og_url":"https:\/\/latin-curated.com\/producto\/maxi-vestido-jungla-arcoiris\/","og_site_name":"Latin Curated","og_image":[{"width":1080,"height":1080,"url":"https:\/\/latin-curated.com\/sitio\/wp-content\/uploads\/2021\/05\/01.jpg","type":"image\/jpeg"}],"twitter_card":"summary_large_image","twitter_misc":{"Est. reading time":"1 minute"},"schema":{"@context":"https:\/\/schema.org","@graph":[{"@type":"WebPage","@id":"https:\/\/latin-curated.com\/producto\/maxi-vestido-jungla-arcoiris\/","url":"https:\/\/latin-curated.com\/producto\/maxi-vestido-jungla-arcoiris\/","name":"Maxi Vestido Jungla Arco\u00edris - Latin Curated","isPartOf":{"@id":"https:\/\/latin-curated.com\/#website"},"primaryImageOfPage":{"@id":"https:\/\/latin-curated.com\/producto\/maxi-vestido-jungla-arcoiris\/#primaryimage"},"image":{"@id":"https:\/\/latin-curated.com\/producto\/maxi-vestido-jungla-arcoiris\/#primaryimage"},"thumbnailUrl":"https:\/\/latin-curated.com\/sitio\/wp-content\/uploads\/2021\/05\/01.jpg","datePublished":"2021-05-13T19:49:40+00:00","dateModified":"2021-05-13T19:49:40+00:00","breadcrumb":{"@id":"https:\/\/latin-curated.com\/producto\/maxi-vestido-jungla-arcoiris\/#breadcrumb"},"inLanguage":"en-US","potentialAction":[{"@type":"ReadAction","target":["https:\/\/latin-curated.com\/producto\/maxi-vestido-jungla-arcoiris\/"]}]},{"@type":"ImageObject","inLanguage":"en-US","@id":"https:\/\/latin-curated.com\/producto\/maxi-vestido-jungla-arcoiris\/#primaryimage","url":"https:\/\/latin-curated.com\/sitio\/wp-content\/uploads\/2021\/05\/01.jpg","contentUrl":"https:\/\/latin-curated.com\/sitio\/wp-content\/uploads\/2021\/05\/01.jpg","width":1080,"height":1080},{"@type":"BreadcrumbList","@id":"https:\/\/latin-curated.com\/producto\/maxi-vestido-jungla-arcoiris\/#breadcrumb","itemListElement":[{"@type":"ListItem","position":1,"name":"Portada","item":"https:\/\/latin-curated.com\/en\/"},{"@type":"ListItem","position":2,"name":"Tienda","item":"https:\/\/latin-curated.com\/tienda\/"},{"@type":"ListItem","position":3,"name":"Maxi Vestido Jungla Arco\u00edris"}]},{"@type":"WebSite","@id":"https:\/\/latin-curated.com\/#website","url":"https:\/\/latin-curated.com\/","name":"Latin Curated","description":"Galer\u00eda Online","publisher":{"@id":"https:\/\/latin-curated.com\/#organization"},"potentialAction":[{"@type":"SearchAction","target":{"@type":"EntryPoint","urlTemplate":"https:\/\/latin-curated.com\/?s={search_term_string}"},"query-input":"required name=search_term_string"}],"inLanguage":"en-US"},{"@type":"Organization","@id":"https:\/\/latin-curated.com\/#organization","name":"Latin Curated","url":"https:\/\/latin-curated.com\/","logo":{"@type":"ImageObject","inLanguage":"en-US","@id":"https:\/\/latin-curated.com\/#\/schema\/logo\/image\/","url":"https:\/\/latin-curated.com\/sitio\/wp-content\/uploads\/2020\/11\/LatinCurated_Logo.png","contentUrl":"https:\/\/latin-curated.com\/sitio\/wp-content\/uploads\/2020\/11\/LatinCurated_Logo.png","width":509,"height":65,"caption":"Latin Curated"},"image":{"@id":"https:\/\/latin-curated.com\/#\/schema\/logo\/image\/"}}]}},"_links":{"self":[{"href":"https:\/\/latin-curated.com\/en\/wp-json\/wp\/v2\/product\/5014"}],"collection":[{"href":"https:\/\/latin-curated.com\/en\/wp-json\/wp\/v2\/product"}],"about":[{"href":"https:\/\/latin-curated.com\/en\/wp-json\/wp\/v2\/types\/product"}],"replies":[{"embeddable":true,"href":"https:\/\/latin-curated.com\/en\/wp-json\/wp\/v2\/comments?post=5014"}],"wp:featuredmedia":[{"embeddable":true,"href":"https:\/\/latin-curated.com\/en\/wp-json\/wp\/v2\/media\/5015"}],"wp:attachment":[{"href":"https:\/\/latin-curated.com\/en\/wp-json\/wp\/v2\/media?parent=5014"}],"wp:term":[{"taxonomy":"product_cat","embeddable":true,"href":"https:\/\/latin-curated.com\/en\/wp-json\/wp\/v2\/product_cat?post=5014"},{"taxonomy":"product_tag","embeddable":true,"href":"https:\/\/latin-curated.com\/en\/wp-json\/wp\/v2\/product_tag?post=5014"}],"curies":[{"name":"wp","href":"https:\/\/api.w.org\/{rel}","templated":true}]}}