{"id":4983,"date":"2021-05-13T19:27:14","date_gmt":"2021-05-13T19:27:14","guid":{"rendered":"https:\/\/latin-curated.com\/sitio\/?post_type=product&#038;p=4983"},"modified":"2021-05-13T19:27:14","modified_gmt":"2021-05-13T19:27:14","slug":"camisa-manga-larga-estampado-mantecada-de-naranja","status":"publish","type":"product","link":"https:\/\/latin-curated.com\/en\/producto\/camisa-manga-larga-estampado-mantecada-de-naranja\/","title":{"rendered":"Camisa manga larga Estampado Mantecada de Naranja"},"content":{"rendered":"<p><span data-sheets-value=\"{&quot;1&quot;:2,&quot;2&quot;:&quot;Estampado Mantecada de Naranja. Tela Ilustrada - Poliester Reciclado. Gardenia, es nuestra campesina recolectora de naranjas. Ella nos ayuda a conseguir las frutas m\u00e1s frescas y jugosas para preparar la torta de naranja que tanto nos fascina. En este estampado, buscamos elogiar el trabajo que se realiza en los campos de nuestro pa\u00eds, en donde manos cultivadoras, siembran y recogen d\u00eda a d\u00eda un arco\u00edris de posibilidades para nuestra...&quot;}\" data-sheets-userformat=\"{&quot;2&quot;:14845,&quot;3&quot;:{&quot;1&quot;:0,&quot;3&quot;:1},&quot;5&quot;:{&quot;1&quot;:[{&quot;1&quot;:2,&quot;2&quot;:0,&quot;5&quot;:{&quot;1&quot;:2,&quot;2&quot;:0}},{&quot;1&quot;:0,&quot;2&quot;:0,&quot;3&quot;:3},{&quot;1&quot;:1,&quot;2&quot;:0,&quot;4&quot;:1}]},&quot;6&quot;:{&quot;1&quot;:[{&quot;1&quot;:2,&quot;2&quot;:0,&quot;5&quot;:{&quot;1&quot;:2,&quot;2&quot;:0}},{&quot;1&quot;:0,&quot;2&quot;:0,&quot;3&quot;:3},{&quot;1&quot;:1,&quot;2&quot;:0,&quot;4&quot;:1}]},&quot;7&quot;:{&quot;1&quot;:[{&quot;1&quot;:2,&quot;2&quot;:0,&quot;5&quot;:{&quot;1&quot;:2,&quot;2&quot;:0}},{&quot;1&quot;:0,&quot;2&quot;:0,&quot;3&quot;:3},{&quot;1&quot;:1,&quot;2&quot;:0,&quot;4&quot;:1}]},&quot;8&quot;:{&quot;1&quot;:[{&quot;1&quot;:2,&quot;2&quot;:0,&quot;5&quot;:{&quot;1&quot;:2,&quot;2&quot;:0}},{&quot;1&quot;:0,&quot;2&quot;:0,&quot;3&quot;:3},{&quot;1&quot;:1,&quot;2&quot;:0,&quot;4&quot;:1}]},&quot;9&quot;:1,&quot;10&quot;:1,&quot;11&quot;:4,&quot;14&quot;:{&quot;1&quot;:2,&quot;2&quot;:0},&quot;15&quot;:&quot;Century Gothic&quot;,&quot;16&quot;:11}\">Estampado Mantecada de Naranja. Tela Ilustrada &#8211; Poliester Reciclado. Gardenia, es nuestra campesina recolectora de naranjas. Ella nos ayuda a conseguir las frutas m\u00e1s frescas y jugosas para preparar la torta de naranja que tanto nos fascina. En este estampado, buscamos elogiar el trabajo que se realiza en los campos de nuestro pa\u00eds, en donde manos cultivadoras, siembran y recogen d\u00eda a d\u00eda un arco\u00edris de posibilidades para nuestra&#8230;<\/span><\/p>\n","protected":false},"excerpt":{"rendered":"<p><span data-sheets-value=\"{&quot;1&quot;:2,&quot;2&quot;:&quot;Estampado Mantecada de Naranja. Tela Ilustrada - Poliester Reciclado. Gardenia, es nuestra campesina recolectora de naranjas. Ella nos ayuda a conseguir las frutas m\u00e1s frescas y jugosas para preparar la torta de naranja que tanto nos fascina. En este estampado, buscamos elogiar el trabajo que se realiza en los campos de nuestro pa\u00eds, en donde manos cultivadoras, siembran y recogen d\u00eda a d\u00eda un arco\u00edris de posibilidades para nuestra...&quot;}\" data-sheets-userformat=\"{&quot;2&quot;:14845,&quot;3&quot;:{&quot;1&quot;:0,&quot;3&quot;:1},&quot;5&quot;:{&quot;1&quot;:[{&quot;1&quot;:2,&quot;2&quot;:0,&quot;5&quot;:{&quot;1&quot;:2,&quot;2&quot;:0}},{&quot;1&quot;:0,&quot;2&quot;:0,&quot;3&quot;:3},{&quot;1&quot;:1,&quot;2&quot;:0,&quot;4&quot;:1}]},&quot;6&quot;:{&quot;1&quot;:[{&quot;1&quot;:2,&quot;2&quot;:0,&quot;5&quot;:{&quot;1&quot;:2,&quot;2&quot;:0}},{&quot;1&quot;:0,&quot;2&quot;:0,&quot;3&quot;:3},{&quot;1&quot;:1,&quot;2&quot;:0,&quot;4&quot;:1}]},&quot;7&quot;:{&quot;1&quot;:[{&quot;1&quot;:2,&quot;2&quot;:0,&quot;5&quot;:{&quot;1&quot;:2,&quot;2&quot;:0}},{&quot;1&quot;:0,&quot;2&quot;:0,&quot;3&quot;:3},{&quot;1&quot;:1,&quot;2&quot;:0,&quot;4&quot;:1}]},&quot;8&quot;:{&quot;1&quot;:[{&quot;1&quot;:2,&quot;2&quot;:0,&quot;5&quot;:{&quot;1&quot;:2,&quot;2&quot;:0}},{&quot;1&quot;:0,&quot;2&quot;:0,&quot;3&quot;:3},{&quot;1&quot;:1,&quot;2&quot;:0,&quot;4&quot;:1}]},&quot;9&quot;:1,&quot;10&quot;:1,&quot;11&quot;:4,&quot;14&quot;:{&quot;1&quot;:2,&quot;2&quot;:0},&quot;15&quot;:&quot;Century Gothic&quot;,&quot;16&quot;:11}\">Estampado Mantecada de Naranja. Tela Ilustrada &#8211; Poliester Reciclado. Gardenia, es nuestra campesina recolectora de naranjas. Ella nos ayuda a conseguir las frutas m\u00e1s frescas y jugosas para preparar la torta de naranja que tanto nos fascina. En este estampado, buscamos elogiar el trabajo que se realiza en los campos de nuestro pa\u00eds, en donde manos cultivadoras, siembran y recogen d\u00eda a d\u00eda un arco\u00edris de posibilidades para nuestra&#8230;<\/span><\/p>\n","protected":false},"featured_media":4985,"comment_status":"open","ping_status":"closed","template":"","meta":{"_acf_changed":false},"product_cat":[621],"product_tag":[],"acf":[],"yoast_head":"<!-- This site is optimized with the Yoast SEO plugin v22.6 - https:\/\/yoast.com\/wordpress\/plugins\/seo\/ -->\n<title>Camisa manga larga Estampado Mantecada de Naranja - Latin Curated<\/title>\n<meta name=\"robots\" content=\"index, follow, max-snippet:-1, max-image-preview:large, max-video-preview:-1\" \/>\n<link rel=\"canonical\" href=\"https:\/\/latin-curated.com\/en\/producto\/camisa-manga-larga-estampado-mantecada-de-naranja\/\" \/>\n<meta property=\"og:locale\" content=\"en_US\" \/>\n<meta property=\"og:type\" content=\"article\" \/>\n<meta property=\"og:title\" content=\"Camisa manga larga Estampado Mantecada de Naranja - Latin Curated\" \/>\n<meta property=\"og:description\" content=\"Estampado Mantecada de Naranja. Tela Ilustrada - Poliester Reciclado. Gardenia, es nuestra campesina recolectora de naranjas. Ella nos ayuda a conseguir las frutas m\u00e1s frescas y jugosas para preparar la torta de naranja que tanto nos fascina. En este estampado, buscamos elogiar el trabajo que se realiza en los campos de nuestro pa\u00eds, en donde manos cultivadoras, siembran y recogen d\u00eda a d\u00eda un arco\u00edris de posibilidades para nuestra...\" \/>\n<meta property=\"og:url\" content=\"https:\/\/latin-curated.com\/en\/producto\/camisa-manga-larga-estampado-mantecada-de-naranja\/\" \/>\n<meta property=\"og:site_name\" content=\"Latin Curated\" \/>\n<meta property=\"og:image\" content=\"https:\/\/latin-curated.com\/sitio\/wp-content\/uploads\/2021\/05\/16.jpg\" \/>\n\t<meta property=\"og:image:width\" content=\"1080\" \/>\n\t<meta property=\"og:image:height\" content=\"1080\" \/>\n\t<meta property=\"og:image:type\" content=\"image\/jpeg\" \/>\n<meta name=\"twitter:card\" content=\"summary_large_image\" \/>\n<meta name=\"twitter:label1\" content=\"Est. reading time\" \/>\n\t<meta name=\"twitter:data1\" content=\"1 minute\" \/>\n<script type=\"application\/ld+json\" class=\"yoast-schema-graph\">{\"@context\":\"https:\/\/schema.org\",\"@graph\":[{\"@type\":\"WebPage\",\"@id\":\"https:\/\/latin-curated.com\/en\/producto\/camisa-manga-larga-estampado-mantecada-de-naranja\/\",\"url\":\"https:\/\/latin-curated.com\/en\/producto\/camisa-manga-larga-estampado-mantecada-de-naranja\/\",\"name\":\"Camisa manga larga Estampado Mantecada de Naranja - Latin Curated\",\"isPartOf\":{\"@id\":\"https:\/\/latin-curated.com\/#website\"},\"primaryImageOfPage\":{\"@id\":\"https:\/\/latin-curated.com\/en\/producto\/camisa-manga-larga-estampado-mantecada-de-naranja\/#primaryimage\"},\"image\":{\"@id\":\"https:\/\/latin-curated.com\/en\/producto\/camisa-manga-larga-estampado-mantecada-de-naranja\/#primaryimage\"},\"thumbnailUrl\":\"https:\/\/latin-curated.com\/sitio\/wp-content\/uploads\/2021\/05\/16.jpg\",\"datePublished\":\"2021-05-13T19:27:14+00:00\",\"dateModified\":\"2021-05-13T19:27:14+00:00\",\"breadcrumb\":{\"@id\":\"https:\/\/latin-curated.com\/en\/producto\/camisa-manga-larga-estampado-mantecada-de-naranja\/#breadcrumb\"},\"inLanguage\":\"en-US\",\"potentialAction\":[{\"@type\":\"ReadAction\",\"target\":[\"https:\/\/latin-curated.com\/en\/producto\/camisa-manga-larga-estampado-mantecada-de-naranja\/\"]}]},{\"@type\":\"ImageObject\",\"inLanguage\":\"en-US\",\"@id\":\"https:\/\/latin-curated.com\/en\/producto\/camisa-manga-larga-estampado-mantecada-de-naranja\/#primaryimage\",\"url\":\"https:\/\/latin-curated.com\/sitio\/wp-content\/uploads\/2021\/05\/16.jpg\",\"contentUrl\":\"https:\/\/latin-curated.com\/sitio\/wp-content\/uploads\/2021\/05\/16.jpg\",\"width\":1080,\"height\":1080},{\"@type\":\"BreadcrumbList\",\"@id\":\"https:\/\/latin-curated.com\/en\/producto\/camisa-manga-larga-estampado-mantecada-de-naranja\/#breadcrumb\",\"itemListElement\":[{\"@type\":\"ListItem\",\"position\":1,\"name\":\"Portada\",\"item\":\"https:\/\/latin-curated.com\/en\/\"},{\"@type\":\"ListItem\",\"position\":2,\"name\":\"Tienda\",\"item\":\"https:\/\/latin-curated.com\/tienda\/\"},{\"@type\":\"ListItem\",\"position\":3,\"name\":\"Camisa manga larga Estampado Mantecada de Naranja\"}]},{\"@type\":\"WebSite\",\"@id\":\"https:\/\/latin-curated.com\/#website\",\"url\":\"https:\/\/latin-curated.com\/\",\"name\":\"Latin Curated\",\"description\":\"Galer\u00eda Online\",\"publisher\":{\"@id\":\"https:\/\/latin-curated.com\/#organization\"},\"potentialAction\":[{\"@type\":\"SearchAction\",\"target\":{\"@type\":\"EntryPoint\",\"urlTemplate\":\"https:\/\/latin-curated.com\/?s={search_term_string}\"},\"query-input\":\"required name=search_term_string\"}],\"inLanguage\":\"en-US\"},{\"@type\":\"Organization\",\"@id\":\"https:\/\/latin-curated.com\/#organization\",\"name\":\"Latin Curated\",\"url\":\"https:\/\/latin-curated.com\/\",\"logo\":{\"@type\":\"ImageObject\",\"inLanguage\":\"en-US\",\"@id\":\"https:\/\/latin-curated.com\/#\/schema\/logo\/image\/\",\"url\":\"https:\/\/latin-curated.com\/sitio\/wp-content\/uploads\/2020\/11\/LatinCurated_Logo.png\",\"contentUrl\":\"https:\/\/latin-curated.com\/sitio\/wp-content\/uploads\/2020\/11\/LatinCurated_Logo.png\",\"width\":509,\"height\":65,\"caption\":\"Latin Curated\"},\"image\":{\"@id\":\"https:\/\/latin-curated.com\/#\/schema\/logo\/image\/\"}}]}<\/script>\n<!-- \/ Yoast SEO plugin. -->","yoast_head_json":{"title":"Camisa manga larga Estampado Mantecada de Naranja - Latin Curated","robots":{"index":"index","follow":"follow","max-snippet":"max-snippet:-1","max-image-preview":"max-image-preview:large","max-video-preview":"max-video-preview:-1"},"canonical":"https:\/\/latin-curated.com\/en\/producto\/camisa-manga-larga-estampado-mantecada-de-naranja\/","og_locale":"en_US","og_type":"article","og_title":"Camisa manga larga Estampado Mantecada de Naranja - Latin Curated","og_description":"Estampado Mantecada de Naranja. Tela Ilustrada - Poliester Reciclado. Gardenia, es nuestra campesina recolectora de naranjas. Ella nos ayuda a conseguir las frutas m\u00e1s frescas y jugosas para preparar la torta de naranja que tanto nos fascina. En este estampado, buscamos elogiar el trabajo que se realiza en los campos de nuestro pa\u00eds, en donde manos cultivadoras, siembran y recogen d\u00eda a d\u00eda un arco\u00edris de posibilidades para nuestra...","og_url":"https:\/\/latin-curated.com\/en\/producto\/camisa-manga-larga-estampado-mantecada-de-naranja\/","og_site_name":"Latin Curated","og_image":[{"width":1080,"height":1080,"url":"https:\/\/latin-curated.com\/sitio\/wp-content\/uploads\/2021\/05\/16.jpg","type":"image\/jpeg"}],"twitter_card":"summary_large_image","twitter_misc":{"Est. reading time":"1 minute"},"schema":{"@context":"https:\/\/schema.org","@graph":[{"@type":"WebPage","@id":"https:\/\/latin-curated.com\/en\/producto\/camisa-manga-larga-estampado-mantecada-de-naranja\/","url":"https:\/\/latin-curated.com\/en\/producto\/camisa-manga-larga-estampado-mantecada-de-naranja\/","name":"Camisa manga larga Estampado Mantecada de Naranja - Latin Curated","isPartOf":{"@id":"https:\/\/latin-curated.com\/#website"},"primaryImageOfPage":{"@id":"https:\/\/latin-curated.com\/en\/producto\/camisa-manga-larga-estampado-mantecada-de-naranja\/#primaryimage"},"image":{"@id":"https:\/\/latin-curated.com\/en\/producto\/camisa-manga-larga-estampado-mantecada-de-naranja\/#primaryimage"},"thumbnailUrl":"https:\/\/latin-curated.com\/sitio\/wp-content\/uploads\/2021\/05\/16.jpg","datePublished":"2021-05-13T19:27:14+00:00","dateModified":"2021-05-13T19:27:14+00:00","breadcrumb":{"@id":"https:\/\/latin-curated.com\/en\/producto\/camisa-manga-larga-estampado-mantecada-de-naranja\/#breadcrumb"},"inLanguage":"en-US","potentialAction":[{"@type":"ReadAction","target":["https:\/\/latin-curated.com\/en\/producto\/camisa-manga-larga-estampado-mantecada-de-naranja\/"]}]},{"@type":"ImageObject","inLanguage":"en-US","@id":"https:\/\/latin-curated.com\/en\/producto\/camisa-manga-larga-estampado-mantecada-de-naranja\/#primaryimage","url":"https:\/\/latin-curated.com\/sitio\/wp-content\/uploads\/2021\/05\/16.jpg","contentUrl":"https:\/\/latin-curated.com\/sitio\/wp-content\/uploads\/2021\/05\/16.jpg","width":1080,"height":1080},{"@type":"BreadcrumbList","@id":"https:\/\/latin-curated.com\/en\/producto\/camisa-manga-larga-estampado-mantecada-de-naranja\/#breadcrumb","itemListElement":[{"@type":"ListItem","position":1,"name":"Portada","item":"https:\/\/latin-curated.com\/en\/"},{"@type":"ListItem","position":2,"name":"Tienda","item":"https:\/\/latin-curated.com\/tienda\/"},{"@type":"ListItem","position":3,"name":"Camisa manga larga Estampado Mantecada de Naranja"}]},{"@type":"WebSite","@id":"https:\/\/latin-curated.com\/#website","url":"https:\/\/latin-curated.com\/","name":"Latin Curated","description":"Galer\u00eda Online","publisher":{"@id":"https:\/\/latin-curated.com\/#organization"},"potentialAction":[{"@type":"SearchAction","target":{"@type":"EntryPoint","urlTemplate":"https:\/\/latin-curated.com\/?s={search_term_string}"},"query-input":"required name=search_term_string"}],"inLanguage":"en-US"},{"@type":"Organization","@id":"https:\/\/latin-curated.com\/#organization","name":"Latin Curated","url":"https:\/\/latin-curated.com\/","logo":{"@type":"ImageObject","inLanguage":"en-US","@id":"https:\/\/latin-curated.com\/#\/schema\/logo\/image\/","url":"https:\/\/latin-curated.com\/sitio\/wp-content\/uploads\/2020\/11\/LatinCurated_Logo.png","contentUrl":"https:\/\/latin-curated.com\/sitio\/wp-content\/uploads\/2020\/11\/LatinCurated_Logo.png","width":509,"height":65,"caption":"Latin Curated"},"image":{"@id":"https:\/\/latin-curated.com\/#\/schema\/logo\/image\/"}}]}},"_links":{"self":[{"href":"https:\/\/latin-curated.com\/en\/wp-json\/wp\/v2\/product\/4983"}],"collection":[{"href":"https:\/\/latin-curated.com\/en\/wp-json\/wp\/v2\/product"}],"about":[{"href":"https:\/\/latin-curated.com\/en\/wp-json\/wp\/v2\/types\/product"}],"replies":[{"embeddable":true,"href":"https:\/\/latin-curated.com\/en\/wp-json\/wp\/v2\/comments?post=4983"}],"wp:featuredmedia":[{"embeddable":true,"href":"https:\/\/latin-curated.com\/en\/wp-json\/wp\/v2\/media\/4985"}],"wp:attachment":[{"href":"https:\/\/latin-curated.com\/en\/wp-json\/wp\/v2\/media?parent=4983"}],"wp:term":[{"taxonomy":"product_cat","embeddable":true,"href":"https:\/\/latin-curated.com\/en\/wp-json\/wp\/v2\/product_cat?post=4983"},{"taxonomy":"product_tag","embeddable":true,"href":"https:\/\/latin-curated.com\/en\/wp-json\/wp\/v2\/product_tag?post=4983"}],"curies":[{"name":"wp","href":"https:\/\/api.w.org\/{rel}","templated":true}]}}