{"id":4966,"date":"2021-05-13T17:59:00","date_gmt":"2021-05-13T17:59:00","guid":{"rendered":"https:\/\/latin-curated.com\/sitio\/?post_type=product&#038;p=4966"},"modified":"2021-05-13T17:59:01","modified_gmt":"2021-05-13T17:59:01","slug":"camisa-manga-larga-estampado-camuflaje","status":"publish","type":"product","link":"https:\/\/latin-curated.com\/en\/producto\/camisa-manga-larga-estampado-camuflaje\/","title":{"rendered":"Camisa manga larga Estampado Camuflaje"},"content":{"rendered":"<p><span data-sheets-value=\"{&quot;1&quot;:2,&quot;2&quot;:&quot;Estampado Camuflaje. Tela Ilustrada - Poliester Reciclado. En el Carnaval de Barranquilla Colombia se pone la m\u00e1scara del color, del folclor, de la alegr\u00eda. Este estampado se inspira en esta fiesta emblem\u00e1tica de nuestro pa\u00eds, uniendo el sabor barranquillero con el amor por el dise\u00f1o textil de Infinita Estampa. &quot;}\" data-sheets-userformat=\"{&quot;2&quot;:14785,&quot;3&quot;:{&quot;1&quot;:0,&quot;3&quot;:1},&quot;9&quot;:1,&quot;10&quot;:1,&quot;11&quot;:4,&quot;14&quot;:{&quot;1&quot;:2,&quot;2&quot;:6710886},&quot;15&quot;:&quot;Arial&quot;,&quot;16&quot;:13}\">Estampado Camuflaje. Tela Ilustrada &#8211; Poliester Reciclado. En el Carnaval de Barranquilla Colombia se pone la m\u00e1scara del color, del folclor, de la alegr\u00eda. Este estampado se inspira en esta fiesta emblem\u00e1tica de nuestro pa\u00eds, uniendo el sabor barranquillero con el amor por el dise\u00f1o textil de Infinita Estampa. <\/span><\/p>\n","protected":false},"excerpt":{"rendered":"<p><span data-sheets-value=\"{&quot;1&quot;:2,&quot;2&quot;:&quot;Estampado Camuflaje. Tela Ilustrada - Poliester Reciclado. En el Carnaval de Barranquilla Colombia se pone la m\u00e1scara del color, del folclor, de la alegr\u00eda. Este estampado se inspira en esta fiesta emblem\u00e1tica de nuestro pa\u00eds, uniendo el sabor barranquillero con el amor por el dise\u00f1o textil de Infinita Estampa. &quot;}\" data-sheets-userformat=\"{&quot;2&quot;:14785,&quot;3&quot;:{&quot;1&quot;:0,&quot;3&quot;:1},&quot;9&quot;:1,&quot;10&quot;:1,&quot;11&quot;:4,&quot;14&quot;:{&quot;1&quot;:2,&quot;2&quot;:6710886},&quot;15&quot;:&quot;Arial&quot;,&quot;16&quot;:13}\">Estampado Camuflaje. Tela Ilustrada &#8211; Poliester Reciclado. En el Carnaval de Barranquilla Colombia se pone la m\u00e1scara del color, del folclor, de la alegr\u00eda. Este estampado se inspira en esta fiesta emblem\u00e1tica de nuestro pa\u00eds, uniendo el sabor barranquillero con el amor por el dise\u00f1o textil de Infinita Estampa. <\/span><\/p>\n","protected":false},"featured_media":4967,"comment_status":"open","ping_status":"closed","template":"","meta":{"_acf_changed":false},"product_cat":[621],"product_tag":[],"acf":[],"yoast_head":"<!-- This site is optimized with the Yoast SEO plugin v22.6 - https:\/\/yoast.com\/wordpress\/plugins\/seo\/ -->\n<title>Camisa manga larga Estampado Camuflaje - Latin Curated<\/title>\n<meta name=\"robots\" content=\"index, follow, max-snippet:-1, max-image-preview:large, max-video-preview:-1\" \/>\n<link rel=\"canonical\" href=\"https:\/\/latin-curated.com\/en\/producto\/camisa-manga-larga-estampado-camuflaje\/\" \/>\n<meta property=\"og:locale\" content=\"en_US\" \/>\n<meta property=\"og:type\" content=\"article\" \/>\n<meta property=\"og:title\" content=\"Camisa manga larga Estampado Camuflaje - Latin Curated\" \/>\n<meta property=\"og:description\" content=\"Estampado Camuflaje. Tela Ilustrada - Poliester Reciclado. En el Carnaval de Barranquilla Colombia se pone la m\u00e1scara del color, del folclor, de la alegr\u00eda. Este estampado se inspira en esta fiesta emblem\u00e1tica de nuestro pa\u00eds, uniendo el sabor barranquillero con el amor por el dise\u00f1o textil de Infinita Estampa.\" \/>\n<meta property=\"og:url\" content=\"https:\/\/latin-curated.com\/en\/producto\/camisa-manga-larga-estampado-camuflaje\/\" \/>\n<meta property=\"og:site_name\" content=\"Latin Curated\" \/>\n<meta property=\"article:modified_time\" content=\"2021-05-13T17:59:01+00:00\" \/>\n<meta property=\"og:image\" content=\"https:\/\/latin-curated.com\/sitio\/wp-content\/uploads\/2021\/05\/088.jpg\" \/>\n\t<meta property=\"og:image:width\" content=\"1080\" \/>\n\t<meta property=\"og:image:height\" content=\"1080\" \/>\n\t<meta property=\"og:image:type\" content=\"image\/jpeg\" \/>\n<meta name=\"twitter:card\" content=\"summary_large_image\" \/>\n<meta name=\"twitter:label1\" content=\"Est. reading time\" \/>\n\t<meta name=\"twitter:data1\" content=\"1 minute\" \/>\n<script type=\"application\/ld+json\" class=\"yoast-schema-graph\">{\"@context\":\"https:\/\/schema.org\",\"@graph\":[{\"@type\":\"WebPage\",\"@id\":\"https:\/\/latin-curated.com\/en\/producto\/camisa-manga-larga-estampado-camuflaje\/\",\"url\":\"https:\/\/latin-curated.com\/en\/producto\/camisa-manga-larga-estampado-camuflaje\/\",\"name\":\"Camisa manga larga Estampado Camuflaje - Latin Curated\",\"isPartOf\":{\"@id\":\"https:\/\/latin-curated.com\/#website\"},\"primaryImageOfPage\":{\"@id\":\"https:\/\/latin-curated.com\/en\/producto\/camisa-manga-larga-estampado-camuflaje\/#primaryimage\"},\"image\":{\"@id\":\"https:\/\/latin-curated.com\/en\/producto\/camisa-manga-larga-estampado-camuflaje\/#primaryimage\"},\"thumbnailUrl\":\"https:\/\/latin-curated.com\/sitio\/wp-content\/uploads\/2021\/05\/088.jpg\",\"datePublished\":\"2021-05-13T17:59:00+00:00\",\"dateModified\":\"2021-05-13T17:59:01+00:00\",\"breadcrumb\":{\"@id\":\"https:\/\/latin-curated.com\/en\/producto\/camisa-manga-larga-estampado-camuflaje\/#breadcrumb\"},\"inLanguage\":\"en-US\",\"potentialAction\":[{\"@type\":\"ReadAction\",\"target\":[\"https:\/\/latin-curated.com\/en\/producto\/camisa-manga-larga-estampado-camuflaje\/\"]}]},{\"@type\":\"ImageObject\",\"inLanguage\":\"en-US\",\"@id\":\"https:\/\/latin-curated.com\/en\/producto\/camisa-manga-larga-estampado-camuflaje\/#primaryimage\",\"url\":\"https:\/\/latin-curated.com\/sitio\/wp-content\/uploads\/2021\/05\/088.jpg\",\"contentUrl\":\"https:\/\/latin-curated.com\/sitio\/wp-content\/uploads\/2021\/05\/088.jpg\",\"width\":1080,\"height\":1080},{\"@type\":\"BreadcrumbList\",\"@id\":\"https:\/\/latin-curated.com\/en\/producto\/camisa-manga-larga-estampado-camuflaje\/#breadcrumb\",\"itemListElement\":[{\"@type\":\"ListItem\",\"position\":1,\"name\":\"Portada\",\"item\":\"https:\/\/latin-curated.com\/en\/\"},{\"@type\":\"ListItem\",\"position\":2,\"name\":\"Tienda\",\"item\":\"https:\/\/latin-curated.com\/tienda\/\"},{\"@type\":\"ListItem\",\"position\":3,\"name\":\"Camisa manga larga Estampado Camuflaje\"}]},{\"@type\":\"WebSite\",\"@id\":\"https:\/\/latin-curated.com\/#website\",\"url\":\"https:\/\/latin-curated.com\/\",\"name\":\"Latin Curated\",\"description\":\"Galer\u00eda Online\",\"publisher\":{\"@id\":\"https:\/\/latin-curated.com\/#organization\"},\"potentialAction\":[{\"@type\":\"SearchAction\",\"target\":{\"@type\":\"EntryPoint\",\"urlTemplate\":\"https:\/\/latin-curated.com\/?s={search_term_string}\"},\"query-input\":\"required name=search_term_string\"}],\"inLanguage\":\"en-US\"},{\"@type\":\"Organization\",\"@id\":\"https:\/\/latin-curated.com\/#organization\",\"name\":\"Latin Curated\",\"url\":\"https:\/\/latin-curated.com\/\",\"logo\":{\"@type\":\"ImageObject\",\"inLanguage\":\"en-US\",\"@id\":\"https:\/\/latin-curated.com\/#\/schema\/logo\/image\/\",\"url\":\"https:\/\/latin-curated.com\/sitio\/wp-content\/uploads\/2020\/11\/LatinCurated_Logo.png\",\"contentUrl\":\"https:\/\/latin-curated.com\/sitio\/wp-content\/uploads\/2020\/11\/LatinCurated_Logo.png\",\"width\":509,\"height\":65,\"caption\":\"Latin Curated\"},\"image\":{\"@id\":\"https:\/\/latin-curated.com\/#\/schema\/logo\/image\/\"}}]}<\/script>\n<!-- \/ Yoast SEO plugin. -->","yoast_head_json":{"title":"Camisa manga larga Estampado Camuflaje - Latin Curated","robots":{"index":"index","follow":"follow","max-snippet":"max-snippet:-1","max-image-preview":"max-image-preview:large","max-video-preview":"max-video-preview:-1"},"canonical":"https:\/\/latin-curated.com\/en\/producto\/camisa-manga-larga-estampado-camuflaje\/","og_locale":"en_US","og_type":"article","og_title":"Camisa manga larga Estampado Camuflaje - Latin Curated","og_description":"Estampado Camuflaje. Tela Ilustrada - Poliester Reciclado. En el Carnaval de Barranquilla Colombia se pone la m\u00e1scara del color, del folclor, de la alegr\u00eda. Este estampado se inspira en esta fiesta emblem\u00e1tica de nuestro pa\u00eds, uniendo el sabor barranquillero con el amor por el dise\u00f1o textil de Infinita Estampa.","og_url":"https:\/\/latin-curated.com\/en\/producto\/camisa-manga-larga-estampado-camuflaje\/","og_site_name":"Latin Curated","article_modified_time":"2021-05-13T17:59:01+00:00","og_image":[{"width":1080,"height":1080,"url":"https:\/\/latin-curated.com\/sitio\/wp-content\/uploads\/2021\/05\/088.jpg","type":"image\/jpeg"}],"twitter_card":"summary_large_image","twitter_misc":{"Est. reading time":"1 minute"},"schema":{"@context":"https:\/\/schema.org","@graph":[{"@type":"WebPage","@id":"https:\/\/latin-curated.com\/en\/producto\/camisa-manga-larga-estampado-camuflaje\/","url":"https:\/\/latin-curated.com\/en\/producto\/camisa-manga-larga-estampado-camuflaje\/","name":"Camisa manga larga Estampado Camuflaje - Latin Curated","isPartOf":{"@id":"https:\/\/latin-curated.com\/#website"},"primaryImageOfPage":{"@id":"https:\/\/latin-curated.com\/en\/producto\/camisa-manga-larga-estampado-camuflaje\/#primaryimage"},"image":{"@id":"https:\/\/latin-curated.com\/en\/producto\/camisa-manga-larga-estampado-camuflaje\/#primaryimage"},"thumbnailUrl":"https:\/\/latin-curated.com\/sitio\/wp-content\/uploads\/2021\/05\/088.jpg","datePublished":"2021-05-13T17:59:00+00:00","dateModified":"2021-05-13T17:59:01+00:00","breadcrumb":{"@id":"https:\/\/latin-curated.com\/en\/producto\/camisa-manga-larga-estampado-camuflaje\/#breadcrumb"},"inLanguage":"en-US","potentialAction":[{"@type":"ReadAction","target":["https:\/\/latin-curated.com\/en\/producto\/camisa-manga-larga-estampado-camuflaje\/"]}]},{"@type":"ImageObject","inLanguage":"en-US","@id":"https:\/\/latin-curated.com\/en\/producto\/camisa-manga-larga-estampado-camuflaje\/#primaryimage","url":"https:\/\/latin-curated.com\/sitio\/wp-content\/uploads\/2021\/05\/088.jpg","contentUrl":"https:\/\/latin-curated.com\/sitio\/wp-content\/uploads\/2021\/05\/088.jpg","width":1080,"height":1080},{"@type":"BreadcrumbList","@id":"https:\/\/latin-curated.com\/en\/producto\/camisa-manga-larga-estampado-camuflaje\/#breadcrumb","itemListElement":[{"@type":"ListItem","position":1,"name":"Portada","item":"https:\/\/latin-curated.com\/en\/"},{"@type":"ListItem","position":2,"name":"Tienda","item":"https:\/\/latin-curated.com\/tienda\/"},{"@type":"ListItem","position":3,"name":"Camisa manga larga Estampado Camuflaje"}]},{"@type":"WebSite","@id":"https:\/\/latin-curated.com\/#website","url":"https:\/\/latin-curated.com\/","name":"Latin Curated","description":"Galer\u00eda Online","publisher":{"@id":"https:\/\/latin-curated.com\/#organization"},"potentialAction":[{"@type":"SearchAction","target":{"@type":"EntryPoint","urlTemplate":"https:\/\/latin-curated.com\/?s={search_term_string}"},"query-input":"required name=search_term_string"}],"inLanguage":"en-US"},{"@type":"Organization","@id":"https:\/\/latin-curated.com\/#organization","name":"Latin Curated","url":"https:\/\/latin-curated.com\/","logo":{"@type":"ImageObject","inLanguage":"en-US","@id":"https:\/\/latin-curated.com\/#\/schema\/logo\/image\/","url":"https:\/\/latin-curated.com\/sitio\/wp-content\/uploads\/2020\/11\/LatinCurated_Logo.png","contentUrl":"https:\/\/latin-curated.com\/sitio\/wp-content\/uploads\/2020\/11\/LatinCurated_Logo.png","width":509,"height":65,"caption":"Latin Curated"},"image":{"@id":"https:\/\/latin-curated.com\/#\/schema\/logo\/image\/"}}]}},"_links":{"self":[{"href":"https:\/\/latin-curated.com\/en\/wp-json\/wp\/v2\/product\/4966"}],"collection":[{"href":"https:\/\/latin-curated.com\/en\/wp-json\/wp\/v2\/product"}],"about":[{"href":"https:\/\/latin-curated.com\/en\/wp-json\/wp\/v2\/types\/product"}],"replies":[{"embeddable":true,"href":"https:\/\/latin-curated.com\/en\/wp-json\/wp\/v2\/comments?post=4966"}],"wp:featuredmedia":[{"embeddable":true,"href":"https:\/\/latin-curated.com\/en\/wp-json\/wp\/v2\/media\/4967"}],"wp:attachment":[{"href":"https:\/\/latin-curated.com\/en\/wp-json\/wp\/v2\/media?parent=4966"}],"wp:term":[{"taxonomy":"product_cat","embeddable":true,"href":"https:\/\/latin-curated.com\/en\/wp-json\/wp\/v2\/product_cat?post=4966"},{"taxonomy":"product_tag","embeddable":true,"href":"https:\/\/latin-curated.com\/en\/wp-json\/wp\/v2\/product_tag?post=4966"}],"curies":[{"name":"wp","href":"https:\/\/api.w.org\/{rel}","templated":true}]}}