{"id":4946,"date":"2021-05-13T17:07:03","date_gmt":"2021-05-13T17:07:03","guid":{"rendered":"https:\/\/latin-curated.com\/sitio\/?post_type=product&#038;p=4946"},"modified":"2021-05-13T17:50:22","modified_gmt":"2021-05-13T17:50:22","slug":"camisa-manga-larga-estampado-botanica","status":"publish","type":"product","link":"https:\/\/latin-curated.com\/en\/producto\/camisa-manga-larga-estampado-botanica\/","title":{"rendered":"Camisa manga larga Estampado Bot\u00e1nica"},"content":{"rendered":"<p><span data-sheets-value=\"{&quot;1&quot;:2,&quot;2&quot;:&quot;Estampado Expedici\u00f3n Bot\u00e1nica. Tela Ilustrada - Poliester Reciclado.Siete Ilustraciones componen este estampado que se inspira en el enorme trabajo de Jos\u00e9 Celestino Mutis. La planta de caf\u00e9, dos tipos de orqu\u00eddeas, la palma platanera, la palma de cera, la chinchona y el borrachero son las plantas elegidas para conformar un estampado que contiene la flora m\u00e1s emblem\u00e1tica de Colombia. &quot;}\" data-sheets-userformat=\"{&quot;2&quot;:14785,&quot;3&quot;:{&quot;1&quot;:0,&quot;3&quot;:1},&quot;9&quot;:1,&quot;10&quot;:1,&quot;11&quot;:4,&quot;14&quot;:{&quot;1&quot;:2,&quot;2&quot;:6710886},&quot;15&quot;:&quot;Arial&quot;,&quot;16&quot;:13}\">Estampado Expedici\u00f3n Bot\u00e1nica. Tela Ilustrada &#8211; Poliester Reciclado.Siete Ilustraciones componen este estampado que se inspira en el enorme trabajo de Jos\u00e9 Celestino Mutis. La planta de caf\u00e9, dos tipos de orqu\u00eddeas, la palma platanera, la palma de cera, la chinchona y el borrachero son las plantas elegidas para conformar un estampado que contiene la flora m\u00e1s emblem\u00e1tica de Colombia. <\/span><\/p>\n","protected":false},"excerpt":{"rendered":"<p><span data-sheets-value=\"{&quot;1&quot;:2,&quot;2&quot;:&quot;Estampado Expedici\u00f3n Bot\u00e1nica. Tela Ilustrada - Poliester Reciclado.Siete Ilustraciones componen este estampado que se inspira en el enorme trabajo de Jos\u00e9 Celestino Mutis. La planta de caf\u00e9, dos tipos de orqu\u00eddeas, la palma platanera, la palma de cera, la chinchona y el borrachero son las plantas elegidas para conformar un estampado que contiene la flora m\u00e1s emblem\u00e1tica de Colombia. &quot;}\" data-sheets-userformat=\"{&quot;2&quot;:14785,&quot;3&quot;:{&quot;1&quot;:0,&quot;3&quot;:1},&quot;9&quot;:1,&quot;10&quot;:1,&quot;11&quot;:4,&quot;14&quot;:{&quot;1&quot;:2,&quot;2&quot;:6710886},&quot;15&quot;:&quot;Arial&quot;,&quot;16&quot;:13}\">Estampado Expedici\u00f3n Bot\u00e1nica. Tela Ilustrada &#8211; Poliester Reciclado.Siete Ilustraciones componen este estampado que se inspira en el enorme trabajo de Jos\u00e9 Celestino Mutis. La planta de caf\u00e9, dos tipos de orqu\u00eddeas, la palma platanera, la palma de cera, la chinchona y el borrachero son las plantas elegidas para conformar un estampado que contiene la flora m\u00e1s emblem\u00e1tica de Colombia. <\/span><\/p>\n","protected":false},"featured_media":4956,"comment_status":"open","ping_status":"closed","template":"","meta":{"_acf_changed":false},"product_cat":[621],"product_tag":[],"acf":[],"yoast_head":"<!-- This site is optimized with the Yoast SEO plugin v22.6 - https:\/\/yoast.com\/wordpress\/plugins\/seo\/ -->\n<title>Camisa manga larga Estampado Bot\u00e1nica - Latin Curated<\/title>\n<meta name=\"robots\" content=\"index, follow, max-snippet:-1, max-image-preview:large, max-video-preview:-1\" \/>\n<link rel=\"canonical\" href=\"https:\/\/latin-curated.com\/producto\/camisa-manga-larga-estampado-botanica\/\" \/>\n<meta property=\"og:locale\" content=\"en_US\" \/>\n<meta property=\"og:type\" content=\"article\" \/>\n<meta property=\"og:title\" content=\"Camisa manga larga Estampado Bot\u00e1nica - Latin Curated\" \/>\n<meta property=\"og:description\" content=\"Estampado Expedici\u00f3n Bot\u00e1nica. Tela Ilustrada - Poliester Reciclado.Siete Ilustraciones componen este estampado que se inspira en el enorme trabajo de Jos\u00e9 Celestino Mutis. La planta de caf\u00e9, dos tipos de orqu\u00eddeas, la palma platanera, la palma de cera, la chinchona y el borrachero son las plantas elegidas para conformar un estampado que contiene la flora m\u00e1s emblem\u00e1tica de Colombia.\" \/>\n<meta property=\"og:url\" content=\"https:\/\/latin-curated.com\/producto\/camisa-manga-larga-estampado-botanica\/\" \/>\n<meta property=\"og:site_name\" content=\"Latin Curated\" \/>\n<meta property=\"article:modified_time\" content=\"2021-05-13T17:50:22+00:00\" \/>\n<meta property=\"og:image\" content=\"https:\/\/latin-curated.com\/sitio\/wp-content\/uploads\/2021\/05\/02-1.jpg\" \/>\n\t<meta property=\"og:image:width\" content=\"1080\" \/>\n\t<meta property=\"og:image:height\" content=\"1080\" \/>\n\t<meta property=\"og:image:type\" content=\"image\/jpeg\" \/>\n<meta name=\"twitter:card\" content=\"summary_large_image\" \/>\n<meta name=\"twitter:label1\" content=\"Est. reading time\" \/>\n\t<meta name=\"twitter:data1\" content=\"1 minute\" \/>\n<script type=\"application\/ld+json\" class=\"yoast-schema-graph\">{\"@context\":\"https:\/\/schema.org\",\"@graph\":[{\"@type\":\"WebPage\",\"@id\":\"https:\/\/latin-curated.com\/producto\/camisa-manga-larga-estampado-botanica\/\",\"url\":\"https:\/\/latin-curated.com\/producto\/camisa-manga-larga-estampado-botanica\/\",\"name\":\"Camisa manga larga Estampado Bot\u00e1nica - Latin Curated\",\"isPartOf\":{\"@id\":\"https:\/\/latin-curated.com\/#website\"},\"primaryImageOfPage\":{\"@id\":\"https:\/\/latin-curated.com\/producto\/camisa-manga-larga-estampado-botanica\/#primaryimage\"},\"image\":{\"@id\":\"https:\/\/latin-curated.com\/producto\/camisa-manga-larga-estampado-botanica\/#primaryimage\"},\"thumbnailUrl\":\"https:\/\/latin-curated.com\/sitio\/wp-content\/uploads\/2021\/05\/02-1.jpg\",\"datePublished\":\"2021-05-13T17:07:03+00:00\",\"dateModified\":\"2021-05-13T17:50:22+00:00\",\"breadcrumb\":{\"@id\":\"https:\/\/latin-curated.com\/producto\/camisa-manga-larga-estampado-botanica\/#breadcrumb\"},\"inLanguage\":\"en-US\",\"potentialAction\":[{\"@type\":\"ReadAction\",\"target\":[\"https:\/\/latin-curated.com\/producto\/camisa-manga-larga-estampado-botanica\/\"]}]},{\"@type\":\"ImageObject\",\"inLanguage\":\"en-US\",\"@id\":\"https:\/\/latin-curated.com\/producto\/camisa-manga-larga-estampado-botanica\/#primaryimage\",\"url\":\"https:\/\/latin-curated.com\/sitio\/wp-content\/uploads\/2021\/05\/02-1.jpg\",\"contentUrl\":\"https:\/\/latin-curated.com\/sitio\/wp-content\/uploads\/2021\/05\/02-1.jpg\",\"width\":1080,\"height\":1080},{\"@type\":\"BreadcrumbList\",\"@id\":\"https:\/\/latin-curated.com\/producto\/camisa-manga-larga-estampado-botanica\/#breadcrumb\",\"itemListElement\":[{\"@type\":\"ListItem\",\"position\":1,\"name\":\"Portada\",\"item\":\"https:\/\/latin-curated.com\/en\/\"},{\"@type\":\"ListItem\",\"position\":2,\"name\":\"Tienda\",\"item\":\"https:\/\/latin-curated.com\/tienda\/\"},{\"@type\":\"ListItem\",\"position\":3,\"name\":\"Camisa manga larga Estampado Bot\u00e1nica\"}]},{\"@type\":\"WebSite\",\"@id\":\"https:\/\/latin-curated.com\/#website\",\"url\":\"https:\/\/latin-curated.com\/\",\"name\":\"Latin Curated\",\"description\":\"Galer\u00eda Online\",\"publisher\":{\"@id\":\"https:\/\/latin-curated.com\/#organization\"},\"potentialAction\":[{\"@type\":\"SearchAction\",\"target\":{\"@type\":\"EntryPoint\",\"urlTemplate\":\"https:\/\/latin-curated.com\/?s={search_term_string}\"},\"query-input\":\"required name=search_term_string\"}],\"inLanguage\":\"en-US\"},{\"@type\":\"Organization\",\"@id\":\"https:\/\/latin-curated.com\/#organization\",\"name\":\"Latin Curated\",\"url\":\"https:\/\/latin-curated.com\/\",\"logo\":{\"@type\":\"ImageObject\",\"inLanguage\":\"en-US\",\"@id\":\"https:\/\/latin-curated.com\/#\/schema\/logo\/image\/\",\"url\":\"https:\/\/latin-curated.com\/sitio\/wp-content\/uploads\/2020\/11\/LatinCurated_Logo.png\",\"contentUrl\":\"https:\/\/latin-curated.com\/sitio\/wp-content\/uploads\/2020\/11\/LatinCurated_Logo.png\",\"width\":509,\"height\":65,\"caption\":\"Latin Curated\"},\"image\":{\"@id\":\"https:\/\/latin-curated.com\/#\/schema\/logo\/image\/\"}}]}<\/script>\n<!-- \/ Yoast SEO plugin. -->","yoast_head_json":{"title":"Camisa manga larga Estampado Bot\u00e1nica - Latin Curated","robots":{"index":"index","follow":"follow","max-snippet":"max-snippet:-1","max-image-preview":"max-image-preview:large","max-video-preview":"max-video-preview:-1"},"canonical":"https:\/\/latin-curated.com\/producto\/camisa-manga-larga-estampado-botanica\/","og_locale":"en_US","og_type":"article","og_title":"Camisa manga larga Estampado Bot\u00e1nica - Latin Curated","og_description":"Estampado Expedici\u00f3n Bot\u00e1nica. Tela Ilustrada - Poliester Reciclado.Siete Ilustraciones componen este estampado que se inspira en el enorme trabajo de Jos\u00e9 Celestino Mutis. La planta de caf\u00e9, dos tipos de orqu\u00eddeas, la palma platanera, la palma de cera, la chinchona y el borrachero son las plantas elegidas para conformar un estampado que contiene la flora m\u00e1s emblem\u00e1tica de Colombia.","og_url":"https:\/\/latin-curated.com\/producto\/camisa-manga-larga-estampado-botanica\/","og_site_name":"Latin Curated","article_modified_time":"2021-05-13T17:50:22+00:00","og_image":[{"width":1080,"height":1080,"url":"https:\/\/latin-curated.com\/sitio\/wp-content\/uploads\/2021\/05\/02-1.jpg","type":"image\/jpeg"}],"twitter_card":"summary_large_image","twitter_misc":{"Est. reading time":"1 minute"},"schema":{"@context":"https:\/\/schema.org","@graph":[{"@type":"WebPage","@id":"https:\/\/latin-curated.com\/producto\/camisa-manga-larga-estampado-botanica\/","url":"https:\/\/latin-curated.com\/producto\/camisa-manga-larga-estampado-botanica\/","name":"Camisa manga larga Estampado Bot\u00e1nica - Latin Curated","isPartOf":{"@id":"https:\/\/latin-curated.com\/#website"},"primaryImageOfPage":{"@id":"https:\/\/latin-curated.com\/producto\/camisa-manga-larga-estampado-botanica\/#primaryimage"},"image":{"@id":"https:\/\/latin-curated.com\/producto\/camisa-manga-larga-estampado-botanica\/#primaryimage"},"thumbnailUrl":"https:\/\/latin-curated.com\/sitio\/wp-content\/uploads\/2021\/05\/02-1.jpg","datePublished":"2021-05-13T17:07:03+00:00","dateModified":"2021-05-13T17:50:22+00:00","breadcrumb":{"@id":"https:\/\/latin-curated.com\/producto\/camisa-manga-larga-estampado-botanica\/#breadcrumb"},"inLanguage":"en-US","potentialAction":[{"@type":"ReadAction","target":["https:\/\/latin-curated.com\/producto\/camisa-manga-larga-estampado-botanica\/"]}]},{"@type":"ImageObject","inLanguage":"en-US","@id":"https:\/\/latin-curated.com\/producto\/camisa-manga-larga-estampado-botanica\/#primaryimage","url":"https:\/\/latin-curated.com\/sitio\/wp-content\/uploads\/2021\/05\/02-1.jpg","contentUrl":"https:\/\/latin-curated.com\/sitio\/wp-content\/uploads\/2021\/05\/02-1.jpg","width":1080,"height":1080},{"@type":"BreadcrumbList","@id":"https:\/\/latin-curated.com\/producto\/camisa-manga-larga-estampado-botanica\/#breadcrumb","itemListElement":[{"@type":"ListItem","position":1,"name":"Portada","item":"https:\/\/latin-curated.com\/en\/"},{"@type":"ListItem","position":2,"name":"Tienda","item":"https:\/\/latin-curated.com\/tienda\/"},{"@type":"ListItem","position":3,"name":"Camisa manga larga Estampado Bot\u00e1nica"}]},{"@type":"WebSite","@id":"https:\/\/latin-curated.com\/#website","url":"https:\/\/latin-curated.com\/","name":"Latin Curated","description":"Galer\u00eda Online","publisher":{"@id":"https:\/\/latin-curated.com\/#organization"},"potentialAction":[{"@type":"SearchAction","target":{"@type":"EntryPoint","urlTemplate":"https:\/\/latin-curated.com\/?s={search_term_string}"},"query-input":"required name=search_term_string"}],"inLanguage":"en-US"},{"@type":"Organization","@id":"https:\/\/latin-curated.com\/#organization","name":"Latin Curated","url":"https:\/\/latin-curated.com\/","logo":{"@type":"ImageObject","inLanguage":"en-US","@id":"https:\/\/latin-curated.com\/#\/schema\/logo\/image\/","url":"https:\/\/latin-curated.com\/sitio\/wp-content\/uploads\/2020\/11\/LatinCurated_Logo.png","contentUrl":"https:\/\/latin-curated.com\/sitio\/wp-content\/uploads\/2020\/11\/LatinCurated_Logo.png","width":509,"height":65,"caption":"Latin Curated"},"image":{"@id":"https:\/\/latin-curated.com\/#\/schema\/logo\/image\/"}}]}},"_links":{"self":[{"href":"https:\/\/latin-curated.com\/en\/wp-json\/wp\/v2\/product\/4946"}],"collection":[{"href":"https:\/\/latin-curated.com\/en\/wp-json\/wp\/v2\/product"}],"about":[{"href":"https:\/\/latin-curated.com\/en\/wp-json\/wp\/v2\/types\/product"}],"replies":[{"embeddable":true,"href":"https:\/\/latin-curated.com\/en\/wp-json\/wp\/v2\/comments?post=4946"}],"wp:featuredmedia":[{"embeddable":true,"href":"https:\/\/latin-curated.com\/en\/wp-json\/wp\/v2\/media\/4956"}],"wp:attachment":[{"href":"https:\/\/latin-curated.com\/en\/wp-json\/wp\/v2\/media?parent=4946"}],"wp:term":[{"taxonomy":"product_cat","embeddable":true,"href":"https:\/\/latin-curated.com\/en\/wp-json\/wp\/v2\/product_cat?post=4946"},{"taxonomy":"product_tag","embeddable":true,"href":"https:\/\/latin-curated.com\/en\/wp-json\/wp\/v2\/product_tag?post=4946"}],"curies":[{"name":"wp","href":"https:\/\/api.w.org\/{rel}","templated":true}]}}