{"id":457,"date":"2020-06-09T14:37:58","date_gmt":"2020-06-09T14:37:58","guid":{"rendered":"https:\/\/latin-curated.com\/sitio\/?post_type=product&#038;p=457"},"modified":"2020-07-29T17:24:17","modified_gmt":"2020-07-29T17:24:17","slug":"cadena-caballito-de-mar","status":"publish","type":"product","link":"https:\/\/latin-curated.com\/en\/producto\/cadena-caballito-de-mar\/","title":{"rendered":"CADENA CABALLITO DE MAR"},"content":{"rendered":"<p><span data-sheets-value=\"{&quot;1&quot;:2,&quot;2&quot;:&quot;La Colecci\u00f3n Mini Glamazon te trae peque\u00f1os pedazos de para\u00edso. Bellamente terminadas, esta colecci\u00f3n encarna las delicias ex\u00f3ticas y la vida salvaje de Am\u00e9rica Latina.Todas las piezas de joyer\u00eda de FLOR AMAZONA son joyas de lujo hechas a mano en Colombia, Acero inoxidable 316L, Chapado en oro de 24K, hipoalerg\u00e9nicas y libres de N\u00edquel\\n\\nFA ES HECHO EN COLOMBIA.&quot;}\" data-sheets-userformat=\"{&quot;2&quot;:829,&quot;3&quot;:{&quot;1&quot;:0},&quot;5&quot;:{&quot;1&quot;:[{&quot;1&quot;:2,&quot;2&quot;:0,&quot;5&quot;:[null,2,0]},{&quot;1&quot;:0,&quot;2&quot;:0,&quot;3&quot;:3},{&quot;1&quot;:1,&quot;2&quot;:0,&quot;4&quot;:1}]},&quot;6&quot;:{&quot;1&quot;:[{&quot;1&quot;:2,&quot;2&quot;:0,&quot;5&quot;:[null,2,0]},{&quot;1&quot;:0,&quot;2&quot;:0,&quot;3&quot;:3},{&quot;1&quot;:1,&quot;2&quot;:0,&quot;4&quot;:1}]},&quot;7&quot;:{&quot;1&quot;:[{&quot;1&quot;:2,&quot;2&quot;:0,&quot;5&quot;:[null,2,0]},{&quot;1&quot;:0,&quot;2&quot;:0,&quot;3&quot;:3},{&quot;1&quot;:1,&quot;2&quot;:0,&quot;4&quot;:1}]},&quot;8&quot;:{&quot;1&quot;:[{&quot;1&quot;:2,&quot;2&quot;:0,&quot;5&quot;:[null,2,0]},{&quot;1&quot;:0,&quot;2&quot;:0,&quot;3&quot;:3},{&quot;1&quot;:1,&quot;2&quot;:0,&quot;4&quot;:1}]},&quot;11&quot;:4,&quot;12&quot;:0}\">La Colecci\u00f3n Mini Glamazon te trae peque\u00f1os pedazos de para\u00edso. Bellamente terminadas, esta colecci\u00f3n encarna las delicias ex\u00f3ticas y la vida salvaje de Am\u00e9rica Latina.Todas las piezas de joyer\u00eda de FLOR AMAZONA son joyas de lujo hechas a mano en Colombia, Acero inoxidable 316L, Chapado en oro de 24K, hipoalerg\u00e9nicas y libres de N\u00edquel<\/span><\/p>\n<p>FA ES HECHO EN COLOMBIA.<\/p>\n","protected":false},"excerpt":{"rendered":"<p>Despu\u00e9s de que se apruebe el pago y se env\u00ede el pedido, FLOR AMAZONA notificar\u00e1 al Cliente por correo electr\u00f3nico la fecha de entrega de su pedido.<\/p>\n","protected":false},"featured_media":459,"comment_status":"open","ping_status":"closed","template":"","meta":{"_acf_changed":false},"product_cat":[100,104,107,103,94,60],"product_tag":[191,197,192],"acf":[],"yoast_head":"<!-- This site is optimized with the Yoast SEO plugin v22.6 - https:\/\/yoast.com\/wordpress\/plugins\/seo\/ -->\n<title>CADENA CABALLITO DE MAR - Latin Curated<\/title>\n<meta name=\"robots\" content=\"index, follow, max-snippet:-1, max-image-preview:large, max-video-preview:-1\" \/>\n<link rel=\"canonical\" href=\"https:\/\/latin-curated.com\/producto\/cadena-caballito-de-mar\/\" \/>\n<meta property=\"og:locale\" content=\"en_US\" \/>\n<meta property=\"og:type\" content=\"article\" \/>\n<meta property=\"og:title\" content=\"CADENA CABALLITO DE MAR - Latin Curated\" \/>\n<meta property=\"og:description\" content=\"Despu\u00e9s de que se apruebe el pago y se env\u00ede el pedido, FLOR AMAZONA notificar\u00e1 al Cliente por correo electr\u00f3nico la fecha de entrega de su pedido.\" \/>\n<meta property=\"og:url\" content=\"https:\/\/latin-curated.com\/producto\/cadena-caballito-de-mar\/\" \/>\n<meta property=\"og:site_name\" content=\"Latin Curated\" \/>\n<meta property=\"article:modified_time\" content=\"2020-07-29T17:24:17+00:00\" \/>\n<meta property=\"og:image\" content=\"https:\/\/latin-curated.com\/sitio\/wp-content\/uploads\/2020\/06\/Seahorse-Necklace-Gold.jpg\" \/>\n\t<meta property=\"og:image:width\" content=\"1500\" \/>\n\t<meta property=\"og:image:height\" content=\"1500\" \/>\n\t<meta property=\"og:image:type\" content=\"image\/jpeg\" \/>\n<meta name=\"twitter:card\" content=\"summary_large_image\" \/>\n<script type=\"application\/ld+json\" class=\"yoast-schema-graph\">{\"@context\":\"https:\/\/schema.org\",\"@graph\":[{\"@type\":\"WebPage\",\"@id\":\"https:\/\/latin-curated.com\/producto\/cadena-caballito-de-mar\/\",\"url\":\"https:\/\/latin-curated.com\/producto\/cadena-caballito-de-mar\/\",\"name\":\"CADENA CABALLITO DE MAR - Latin Curated\",\"isPartOf\":{\"@id\":\"https:\/\/latin-curated.com\/#website\"},\"primaryImageOfPage\":{\"@id\":\"https:\/\/latin-curated.com\/producto\/cadena-caballito-de-mar\/#primaryimage\"},\"image\":{\"@id\":\"https:\/\/latin-curated.com\/producto\/cadena-caballito-de-mar\/#primaryimage\"},\"thumbnailUrl\":\"https:\/\/latin-curated.com\/sitio\/wp-content\/uploads\/2020\/06\/Seahorse-Necklace-Gold.jpg\",\"datePublished\":\"2020-06-09T14:37:58+00:00\",\"dateModified\":\"2020-07-29T17:24:17+00:00\",\"breadcrumb\":{\"@id\":\"https:\/\/latin-curated.com\/producto\/cadena-caballito-de-mar\/#breadcrumb\"},\"inLanguage\":\"en-US\",\"potentialAction\":[{\"@type\":\"ReadAction\",\"target\":[\"https:\/\/latin-curated.com\/producto\/cadena-caballito-de-mar\/\"]}]},{\"@type\":\"ImageObject\",\"inLanguage\":\"en-US\",\"@id\":\"https:\/\/latin-curated.com\/producto\/cadena-caballito-de-mar\/#primaryimage\",\"url\":\"https:\/\/latin-curated.com\/sitio\/wp-content\/uploads\/2020\/06\/Seahorse-Necklace-Gold.jpg\",\"contentUrl\":\"https:\/\/latin-curated.com\/sitio\/wp-content\/uploads\/2020\/06\/Seahorse-Necklace-Gold.jpg\",\"width\":1500,\"height\":1500},{\"@type\":\"BreadcrumbList\",\"@id\":\"https:\/\/latin-curated.com\/producto\/cadena-caballito-de-mar\/#breadcrumb\",\"itemListElement\":[{\"@type\":\"ListItem\",\"position\":1,\"name\":\"Portada\",\"item\":\"https:\/\/latin-curated.com\/en\/\"},{\"@type\":\"ListItem\",\"position\":2,\"name\":\"Tienda\",\"item\":\"https:\/\/latin-curated.com\/tienda\/\"},{\"@type\":\"ListItem\",\"position\":3,\"name\":\"CADENA CABALLITO DE MAR\"}]},{\"@type\":\"WebSite\",\"@id\":\"https:\/\/latin-curated.com\/#website\",\"url\":\"https:\/\/latin-curated.com\/\",\"name\":\"Latin Curated\",\"description\":\"Galer\u00eda Online\",\"publisher\":{\"@id\":\"https:\/\/latin-curated.com\/#organization\"},\"potentialAction\":[{\"@type\":\"SearchAction\",\"target\":{\"@type\":\"EntryPoint\",\"urlTemplate\":\"https:\/\/latin-curated.com\/?s={search_term_string}\"},\"query-input\":\"required name=search_term_string\"}],\"inLanguage\":\"en-US\"},{\"@type\":\"Organization\",\"@id\":\"https:\/\/latin-curated.com\/#organization\",\"name\":\"Latin Curated\",\"url\":\"https:\/\/latin-curated.com\/\",\"logo\":{\"@type\":\"ImageObject\",\"inLanguage\":\"en-US\",\"@id\":\"https:\/\/latin-curated.com\/#\/schema\/logo\/image\/\",\"url\":\"https:\/\/latin-curated.com\/sitio\/wp-content\/uploads\/2020\/11\/LatinCurated_Logo.png\",\"contentUrl\":\"https:\/\/latin-curated.com\/sitio\/wp-content\/uploads\/2020\/11\/LatinCurated_Logo.png\",\"width\":509,\"height\":65,\"caption\":\"Latin Curated\"},\"image\":{\"@id\":\"https:\/\/latin-curated.com\/#\/schema\/logo\/image\/\"}}]}<\/script>\n<!-- \/ Yoast SEO plugin. -->","yoast_head_json":{"title":"CADENA CABALLITO DE MAR - Latin Curated","robots":{"index":"index","follow":"follow","max-snippet":"max-snippet:-1","max-image-preview":"max-image-preview:large","max-video-preview":"max-video-preview:-1"},"canonical":"https:\/\/latin-curated.com\/producto\/cadena-caballito-de-mar\/","og_locale":"en_US","og_type":"article","og_title":"CADENA CABALLITO DE MAR - Latin Curated","og_description":"Despu\u00e9s de que se apruebe el pago y se env\u00ede el pedido, FLOR AMAZONA notificar\u00e1 al Cliente por correo electr\u00f3nico la fecha de entrega de su pedido.","og_url":"https:\/\/latin-curated.com\/producto\/cadena-caballito-de-mar\/","og_site_name":"Latin Curated","article_modified_time":"2020-07-29T17:24:17+00:00","og_image":[{"width":1500,"height":1500,"url":"https:\/\/latin-curated.com\/sitio\/wp-content\/uploads\/2020\/06\/Seahorse-Necklace-Gold.jpg","type":"image\/jpeg"}],"twitter_card":"summary_large_image","schema":{"@context":"https:\/\/schema.org","@graph":[{"@type":"WebPage","@id":"https:\/\/latin-curated.com\/producto\/cadena-caballito-de-mar\/","url":"https:\/\/latin-curated.com\/producto\/cadena-caballito-de-mar\/","name":"CADENA CABALLITO DE MAR - Latin Curated","isPartOf":{"@id":"https:\/\/latin-curated.com\/#website"},"primaryImageOfPage":{"@id":"https:\/\/latin-curated.com\/producto\/cadena-caballito-de-mar\/#primaryimage"},"image":{"@id":"https:\/\/latin-curated.com\/producto\/cadena-caballito-de-mar\/#primaryimage"},"thumbnailUrl":"https:\/\/latin-curated.com\/sitio\/wp-content\/uploads\/2020\/06\/Seahorse-Necklace-Gold.jpg","datePublished":"2020-06-09T14:37:58+00:00","dateModified":"2020-07-29T17:24:17+00:00","breadcrumb":{"@id":"https:\/\/latin-curated.com\/producto\/cadena-caballito-de-mar\/#breadcrumb"},"inLanguage":"en-US","potentialAction":[{"@type":"ReadAction","target":["https:\/\/latin-curated.com\/producto\/cadena-caballito-de-mar\/"]}]},{"@type":"ImageObject","inLanguage":"en-US","@id":"https:\/\/latin-curated.com\/producto\/cadena-caballito-de-mar\/#primaryimage","url":"https:\/\/latin-curated.com\/sitio\/wp-content\/uploads\/2020\/06\/Seahorse-Necklace-Gold.jpg","contentUrl":"https:\/\/latin-curated.com\/sitio\/wp-content\/uploads\/2020\/06\/Seahorse-Necklace-Gold.jpg","width":1500,"height":1500},{"@type":"BreadcrumbList","@id":"https:\/\/latin-curated.com\/producto\/cadena-caballito-de-mar\/#breadcrumb","itemListElement":[{"@type":"ListItem","position":1,"name":"Portada","item":"https:\/\/latin-curated.com\/en\/"},{"@type":"ListItem","position":2,"name":"Tienda","item":"https:\/\/latin-curated.com\/tienda\/"},{"@type":"ListItem","position":3,"name":"CADENA CABALLITO DE MAR"}]},{"@type":"WebSite","@id":"https:\/\/latin-curated.com\/#website","url":"https:\/\/latin-curated.com\/","name":"Latin Curated","description":"Galer\u00eda Online","publisher":{"@id":"https:\/\/latin-curated.com\/#organization"},"potentialAction":[{"@type":"SearchAction","target":{"@type":"EntryPoint","urlTemplate":"https:\/\/latin-curated.com\/?s={search_term_string}"},"query-input":"required name=search_term_string"}],"inLanguage":"en-US"},{"@type":"Organization","@id":"https:\/\/latin-curated.com\/#organization","name":"Latin Curated","url":"https:\/\/latin-curated.com\/","logo":{"@type":"ImageObject","inLanguage":"en-US","@id":"https:\/\/latin-curated.com\/#\/schema\/logo\/image\/","url":"https:\/\/latin-curated.com\/sitio\/wp-content\/uploads\/2020\/11\/LatinCurated_Logo.png","contentUrl":"https:\/\/latin-curated.com\/sitio\/wp-content\/uploads\/2020\/11\/LatinCurated_Logo.png","width":509,"height":65,"caption":"Latin Curated"},"image":{"@id":"https:\/\/latin-curated.com\/#\/schema\/logo\/image\/"}}]}},"_links":{"self":[{"href":"https:\/\/latin-curated.com\/en\/wp-json\/wp\/v2\/product\/457"}],"collection":[{"href":"https:\/\/latin-curated.com\/en\/wp-json\/wp\/v2\/product"}],"about":[{"href":"https:\/\/latin-curated.com\/en\/wp-json\/wp\/v2\/types\/product"}],"replies":[{"embeddable":true,"href":"https:\/\/latin-curated.com\/en\/wp-json\/wp\/v2\/comments?post=457"}],"wp:featuredmedia":[{"embeddable":true,"href":"https:\/\/latin-curated.com\/en\/wp-json\/wp\/v2\/media\/459"}],"wp:attachment":[{"href":"https:\/\/latin-curated.com\/en\/wp-json\/wp\/v2\/media?parent=457"}],"wp:term":[{"taxonomy":"product_cat","embeddable":true,"href":"https:\/\/latin-curated.com\/en\/wp-json\/wp\/v2\/product_cat?post=457"},{"taxonomy":"product_tag","embeddable":true,"href":"https:\/\/latin-curated.com\/en\/wp-json\/wp\/v2\/product_tag?post=457"}],"curies":[{"name":"wp","href":"https:\/\/api.w.org\/{rel}","templated":true}]}}