{"id":3786,"date":"2020-12-10T00:51:03","date_gmt":"2020-12-10T00:51:03","guid":{"rendered":"https:\/\/latin-curated.com\/sitio\/producto\/import-placeholder-for-37\/"},"modified":"2021-11-10T14:54:28","modified_gmt":"2021-11-10T14:54:28","slug":"lineal-mushroom-ear-cuff-right-side","status":"publish","type":"product","link":"https:\/\/latin-curated.com\/en\/producto\/lineal-mushroom-ear-cuff-right-side\/","title":{"rendered":"Lineal Mushroom Ear Cuff (Right Side)"},"content":{"rendered":"<p>Inspirados en uno de nuestros best sellers: Shroom Ear Cuffs. Hemos querido crear una mini colecci\u00f3n con la que puedas jugar de diferentes maneras. Este es otro ear cuff, un poco m\u00e1s corto y simple que el Shroom Ear Cuff original. Creado para que lo uses todos los d\u00edas, para que puedas mezclarlo con otras piezas de esta colecci\u00f3n y crees tu mejor look! Hecho completamente a mano Cali-Colombia, con materiales sostenibles\u00a0 como lat\u00f3n reciclado mezclado con plata y ba\u00f1o en oro de\u00a0 24K. El paso a paso es el siguiente: Primero creamos la forma en cera, tallada por Karim (nuestro l\u00edder de Joyer\u00eda) completamente a mano. Cuando no quedamos satisfechos con el resultado en cera, dise\u00f1amos la pieza en un programa de 3D en el computador y se imprime a laser. Una vez es aprobada, sacamos un molde madre de donde se sacan m\u00faltiples copias. Se hacen los \u00e1rboles de cera, se llenan con el metal (que en nuestro caso es bronce reciclado mezclado con plata. El bronce lo compramos en otras joyer\u00edas y lo hacemos con la finalidad de reducir el desperdicio en el gremio). Al salir del horno,se pulen a mano cada una de las piezas, por nuestro equipo de orfebres y finalmente pasan al ba\u00f1o en oro de 24K (lo cual tercerizamos a una compa\u00f1\u00eda experta en esta t\u00e9cnica). S\u00f3lo el proceso de joyer\u00eda puede tomar alrededor de 3 meses o m\u00e1s cuando estamos haciendo desarrollo de producto. Cuando se trata de un producto que estamos reproduciendo puede demorarse alrededor de 3 semanas dependiendo de las cantidades.<\/p>\n","protected":false},"excerpt":{"rendered":"<p>Inspirados en uno de nuestros best sellers: Shroom Ear Cuffs. Hemos querido crear una mini colecci\u00f3n con la que puedas jugar de diferentes maneras. Este es otro ear cuff, un poco m\u00e1s corto y simple que el Shroom Ear Cuff original<\/p>\n","protected":false},"featured_media":5146,"comment_status":"open","ping_status":"closed","template":"","meta":{"_acf_changed":false},"product_cat":[250],"product_tag":[302],"acf":[],"yoast_head":"<!-- This site is optimized with the Yoast SEO plugin v22.6 - https:\/\/yoast.com\/wordpress\/plugins\/seo\/ -->\n<title>Lineal Mushroom Ear Cuff (Right Side) - Latin Curated<\/title>\n<meta name=\"robots\" content=\"index, follow, max-snippet:-1, max-image-preview:large, max-video-preview:-1\" \/>\n<link rel=\"canonical\" href=\"https:\/\/latin-curated.com\/producto\/lineal-mushroom-ear-cuff-right-side\/\" \/>\n<meta property=\"og:locale\" content=\"en_US\" \/>\n<meta property=\"og:type\" content=\"article\" \/>\n<meta property=\"og:title\" content=\"Lineal Mushroom Ear Cuff (Right Side) - Latin Curated\" \/>\n<meta property=\"og:description\" content=\"Inspirados en uno de nuestros best sellers: Shroom Ear Cuffs. Hemos querido crear una mini colecci\u00f3n con la que puedas jugar de diferentes maneras. Este es otro ear cuff, un poco m\u00e1s corto y simple que el Shroom Ear Cuff original\" \/>\n<meta property=\"og:url\" content=\"https:\/\/latin-curated.com\/producto\/lineal-mushroom-ear-cuff-right-side\/\" \/>\n<meta property=\"og:site_name\" content=\"Latin Curated\" \/>\n<meta property=\"article:modified_time\" content=\"2021-11-10T14:54:28+00:00\" \/>\n<meta property=\"og:image\" content=\"https:\/\/latin-curated.com\/sitio\/wp-content\/uploads\/2020\/12\/Lineal-Mushroom-Right-Side.jpg\" \/>\n\t<meta property=\"og:image:width\" content=\"1080\" \/>\n\t<meta property=\"og:image:height\" content=\"1080\" \/>\n\t<meta property=\"og:image:type\" content=\"image\/jpeg\" \/>\n<meta name=\"twitter:card\" content=\"summary_large_image\" \/>\n<meta name=\"twitter:label1\" content=\"Est. reading time\" \/>\n\t<meta name=\"twitter:data1\" content=\"1 minute\" \/>\n<script type=\"application\/ld+json\" class=\"yoast-schema-graph\">{\"@context\":\"https:\/\/schema.org\",\"@graph\":[{\"@type\":\"WebPage\",\"@id\":\"https:\/\/latin-curated.com\/producto\/lineal-mushroom-ear-cuff-right-side\/\",\"url\":\"https:\/\/latin-curated.com\/producto\/lineal-mushroom-ear-cuff-right-side\/\",\"name\":\"Lineal Mushroom Ear Cuff (Right Side) - Latin Curated\",\"isPartOf\":{\"@id\":\"https:\/\/latin-curated.com\/#website\"},\"primaryImageOfPage\":{\"@id\":\"https:\/\/latin-curated.com\/producto\/lineal-mushroom-ear-cuff-right-side\/#primaryimage\"},\"image\":{\"@id\":\"https:\/\/latin-curated.com\/producto\/lineal-mushroom-ear-cuff-right-side\/#primaryimage\"},\"thumbnailUrl\":\"https:\/\/latin-curated.com\/sitio\/wp-content\/uploads\/2020\/12\/Lineal-Mushroom-Right-Side.jpg\",\"datePublished\":\"2020-12-10T00:51:03+00:00\",\"dateModified\":\"2021-11-10T14:54:28+00:00\",\"breadcrumb\":{\"@id\":\"https:\/\/latin-curated.com\/producto\/lineal-mushroom-ear-cuff-right-side\/#breadcrumb\"},\"inLanguage\":\"en-US\",\"potentialAction\":[{\"@type\":\"ReadAction\",\"target\":[\"https:\/\/latin-curated.com\/producto\/lineal-mushroom-ear-cuff-right-side\/\"]}]},{\"@type\":\"ImageObject\",\"inLanguage\":\"en-US\",\"@id\":\"https:\/\/latin-curated.com\/producto\/lineal-mushroom-ear-cuff-right-side\/#primaryimage\",\"url\":\"https:\/\/latin-curated.com\/sitio\/wp-content\/uploads\/2020\/12\/Lineal-Mushroom-Right-Side.jpg\",\"contentUrl\":\"https:\/\/latin-curated.com\/sitio\/wp-content\/uploads\/2020\/12\/Lineal-Mushroom-Right-Side.jpg\",\"width\":1080,\"height\":1080},{\"@type\":\"BreadcrumbList\",\"@id\":\"https:\/\/latin-curated.com\/producto\/lineal-mushroom-ear-cuff-right-side\/#breadcrumb\",\"itemListElement\":[{\"@type\":\"ListItem\",\"position\":1,\"name\":\"Portada\",\"item\":\"https:\/\/latin-curated.com\/en\/\"},{\"@type\":\"ListItem\",\"position\":2,\"name\":\"Tienda\",\"item\":\"https:\/\/latin-curated.com\/tienda\/\"},{\"@type\":\"ListItem\",\"position\":3,\"name\":\"Lineal Mushroom Ear Cuff (Right Side)\"}]},{\"@type\":\"WebSite\",\"@id\":\"https:\/\/latin-curated.com\/#website\",\"url\":\"https:\/\/latin-curated.com\/\",\"name\":\"Latin Curated\",\"description\":\"Galer\u00eda Online\",\"publisher\":{\"@id\":\"https:\/\/latin-curated.com\/#organization\"},\"potentialAction\":[{\"@type\":\"SearchAction\",\"target\":{\"@type\":\"EntryPoint\",\"urlTemplate\":\"https:\/\/latin-curated.com\/?s={search_term_string}\"},\"query-input\":\"required name=search_term_string\"}],\"inLanguage\":\"en-US\"},{\"@type\":\"Organization\",\"@id\":\"https:\/\/latin-curated.com\/#organization\",\"name\":\"Latin Curated\",\"url\":\"https:\/\/latin-curated.com\/\",\"logo\":{\"@type\":\"ImageObject\",\"inLanguage\":\"en-US\",\"@id\":\"https:\/\/latin-curated.com\/#\/schema\/logo\/image\/\",\"url\":\"https:\/\/latin-curated.com\/sitio\/wp-content\/uploads\/2020\/11\/LatinCurated_Logo.png\",\"contentUrl\":\"https:\/\/latin-curated.com\/sitio\/wp-content\/uploads\/2020\/11\/LatinCurated_Logo.png\",\"width\":509,\"height\":65,\"caption\":\"Latin Curated\"},\"image\":{\"@id\":\"https:\/\/latin-curated.com\/#\/schema\/logo\/image\/\"}}]}<\/script>\n<!-- \/ Yoast SEO plugin. -->","yoast_head_json":{"title":"Lineal Mushroom Ear Cuff (Right Side) - Latin Curated","robots":{"index":"index","follow":"follow","max-snippet":"max-snippet:-1","max-image-preview":"max-image-preview:large","max-video-preview":"max-video-preview:-1"},"canonical":"https:\/\/latin-curated.com\/producto\/lineal-mushroom-ear-cuff-right-side\/","og_locale":"en_US","og_type":"article","og_title":"Lineal Mushroom Ear Cuff (Right Side) - Latin Curated","og_description":"Inspirados en uno de nuestros best sellers: Shroom Ear Cuffs. Hemos querido crear una mini colecci\u00f3n con la que puedas jugar de diferentes maneras. Este es otro ear cuff, un poco m\u00e1s corto y simple que el Shroom Ear Cuff original","og_url":"https:\/\/latin-curated.com\/producto\/lineal-mushroom-ear-cuff-right-side\/","og_site_name":"Latin Curated","article_modified_time":"2021-11-10T14:54:28+00:00","og_image":[{"width":1080,"height":1080,"url":"https:\/\/latin-curated.com\/sitio\/wp-content\/uploads\/2020\/12\/Lineal-Mushroom-Right-Side.jpg","type":"image\/jpeg"}],"twitter_card":"summary_large_image","twitter_misc":{"Est. reading time":"1 minute"},"schema":{"@context":"https:\/\/schema.org","@graph":[{"@type":"WebPage","@id":"https:\/\/latin-curated.com\/producto\/lineal-mushroom-ear-cuff-right-side\/","url":"https:\/\/latin-curated.com\/producto\/lineal-mushroom-ear-cuff-right-side\/","name":"Lineal Mushroom Ear Cuff (Right Side) - Latin Curated","isPartOf":{"@id":"https:\/\/latin-curated.com\/#website"},"primaryImageOfPage":{"@id":"https:\/\/latin-curated.com\/producto\/lineal-mushroom-ear-cuff-right-side\/#primaryimage"},"image":{"@id":"https:\/\/latin-curated.com\/producto\/lineal-mushroom-ear-cuff-right-side\/#primaryimage"},"thumbnailUrl":"https:\/\/latin-curated.com\/sitio\/wp-content\/uploads\/2020\/12\/Lineal-Mushroom-Right-Side.jpg","datePublished":"2020-12-10T00:51:03+00:00","dateModified":"2021-11-10T14:54:28+00:00","breadcrumb":{"@id":"https:\/\/latin-curated.com\/producto\/lineal-mushroom-ear-cuff-right-side\/#breadcrumb"},"inLanguage":"en-US","potentialAction":[{"@type":"ReadAction","target":["https:\/\/latin-curated.com\/producto\/lineal-mushroom-ear-cuff-right-side\/"]}]},{"@type":"ImageObject","inLanguage":"en-US","@id":"https:\/\/latin-curated.com\/producto\/lineal-mushroom-ear-cuff-right-side\/#primaryimage","url":"https:\/\/latin-curated.com\/sitio\/wp-content\/uploads\/2020\/12\/Lineal-Mushroom-Right-Side.jpg","contentUrl":"https:\/\/latin-curated.com\/sitio\/wp-content\/uploads\/2020\/12\/Lineal-Mushroom-Right-Side.jpg","width":1080,"height":1080},{"@type":"BreadcrumbList","@id":"https:\/\/latin-curated.com\/producto\/lineal-mushroom-ear-cuff-right-side\/#breadcrumb","itemListElement":[{"@type":"ListItem","position":1,"name":"Portada","item":"https:\/\/latin-curated.com\/en\/"},{"@type":"ListItem","position":2,"name":"Tienda","item":"https:\/\/latin-curated.com\/tienda\/"},{"@type":"ListItem","position":3,"name":"Lineal Mushroom Ear Cuff (Right Side)"}]},{"@type":"WebSite","@id":"https:\/\/latin-curated.com\/#website","url":"https:\/\/latin-curated.com\/","name":"Latin Curated","description":"Galer\u00eda Online","publisher":{"@id":"https:\/\/latin-curated.com\/#organization"},"potentialAction":[{"@type":"SearchAction","target":{"@type":"EntryPoint","urlTemplate":"https:\/\/latin-curated.com\/?s={search_term_string}"},"query-input":"required name=search_term_string"}],"inLanguage":"en-US"},{"@type":"Organization","@id":"https:\/\/latin-curated.com\/#organization","name":"Latin Curated","url":"https:\/\/latin-curated.com\/","logo":{"@type":"ImageObject","inLanguage":"en-US","@id":"https:\/\/latin-curated.com\/#\/schema\/logo\/image\/","url":"https:\/\/latin-curated.com\/sitio\/wp-content\/uploads\/2020\/11\/LatinCurated_Logo.png","contentUrl":"https:\/\/latin-curated.com\/sitio\/wp-content\/uploads\/2020\/11\/LatinCurated_Logo.png","width":509,"height":65,"caption":"Latin Curated"},"image":{"@id":"https:\/\/latin-curated.com\/#\/schema\/logo\/image\/"}}]}},"_links":{"self":[{"href":"https:\/\/latin-curated.com\/en\/wp-json\/wp\/v2\/product\/3786"}],"collection":[{"href":"https:\/\/latin-curated.com\/en\/wp-json\/wp\/v2\/product"}],"about":[{"href":"https:\/\/latin-curated.com\/en\/wp-json\/wp\/v2\/types\/product"}],"replies":[{"embeddable":true,"href":"https:\/\/latin-curated.com\/en\/wp-json\/wp\/v2\/comments?post=3786"}],"wp:featuredmedia":[{"embeddable":true,"href":"https:\/\/latin-curated.com\/en\/wp-json\/wp\/v2\/media\/5146"}],"wp:attachment":[{"href":"https:\/\/latin-curated.com\/en\/wp-json\/wp\/v2\/media?parent=3786"}],"wp:term":[{"taxonomy":"product_cat","embeddable":true,"href":"https:\/\/latin-curated.com\/en\/wp-json\/wp\/v2\/product_cat?post=3786"},{"taxonomy":"product_tag","embeddable":true,"href":"https:\/\/latin-curated.com\/en\/wp-json\/wp\/v2\/product_tag?post=3786"}],"curies":[{"name":"wp","href":"https:\/\/api.w.org\/{rel}","templated":true}]}}