{"id":3750,"date":"2020-12-10T00:50:09","date_gmt":"2020-12-10T00:50:09","guid":{"rendered":"https:\/\/latin-curated.com\/sitio\/producto\/import-placeholder-for-9\/"},"modified":"2021-11-10T14:44:33","modified_gmt":"2021-11-10T14:44:33","slug":"kilya-earrings","status":"publish","type":"product","link":"https:\/\/latin-curated.com\/en\/producto\/kilya-earrings\/","title":{"rendered":"Kilya Earrings"},"content":{"rendered":"<p>Mama Killa o Kilya era conocida como &#8220;Madre Luna&#8221; y era la diosa de la luna, ha sido la inspiraci\u00f3n de Los Kilya Earrings. Hechos con madera reciclada de pino, recaudada de las grandes ebanister\u00edas en Medell\u00edn, donde compramos los retales peque\u00f1os, evitando tanto desperdicio y haciendo nuestro aporte a una producci\u00f3n m\u00e1s consciente. Cada pieza es tallada en torno y a mano por Luis, experto en tallaje de madera, en su taller. Primero la madera debe pasar por un proceso de secado para evitar que el producto final se deforme, por eso se dejan secar entre 3 y 4 d\u00edas, para despu\u00e9s pasar a la talla. Cada par de aretes toma aprox 4 horas en ser tallado en detalle y finalmente se pasa al acabado para proteger la pieza. Este trabajo se hace con porcelanato l\u00edquido. El arte de aplicar bien el porcelanato es bastante complejo, pues de ser mal aplicado se ver\u00edan pinceladas o parches que da\u00f1ar\u00edan todo el trabajo previo. Despu\u00e9s Luis pasa a hacer las perforaciones para poner las argollas que permiten finalmente el agarre a la pieza de oro (Studs) y tambi\u00e9n para los detalles en perlas de agua dulce. La uni\u00f3n entre los artesanos y los joyeros siempre pasa antes por nuestras lideres de producci\u00f3n, tanto en medell\u00edn como en Cali, para control de calidad. La pieza dorada tambi\u00e9n lleva un proceso largo y complejo, aqu\u00ed el paso a paso: Primero creamos la forma en cera, tallada por Karim (nuestro l\u00edder de Joyer\u00eda) completamente a mano. Cuando no quedamos satisfechos con el resultado en cera, dise\u00f1amos la pieza en un programa de 3D en el computador y se imprime a laser. Una vez es aprobada, sacamos un molde madre de donde se sacan m\u00faltiples copias. Se hacen los \u00e1rboles de cera, se llenan con el metal (que en nuestro caso es bronce reciclado mezclado con plata. Ese bronce lo compramos en otras joyer\u00edas y lo hacemos con la finalidad de reducir el desperdicio en el gremio). Al salir del horno,se pulen a mano cada una de las piezas, por nuestro equipo de orfebres y finalmente pasan al ba\u00f1o en oro de 24K (lo cual tercerizamos a una compa\u00f1\u00eda experta en esta t\u00e9cnica). S\u00f3lo el proceso de joyer\u00eda puede tomar alrededor de 3 meses o m\u00e1s cuando estamos haciendo desarrollo de producto. Cuando se trata de un producto que estamos reproduciendo puede demorarse alrededor de 3 semanas dependiendo de las cantidades.<\/p>\n","protected":false},"excerpt":{"rendered":"<p>Mama Killa o Kilya era conocida como &#8220;Madre Luna&#8221; y era la diosa de la luna, ha sido la inspiraci\u00f3n de Los Kilya Earrings. Hechos con madera reciclada de pino, recaudada de las grandes ebanister\u00edas en Medell\u00edn, donde compramos los retales peque\u00f1os, evitando tanto desperdicio y haciendo nuestro aporte a una producci\u00f3n m\u00e1s consciente.<\/p>\n","protected":false},"featured_media":5211,"comment_status":"open","ping_status":"closed","template":"","meta":{"_acf_changed":false},"product_cat":[250],"product_tag":[302],"acf":[],"yoast_head":"<!-- This site is optimized with the Yoast SEO plugin v22.6 - https:\/\/yoast.com\/wordpress\/plugins\/seo\/ -->\n<title>Kilya Earrings - Latin Curated<\/title>\n<meta name=\"robots\" content=\"index, follow, max-snippet:-1, max-image-preview:large, max-video-preview:-1\" \/>\n<link rel=\"canonical\" href=\"https:\/\/latin-curated.com\/producto\/kilya-earrings\/\" \/>\n<meta property=\"og:locale\" content=\"en_US\" \/>\n<meta property=\"og:type\" content=\"article\" \/>\n<meta property=\"og:title\" content=\"Kilya Earrings - Latin Curated\" \/>\n<meta property=\"og:description\" content=\"Mama Killa o Kilya era conocida como &quot;Madre Luna&quot; y era la diosa de la luna, ha sido la inspiraci\u00f3n de Los Kilya Earrings. Hechos con madera reciclada de pino, recaudada de las grandes ebanister\u00edas en Medell\u00edn, donde compramos los retales peque\u00f1os, evitando tanto desperdicio y haciendo nuestro aporte a una producci\u00f3n m\u00e1s consciente.\" \/>\n<meta property=\"og:url\" content=\"https:\/\/latin-curated.com\/producto\/kilya-earrings\/\" \/>\n<meta property=\"og:site_name\" content=\"Latin Curated\" \/>\n<meta property=\"article:modified_time\" content=\"2021-11-10T14:44:33+00:00\" \/>\n<meta property=\"og:image\" content=\"https:\/\/latin-curated.com\/sitio\/wp-content\/uploads\/2020\/12\/Kilya-Earrings.jpg\" \/>\n\t<meta property=\"og:image:width\" content=\"1080\" \/>\n\t<meta property=\"og:image:height\" content=\"1080\" \/>\n\t<meta property=\"og:image:type\" content=\"image\/jpeg\" \/>\n<meta name=\"twitter:card\" content=\"summary_large_image\" \/>\n<meta name=\"twitter:label1\" content=\"Est. reading time\" \/>\n\t<meta name=\"twitter:data1\" content=\"2 minutes\" \/>\n<script type=\"application\/ld+json\" class=\"yoast-schema-graph\">{\"@context\":\"https:\/\/schema.org\",\"@graph\":[{\"@type\":\"WebPage\",\"@id\":\"https:\/\/latin-curated.com\/producto\/kilya-earrings\/\",\"url\":\"https:\/\/latin-curated.com\/producto\/kilya-earrings\/\",\"name\":\"Kilya Earrings - Latin Curated\",\"isPartOf\":{\"@id\":\"https:\/\/latin-curated.com\/#website\"},\"primaryImageOfPage\":{\"@id\":\"https:\/\/latin-curated.com\/producto\/kilya-earrings\/#primaryimage\"},\"image\":{\"@id\":\"https:\/\/latin-curated.com\/producto\/kilya-earrings\/#primaryimage\"},\"thumbnailUrl\":\"https:\/\/latin-curated.com\/sitio\/wp-content\/uploads\/2020\/12\/Kilya-Earrings.jpg\",\"datePublished\":\"2020-12-10T00:50:09+00:00\",\"dateModified\":\"2021-11-10T14:44:33+00:00\",\"breadcrumb\":{\"@id\":\"https:\/\/latin-curated.com\/producto\/kilya-earrings\/#breadcrumb\"},\"inLanguage\":\"en-US\",\"potentialAction\":[{\"@type\":\"ReadAction\",\"target\":[\"https:\/\/latin-curated.com\/producto\/kilya-earrings\/\"]}]},{\"@type\":\"ImageObject\",\"inLanguage\":\"en-US\",\"@id\":\"https:\/\/latin-curated.com\/producto\/kilya-earrings\/#primaryimage\",\"url\":\"https:\/\/latin-curated.com\/sitio\/wp-content\/uploads\/2020\/12\/Kilya-Earrings.jpg\",\"contentUrl\":\"https:\/\/latin-curated.com\/sitio\/wp-content\/uploads\/2020\/12\/Kilya-Earrings.jpg\",\"width\":1080,\"height\":1080},{\"@type\":\"BreadcrumbList\",\"@id\":\"https:\/\/latin-curated.com\/producto\/kilya-earrings\/#breadcrumb\",\"itemListElement\":[{\"@type\":\"ListItem\",\"position\":1,\"name\":\"Portada\",\"item\":\"https:\/\/latin-curated.com\/en\/\"},{\"@type\":\"ListItem\",\"position\":2,\"name\":\"Tienda\",\"item\":\"https:\/\/latin-curated.com\/tienda\/\"},{\"@type\":\"ListItem\",\"position\":3,\"name\":\"Kilya Earrings\"}]},{\"@type\":\"WebSite\",\"@id\":\"https:\/\/latin-curated.com\/#website\",\"url\":\"https:\/\/latin-curated.com\/\",\"name\":\"Latin Curated\",\"description\":\"Galer\u00eda Online\",\"publisher\":{\"@id\":\"https:\/\/latin-curated.com\/#organization\"},\"potentialAction\":[{\"@type\":\"SearchAction\",\"target\":{\"@type\":\"EntryPoint\",\"urlTemplate\":\"https:\/\/latin-curated.com\/?s={search_term_string}\"},\"query-input\":\"required name=search_term_string\"}],\"inLanguage\":\"en-US\"},{\"@type\":\"Organization\",\"@id\":\"https:\/\/latin-curated.com\/#organization\",\"name\":\"Latin Curated\",\"url\":\"https:\/\/latin-curated.com\/\",\"logo\":{\"@type\":\"ImageObject\",\"inLanguage\":\"en-US\",\"@id\":\"https:\/\/latin-curated.com\/#\/schema\/logo\/image\/\",\"url\":\"https:\/\/latin-curated.com\/sitio\/wp-content\/uploads\/2020\/11\/LatinCurated_Logo.png\",\"contentUrl\":\"https:\/\/latin-curated.com\/sitio\/wp-content\/uploads\/2020\/11\/LatinCurated_Logo.png\",\"width\":509,\"height\":65,\"caption\":\"Latin Curated\"},\"image\":{\"@id\":\"https:\/\/latin-curated.com\/#\/schema\/logo\/image\/\"}}]}<\/script>\n<!-- \/ Yoast SEO plugin. -->","yoast_head_json":{"title":"Kilya Earrings - Latin Curated","robots":{"index":"index","follow":"follow","max-snippet":"max-snippet:-1","max-image-preview":"max-image-preview:large","max-video-preview":"max-video-preview:-1"},"canonical":"https:\/\/latin-curated.com\/producto\/kilya-earrings\/","og_locale":"en_US","og_type":"article","og_title":"Kilya Earrings - Latin Curated","og_description":"Mama Killa o Kilya era conocida como \"Madre Luna\" y era la diosa de la luna, ha sido la inspiraci\u00f3n de Los Kilya Earrings. Hechos con madera reciclada de pino, recaudada de las grandes ebanister\u00edas en Medell\u00edn, donde compramos los retales peque\u00f1os, evitando tanto desperdicio y haciendo nuestro aporte a una producci\u00f3n m\u00e1s consciente.","og_url":"https:\/\/latin-curated.com\/producto\/kilya-earrings\/","og_site_name":"Latin Curated","article_modified_time":"2021-11-10T14:44:33+00:00","og_image":[{"width":1080,"height":1080,"url":"https:\/\/latin-curated.com\/sitio\/wp-content\/uploads\/2020\/12\/Kilya-Earrings.jpg","type":"image\/jpeg"}],"twitter_card":"summary_large_image","twitter_misc":{"Est. reading time":"2 minutes"},"schema":{"@context":"https:\/\/schema.org","@graph":[{"@type":"WebPage","@id":"https:\/\/latin-curated.com\/producto\/kilya-earrings\/","url":"https:\/\/latin-curated.com\/producto\/kilya-earrings\/","name":"Kilya Earrings - Latin Curated","isPartOf":{"@id":"https:\/\/latin-curated.com\/#website"},"primaryImageOfPage":{"@id":"https:\/\/latin-curated.com\/producto\/kilya-earrings\/#primaryimage"},"image":{"@id":"https:\/\/latin-curated.com\/producto\/kilya-earrings\/#primaryimage"},"thumbnailUrl":"https:\/\/latin-curated.com\/sitio\/wp-content\/uploads\/2020\/12\/Kilya-Earrings.jpg","datePublished":"2020-12-10T00:50:09+00:00","dateModified":"2021-11-10T14:44:33+00:00","breadcrumb":{"@id":"https:\/\/latin-curated.com\/producto\/kilya-earrings\/#breadcrumb"},"inLanguage":"en-US","potentialAction":[{"@type":"ReadAction","target":["https:\/\/latin-curated.com\/producto\/kilya-earrings\/"]}]},{"@type":"ImageObject","inLanguage":"en-US","@id":"https:\/\/latin-curated.com\/producto\/kilya-earrings\/#primaryimage","url":"https:\/\/latin-curated.com\/sitio\/wp-content\/uploads\/2020\/12\/Kilya-Earrings.jpg","contentUrl":"https:\/\/latin-curated.com\/sitio\/wp-content\/uploads\/2020\/12\/Kilya-Earrings.jpg","width":1080,"height":1080},{"@type":"BreadcrumbList","@id":"https:\/\/latin-curated.com\/producto\/kilya-earrings\/#breadcrumb","itemListElement":[{"@type":"ListItem","position":1,"name":"Portada","item":"https:\/\/latin-curated.com\/en\/"},{"@type":"ListItem","position":2,"name":"Tienda","item":"https:\/\/latin-curated.com\/tienda\/"},{"@type":"ListItem","position":3,"name":"Kilya Earrings"}]},{"@type":"WebSite","@id":"https:\/\/latin-curated.com\/#website","url":"https:\/\/latin-curated.com\/","name":"Latin Curated","description":"Galer\u00eda Online","publisher":{"@id":"https:\/\/latin-curated.com\/#organization"},"potentialAction":[{"@type":"SearchAction","target":{"@type":"EntryPoint","urlTemplate":"https:\/\/latin-curated.com\/?s={search_term_string}"},"query-input":"required name=search_term_string"}],"inLanguage":"en-US"},{"@type":"Organization","@id":"https:\/\/latin-curated.com\/#organization","name":"Latin Curated","url":"https:\/\/latin-curated.com\/","logo":{"@type":"ImageObject","inLanguage":"en-US","@id":"https:\/\/latin-curated.com\/#\/schema\/logo\/image\/","url":"https:\/\/latin-curated.com\/sitio\/wp-content\/uploads\/2020\/11\/LatinCurated_Logo.png","contentUrl":"https:\/\/latin-curated.com\/sitio\/wp-content\/uploads\/2020\/11\/LatinCurated_Logo.png","width":509,"height":65,"caption":"Latin Curated"},"image":{"@id":"https:\/\/latin-curated.com\/#\/schema\/logo\/image\/"}}]}},"_links":{"self":[{"href":"https:\/\/latin-curated.com\/en\/wp-json\/wp\/v2\/product\/3750"}],"collection":[{"href":"https:\/\/latin-curated.com\/en\/wp-json\/wp\/v2\/product"}],"about":[{"href":"https:\/\/latin-curated.com\/en\/wp-json\/wp\/v2\/types\/product"}],"replies":[{"embeddable":true,"href":"https:\/\/latin-curated.com\/en\/wp-json\/wp\/v2\/comments?post=3750"}],"wp:featuredmedia":[{"embeddable":true,"href":"https:\/\/latin-curated.com\/en\/wp-json\/wp\/v2\/media\/5211"}],"wp:attachment":[{"href":"https:\/\/latin-curated.com\/en\/wp-json\/wp\/v2\/media?parent=3750"}],"wp:term":[{"taxonomy":"product_cat","embeddable":true,"href":"https:\/\/latin-curated.com\/en\/wp-json\/wp\/v2\/product_cat?post=3750"},{"taxonomy":"product_tag","embeddable":true,"href":"https:\/\/latin-curated.com\/en\/wp-json\/wp\/v2\/product_tag?post=3750"}],"curies":[{"name":"wp","href":"https:\/\/api.w.org\/{rel}","templated":true}]}}