{"id":3745,"date":"2020-12-10T00:50:08","date_gmt":"2020-12-10T00:50:08","guid":{"rendered":"https:\/\/latin-curated.com\/sitio\/producto\/import-placeholder-for-4\/"},"modified":"2021-11-12T14:56:12","modified_gmt":"2021-11-12T14:56:12","slug":"flower-ear-cuff","status":"publish","type":"product","link":"https:\/\/latin-curated.com\/en\/producto\/flower-ear-cuff\/","title":{"rendered":"Flower Ear Cuff"},"content":{"rendered":"<p>Versatilidad: Uno de nuestros pilares preferidos! Queremos ofrecerte piezas que puedas usar de diferentes maneras con la finalidad de extender la vida de cada uno de nuestros productos. Los Ear Cuffs pueden tambi\u00e9n ser usados como Midi Rings, amazing right? Divi\u00e9rtete mezclandolos con los diferentes Jetlagmode pieces que tienes, tambi\u00e9n pueden ser tus everyday basics. Our super cool-everyday Jetlagmode \u201cFlower ear cuffs\u201d, Hecho completamente a mano Cali-Colombia, con materiales sostenibles\u00a0 como lat\u00f3n reciclado mezclado con plata y ba\u00f1o en oro de\u00a0 24K El paso a paso es el siguiente: Primero creamos la forma en cera, tallada por Karim (nuestro l\u00edder de Joyer\u00eda) completamente a mano. Cuando no quedamos satisfechos con el resultado en cera, dise\u00f1amos la pieza en un programa de 3D en el computador y se imprime a laser. Una vez es aprobada, sacamos un molde madre de donde se sacan m\u00faltiples copias. Se hacen los \u00e1rboles de cera, se llenan con el metal (que en nuestro caso es bronce reciclado mezclado con plata. Ese bronce lo compramos en otras joyer\u00edas y lo hacemos con la finalidad de reducir el desperdicio en el gremio). Al salir del horno,se pulen a mano cada una de las piezas, por nuestro equipo de orfebres y finalmente pasan al ba\u00f1o en oro de 24K (lo cual tercerizamos a una compa\u00f1\u00eda experta en esta t\u00e9cnica). S\u00f3lo el proceso de joyer\u00eda puede tomar alrededor de 3 meses o m\u00e1s cuando estamos haciendo desarrollo de producto. Cuando se trata de un producto que estamos reproduciendo puede demorarse alrededor de 3 semanas dependiendo de las cantidades.<\/p>\n","protected":false},"excerpt":{"rendered":"<p>Versatilidad: Uno de nuestros pilares preferidos! Queremos ofrecerte piezas que puedas usar de diferentes maneras con la finalidad de extender la vida de cada uno de nuestros productos. Los Ear Cuffs pueden tambi\u00e9n ser usados como Midi Rings, amazing right? Divi\u00e9rtete mezclandolos con los diferentes Jetlagmode pieces que tienes, tambi\u00e9n pueden ser tus everyday basics. [&hellip;]<\/p>\n","protected":false},"featured_media":3775,"comment_status":"open","ping_status":"closed","template":"","meta":{"_acf_changed":false},"product_cat":[97,100,104,250,103,94,98,60],"product_tag":[302],"acf":[],"yoast_head":"<!-- This site is optimized with the Yoast SEO plugin v22.6 - https:\/\/yoast.com\/wordpress\/plugins\/seo\/ -->\n<title>Flower Ear Cuff - Latin Curated<\/title>\n<meta name=\"robots\" content=\"index, follow, max-snippet:-1, max-image-preview:large, max-video-preview:-1\" \/>\n<link rel=\"canonical\" href=\"https:\/\/latin-curated.com\/en\/producto\/flower-ear-cuff\/\" \/>\n<meta property=\"og:locale\" content=\"en_US\" \/>\n<meta property=\"og:type\" content=\"article\" \/>\n<meta property=\"og:title\" content=\"Flower Ear Cuff - Latin Curated\" \/>\n<meta property=\"og:description\" content=\"Versatilidad: Uno de nuestros pilares preferidos! Queremos ofrecerte piezas que puedas usar de diferentes maneras con la finalidad de extender la vida de cada uno de nuestros productos. Los Ear Cuffs pueden tambi\u00e9n ser usados como Midi Rings, amazing right? Divi\u00e9rtete mezclandolos con los diferentes Jetlagmode pieces que tienes, tambi\u00e9n pueden ser tus everyday basics. [&hellip;]\" \/>\n<meta property=\"og:url\" content=\"https:\/\/latin-curated.com\/en\/producto\/flower-ear-cuff\/\" \/>\n<meta property=\"og:site_name\" content=\"Latin Curated\" \/>\n<meta property=\"article:modified_time\" content=\"2021-11-12T14:56:12+00:00\" \/>\n<meta property=\"og:image\" content=\"https:\/\/latin-curated.com\/sitio\/wp-content\/uploads\/2020\/12\/Jetlagmode_Rainforest_Ear_Cuff_39-4_1024x1024_962e30a0-c635-4733-b299-75daa3ff21ff.jpg\" \/>\n\t<meta property=\"og:image:width\" content=\"1000\" \/>\n\t<meta property=\"og:image:height\" content=\"1000\" \/>\n\t<meta property=\"og:image:type\" content=\"image\/jpeg\" \/>\n<meta name=\"twitter:card\" content=\"summary_large_image\" \/>\n<meta name=\"twitter:label1\" content=\"Est. reading time\" \/>\n\t<meta name=\"twitter:data1\" content=\"1 minute\" \/>\n<script type=\"application\/ld+json\" class=\"yoast-schema-graph\">{\"@context\":\"https:\/\/schema.org\",\"@graph\":[{\"@type\":\"WebPage\",\"@id\":\"https:\/\/latin-curated.com\/en\/producto\/flower-ear-cuff\/\",\"url\":\"https:\/\/latin-curated.com\/en\/producto\/flower-ear-cuff\/\",\"name\":\"Flower Ear Cuff - Latin Curated\",\"isPartOf\":{\"@id\":\"https:\/\/latin-curated.com\/#website\"},\"primaryImageOfPage\":{\"@id\":\"https:\/\/latin-curated.com\/en\/producto\/flower-ear-cuff\/#primaryimage\"},\"image\":{\"@id\":\"https:\/\/latin-curated.com\/en\/producto\/flower-ear-cuff\/#primaryimage\"},\"thumbnailUrl\":\"https:\/\/latin-curated.com\/sitio\/wp-content\/uploads\/2020\/12\/Jetlagmode_Rainforest_Ear_Cuff_39-4_1024x1024_962e30a0-c635-4733-b299-75daa3ff21ff.jpg\",\"datePublished\":\"2020-12-10T00:50:08+00:00\",\"dateModified\":\"2021-11-12T14:56:12+00:00\",\"breadcrumb\":{\"@id\":\"https:\/\/latin-curated.com\/en\/producto\/flower-ear-cuff\/#breadcrumb\"},\"inLanguage\":\"en-US\",\"potentialAction\":[{\"@type\":\"ReadAction\",\"target\":[\"https:\/\/latin-curated.com\/en\/producto\/flower-ear-cuff\/\"]}]},{\"@type\":\"ImageObject\",\"inLanguage\":\"en-US\",\"@id\":\"https:\/\/latin-curated.com\/en\/producto\/flower-ear-cuff\/#primaryimage\",\"url\":\"https:\/\/latin-curated.com\/sitio\/wp-content\/uploads\/2020\/12\/Jetlagmode_Rainforest_Ear_Cuff_39-4_1024x1024_962e30a0-c635-4733-b299-75daa3ff21ff.jpg\",\"contentUrl\":\"https:\/\/latin-curated.com\/sitio\/wp-content\/uploads\/2020\/12\/Jetlagmode_Rainforest_Ear_Cuff_39-4_1024x1024_962e30a0-c635-4733-b299-75daa3ff21ff.jpg\",\"width\":1000,\"height\":1000},{\"@type\":\"BreadcrumbList\",\"@id\":\"https:\/\/latin-curated.com\/en\/producto\/flower-ear-cuff\/#breadcrumb\",\"itemListElement\":[{\"@type\":\"ListItem\",\"position\":1,\"name\":\"Portada\",\"item\":\"https:\/\/latin-curated.com\/en\/\"},{\"@type\":\"ListItem\",\"position\":2,\"name\":\"Tienda\",\"item\":\"https:\/\/latin-curated.com\/tienda\/\"},{\"@type\":\"ListItem\",\"position\":3,\"name\":\"Flower Ear Cuff\"}]},{\"@type\":\"WebSite\",\"@id\":\"https:\/\/latin-curated.com\/#website\",\"url\":\"https:\/\/latin-curated.com\/\",\"name\":\"Latin Curated\",\"description\":\"Galer\u00eda Online\",\"publisher\":{\"@id\":\"https:\/\/latin-curated.com\/#organization\"},\"potentialAction\":[{\"@type\":\"SearchAction\",\"target\":{\"@type\":\"EntryPoint\",\"urlTemplate\":\"https:\/\/latin-curated.com\/?s={search_term_string}\"},\"query-input\":\"required name=search_term_string\"}],\"inLanguage\":\"en-US\"},{\"@type\":\"Organization\",\"@id\":\"https:\/\/latin-curated.com\/#organization\",\"name\":\"Latin Curated\",\"url\":\"https:\/\/latin-curated.com\/\",\"logo\":{\"@type\":\"ImageObject\",\"inLanguage\":\"en-US\",\"@id\":\"https:\/\/latin-curated.com\/#\/schema\/logo\/image\/\",\"url\":\"https:\/\/latin-curated.com\/sitio\/wp-content\/uploads\/2020\/11\/LatinCurated_Logo.png\",\"contentUrl\":\"https:\/\/latin-curated.com\/sitio\/wp-content\/uploads\/2020\/11\/LatinCurated_Logo.png\",\"width\":509,\"height\":65,\"caption\":\"Latin Curated\"},\"image\":{\"@id\":\"https:\/\/latin-curated.com\/#\/schema\/logo\/image\/\"}}]}<\/script>\n<!-- \/ Yoast SEO plugin. -->","yoast_head_json":{"title":"Flower Ear Cuff - Latin Curated","robots":{"index":"index","follow":"follow","max-snippet":"max-snippet:-1","max-image-preview":"max-image-preview:large","max-video-preview":"max-video-preview:-1"},"canonical":"https:\/\/latin-curated.com\/en\/producto\/flower-ear-cuff\/","og_locale":"en_US","og_type":"article","og_title":"Flower Ear Cuff - Latin Curated","og_description":"Versatilidad: Uno de nuestros pilares preferidos! Queremos ofrecerte piezas que puedas usar de diferentes maneras con la finalidad de extender la vida de cada uno de nuestros productos. Los Ear Cuffs pueden tambi\u00e9n ser usados como Midi Rings, amazing right? Divi\u00e9rtete mezclandolos con los diferentes Jetlagmode pieces que tienes, tambi\u00e9n pueden ser tus everyday basics. [&hellip;]","og_url":"https:\/\/latin-curated.com\/en\/producto\/flower-ear-cuff\/","og_site_name":"Latin Curated","article_modified_time":"2021-11-12T14:56:12+00:00","og_image":[{"width":1000,"height":1000,"url":"https:\/\/latin-curated.com\/sitio\/wp-content\/uploads\/2020\/12\/Jetlagmode_Rainforest_Ear_Cuff_39-4_1024x1024_962e30a0-c635-4733-b299-75daa3ff21ff.jpg","type":"image\/jpeg"}],"twitter_card":"summary_large_image","twitter_misc":{"Est. reading time":"1 minute"},"schema":{"@context":"https:\/\/schema.org","@graph":[{"@type":"WebPage","@id":"https:\/\/latin-curated.com\/en\/producto\/flower-ear-cuff\/","url":"https:\/\/latin-curated.com\/en\/producto\/flower-ear-cuff\/","name":"Flower Ear Cuff - Latin Curated","isPartOf":{"@id":"https:\/\/latin-curated.com\/#website"},"primaryImageOfPage":{"@id":"https:\/\/latin-curated.com\/en\/producto\/flower-ear-cuff\/#primaryimage"},"image":{"@id":"https:\/\/latin-curated.com\/en\/producto\/flower-ear-cuff\/#primaryimage"},"thumbnailUrl":"https:\/\/latin-curated.com\/sitio\/wp-content\/uploads\/2020\/12\/Jetlagmode_Rainforest_Ear_Cuff_39-4_1024x1024_962e30a0-c635-4733-b299-75daa3ff21ff.jpg","datePublished":"2020-12-10T00:50:08+00:00","dateModified":"2021-11-12T14:56:12+00:00","breadcrumb":{"@id":"https:\/\/latin-curated.com\/en\/producto\/flower-ear-cuff\/#breadcrumb"},"inLanguage":"en-US","potentialAction":[{"@type":"ReadAction","target":["https:\/\/latin-curated.com\/en\/producto\/flower-ear-cuff\/"]}]},{"@type":"ImageObject","inLanguage":"en-US","@id":"https:\/\/latin-curated.com\/en\/producto\/flower-ear-cuff\/#primaryimage","url":"https:\/\/latin-curated.com\/sitio\/wp-content\/uploads\/2020\/12\/Jetlagmode_Rainforest_Ear_Cuff_39-4_1024x1024_962e30a0-c635-4733-b299-75daa3ff21ff.jpg","contentUrl":"https:\/\/latin-curated.com\/sitio\/wp-content\/uploads\/2020\/12\/Jetlagmode_Rainforest_Ear_Cuff_39-4_1024x1024_962e30a0-c635-4733-b299-75daa3ff21ff.jpg","width":1000,"height":1000},{"@type":"BreadcrumbList","@id":"https:\/\/latin-curated.com\/en\/producto\/flower-ear-cuff\/#breadcrumb","itemListElement":[{"@type":"ListItem","position":1,"name":"Portada","item":"https:\/\/latin-curated.com\/en\/"},{"@type":"ListItem","position":2,"name":"Tienda","item":"https:\/\/latin-curated.com\/tienda\/"},{"@type":"ListItem","position":3,"name":"Flower Ear Cuff"}]},{"@type":"WebSite","@id":"https:\/\/latin-curated.com\/#website","url":"https:\/\/latin-curated.com\/","name":"Latin Curated","description":"Galer\u00eda Online","publisher":{"@id":"https:\/\/latin-curated.com\/#organization"},"potentialAction":[{"@type":"SearchAction","target":{"@type":"EntryPoint","urlTemplate":"https:\/\/latin-curated.com\/?s={search_term_string}"},"query-input":"required name=search_term_string"}],"inLanguage":"en-US"},{"@type":"Organization","@id":"https:\/\/latin-curated.com\/#organization","name":"Latin Curated","url":"https:\/\/latin-curated.com\/","logo":{"@type":"ImageObject","inLanguage":"en-US","@id":"https:\/\/latin-curated.com\/#\/schema\/logo\/image\/","url":"https:\/\/latin-curated.com\/sitio\/wp-content\/uploads\/2020\/11\/LatinCurated_Logo.png","contentUrl":"https:\/\/latin-curated.com\/sitio\/wp-content\/uploads\/2020\/11\/LatinCurated_Logo.png","width":509,"height":65,"caption":"Latin Curated"},"image":{"@id":"https:\/\/latin-curated.com\/#\/schema\/logo\/image\/"}}]}},"_links":{"self":[{"href":"https:\/\/latin-curated.com\/en\/wp-json\/wp\/v2\/product\/3745"}],"collection":[{"href":"https:\/\/latin-curated.com\/en\/wp-json\/wp\/v2\/product"}],"about":[{"href":"https:\/\/latin-curated.com\/en\/wp-json\/wp\/v2\/types\/product"}],"replies":[{"embeddable":true,"href":"https:\/\/latin-curated.com\/en\/wp-json\/wp\/v2\/comments?post=3745"}],"wp:featuredmedia":[{"embeddable":true,"href":"https:\/\/latin-curated.com\/en\/wp-json\/wp\/v2\/media\/3775"}],"wp:attachment":[{"href":"https:\/\/latin-curated.com\/en\/wp-json\/wp\/v2\/media?parent=3745"}],"wp:term":[{"taxonomy":"product_cat","embeddable":true,"href":"https:\/\/latin-curated.com\/en\/wp-json\/wp\/v2\/product_cat?post=3745"},{"taxonomy":"product_tag","embeddable":true,"href":"https:\/\/latin-curated.com\/en\/wp-json\/wp\/v2\/product_tag?post=3745"}],"curies":[{"name":"wp","href":"https:\/\/api.w.org\/{rel}","templated":true}]}}