{"id":3743,"date":"2020-12-10T00:50:08","date_gmt":"2020-12-10T00:50:08","guid":{"rendered":"https:\/\/latin-curated.com\/sitio\/producto\/import-placeholder-for-2\/"},"modified":"2021-11-10T14:19:52","modified_gmt":"2021-11-10T14:19:52","slug":"crochet-handbag","status":"publish","type":"product","link":"https:\/\/latin-curated.com\/en\/producto\/crochet-handbag\/","title":{"rendered":"Crochet Handbag"},"content":{"rendered":"<p>Esta cartera ha sido creada por Do\u00f1a Amparo, la experta de tejidos y crochet. Madre cabeza de familia. El interior de esta cartera est\u00e1 hecho en un tejido muy cerrado que se logra con una puntada llamada punto bajo. Por fuera tiene otra capa hecha con un tejido muy especial que le da una textura diferente y estilizada que se llama puntada de punto medio. Se termina con la cascada de hilo para darle movimiento a la cartera. El material es Hilaza en algod\u00f3n color crudo. El trabajo en crochet toma aprox 3 d\u00edas. Y el handle creado completamente a mano en madera teca, es hecho por Luis y toma aprox 3 d\u00edas.<\/p>\n","protected":false},"excerpt":{"rendered":"<p>Esta cartera ha sido creada por Do\u00f1a Amparo, la experta de tejidos y crochet. Madre cabeza de familia. El interior de esta cartera est\u00e1 hecho en un tejido muy cerrado que se logra con una puntada llamada punto bajo. Por fuera tiene otra capa hecha con un tejido muy especial que le da una textura [&hellip;]<\/p>\n","protected":false},"featured_media":3773,"comment_status":"open","ping_status":"closed","template":"","meta":{"_acf_changed":false},"product_cat":[97,100,104,250,103,94,98,60],"product_tag":[332],"acf":[],"yoast_head":"<!-- This site is optimized with the Yoast SEO plugin v22.6 - https:\/\/yoast.com\/wordpress\/plugins\/seo\/ -->\n<title>Crochet Handbag - Latin Curated<\/title>\n<meta name=\"robots\" content=\"index, follow, max-snippet:-1, max-image-preview:large, max-video-preview:-1\" \/>\n<link rel=\"canonical\" href=\"https:\/\/latin-curated.com\/producto\/crochet-handbag\/\" \/>\n<meta property=\"og:locale\" content=\"en_US\" \/>\n<meta property=\"og:type\" content=\"article\" \/>\n<meta property=\"og:title\" content=\"Crochet Handbag - Latin Curated\" \/>\n<meta property=\"og:description\" content=\"Esta cartera ha sido creada por Do\u00f1a Amparo, la experta de tejidos y crochet. Madre cabeza de familia. El interior de esta cartera est\u00e1 hecho en un tejido muy cerrado que se logra con una puntada llamada punto bajo. Por fuera tiene otra capa hecha con un tejido muy especial que le da una textura [&hellip;]\" \/>\n<meta property=\"og:url\" content=\"https:\/\/latin-curated.com\/producto\/crochet-handbag\/\" \/>\n<meta property=\"og:site_name\" content=\"Latin Curated\" \/>\n<meta property=\"article:modified_time\" content=\"2021-11-10T14:19:52+00:00\" \/>\n<meta property=\"og:image\" content=\"https:\/\/latin-curated.com\/sitio\/wp-content\/uploads\/2020\/12\/handbag_crochet.jpg\" \/>\n\t<meta property=\"og:image:width\" content=\"1000\" \/>\n\t<meta property=\"og:image:height\" content=\"1333\" \/>\n\t<meta property=\"og:image:type\" content=\"image\/jpeg\" \/>\n<meta name=\"twitter:card\" content=\"summary_large_image\" \/>\n<meta name=\"twitter:label1\" content=\"Est. reading time\" \/>\n\t<meta name=\"twitter:data1\" content=\"1 minute\" \/>\n<script type=\"application\/ld+json\" class=\"yoast-schema-graph\">{\"@context\":\"https:\/\/schema.org\",\"@graph\":[{\"@type\":\"WebPage\",\"@id\":\"https:\/\/latin-curated.com\/producto\/crochet-handbag\/\",\"url\":\"https:\/\/latin-curated.com\/producto\/crochet-handbag\/\",\"name\":\"Crochet Handbag - Latin Curated\",\"isPartOf\":{\"@id\":\"https:\/\/latin-curated.com\/#website\"},\"primaryImageOfPage\":{\"@id\":\"https:\/\/latin-curated.com\/producto\/crochet-handbag\/#primaryimage\"},\"image\":{\"@id\":\"https:\/\/latin-curated.com\/producto\/crochet-handbag\/#primaryimage\"},\"thumbnailUrl\":\"https:\/\/latin-curated.com\/sitio\/wp-content\/uploads\/2020\/12\/handbag_crochet.jpg\",\"datePublished\":\"2020-12-10T00:50:08+00:00\",\"dateModified\":\"2021-11-10T14:19:52+00:00\",\"breadcrumb\":{\"@id\":\"https:\/\/latin-curated.com\/producto\/crochet-handbag\/#breadcrumb\"},\"inLanguage\":\"en-US\",\"potentialAction\":[{\"@type\":\"ReadAction\",\"target\":[\"https:\/\/latin-curated.com\/producto\/crochet-handbag\/\"]}]},{\"@type\":\"ImageObject\",\"inLanguage\":\"en-US\",\"@id\":\"https:\/\/latin-curated.com\/producto\/crochet-handbag\/#primaryimage\",\"url\":\"https:\/\/latin-curated.com\/sitio\/wp-content\/uploads\/2020\/12\/handbag_crochet.jpg\",\"contentUrl\":\"https:\/\/latin-curated.com\/sitio\/wp-content\/uploads\/2020\/12\/handbag_crochet.jpg\",\"width\":1000,\"height\":1333},{\"@type\":\"BreadcrumbList\",\"@id\":\"https:\/\/latin-curated.com\/producto\/crochet-handbag\/#breadcrumb\",\"itemListElement\":[{\"@type\":\"ListItem\",\"position\":1,\"name\":\"Portada\",\"item\":\"https:\/\/latin-curated.com\/en\/\"},{\"@type\":\"ListItem\",\"position\":2,\"name\":\"Tienda\",\"item\":\"https:\/\/latin-curated.com\/tienda\/\"},{\"@type\":\"ListItem\",\"position\":3,\"name\":\"Crochet Handbag\"}]},{\"@type\":\"WebSite\",\"@id\":\"https:\/\/latin-curated.com\/#website\",\"url\":\"https:\/\/latin-curated.com\/\",\"name\":\"Latin Curated\",\"description\":\"Galer\u00eda Online\",\"publisher\":{\"@id\":\"https:\/\/latin-curated.com\/#organization\"},\"potentialAction\":[{\"@type\":\"SearchAction\",\"target\":{\"@type\":\"EntryPoint\",\"urlTemplate\":\"https:\/\/latin-curated.com\/?s={search_term_string}\"},\"query-input\":\"required name=search_term_string\"}],\"inLanguage\":\"en-US\"},{\"@type\":\"Organization\",\"@id\":\"https:\/\/latin-curated.com\/#organization\",\"name\":\"Latin Curated\",\"url\":\"https:\/\/latin-curated.com\/\",\"logo\":{\"@type\":\"ImageObject\",\"inLanguage\":\"en-US\",\"@id\":\"https:\/\/latin-curated.com\/#\/schema\/logo\/image\/\",\"url\":\"https:\/\/latin-curated.com\/sitio\/wp-content\/uploads\/2020\/11\/LatinCurated_Logo.png\",\"contentUrl\":\"https:\/\/latin-curated.com\/sitio\/wp-content\/uploads\/2020\/11\/LatinCurated_Logo.png\",\"width\":509,\"height\":65,\"caption\":\"Latin Curated\"},\"image\":{\"@id\":\"https:\/\/latin-curated.com\/#\/schema\/logo\/image\/\"}}]}<\/script>\n<!-- \/ Yoast SEO plugin. -->","yoast_head_json":{"title":"Crochet Handbag - Latin Curated","robots":{"index":"index","follow":"follow","max-snippet":"max-snippet:-1","max-image-preview":"max-image-preview:large","max-video-preview":"max-video-preview:-1"},"canonical":"https:\/\/latin-curated.com\/producto\/crochet-handbag\/","og_locale":"en_US","og_type":"article","og_title":"Crochet Handbag - Latin Curated","og_description":"Esta cartera ha sido creada por Do\u00f1a Amparo, la experta de tejidos y crochet. Madre cabeza de familia. El interior de esta cartera est\u00e1 hecho en un tejido muy cerrado que se logra con una puntada llamada punto bajo. Por fuera tiene otra capa hecha con un tejido muy especial que le da una textura [&hellip;]","og_url":"https:\/\/latin-curated.com\/producto\/crochet-handbag\/","og_site_name":"Latin Curated","article_modified_time":"2021-11-10T14:19:52+00:00","og_image":[{"width":1000,"height":1333,"url":"https:\/\/latin-curated.com\/sitio\/wp-content\/uploads\/2020\/12\/handbag_crochet.jpg","type":"image\/jpeg"}],"twitter_card":"summary_large_image","twitter_misc":{"Est. reading time":"1 minute"},"schema":{"@context":"https:\/\/schema.org","@graph":[{"@type":"WebPage","@id":"https:\/\/latin-curated.com\/producto\/crochet-handbag\/","url":"https:\/\/latin-curated.com\/producto\/crochet-handbag\/","name":"Crochet Handbag - Latin Curated","isPartOf":{"@id":"https:\/\/latin-curated.com\/#website"},"primaryImageOfPage":{"@id":"https:\/\/latin-curated.com\/producto\/crochet-handbag\/#primaryimage"},"image":{"@id":"https:\/\/latin-curated.com\/producto\/crochet-handbag\/#primaryimage"},"thumbnailUrl":"https:\/\/latin-curated.com\/sitio\/wp-content\/uploads\/2020\/12\/handbag_crochet.jpg","datePublished":"2020-12-10T00:50:08+00:00","dateModified":"2021-11-10T14:19:52+00:00","breadcrumb":{"@id":"https:\/\/latin-curated.com\/producto\/crochet-handbag\/#breadcrumb"},"inLanguage":"en-US","potentialAction":[{"@type":"ReadAction","target":["https:\/\/latin-curated.com\/producto\/crochet-handbag\/"]}]},{"@type":"ImageObject","inLanguage":"en-US","@id":"https:\/\/latin-curated.com\/producto\/crochet-handbag\/#primaryimage","url":"https:\/\/latin-curated.com\/sitio\/wp-content\/uploads\/2020\/12\/handbag_crochet.jpg","contentUrl":"https:\/\/latin-curated.com\/sitio\/wp-content\/uploads\/2020\/12\/handbag_crochet.jpg","width":1000,"height":1333},{"@type":"BreadcrumbList","@id":"https:\/\/latin-curated.com\/producto\/crochet-handbag\/#breadcrumb","itemListElement":[{"@type":"ListItem","position":1,"name":"Portada","item":"https:\/\/latin-curated.com\/en\/"},{"@type":"ListItem","position":2,"name":"Tienda","item":"https:\/\/latin-curated.com\/tienda\/"},{"@type":"ListItem","position":3,"name":"Crochet Handbag"}]},{"@type":"WebSite","@id":"https:\/\/latin-curated.com\/#website","url":"https:\/\/latin-curated.com\/","name":"Latin Curated","description":"Galer\u00eda Online","publisher":{"@id":"https:\/\/latin-curated.com\/#organization"},"potentialAction":[{"@type":"SearchAction","target":{"@type":"EntryPoint","urlTemplate":"https:\/\/latin-curated.com\/?s={search_term_string}"},"query-input":"required name=search_term_string"}],"inLanguage":"en-US"},{"@type":"Organization","@id":"https:\/\/latin-curated.com\/#organization","name":"Latin Curated","url":"https:\/\/latin-curated.com\/","logo":{"@type":"ImageObject","inLanguage":"en-US","@id":"https:\/\/latin-curated.com\/#\/schema\/logo\/image\/","url":"https:\/\/latin-curated.com\/sitio\/wp-content\/uploads\/2020\/11\/LatinCurated_Logo.png","contentUrl":"https:\/\/latin-curated.com\/sitio\/wp-content\/uploads\/2020\/11\/LatinCurated_Logo.png","width":509,"height":65,"caption":"Latin Curated"},"image":{"@id":"https:\/\/latin-curated.com\/#\/schema\/logo\/image\/"}}]}},"_links":{"self":[{"href":"https:\/\/latin-curated.com\/en\/wp-json\/wp\/v2\/product\/3743"}],"collection":[{"href":"https:\/\/latin-curated.com\/en\/wp-json\/wp\/v2\/product"}],"about":[{"href":"https:\/\/latin-curated.com\/en\/wp-json\/wp\/v2\/types\/product"}],"replies":[{"embeddable":true,"href":"https:\/\/latin-curated.com\/en\/wp-json\/wp\/v2\/comments?post=3743"}],"wp:featuredmedia":[{"embeddable":true,"href":"https:\/\/latin-curated.com\/en\/wp-json\/wp\/v2\/media\/3773"}],"wp:attachment":[{"href":"https:\/\/latin-curated.com\/en\/wp-json\/wp\/v2\/media?parent=3743"}],"wp:term":[{"taxonomy":"product_cat","embeddable":true,"href":"https:\/\/latin-curated.com\/en\/wp-json\/wp\/v2\/product_cat?post=3743"},{"taxonomy":"product_tag","embeddable":true,"href":"https:\/\/latin-curated.com\/en\/wp-json\/wp\/v2\/product_tag?post=3743"}],"curies":[{"name":"wp","href":"https:\/\/api.w.org\/{rel}","templated":true}]}}