{"id":2625,"date":"2020-09-23T20:31:20","date_gmt":"2020-09-23T20:31:20","guid":{"rendered":"https:\/\/latin-curated.com\/sitio\/?post_type=product&#038;p=2625"},"modified":"2020-09-23T20:31:20","modified_gmt":"2020-09-23T20:31:20","slug":"de-giro-top-estampado-ocre","status":"publish","type":"product","link":"https:\/\/latin-curated.com\/en\/producto\/de-giro-top-estampado-ocre\/","title":{"rendered":"De Giro Top- Estampado Ocre"},"content":{"rendered":"<p><span data-sheets-value=\"{&quot;1&quot;:2,&quot;2&quot;:&quot;Un top deportivo para el gimnasio o el agua con detalles bordados en la espalda. 78% REPREVE\u00ae POLIESTER RECICLADO \/  22% ELASTANO LYCRA\u00ae EXTRALIFE\u2122&quot;}\" data-sheets-userformat=\"{&quot;2&quot;:897,&quot;3&quot;:{&quot;1&quot;:0},&quot;10&quot;:1,&quot;11&quot;:4,&quot;12&quot;:0}\">Un top deportivo para el gimnasio o el agua con detalles bordados en la espalda. 78% REPREVE\u00ae POLIESTER RECICLADO \/ 22% ELASTANO LYCRA\u00ae EXTRALIFE\u2122<\/span><\/p>\n","protected":false},"excerpt":{"rendered":"<p><span data-sheets-value=\"{&quot;1&quot;:2,&quot;2&quot;:&quot;Nuestra pol\u00edtica dura 20 d\u00edas calendario desde el momento de compra. A partir de los 20 d\u00edas no se hacen cambios. Para ser elegible para un cambio, la prenda debe estar en perfectas condiciones, sin lavar, usar y con la etiqueta y factura original. No se hacen devoluciones de dinero. En caso de ser elegible para una devoluci\u00f3n, el cliente podr\u00e1 cambiarlo por otra talla, color, bono de regalo o producto. Para completar una devoluci\u00f3n, el cliente debe enviar un correo a contact@folk.com.co con la foto y el nombre del producto que desea cambiar y la nueva talla o referencia. Responderemos con el procedimiento a seguir y un n\u00famero de autorizaci\u00f3n de cambio si este es aprobado.\\nTodos los costos de fletes de las prendas para cambio son asumidos por el cliente.\\nEl tiempo que se demore el intercambio de la prenda var\u00eda dependiendo del lugar de env\u00edo.\\n&quot;}\" data-sheets-userformat=\"{&quot;2&quot;:897,&quot;3&quot;:{&quot;1&quot;:0},&quot;10&quot;:1,&quot;11&quot;:4,&quot;12&quot;:0}\">Env\u00edo nacional 3-5 d\u00edas calendario \/ Env\u00edo internacional 5-10 d\u00edas calendario<\/span><\/p>\n","protected":false},"featured_media":2629,"comment_status":"open","ping_status":"closed","template":"","meta":{"_acf_changed":false},"product_cat":[100,104,245,94,93,60],"product_tag":[258,246,256],"acf":[],"yoast_head":"<!-- This site is optimized with the Yoast SEO plugin v22.6 - https:\/\/yoast.com\/wordpress\/plugins\/seo\/ -->\n<title>De Giro Top- Estampado Ocre - Latin Curated<\/title>\n<meta name=\"robots\" content=\"index, follow, max-snippet:-1, max-image-preview:large, max-video-preview:-1\" \/>\n<link rel=\"canonical\" href=\"https:\/\/latin-curated.com\/producto\/de-giro-top-estampado-ocre\/\" \/>\n<meta property=\"og:locale\" content=\"en_US\" \/>\n<meta property=\"og:type\" content=\"article\" \/>\n<meta property=\"og:title\" content=\"De Giro Top- Estampado Ocre - Latin Curated\" \/>\n<meta property=\"og:description\" content=\"Env\u00edo nacional 3-5 d\u00edas calendario \/ Env\u00edo internacional 5-10 d\u00edas calendario\" \/>\n<meta property=\"og:url\" content=\"https:\/\/latin-curated.com\/producto\/de-giro-top-estampado-ocre\/\" \/>\n<meta property=\"og:site_name\" content=\"Latin Curated\" \/>\n<meta property=\"og:image\" content=\"https:\/\/latin-curated.com\/sitio\/wp-content\/uploads\/2020\/09\/De-Giro_Ochre-Print_01.jpg\" \/>\n\t<meta property=\"og:image:width\" content=\"1066\" \/>\n\t<meta property=\"og:image:height\" content=\"1600\" \/>\n\t<meta property=\"og:image:type\" content=\"image\/jpeg\" \/>\n<meta name=\"twitter:card\" content=\"summary_large_image\" \/>\n<script type=\"application\/ld+json\" class=\"yoast-schema-graph\">{\"@context\":\"https:\/\/schema.org\",\"@graph\":[{\"@type\":\"WebPage\",\"@id\":\"https:\/\/latin-curated.com\/producto\/de-giro-top-estampado-ocre\/\",\"url\":\"https:\/\/latin-curated.com\/producto\/de-giro-top-estampado-ocre\/\",\"name\":\"De Giro Top- Estampado Ocre - Latin Curated\",\"isPartOf\":{\"@id\":\"https:\/\/latin-curated.com\/#website\"},\"primaryImageOfPage\":{\"@id\":\"https:\/\/latin-curated.com\/producto\/de-giro-top-estampado-ocre\/#primaryimage\"},\"image\":{\"@id\":\"https:\/\/latin-curated.com\/producto\/de-giro-top-estampado-ocre\/#primaryimage\"},\"thumbnailUrl\":\"https:\/\/latin-curated.com\/sitio\/wp-content\/uploads\/2020\/09\/De-Giro_Ochre-Print_01.jpg\",\"datePublished\":\"2020-09-23T20:31:20+00:00\",\"dateModified\":\"2020-09-23T20:31:20+00:00\",\"breadcrumb\":{\"@id\":\"https:\/\/latin-curated.com\/producto\/de-giro-top-estampado-ocre\/#breadcrumb\"},\"inLanguage\":\"en-US\",\"potentialAction\":[{\"@type\":\"ReadAction\",\"target\":[\"https:\/\/latin-curated.com\/producto\/de-giro-top-estampado-ocre\/\"]}]},{\"@type\":\"ImageObject\",\"inLanguage\":\"en-US\",\"@id\":\"https:\/\/latin-curated.com\/producto\/de-giro-top-estampado-ocre\/#primaryimage\",\"url\":\"https:\/\/latin-curated.com\/sitio\/wp-content\/uploads\/2020\/09\/De-Giro_Ochre-Print_01.jpg\",\"contentUrl\":\"https:\/\/latin-curated.com\/sitio\/wp-content\/uploads\/2020\/09\/De-Giro_Ochre-Print_01.jpg\",\"width\":1066,\"height\":1600},{\"@type\":\"BreadcrumbList\",\"@id\":\"https:\/\/latin-curated.com\/producto\/de-giro-top-estampado-ocre\/#breadcrumb\",\"itemListElement\":[{\"@type\":\"ListItem\",\"position\":1,\"name\":\"Portada\",\"item\":\"https:\/\/latin-curated.com\/en\/\"},{\"@type\":\"ListItem\",\"position\":2,\"name\":\"Tienda\",\"item\":\"https:\/\/latin-curated.com\/tienda\/\"},{\"@type\":\"ListItem\",\"position\":3,\"name\":\"De Giro Top- Estampado Ocre\"}]},{\"@type\":\"WebSite\",\"@id\":\"https:\/\/latin-curated.com\/#website\",\"url\":\"https:\/\/latin-curated.com\/\",\"name\":\"Latin Curated\",\"description\":\"Galer\u00eda Online\",\"publisher\":{\"@id\":\"https:\/\/latin-curated.com\/#organization\"},\"potentialAction\":[{\"@type\":\"SearchAction\",\"target\":{\"@type\":\"EntryPoint\",\"urlTemplate\":\"https:\/\/latin-curated.com\/?s={search_term_string}\"},\"query-input\":\"required name=search_term_string\"}],\"inLanguage\":\"en-US\"},{\"@type\":\"Organization\",\"@id\":\"https:\/\/latin-curated.com\/#organization\",\"name\":\"Latin Curated\",\"url\":\"https:\/\/latin-curated.com\/\",\"logo\":{\"@type\":\"ImageObject\",\"inLanguage\":\"en-US\",\"@id\":\"https:\/\/latin-curated.com\/#\/schema\/logo\/image\/\",\"url\":\"https:\/\/latin-curated.com\/sitio\/wp-content\/uploads\/2020\/11\/LatinCurated_Logo.png\",\"contentUrl\":\"https:\/\/latin-curated.com\/sitio\/wp-content\/uploads\/2020\/11\/LatinCurated_Logo.png\",\"width\":509,\"height\":65,\"caption\":\"Latin Curated\"},\"image\":{\"@id\":\"https:\/\/latin-curated.com\/#\/schema\/logo\/image\/\"}}]}<\/script>\n<!-- \/ Yoast SEO plugin. -->","yoast_head_json":{"title":"De Giro Top- Estampado Ocre - Latin Curated","robots":{"index":"index","follow":"follow","max-snippet":"max-snippet:-1","max-image-preview":"max-image-preview:large","max-video-preview":"max-video-preview:-1"},"canonical":"https:\/\/latin-curated.com\/producto\/de-giro-top-estampado-ocre\/","og_locale":"en_US","og_type":"article","og_title":"De Giro Top- Estampado Ocre - Latin Curated","og_description":"Env\u00edo nacional 3-5 d\u00edas calendario \/ Env\u00edo internacional 5-10 d\u00edas calendario","og_url":"https:\/\/latin-curated.com\/producto\/de-giro-top-estampado-ocre\/","og_site_name":"Latin Curated","og_image":[{"width":1066,"height":1600,"url":"https:\/\/latin-curated.com\/sitio\/wp-content\/uploads\/2020\/09\/De-Giro_Ochre-Print_01.jpg","type":"image\/jpeg"}],"twitter_card":"summary_large_image","schema":{"@context":"https:\/\/schema.org","@graph":[{"@type":"WebPage","@id":"https:\/\/latin-curated.com\/producto\/de-giro-top-estampado-ocre\/","url":"https:\/\/latin-curated.com\/producto\/de-giro-top-estampado-ocre\/","name":"De Giro Top- Estampado Ocre - Latin Curated","isPartOf":{"@id":"https:\/\/latin-curated.com\/#website"},"primaryImageOfPage":{"@id":"https:\/\/latin-curated.com\/producto\/de-giro-top-estampado-ocre\/#primaryimage"},"image":{"@id":"https:\/\/latin-curated.com\/producto\/de-giro-top-estampado-ocre\/#primaryimage"},"thumbnailUrl":"https:\/\/latin-curated.com\/sitio\/wp-content\/uploads\/2020\/09\/De-Giro_Ochre-Print_01.jpg","datePublished":"2020-09-23T20:31:20+00:00","dateModified":"2020-09-23T20:31:20+00:00","breadcrumb":{"@id":"https:\/\/latin-curated.com\/producto\/de-giro-top-estampado-ocre\/#breadcrumb"},"inLanguage":"en-US","potentialAction":[{"@type":"ReadAction","target":["https:\/\/latin-curated.com\/producto\/de-giro-top-estampado-ocre\/"]}]},{"@type":"ImageObject","inLanguage":"en-US","@id":"https:\/\/latin-curated.com\/producto\/de-giro-top-estampado-ocre\/#primaryimage","url":"https:\/\/latin-curated.com\/sitio\/wp-content\/uploads\/2020\/09\/De-Giro_Ochre-Print_01.jpg","contentUrl":"https:\/\/latin-curated.com\/sitio\/wp-content\/uploads\/2020\/09\/De-Giro_Ochre-Print_01.jpg","width":1066,"height":1600},{"@type":"BreadcrumbList","@id":"https:\/\/latin-curated.com\/producto\/de-giro-top-estampado-ocre\/#breadcrumb","itemListElement":[{"@type":"ListItem","position":1,"name":"Portada","item":"https:\/\/latin-curated.com\/en\/"},{"@type":"ListItem","position":2,"name":"Tienda","item":"https:\/\/latin-curated.com\/tienda\/"},{"@type":"ListItem","position":3,"name":"De Giro Top- Estampado Ocre"}]},{"@type":"WebSite","@id":"https:\/\/latin-curated.com\/#website","url":"https:\/\/latin-curated.com\/","name":"Latin Curated","description":"Galer\u00eda Online","publisher":{"@id":"https:\/\/latin-curated.com\/#organization"},"potentialAction":[{"@type":"SearchAction","target":{"@type":"EntryPoint","urlTemplate":"https:\/\/latin-curated.com\/?s={search_term_string}"},"query-input":"required name=search_term_string"}],"inLanguage":"en-US"},{"@type":"Organization","@id":"https:\/\/latin-curated.com\/#organization","name":"Latin Curated","url":"https:\/\/latin-curated.com\/","logo":{"@type":"ImageObject","inLanguage":"en-US","@id":"https:\/\/latin-curated.com\/#\/schema\/logo\/image\/","url":"https:\/\/latin-curated.com\/sitio\/wp-content\/uploads\/2020\/11\/LatinCurated_Logo.png","contentUrl":"https:\/\/latin-curated.com\/sitio\/wp-content\/uploads\/2020\/11\/LatinCurated_Logo.png","width":509,"height":65,"caption":"Latin Curated"},"image":{"@id":"https:\/\/latin-curated.com\/#\/schema\/logo\/image\/"}}]}},"_links":{"self":[{"href":"https:\/\/latin-curated.com\/en\/wp-json\/wp\/v2\/product\/2625"}],"collection":[{"href":"https:\/\/latin-curated.com\/en\/wp-json\/wp\/v2\/product"}],"about":[{"href":"https:\/\/latin-curated.com\/en\/wp-json\/wp\/v2\/types\/product"}],"replies":[{"embeddable":true,"href":"https:\/\/latin-curated.com\/en\/wp-json\/wp\/v2\/comments?post=2625"}],"wp:featuredmedia":[{"embeddable":true,"href":"https:\/\/latin-curated.com\/en\/wp-json\/wp\/v2\/media\/2629"}],"wp:attachment":[{"href":"https:\/\/latin-curated.com\/en\/wp-json\/wp\/v2\/media?parent=2625"}],"wp:term":[{"taxonomy":"product_cat","embeddable":true,"href":"https:\/\/latin-curated.com\/en\/wp-json\/wp\/v2\/product_cat?post=2625"},{"taxonomy":"product_tag","embeddable":true,"href":"https:\/\/latin-curated.com\/en\/wp-json\/wp\/v2\/product_tag?post=2625"}],"curies":[{"name":"wp","href":"https:\/\/api.w.org\/{rel}","templated":true}]}}