{"id":2218,"date":"2020-08-10T16:14:47","date_gmt":"2020-08-10T16:14:47","guid":{"rendered":"https:\/\/latin-curated.com\/sitio\/?post_type=product&#038;p=2218"},"modified":"2020-08-10T16:20:12","modified_gmt":"2020-08-10T16:20:12","slug":"cintia-skirt-dress","status":"publish","type":"product","link":"https:\/\/latin-curated.com\/en\/producto\/cintia-skirt-dress\/","title":{"rendered":"CINTIA SKIRT\/DRESS"},"content":{"rendered":"<p>Falda maxi estampada y plisada. Se puede utilizar, como un vestido.<\/p>\n","protected":false},"excerpt":{"rendered":"<p>Producto en pre-order (bajo demanda-on demand), fecha de env\u00edo estimada para este art\u00edculo es de 15 a 20 d\u00edas<\/p>\n","protected":false},"featured_media":2224,"comment_status":"open","ping_status":"closed","template":"","meta":{"_acf_changed":false},"product_cat":[100,104,119,94,98,60],"product_tag":[223],"acf":[],"yoast_head":"<!-- This site is optimized with the Yoast SEO plugin v22.6 - https:\/\/yoast.com\/wordpress\/plugins\/seo\/ -->\n<title>CINTIA SKIRT\/DRESS - Latin Curated<\/title>\n<meta name=\"robots\" content=\"index, follow, max-snippet:-1, max-image-preview:large, max-video-preview:-1\" \/>\n<link rel=\"canonical\" href=\"https:\/\/latin-curated.com\/producto\/cintia-skirt-dress\/\" \/>\n<meta property=\"og:locale\" content=\"en_US\" \/>\n<meta property=\"og:type\" content=\"article\" \/>\n<meta property=\"og:title\" content=\"CINTIA SKIRT\/DRESS - Latin Curated\" \/>\n<meta property=\"og:description\" content=\"Producto en pre-order (bajo demanda-on demand), fecha de env\u00edo estimada para este art\u00edculo es de 15 a 20 d\u00edas\" \/>\n<meta property=\"og:url\" content=\"https:\/\/latin-curated.com\/producto\/cintia-skirt-dress\/\" \/>\n<meta property=\"og:site_name\" content=\"Latin Curated\" \/>\n<meta property=\"article:modified_time\" content=\"2020-08-10T16:20:12+00:00\" \/>\n<meta property=\"og:image\" content=\"https:\/\/latin-curated.com\/sitio\/wp-content\/uploads\/2020\/08\/072-KXSS20-PROVAS-loja-e1597090870739.jpg\" \/>\n\t<meta property=\"og:image:width\" content=\"959\" \/>\n\t<meta property=\"og:image:height\" content=\"959\" \/>\n\t<meta property=\"og:image:type\" content=\"image\/jpeg\" \/>\n<meta name=\"twitter:card\" content=\"summary_large_image\" \/>\n<script type=\"application\/ld+json\" class=\"yoast-schema-graph\">{\"@context\":\"https:\/\/schema.org\",\"@graph\":[{\"@type\":\"WebPage\",\"@id\":\"https:\/\/latin-curated.com\/producto\/cintia-skirt-dress\/\",\"url\":\"https:\/\/latin-curated.com\/producto\/cintia-skirt-dress\/\",\"name\":\"CINTIA SKIRT\/DRESS - Latin Curated\",\"isPartOf\":{\"@id\":\"https:\/\/latin-curated.com\/#website\"},\"primaryImageOfPage\":{\"@id\":\"https:\/\/latin-curated.com\/producto\/cintia-skirt-dress\/#primaryimage\"},\"image\":{\"@id\":\"https:\/\/latin-curated.com\/producto\/cintia-skirt-dress\/#primaryimage\"},\"thumbnailUrl\":\"https:\/\/latin-curated.com\/sitio\/wp-content\/uploads\/2020\/08\/072-KXSS20-PROVAS-loja-e1597090870739.jpg\",\"datePublished\":\"2020-08-10T16:14:47+00:00\",\"dateModified\":\"2020-08-10T16:20:12+00:00\",\"breadcrumb\":{\"@id\":\"https:\/\/latin-curated.com\/producto\/cintia-skirt-dress\/#breadcrumb\"},\"inLanguage\":\"en-US\",\"potentialAction\":[{\"@type\":\"ReadAction\",\"target\":[\"https:\/\/latin-curated.com\/producto\/cintia-skirt-dress\/\"]}]},{\"@type\":\"ImageObject\",\"inLanguage\":\"en-US\",\"@id\":\"https:\/\/latin-curated.com\/producto\/cintia-skirt-dress\/#primaryimage\",\"url\":\"https:\/\/latin-curated.com\/sitio\/wp-content\/uploads\/2020\/08\/072-KXSS20-PROVAS-loja-e1597090870739.jpg\",\"contentUrl\":\"https:\/\/latin-curated.com\/sitio\/wp-content\/uploads\/2020\/08\/072-KXSS20-PROVAS-loja-e1597090870739.jpg\",\"width\":959,\"height\":959},{\"@type\":\"BreadcrumbList\",\"@id\":\"https:\/\/latin-curated.com\/producto\/cintia-skirt-dress\/#breadcrumb\",\"itemListElement\":[{\"@type\":\"ListItem\",\"position\":1,\"name\":\"Portada\",\"item\":\"https:\/\/latin-curated.com\/en\/\"},{\"@type\":\"ListItem\",\"position\":2,\"name\":\"Tienda\",\"item\":\"https:\/\/latin-curated.com\/tienda\/\"},{\"@type\":\"ListItem\",\"position\":3,\"name\":\"CINTIA SKIRT\/DRESS\"}]},{\"@type\":\"WebSite\",\"@id\":\"https:\/\/latin-curated.com\/#website\",\"url\":\"https:\/\/latin-curated.com\/\",\"name\":\"Latin Curated\",\"description\":\"Galer\u00eda Online\",\"publisher\":{\"@id\":\"https:\/\/latin-curated.com\/#organization\"},\"potentialAction\":[{\"@type\":\"SearchAction\",\"target\":{\"@type\":\"EntryPoint\",\"urlTemplate\":\"https:\/\/latin-curated.com\/?s={search_term_string}\"},\"query-input\":\"required name=search_term_string\"}],\"inLanguage\":\"en-US\"},{\"@type\":\"Organization\",\"@id\":\"https:\/\/latin-curated.com\/#organization\",\"name\":\"Latin Curated\",\"url\":\"https:\/\/latin-curated.com\/\",\"logo\":{\"@type\":\"ImageObject\",\"inLanguage\":\"en-US\",\"@id\":\"https:\/\/latin-curated.com\/#\/schema\/logo\/image\/\",\"url\":\"https:\/\/latin-curated.com\/sitio\/wp-content\/uploads\/2020\/11\/LatinCurated_Logo.png\",\"contentUrl\":\"https:\/\/latin-curated.com\/sitio\/wp-content\/uploads\/2020\/11\/LatinCurated_Logo.png\",\"width\":509,\"height\":65,\"caption\":\"Latin Curated\"},\"image\":{\"@id\":\"https:\/\/latin-curated.com\/#\/schema\/logo\/image\/\"}}]}<\/script>\n<!-- \/ Yoast SEO plugin. -->","yoast_head_json":{"title":"CINTIA SKIRT\/DRESS - Latin Curated","robots":{"index":"index","follow":"follow","max-snippet":"max-snippet:-1","max-image-preview":"max-image-preview:large","max-video-preview":"max-video-preview:-1"},"canonical":"https:\/\/latin-curated.com\/producto\/cintia-skirt-dress\/","og_locale":"en_US","og_type":"article","og_title":"CINTIA SKIRT\/DRESS - Latin Curated","og_description":"Producto en pre-order (bajo demanda-on demand), fecha de env\u00edo estimada para este art\u00edculo es de 15 a 20 d\u00edas","og_url":"https:\/\/latin-curated.com\/producto\/cintia-skirt-dress\/","og_site_name":"Latin Curated","article_modified_time":"2020-08-10T16:20:12+00:00","og_image":[{"width":959,"height":959,"url":"https:\/\/latin-curated.com\/sitio\/wp-content\/uploads\/2020\/08\/072-KXSS20-PROVAS-loja-e1597090870739.jpg","type":"image\/jpeg"}],"twitter_card":"summary_large_image","schema":{"@context":"https:\/\/schema.org","@graph":[{"@type":"WebPage","@id":"https:\/\/latin-curated.com\/producto\/cintia-skirt-dress\/","url":"https:\/\/latin-curated.com\/producto\/cintia-skirt-dress\/","name":"CINTIA SKIRT\/DRESS - Latin Curated","isPartOf":{"@id":"https:\/\/latin-curated.com\/#website"},"primaryImageOfPage":{"@id":"https:\/\/latin-curated.com\/producto\/cintia-skirt-dress\/#primaryimage"},"image":{"@id":"https:\/\/latin-curated.com\/producto\/cintia-skirt-dress\/#primaryimage"},"thumbnailUrl":"https:\/\/latin-curated.com\/sitio\/wp-content\/uploads\/2020\/08\/072-KXSS20-PROVAS-loja-e1597090870739.jpg","datePublished":"2020-08-10T16:14:47+00:00","dateModified":"2020-08-10T16:20:12+00:00","breadcrumb":{"@id":"https:\/\/latin-curated.com\/producto\/cintia-skirt-dress\/#breadcrumb"},"inLanguage":"en-US","potentialAction":[{"@type":"ReadAction","target":["https:\/\/latin-curated.com\/producto\/cintia-skirt-dress\/"]}]},{"@type":"ImageObject","inLanguage":"en-US","@id":"https:\/\/latin-curated.com\/producto\/cintia-skirt-dress\/#primaryimage","url":"https:\/\/latin-curated.com\/sitio\/wp-content\/uploads\/2020\/08\/072-KXSS20-PROVAS-loja-e1597090870739.jpg","contentUrl":"https:\/\/latin-curated.com\/sitio\/wp-content\/uploads\/2020\/08\/072-KXSS20-PROVAS-loja-e1597090870739.jpg","width":959,"height":959},{"@type":"BreadcrumbList","@id":"https:\/\/latin-curated.com\/producto\/cintia-skirt-dress\/#breadcrumb","itemListElement":[{"@type":"ListItem","position":1,"name":"Portada","item":"https:\/\/latin-curated.com\/en\/"},{"@type":"ListItem","position":2,"name":"Tienda","item":"https:\/\/latin-curated.com\/tienda\/"},{"@type":"ListItem","position":3,"name":"CINTIA SKIRT\/DRESS"}]},{"@type":"WebSite","@id":"https:\/\/latin-curated.com\/#website","url":"https:\/\/latin-curated.com\/","name":"Latin Curated","description":"Galer\u00eda Online","publisher":{"@id":"https:\/\/latin-curated.com\/#organization"},"potentialAction":[{"@type":"SearchAction","target":{"@type":"EntryPoint","urlTemplate":"https:\/\/latin-curated.com\/?s={search_term_string}"},"query-input":"required name=search_term_string"}],"inLanguage":"en-US"},{"@type":"Organization","@id":"https:\/\/latin-curated.com\/#organization","name":"Latin Curated","url":"https:\/\/latin-curated.com\/","logo":{"@type":"ImageObject","inLanguage":"en-US","@id":"https:\/\/latin-curated.com\/#\/schema\/logo\/image\/","url":"https:\/\/latin-curated.com\/sitio\/wp-content\/uploads\/2020\/11\/LatinCurated_Logo.png","contentUrl":"https:\/\/latin-curated.com\/sitio\/wp-content\/uploads\/2020\/11\/LatinCurated_Logo.png","width":509,"height":65,"caption":"Latin Curated"},"image":{"@id":"https:\/\/latin-curated.com\/#\/schema\/logo\/image\/"}}]}},"_links":{"self":[{"href":"https:\/\/latin-curated.com\/en\/wp-json\/wp\/v2\/product\/2218"}],"collection":[{"href":"https:\/\/latin-curated.com\/en\/wp-json\/wp\/v2\/product"}],"about":[{"href":"https:\/\/latin-curated.com\/en\/wp-json\/wp\/v2\/types\/product"}],"replies":[{"embeddable":true,"href":"https:\/\/latin-curated.com\/en\/wp-json\/wp\/v2\/comments?post=2218"}],"wp:featuredmedia":[{"embeddable":true,"href":"https:\/\/latin-curated.com\/en\/wp-json\/wp\/v2\/media\/2224"}],"wp:attachment":[{"href":"https:\/\/latin-curated.com\/en\/wp-json\/wp\/v2\/media?parent=2218"}],"wp:term":[{"taxonomy":"product_cat","embeddable":true,"href":"https:\/\/latin-curated.com\/en\/wp-json\/wp\/v2\/product_cat?post=2218"},{"taxonomy":"product_tag","embeddable":true,"href":"https:\/\/latin-curated.com\/en\/wp-json\/wp\/v2\/product_tag?post=2218"}],"curies":[{"name":"wp","href":"https:\/\/api.w.org\/{rel}","templated":true}]}}